{"id":365,"date":"2023-04-02T15:02:51","date_gmt":"2023-04-02T12:02:51","guid":{"rendered":"https:\/\/me.yrittajat.fi\/karjalove\/?page_id=365"},"modified":"2023-08-17T15:06:23","modified_gmt":"2023-08-17T12:06:23","slug":"lappeenrannan-tyoterveys-oy","status":"publish","type":"page","link":"https:\/\/me.yrittajat.fi\/karjalove\/lappeenrannan-tyoterveys-oy\/","title":{"rendered":"Lappeenrannan Ty\u00f6terveys Oy"},"content":{"rendered":"\n<p>Olemme vuonna 1975 perustettu osaava, arvostettu ja luotettava kokonaisvaltaiseen ty\u00f6terveyshuoltoon keskittynyt paikallinen toimija, vahvalla toimialaosaamisella ja pitk\u00e4ll\u00e4 kokemuksella.<\/p>\n\n\n\n<p>Meille toimiva ty\u00f6terveyshuolto tarkoittaa aktiivista otetta asiakasyritysten ty\u00f6kyvyn hallintaan ja tukemiseen. Haluamme olla l\u00e4hell\u00e4 asiakkaitamme ja tuntea heid\u00e4n toimintatapansa, jotta voimme tarjota parasta mahdollista tukea terveys- ja ty\u00f6kykyasioissa. Kokeneet ja ammattitaitoiset ty\u00f6terveydenhoidon erikoisosaajat palvelevat joustavasti l\u00e4hell\u00e4 sinua ja yrityst\u00e4si. Meille on t\u00e4rkeint\u00e4 asiakkaidemme hyvinvointi ja ty\u00f6terveyden tukeminen parhaalla mahdollisella tavalla. Toimintaamme ohjaa hallitus, joka koostuu asiakasyritystemme edustajista.<\/p>\n\n\n\n<h3 class=\"wp-block-heading\">Yhteystiedot<\/h3>\n\n\n\n<p>Puhakankatu 9-11 B<br>53600 Lappeenranta<br>puh. 010 835 5000<br><a href=\"http:\/\/www.lprtyoterveys.fi\" target=\"_blank\" rel=\"noreferrer noopener\">www.lprtyoterveys.fi<\/a><\/p>\n","protected":false},"excerpt":{"rendered":"<p>Olemme vuonna 1975 perustettu osaava, arvostettu ja luotettava kokonaisvaltaiseen ty\u00f6terveyshuoltoon keskittynyt paikallinen toimija, vahvalla toimialaosaamisella ja pitk\u00e4ll\u00e4 kokemuksella. Meille toimiva ty\u00f6terveyshuolto tarkoittaa aktiivista otetta asiakasyritysten ty\u00f6kyvyn hallintaan ja tukemiseen. Haluamme olla l\u00e4hell\u00e4 asiakkaitamme ja tuntea heid\u00e4n toimintatapansa, jotta voimme tarjota parasta mahdollista tukea terveys- ja ty\u00f6kykyasioissa. Kokeneet ja ammattitaitoiset ty\u00f6terveydenhoidon erikoisosaajat palvelevat joustavasti l\u00e4hell\u00e4 sinua &hellip; <a href=\"https:\/\/me.yrittajat.fi\/karjalove\/lappeenrannan-tyoterveys-oy\/\">Lue lis\u00e4\u00e4<\/a><\/p>\n","protected":false},"author":23,"featured_media":0,"parent":0,"menu_order":0,"comment_status":"closed","ping_status":"closed","template":"","meta":{"_acf_changed":false,"footnotes":""},"class_list":["post-365","page","type-page","status-publish","hentry"],"acf":[],"_links":{"self":[{"href":"https:\/\/me.yrittajat.fi\/karjalove\/wp-json\/wp\/v2\/pages\/365","targetHints":{"allow":["GET"]}}],"collection":[{"href":"https:\/\/me.yrittajat.fi\/karjalove\/wp-json\/wp\/v2\/pages"}],"about":[{"href":"https:\/\/me.yrittajat.fi\/karjalove\/wp-json\/wp\/v2\/types\/page"}],"author":[{"embeddable":true,"href":"https:\/\/me.yrittajat.fi\/karjalove\/wp-json\/wp\/v2\/users\/23"}],"replies":[{"embeddable":true,"href":"https:\/\/me.yrittajat.fi\/karjalove\/wp-json\/wp\/v2\/comments?post=365"}],"version-history":[{"count":3,"href":"https:\/\/me.yrittajat.fi\/karjalove\/wp-json\/wp\/v2\/pages\/365\/revisions"}],"predecessor-version":[{"id":2102,"href":"https:\/\/me.yrittajat.fi\/karjalove\/wp-json\/wp\/v2\/pages\/365\/revisions\/2102"}],"wp:attachment":[{"href":"https:\/\/me.yrittajat.fi\/karjalove\/wp-json\/wp\/v2\/media?parent=365"}],"curies":[{"name":"wp","href":"https:\/\/api.w.org\/{rel}","templated":true}]}}