{"id":372,"date":"2023-04-02T15:21:19","date_gmt":"2023-04-02T12:21:19","guid":{"rendered":"https:\/\/me.yrittajat.fi\/karjalove\/?page_id=372"},"modified":"2023-08-17T15:05:08","modified_gmt":"2023-08-17T12:05:08","slug":"lehmus-roastery","status":"publish","type":"page","link":"https:\/\/me.yrittajat.fi\/karjalove\/lehmus-roastery\/","title":{"rendered":"Lehmus Roastery"},"content":{"rendered":"\n<p>Lehmus&nbsp;Roastery on useasti palkittu lappeenrantalainen kahvipaahtimo. Linnoitusniemen k\u00e4rjest\u00e4 l\u00f6yd\u00e4t sek\u00e4 paahtimomme ett\u00e4 Satamatie 6 -nimisen kahvilamme, tervetuloa k\u00e4ym\u00e4\u00e4n!<\/p>\n\n\n\n<p>T\u00e4ss\u00e4 kansainv\u00e4lisess\u00e4 suurkaupungissa ei ole aiemmin ollut paahtimoa, joten kovimpaan kahvintarpeeseen perustimme paahtimon itse. Kahviemme suosio perustuu paitsi tinkim\u00e4tt\u00f6m\u00e4\u00e4n papujen ja paahtamisen laatuun my\u00f6s kauniisiin paketteihin. Originaalit etiketit taiteellinen johtajamme piirt\u00e4\u00e4 k\u00e4sin. Tavallisen tuotantomme lis\u00e4ksi valmistamme yrityksille omia br\u00e4nd\u00e4ttyj\u00e4 kahvipaketteja avaimet k\u00e4teen -periaatteella.<\/p>\n\n\n\n<p>Palveluihimme kuuluvat my\u00f6s tyky-henkiset paahtimokierrokset.<\/p>\n\n\n<div class=\"wp-block-image\">\n<figure class=\"alignright size-large is-resized\"><img loading=\"lazy\" decoding=\"async\" src=\"https:\/\/me.yrittajat.fi\/karjalove\/app\/uploads\/sites\/65\/2023\/07\/lehmus-karjalove-1024x684.jpg\" alt=\"\" class=\"wp-image-1646\" width=\"346\" height=\"230\" srcset=\"https:\/\/me.yrittajat.fi\/app\/uploads\/sites\/65\/2023\/07\/lehmus-karjalove-1024x684.jpg 1024w, https:\/\/me.yrittajat.fi\/app\/uploads\/sites\/65\/2023\/07\/lehmus-karjalove-300x200.jpg 300w, https:\/\/me.yrittajat.fi\/app\/uploads\/sites\/65\/2023\/07\/lehmus-karjalove-768x513.jpg 768w, https:\/\/me.yrittajat.fi\/app\/uploads\/sites\/65\/2023\/07\/lehmus-karjalove-1536x1026.jpg 1536w, https:\/\/me.yrittajat.fi\/app\/uploads\/sites\/65\/2023\/07\/lehmus-karjalove-2048x1367.jpg 2048w, https:\/\/me.yrittajat.fi\/app\/uploads\/sites\/65\/2023\/07\/lehmus-karjalove-668x445.jpg 668w\" sizes=\"auto, (max-width: 346px) 100vw, 346px\" \/><\/figure><\/div>\n\n\n<p>Tervetuloa kahvin mukavaan maailmaan! <\/p>\n\n\n\n<h3 class=\"wp-block-heading\">Yhteystiedot<\/h3>\n\n\n\n<p><a href=\"mailto:info@lehmusroastery.com\">info@lehmusroastery.com<\/a><br><a href=\"mailto:kahvila@satamatie6.com\">kahvila@satamatie6.com<\/a><br><a rel=\"noreferrer noopener\" href=\"http:\/\/www.lehmusroastery.com\/\" target=\"_blank\">www.lehmusroastery.com<\/a><\/p>\n\n\n\n<p><\/p>\n","protected":false},"excerpt":{"rendered":"<p>Lehmus&nbsp;Roastery on useasti palkittu lappeenrantalainen kahvipaahtimo. Linnoitusniemen k\u00e4rjest\u00e4 l\u00f6yd\u00e4t sek\u00e4 paahtimomme ett\u00e4 Satamatie 6 -nimisen kahvilamme, tervetuloa k\u00e4ym\u00e4\u00e4n! T\u00e4ss\u00e4 kansainv\u00e4lisess\u00e4 suurkaupungissa ei ole aiemmin ollut paahtimoa, joten kovimpaan kahvintarpeeseen perustimme paahtimon itse. Kahviemme suosio perustuu paitsi tinkim\u00e4tt\u00f6m\u00e4\u00e4n papujen ja paahtamisen laatuun my\u00f6s kauniisiin paketteihin. Originaalit etiketit taiteellinen johtajamme piirt\u00e4\u00e4 k\u00e4sin. Tavallisen tuotantomme lis\u00e4ksi valmistamme yrityksille &hellip; <a href=\"https:\/\/me.yrittajat.fi\/karjalove\/lehmus-roastery\/\">Lue lis\u00e4\u00e4<\/a><\/p>\n","protected":false},"author":23,"featured_media":0,"parent":0,"menu_order":0,"comment_status":"closed","ping_status":"closed","template":"","meta":{"_acf_changed":false,"footnotes":""},"class_list":["post-372","page","type-page","status-publish","hentry"],"acf":[],"_links":{"self":[{"href":"https:\/\/me.yrittajat.fi\/karjalove\/wp-json\/wp\/v2\/pages\/372","targetHints":{"allow":["GET"]}}],"collection":[{"href":"https:\/\/me.yrittajat.fi\/karjalove\/wp-json\/wp\/v2\/pages"}],"about":[{"href":"https:\/\/me.yrittajat.fi\/karjalove\/wp-json\/wp\/v2\/types\/page"}],"author":[{"embeddable":true,"href":"https:\/\/me.yrittajat.fi\/karjalove\/wp-json\/wp\/v2\/users\/23"}],"replies":[{"embeddable":true,"href":"https:\/\/me.yrittajat.fi\/karjalove\/wp-json\/wp\/v2\/comments?post=372"}],"version-history":[{"count":5,"href":"https:\/\/me.yrittajat.fi\/karjalove\/wp-json\/wp\/v2\/pages\/372\/revisions"}],"predecessor-version":[{"id":2100,"href":"https:\/\/me.yrittajat.fi\/karjalove\/wp-json\/wp\/v2\/pages\/372\/revisions\/2100"}],"wp:attachment":[{"href":"https:\/\/me.yrittajat.fi\/karjalove\/wp-json\/wp\/v2\/media?parent=372"}],"curies":[{"name":"wp","href":"https:\/\/api.w.org\/{rel}","templated":true}]}}