{"id":378,"date":"2023-04-02T23:10:31","date_gmt":"2023-04-02T20:10:31","guid":{"rendered":"https:\/\/me.yrittajat.fi\/karjalove\/?page_id=378"},"modified":"2023-08-17T15:04:16","modified_gmt":"2023-08-17T12:04:16","slug":"linnoituksen-pitopalvelu-oy","status":"publish","type":"page","link":"https:\/\/me.yrittajat.fi\/karjalove\/linnoituksen-pitopalvelu-oy\/","title":{"rendered":"Linnoituksen Pitopalvelu Oy"},"content":{"rendered":"\n<p>Olemme Linnoituksen Pitopalvelu Oy ja perustettu 26 vuotta sitten. Olen itse ollut yritt\u00e4j\u00e4n\u00e4 2 vuotta.<\/p>\n\n\n\n<p>Toimitilamme ovat Linnoituksessa ja siit\u00e4 liikumme ymp\u00e4ri Etel\u00e4-Karjalaa asiakkaan kotiin, asiakkaan varaamiin tiloihin tai meille voi my\u00f6s tulla Salonkiin viett\u00e4m\u00e4\u00e4n juhliaan.<\/p>\n\n\n\n<p>Me j\u00e4rjest\u00e4mme juhlia risti\u00e4isist\u00e4 muistotilaisuuksiin. Meilt\u00e4 voi tilata koko paketin eli ruoat, astiat, p\u00f6yt\u00e4liinat ja tarjoilijat tai sitten vain hakea tarjottavat meilt\u00e4 joko kylm\u00e4n\u00e4 tai kuumana.<\/p>\n\n\n\n<p>Teemme my\u00f6s tilauksesta t\u00e4ytekakut, voileip\u00e4kakut, piparit yms. leivonnaiset.<\/p>\n\n\n\n<p><\/p>\n\n\n\n<p><\/p>\n\n\n<div class=\"wp-block-image\">\n<figure class=\"alignright size-full is-resized\"><img loading=\"lazy\" decoding=\"async\" src=\"https:\/\/me.yrittajat.fi\/karjalove\/app\/uploads\/sites\/65\/2023\/03\/p52307590.jpg\" alt=\"\" class=\"wp-image-125\" width=\"338\" height=\"242\" \/><\/figure><\/div>\n\n\n<h3 class=\"wp-block-heading\">Yhteystiedot<\/h3>\n\n\n\n<p>Katariinantori 4<br>53100 Lappeenranta<br>puh. 040 702 4608, (05) 415 6886<br>tuija.kiiveri@linnoituksenpitopalvelu.fi<br><a href=\"http:\/\/www.linnoituksenpitopalvelu.fi\" target=\"_blank\" rel=\"noreferrer noopener\">www.linnoituksenpitopalvelu.fi<\/a><\/p>\n","protected":false},"excerpt":{"rendered":"<p>Olemme Linnoituksen Pitopalvelu Oy ja perustettu 26 vuotta sitten. Olen itse ollut yritt\u00e4j\u00e4n\u00e4 2 vuotta. Toimitilamme ovat Linnoituksessa ja siit\u00e4 liikumme ymp\u00e4ri Etel\u00e4-Karjalaa asiakkaan kotiin, asiakkaan varaamiin tiloihin tai meille voi my\u00f6s tulla Salonkiin viett\u00e4m\u00e4\u00e4n juhliaan. Me j\u00e4rjest\u00e4mme juhlia risti\u00e4isist\u00e4 muistotilaisuuksiin. Meilt\u00e4 voi tilata koko paketin eli ruoat, astiat, p\u00f6yt\u00e4liinat ja tarjoilijat tai sitten vain &hellip; <a href=\"https:\/\/me.yrittajat.fi\/karjalove\/linnoituksen-pitopalvelu-oy\/\">Lue lis\u00e4\u00e4<\/a><\/p>\n","protected":false},"author":23,"featured_media":0,"parent":0,"menu_order":0,"comment_status":"closed","ping_status":"closed","template":"","meta":{"_acf_changed":false,"footnotes":""},"class_list":["post-378","page","type-page","status-publish","hentry"],"acf":[],"_links":{"self":[{"href":"https:\/\/me.yrittajat.fi\/karjalove\/wp-json\/wp\/v2\/pages\/378","targetHints":{"allow":["GET"]}}],"collection":[{"href":"https:\/\/me.yrittajat.fi\/karjalove\/wp-json\/wp\/v2\/pages"}],"about":[{"href":"https:\/\/me.yrittajat.fi\/karjalove\/wp-json\/wp\/v2\/types\/page"}],"author":[{"embeddable":true,"href":"https:\/\/me.yrittajat.fi\/karjalove\/wp-json\/wp\/v2\/users\/23"}],"replies":[{"embeddable":true,"href":"https:\/\/me.yrittajat.fi\/karjalove\/wp-json\/wp\/v2\/comments?post=378"}],"version-history":[{"count":4,"href":"https:\/\/me.yrittajat.fi\/karjalove\/wp-json\/wp\/v2\/pages\/378\/revisions"}],"predecessor-version":[{"id":2099,"href":"https:\/\/me.yrittajat.fi\/karjalove\/wp-json\/wp\/v2\/pages\/378\/revisions\/2099"}],"wp:attachment":[{"href":"https:\/\/me.yrittajat.fi\/karjalove\/wp-json\/wp\/v2\/media?parent=378"}],"curies":[{"name":"wp","href":"https:\/\/api.w.org\/{rel}","templated":true}]}}