{"id":399,"date":"2023-04-02T23:32:13","date_gmt":"2023-04-02T20:32:13","guid":{"rendered":"https:\/\/me.yrittajat.fi\/karjalove\/?page_id=399"},"modified":"2023-08-07T08:39:26","modified_gmt":"2023-08-07T05:39:26","slug":"makkosen-pumppu-ja-paneli","status":"publish","type":"page","link":"https:\/\/me.yrittajat.fi\/karjalove\/makkosen-pumppu-ja-paneli\/","title":{"rendered":"Makkosen Pumppu ja Paneli"},"content":{"rendered":"\n<p>Makkosen Pumppu ja Paneli tarjoaa ammattitaidolla uusiutuvaan energiaan liittyv\u00e4t tuotteet ja palvelut Imatran ja Lappeenrannan alueella, sek\u00e4 l\u00e4hiseuduilla. Yhteisty\u00f6kumppaniemme kanssa, teemme asennukset ja huollot monipuolisen kokemuksen tuomalla vankalla ammattitaidolla, laadukkasta ja sujuvaa palvelua.<\/p>\n\n\n\n<h3 class=\"wp-block-heading\">Yhteystiedot<\/h3>\n\n\n\n<p><strong>Imatra<\/strong><br>Lappeentie 42<br>Myym\u00e4l\u00e4 av. Ti-Pe klo 10-16<\/p>\n\n\n\n<p><strong>Lappeenranta<\/strong><br>Kievarinkatu 5<br>Myym\u00e4l\u00e4 av. Ti-To10-16<\/p>\n\n\n\n<p>puh. 044 250 4100<br>toimisto@pumppujapaneli.fi<br><a href=\"http:\/\/www.pumppujapaneli.fi\" target=\"_blank\" rel=\"noreferrer noopener\">www.pumppujapaneli.fi<\/a><\/p>\n","protected":false},"excerpt":{"rendered":"<p>Makkosen Pumppu ja Paneli tarjoaa ammattitaidolla uusiutuvaan energiaan liittyv\u00e4t tuotteet ja palvelut Imatran ja Lappeenrannan alueella, sek\u00e4 l\u00e4hiseuduilla. Yhteisty\u00f6kumppaniemme kanssa, teemme asennukset ja huollot monipuolisen kokemuksen tuomalla vankalla ammattitaidolla, laadukkasta ja sujuvaa palvelua. Yhteystiedot ImatraLappeentie 42Myym\u00e4l\u00e4 av. Ti-Pe klo 10-16 LappeenrantaKievarinkatu 5Myym\u00e4l\u00e4 av. Ti-To10-16 puh. 044 250 4100toimisto@pumppujapaneli.fiwww.pumppujapaneli.fi<\/p>\n","protected":false},"author":23,"featured_media":0,"parent":0,"menu_order":0,"comment_status":"closed","ping_status":"closed","template":"","meta":{"_acf_changed":false,"footnotes":""},"class_list":["post-399","page","type-page","status-publish","hentry"],"acf":[],"_links":{"self":[{"href":"https:\/\/me.yrittajat.fi\/karjalove\/wp-json\/wp\/v2\/pages\/399","targetHints":{"allow":["GET"]}}],"collection":[{"href":"https:\/\/me.yrittajat.fi\/karjalove\/wp-json\/wp\/v2\/pages"}],"about":[{"href":"https:\/\/me.yrittajat.fi\/karjalove\/wp-json\/wp\/v2\/types\/page"}],"author":[{"embeddable":true,"href":"https:\/\/me.yrittajat.fi\/karjalove\/wp-json\/wp\/v2\/users\/23"}],"replies":[{"embeddable":true,"href":"https:\/\/me.yrittajat.fi\/karjalove\/wp-json\/wp\/v2\/comments?post=399"}],"version-history":[{"count":4,"href":"https:\/\/me.yrittajat.fi\/karjalove\/wp-json\/wp\/v2\/pages\/399\/revisions"}],"predecessor-version":[{"id":1873,"href":"https:\/\/me.yrittajat.fi\/karjalove\/wp-json\/wp\/v2\/pages\/399\/revisions\/1873"}],"wp:attachment":[{"href":"https:\/\/me.yrittajat.fi\/karjalove\/wp-json\/wp\/v2\/media?parent=399"}],"curies":[{"name":"wp","href":"https:\/\/api.w.org\/{rel}","templated":true}]}}