{"id":425,"date":"2023-04-02T23:55:43","date_gmt":"2023-04-02T20:55:43","guid":{"rendered":"https:\/\/me.yrittajat.fi\/karjalove\/?page_id=425"},"modified":"2023-08-17T14:49:07","modified_gmt":"2023-08-17T11:49:07","slug":"etela-karjalan-osuuspankki","status":"publish","type":"page","link":"https:\/\/me.yrittajat.fi\/karjalove\/etela-karjalan-osuuspankki\/","title":{"rendered":"Etel\u00e4-Karjalan Osuuspankki"},"content":{"rendered":"\n<p>OP Etel\u00e4-Karjala, viralliselta nimelt\u00e4\u00e4n Etel\u00e4-Karjalan Osuuspankki, on maakunnan johtava pankki. Meill\u00e4 on konttorit Lappeenrannassa, Imatralla, Parikkalassa ja Simpeleell\u00e4. Konttoriverkoston lis\u00e4ksi voit hoitaa pankki- ja vakuutusasioita monipuolisesti OP-mobiilissa, verkossa ja puhelimitse.<\/p>\n\n\n\n<p>Perusteht\u00e4v\u00e4mme on edist\u00e4\u00e4 omistaja-asiakkaidemme ja toimintaymp\u00e4rist\u00f6mme kest\u00e4v\u00e4\u00e4 taloudellista menestyst\u00e4, turvallisuutta ja hyvinvointia. Haluamme varmistaa, ett\u00e4 asiakkaamme hy\u00f6tyv\u00e4t omistaja-asiakaseduista ja kullakin on el\u00e4m\u00e4ntilanteeseen sopivimmat palvelut k\u00e4yt\u00f6ss\u00e4\u00e4n, joilla arki sujuu&nbsp;ja&nbsp;unelmat voivat toteutua.<\/p>\n\n\n\n<p><strong>N\u00e4ist\u00e4 meid\u00e4t tunnetaan<\/strong><\/p>\n\n\n\n<ul class=\"wp-block-list\">\n<li>Pankkipalvelut&nbsp;ja Pohjola Vakuutuksen vakuutuspalvelut saman katon alta<\/li>\n\n\n\n<li>Parhaat omistaja-asiakasedut<\/li>\n\n\n\n<li>L\u00e4hell\u00e4 asiakasta<\/li>\n\n\n\n<li>Osuustoimintaperusta<\/li>\n\n\n\n<li>Suomalainen<\/li>\n\n\n\n<li>Vakavarainen ja luotettava<\/li>\n<\/ul>\n\n\n\n<p><strong>Meill\u00e4 on<\/strong><\/p>\n\n\n\n<ul class=\"wp-block-list\">\n<li>89 000&nbsp;asiakasta<\/li>\n\n\n\n<li>yli 57&nbsp;000 omistaja-asiakasta.<\/li>\n<\/ul>\n\n\n\n<p>Pankin tulos on ollut hyv\u00e4 ja vakavaraisuus on &nbsp;moninkertainen lain edellytt\u00e4m\u00e4\u00e4n tasoon n\u00e4hden. Kannamme vastuuta alueen elinvoimaisuudesta maksamalla veromme Etel\u00e4-Karjalaan. &nbsp;Olemme kohdistaneet paikallisiin vastuullisuustekoihin vuoden 2022 &nbsp;aikana yhteens\u00e4 500&nbsp;000 euroa. Meit\u00e4 on kaikkiaan 130 ammattilaista palvelemassa sinua.<\/p>\n\n\n\n<p>Olemme aidosti suomalainen pankki ja sellaisena tulemme my\u00f6s osuuskuntamuotomme my\u00f6t\u00e4 pysym\u00e4\u00e4n. Osuuskuntamuoto antaa kaikille pankin omistajille mahdollisuuden vaikuttaa pankin toimintaan.<\/p>\n\n\n\n<p><strong>Palkitsemme asiakkaitamme<\/strong><\/p>\n\n\n\n<p>Merkitt\u00e4v\u00e4 osa tuloksestamme palautetaan omistaja-asiakkaillemme OP-bonuksina ja muina omistaja-asiakasetuina. Maksoimme Op-bonuksina viime vuonna 4,8 miljoonaa euroa.<\/p>\n\n\n\n<p><strong>Juuret ja palvelut maakunnassa<\/strong><\/p>\n\n\n\n<p>Olemme toimineet maakunnassa jo 117 vuotta. &nbsp;Perusteht\u00e4v\u00e4mme mukaisesti edist\u00e4mme omistaja-asiakkaidemme ja toimintaymp\u00e4rist\u00f6mme kest\u00e4v\u00e4\u00e4 taloudellista menestyst\u00e4, turvallisuutta ja hyvinvointia. Siksi haluamme olla mukana kehitt\u00e4m\u00e4ss\u00e4 maakuntamme elinvoimaisuutta etel\u00e4karjalaisten hyv\u00e4ksi.<\/p>\n\n\n\n<h3 class=\"wp-block-heading\">Yhteystiedot<\/h3>\n\n\n\n<p>OP Etel\u00e4-Karjala<br><a href=\"http:\/\/www.op.fi\">www.op.fi<\/a><br><a href=\"http:\/\/www.op.fi\/etela-karjalan-osuuspankki\" data-type=\"URL\" data-id=\"http:\/\/www.op.fi\/etela-karjalan-osuuspankki\">www.op.fi\/etela-karjalan-osuuspankki<\/a><br>Pankin asiakaspalvelu 0100 0500<br>Yritysasiakkaan pankkipalvelut 0100 05151<br>Pohjola Vakuutus 0303 0303<\/p>\n","protected":false},"excerpt":{"rendered":"<p>OP Etel\u00e4-Karjala, viralliselta nimelt\u00e4\u00e4n Etel\u00e4-Karjalan Osuuspankki, on maakunnan johtava pankki. Meill\u00e4 on konttorit Lappeenrannassa, Imatralla, Parikkalassa ja Simpeleell\u00e4. Konttoriverkoston lis\u00e4ksi voit hoitaa pankki- ja vakuutusasioita monipuolisesti OP-mobiilissa, verkossa ja puhelimitse. Perusteht\u00e4v\u00e4mme on edist\u00e4\u00e4 omistaja-asiakkaidemme ja toimintaymp\u00e4rist\u00f6mme kest\u00e4v\u00e4\u00e4 taloudellista menestyst\u00e4, turvallisuutta ja hyvinvointia. Haluamme varmistaa, ett\u00e4 asiakkaamme hy\u00f6tyv\u00e4t omistaja-asiakaseduista ja kullakin on el\u00e4m\u00e4ntilanteeseen sopivimmat palvelut k\u00e4yt\u00f6ss\u00e4\u00e4n, &hellip; <a href=\"https:\/\/me.yrittajat.fi\/karjalove\/etela-karjalan-osuuspankki\/\">Lue lis\u00e4\u00e4<\/a><\/p>\n","protected":false},"author":23,"featured_media":0,"parent":0,"menu_order":0,"comment_status":"closed","ping_status":"closed","template":"","meta":{"_acf_changed":false,"footnotes":""},"class_list":["post-425","page","type-page","status-publish","hentry"],"acf":[],"_links":{"self":[{"href":"https:\/\/me.yrittajat.fi\/karjalove\/wp-json\/wp\/v2\/pages\/425","targetHints":{"allow":["GET"]}}],"collection":[{"href":"https:\/\/me.yrittajat.fi\/karjalove\/wp-json\/wp\/v2\/pages"}],"about":[{"href":"https:\/\/me.yrittajat.fi\/karjalove\/wp-json\/wp\/v2\/types\/page"}],"author":[{"embeddable":true,"href":"https:\/\/me.yrittajat.fi\/karjalove\/wp-json\/wp\/v2\/users\/23"}],"replies":[{"embeddable":true,"href":"https:\/\/me.yrittajat.fi\/karjalove\/wp-json\/wp\/v2\/comments?post=425"}],"version-history":[{"count":9,"href":"https:\/\/me.yrittajat.fi\/karjalove\/wp-json\/wp\/v2\/pages\/425\/revisions"}],"predecessor-version":[{"id":2091,"href":"https:\/\/me.yrittajat.fi\/karjalove\/wp-json\/wp\/v2\/pages\/425\/revisions\/2091"}],"wp:attachment":[{"href":"https:\/\/me.yrittajat.fi\/karjalove\/wp-json\/wp\/v2\/media?parent=425"}],"curies":[{"name":"wp","href":"https:\/\/api.w.org\/{rel}","templated":true}]}}