{"id":434,"date":"2023-04-03T14:22:55","date_gmt":"2023-04-03T11:22:55","guid":{"rendered":"https:\/\/me.yrittajat.fi\/karjalove\/?page_id=434"},"modified":"2023-08-17T14:25:53","modified_gmt":"2023-08-17T11:25:53","slug":"perunapaikka-tauriainen-oy","status":"publish","type":"page","link":"https:\/\/me.yrittajat.fi\/karjalove\/perunapaikka-tauriainen-oy\/","title":{"rendered":"Perunapaikka Tauriainen Oy"},"content":{"rendered":"\n<p><strong>Vihanneksia, hedelmi\u00e4 ja marjoja Lappeenrannasta<\/strong><\/p>\n\n\n\n<p>Perunapaikka Tauriainen on vuonna 1982 perustettu yritys, joka toimittaa tuotteitaan kouluille, ravintoloille sek\u00e4 ty\u00f6paikkaruokaloille. Myymme ja jatkojalostamme perunaa, juureksia, salaattia, marjoja, hedelmi\u00e4 ja kananmunia. Tarjoamme todellista l\u00e4hiruokaa Lappeenrannan ja Imatran alueen yrityksille ja julkisen sektorin toimijoille. Ota yhteytt\u00e4 -tarjoamme maukkaita el\u00e4myksi\u00e4 sujuvalla toimituksella Lappeenrannan ja Imatran alueen toimijoille. Ota yhteytt\u00e4 \u2013 soita tai tilaa lomakkeella!<\/p>\n\n\n<div class=\"wp-block-image\">\n<figure class=\"alignright size-full is-resized\"><img loading=\"lazy\" decoding=\"async\" src=\"https:\/\/me.yrittajat.fi\/karjalove\/app\/uploads\/sites\/65\/2023\/03\/tauriainen.jpg\" alt=\"\" class=\"wp-image-149\" width=\"378\" height=\"252\" srcset=\"https:\/\/me.yrittajat.fi\/app\/uploads\/sites\/65\/2023\/03\/tauriainen.jpg 600w, https:\/\/me.yrittajat.fi\/app\/uploads\/sites\/65\/2023\/03\/tauriainen-300x200.jpg 300w\" sizes=\"auto, (max-width: 378px) 100vw, 378px\" \/><\/figure><\/div>\n\n\n<h3 class=\"wp-block-heading\">Yhteystiedot<\/h3>\n\n\n\n<p>Hounintie 52<br>54300 LAPPEENRANTA<br>puh. 05 418 4322<br>posti@perunapaikka.fi<br><a rel=\"noreferrer noopener\" href=\"http:\/\/www.perunapaikka.fi\/\" target=\"_blank\">www.perunapaikka.fi<\/a><\/p>\n","protected":false},"excerpt":{"rendered":"<p>Vihanneksia, hedelmi\u00e4 ja marjoja Lappeenrannasta Perunapaikka Tauriainen on vuonna 1982 perustettu yritys, joka toimittaa tuotteitaan kouluille, ravintoloille sek\u00e4 ty\u00f6paikkaruokaloille. Myymme ja jatkojalostamme perunaa, juureksia, salaattia, marjoja, hedelmi\u00e4 ja kananmunia. Tarjoamme todellista l\u00e4hiruokaa Lappeenrannan ja Imatran alueen yrityksille ja julkisen sektorin toimijoille. Ota yhteytt\u00e4 -tarjoamme maukkaita el\u00e4myksi\u00e4 sujuvalla toimituksella Lappeenrannan ja Imatran alueen toimijoille. Ota yhteytt\u00e4 &hellip; <a href=\"https:\/\/me.yrittajat.fi\/karjalove\/perunapaikka-tauriainen-oy\/\">Lue lis\u00e4\u00e4<\/a><\/p>\n","protected":false},"author":23,"featured_media":0,"parent":0,"menu_order":0,"comment_status":"closed","ping_status":"closed","template":"","meta":{"_acf_changed":false,"footnotes":""},"class_list":["post-434","page","type-page","status-publish","hentry"],"acf":[],"_links":{"self":[{"href":"https:\/\/me.yrittajat.fi\/karjalove\/wp-json\/wp\/v2\/pages\/434","targetHints":{"allow":["GET"]}}],"collection":[{"href":"https:\/\/me.yrittajat.fi\/karjalove\/wp-json\/wp\/v2\/pages"}],"about":[{"href":"https:\/\/me.yrittajat.fi\/karjalove\/wp-json\/wp\/v2\/types\/page"}],"author":[{"embeddable":true,"href":"https:\/\/me.yrittajat.fi\/karjalove\/wp-json\/wp\/v2\/users\/23"}],"replies":[{"embeddable":true,"href":"https:\/\/me.yrittajat.fi\/karjalove\/wp-json\/wp\/v2\/comments?post=434"}],"version-history":[{"count":3,"href":"https:\/\/me.yrittajat.fi\/karjalove\/wp-json\/wp\/v2\/pages\/434\/revisions"}],"predecessor-version":[{"id":2079,"href":"https:\/\/me.yrittajat.fi\/karjalove\/wp-json\/wp\/v2\/pages\/434\/revisions\/2079"}],"wp:attachment":[{"href":"https:\/\/me.yrittajat.fi\/karjalove\/wp-json\/wp\/v2\/media?parent=434"}],"curies":[{"name":"wp","href":"https:\/\/api.w.org\/{rel}","templated":true}]}}