{"id":445,"date":"2023-04-03T14:36:14","date_gmt":"2023-04-03T11:36:14","guid":{"rendered":"https:\/\/me.yrittajat.fi\/karjalove\/?page_id=445"},"modified":"2023-08-17T14:22:47","modified_gmt":"2023-08-17T11:22:47","slug":"pulsan-asema","status":"publish","type":"page","link":"https:\/\/me.yrittajat.fi\/karjalove\/pulsan-asema\/","title":{"rendered":"Pulsan Asema"},"content":{"rendered":"\n<p>Asemalle saapuessa tulijaa ovat ensimm\u00e4isen\u00e4 vastassa kahvilan valoisat tilat ja herkulliset itsetehdyt leivonnaiset. Kahvilan tiloissa voit aistia vanhanajan tunnelmaa kahvikupposen \u00e4\u00e4rell\u00e4, nauttia tuoreista raaka-aineista tehdyist\u00e4 kakuista, pullista ja piiraista sek\u00e4 syventy\u00e4 lehden \u00e4\u00e4reen mukavissa nojatuoleissamme. Sisustusliike Valkoinen Tila toimii aseman entisess\u00e4 odotussalissa, tarjoten kauniita sisustustuotteita niin kotiin kuin lahjaksikin.<\/p>\n\n\n\n<h3 class=\"wp-block-heading\">Yhteystiedot<\/h3>\n\n\n\n<p>Pulsan Aseman tie 21<br>54390 Pulsa<br>puh. 040 595 0093<br>info@pulsanasema.fi<br><a href=\"https:\/\/www.pulsanasema.fi\/\" target=\"_blank\" rel=\"noreferrer noopener\">www.pulsanasema.fi<\/a><\/p>\n","protected":false},"excerpt":{"rendered":"<p>Asemalle saapuessa tulijaa ovat ensimm\u00e4isen\u00e4 vastassa kahvilan valoisat tilat ja herkulliset itsetehdyt leivonnaiset. Kahvilan tiloissa voit aistia vanhanajan tunnelmaa kahvikupposen \u00e4\u00e4rell\u00e4, nauttia tuoreista raaka-aineista tehdyist\u00e4 kakuista, pullista ja piiraista sek\u00e4 syventy\u00e4 lehden \u00e4\u00e4reen mukavissa nojatuoleissamme. Sisustusliike Valkoinen Tila toimii aseman entisess\u00e4 odotussalissa, tarjoten kauniita sisustustuotteita niin kotiin kuin lahjaksikin. Yhteystiedot Pulsan Aseman tie 2154390 Pulsapuh. &hellip; <a href=\"https:\/\/me.yrittajat.fi\/karjalove\/pulsan-asema\/\">Lue lis\u00e4\u00e4<\/a><\/p>\n","protected":false},"author":23,"featured_media":0,"parent":0,"menu_order":0,"comment_status":"closed","ping_status":"closed","template":"","meta":{"_acf_changed":false,"footnotes":""},"class_list":["post-445","page","type-page","status-publish","hentry"],"acf":[],"_links":{"self":[{"href":"https:\/\/me.yrittajat.fi\/karjalove\/wp-json\/wp\/v2\/pages\/445","targetHints":{"allow":["GET"]}}],"collection":[{"href":"https:\/\/me.yrittajat.fi\/karjalove\/wp-json\/wp\/v2\/pages"}],"about":[{"href":"https:\/\/me.yrittajat.fi\/karjalove\/wp-json\/wp\/v2\/types\/page"}],"author":[{"embeddable":true,"href":"https:\/\/me.yrittajat.fi\/karjalove\/wp-json\/wp\/v2\/users\/23"}],"replies":[{"embeddable":true,"href":"https:\/\/me.yrittajat.fi\/karjalove\/wp-json\/wp\/v2\/comments?post=445"}],"version-history":[{"count":2,"href":"https:\/\/me.yrittajat.fi\/karjalove\/wp-json\/wp\/v2\/pages\/445\/revisions"}],"predecessor-version":[{"id":2078,"href":"https:\/\/me.yrittajat.fi\/karjalove\/wp-json\/wp\/v2\/pages\/445\/revisions\/2078"}],"wp:attachment":[{"href":"https:\/\/me.yrittajat.fi\/karjalove\/wp-json\/wp\/v2\/media?parent=445"}],"curies":[{"name":"wp","href":"https:\/\/api.w.org\/{rel}","templated":true}]}}