{"id":450,"date":"2023-04-03T14:44:51","date_gmt":"2023-04-03T11:44:51","guid":{"rendered":"https:\/\/me.yrittajat.fi\/karjalove\/?page_id=450"},"modified":"2023-08-17T14:22:26","modified_gmt":"2023-08-17T11:22:26","slug":"puustelli-lappeenranta-sj-joensuu-oy","status":"publish","type":"page","link":"https:\/\/me.yrittajat.fi\/karjalove\/puustelli-lappeenranta-sj-joensuu-oy\/","title":{"rendered":"Puustelli Lappeenranta \/ S&amp;J Joensuu Oy"},"content":{"rendered":"\n<p>Puustelli Lappeenranta \/ S&amp;J Joensuu Oy on Lappeenrantalaisen pariskunnan Susanna ja Jussa Joensuun omistama yritys.<\/p>\n\n\n\n<p>T\u00e4ll\u00e4 hetkell\u00e4 ty\u00f6llist\u00e4mme itsemme mukaan lukien 7 henkil\u00f6\u00e4, joiden lis\u00e4ksi k\u00e4yt\u00e4mme paikallisten s\u00e4hk\u00f6-ja putkiliikkeiden ty\u00f6voimaa kohteissamme. Lis\u00e4ksi meill\u00e4 on t\u00e4ll\u00e4 hetkell\u00e4 my\u00f6s kaksi maalaria ja meilt\u00e4 saa my\u00f6s pelk\u00e4t maalaus ty\u00f6t sek\u00e4 sis\u00e4lle, ett\u00e4 ulos.<\/p>\n\n\n\n<p>Yrityksemme suunnittelee, toimittaa ja toteuttaa, niin yksityisille, kuin yrityksille huippulaatuisia kotimaisia kiintokalusteita sek\u00e4 kokonaisvaltaisia remontteja.<\/p>\n\n\n\n<p>Valikoimiimme kuuluu keitti\u00f6t, eteisen-, makuuhuoneen-, kodinhoitohuoneen- tai wc:n kalusteet toimitettuina, asennettuina tai avaimet k\u00e4teen remontteina s\u00e4hk\u00f6-ja putkity\u00f6t mukaan lukien.<\/p>\n\n\n\n<p>Erotumme omalla alallamme juurikin palvelun kokonaislaajuudessa. Asiakkaan ei tarvitse osata remontoinnista mit\u00e4\u00e4n, vaan me autamme ihan jokaisessa vaiheessa.<\/p>\n\n\n\n<p>Emme tyydy tavanomaiseen, vaan teemme aina kaikkemme, jotta asiakkaamme suosittelisivat meit\u00e4 edelleen. Asiakastyytyv\u00e4isyys onkin alan huippuluokkaa 97 %<br>Olemme kasvaneet koko toimintamme ajan. Kes\u00e4ll\u00e4 2016 muutimme uusiin isompiin tiloihin ja l\u00e4hitulevaisuudessa palkkaamme uuden suunnittelijan ja yhden asentajan.<\/p>\n\n\n<div class=\"wp-block-image\">\n<figure class=\"alignright size-full is-resized\"><img loading=\"lazy\" decoding=\"async\" src=\"https:\/\/me.yrittajat.fi\/karjalove\/app\/uploads\/sites\/65\/2023\/03\/puustelli-1-2.jpg\" alt=\"\" class=\"wp-image-132\" width=\"346\" height=\"247\" \/><\/figure><\/div>\n\n\n<h3 class=\"wp-block-heading\">Yhteystiedot<\/h3>\n\n\n\n<p>Toikansuontie 3<br>53500 Lappeenranta<br>puh. 010 277 7320<br>lappeenranta@puustelli.com<br><a href=\"https:\/\/www.puustelli.fi\/myymalat\/yhteystiedot\/puustelli-lappeenranta\" data-type=\"URL\" data-id=\"https:\/\/www.puustelli.fi\/myymalat\/yhteystiedot\/puustelli-lappeenranta\" target=\"_blank\" rel=\"noreferrer noopener\">www.puustelli.fi<\/a><\/p>\n","protected":false},"excerpt":{"rendered":"<p>Puustelli Lappeenranta \/ S&amp;J Joensuu Oy on Lappeenrantalaisen pariskunnan Susanna ja Jussa Joensuun omistama yritys. T\u00e4ll\u00e4 hetkell\u00e4 ty\u00f6llist\u00e4mme itsemme mukaan lukien 7 henkil\u00f6\u00e4, joiden lis\u00e4ksi k\u00e4yt\u00e4mme paikallisten s\u00e4hk\u00f6-ja putkiliikkeiden ty\u00f6voimaa kohteissamme. Lis\u00e4ksi meill\u00e4 on t\u00e4ll\u00e4 hetkell\u00e4 my\u00f6s kaksi maalaria ja meilt\u00e4 saa my\u00f6s pelk\u00e4t maalaus ty\u00f6t sek\u00e4 sis\u00e4lle, ett\u00e4 ulos. Yrityksemme suunnittelee, toimittaa ja toteuttaa, &hellip; <a href=\"https:\/\/me.yrittajat.fi\/karjalove\/puustelli-lappeenranta-sj-joensuu-oy\/\">Lue lis\u00e4\u00e4<\/a><\/p>\n","protected":false},"author":23,"featured_media":0,"parent":0,"menu_order":0,"comment_status":"closed","ping_status":"closed","template":"","meta":{"_acf_changed":false,"footnotes":""},"class_list":["post-450","page","type-page","status-publish","hentry"],"acf":[],"_links":{"self":[{"href":"https:\/\/me.yrittajat.fi\/karjalove\/wp-json\/wp\/v2\/pages\/450","targetHints":{"allow":["GET"]}}],"collection":[{"href":"https:\/\/me.yrittajat.fi\/karjalove\/wp-json\/wp\/v2\/pages"}],"about":[{"href":"https:\/\/me.yrittajat.fi\/karjalove\/wp-json\/wp\/v2\/types\/page"}],"author":[{"embeddable":true,"href":"https:\/\/me.yrittajat.fi\/karjalove\/wp-json\/wp\/v2\/users\/23"}],"replies":[{"embeddable":true,"href":"https:\/\/me.yrittajat.fi\/karjalove\/wp-json\/wp\/v2\/comments?post=450"}],"version-history":[{"count":7,"href":"https:\/\/me.yrittajat.fi\/karjalove\/wp-json\/wp\/v2\/pages\/450\/revisions"}],"predecessor-version":[{"id":2077,"href":"https:\/\/me.yrittajat.fi\/karjalove\/wp-json\/wp\/v2\/pages\/450\/revisions\/2077"}],"wp:attachment":[{"href":"https:\/\/me.yrittajat.fi\/karjalove\/wp-json\/wp\/v2\/media?parent=450"}],"curies":[{"name":"wp","href":"https:\/\/api.w.org\/{rel}","templated":true}]}}