{"id":456,"date":"2023-04-03T14:53:03","date_gmt":"2023-04-03T11:53:03","guid":{"rendered":"https:\/\/me.yrittajat.fi\/karjalove\/?page_id=456"},"modified":"2023-07-31T15:18:10","modified_gmt":"2023-07-31T12:18:10","slug":"sahkopalvelu-tilli-hakulinen","status":"publish","type":"page","link":"https:\/\/me.yrittajat.fi\/karjalove\/sahkopalvelu-tilli-hakulinen\/","title":{"rendered":"S\u00e4hk\u00f6palvelu Tilli &amp; Hakulinen"},"content":{"rendered":"\n<p>S\u00e4hk\u00f6palvelu Tilli &amp; Hakulinen on lappeenrantalainen s\u00e4hk\u00f6asennusliike, joka on tehnyt erilaisia s\u00e4hk\u00f6alan t\u00f6it\u00e4 Etel\u00e4-Karjalassa jo vuodesta 1985 asti. Et\u00e4ty\u00f6n\u00e4 s\u00e4hk\u00f6alan t\u00f6it\u00e4 ei voi tehd\u00e4 ja koska meill\u00e4 sek\u00e4 yritt\u00e4j\u00e4t, ett\u00e4 ty\u00f6ntekij\u00e4t ovat Etel\u00e4-Karjalaisia, niin ty\u00f6tkin ovat Etel\u00e4-Karjalassa.<\/p>\n\n\n\n<p>SPTH tarjoaa s\u00e4hk\u00f6alan palvelua niin yksityisille, yrityksille kuin julkisellekin sektorille. Yrityksen asiakaslupaus on alusta asti ollut tarjota asiakasl\u00e4ht\u00f6ist\u00e4, joustavaa ja kokonaisvaltaista s\u00e4hk\u00f6alan osaamista kaikenlaisiin ja kaikenkokoisiin projekteihin.<\/p>\n\n\n\n<p>S\u00e4hk\u00f6palvelun tulevaisuuden suunnitelmiin kuuluu kehitty\u00e4 ja pysy\u00e4 ajan hengess\u00e4 niin yrityksen\u00e4, kuin s\u00e4hk\u00f6alan ammattilaisina.<\/p>\n\n\n<div class=\"wp-block-image\">\n<figure class=\"alignright size-large is-resized\"><img loading=\"lazy\" decoding=\"async\" src=\"https:\/\/attachments.office.net\/owa\/nea.lampinen%40yrittajat.fi\/service.svc\/s\/GetAttachmentThumbnail?id=AAMkADc2MGFmYjk3LTE1NzctNGZhNC1iM2EwLTEwMWViNDlhZDljYgBGAAAAAAB4QLupfZdlSZEV4EtWtLsdBwAFgfdWSvnfTJFmyRSOazhYAAAAAAEMAAAFgfdWSvnfTJFmyRSOazhYAAAAhx9cAAABEgAQAA7GoAs%2BOFRGiKH7F9Yp8Zw%3D&amp;thumbnailType=2&amp;token=eyJhbGciOiJSUzI1NiIsImtpZCI6IjczRkI5QkJFRjYzNjc4RDRGN0U4NEI0NDBCQUJCMTJBMzM5RDlGOTgiLCJ0eXAiOiJKV1QiLCJ4NXQiOiJjX3VidnZZMmVOVDM2RXRFQzZ1eEtqT2RuNWcifQ.eyJvcmlnaW4iOiJodHRwczovL291dGxvb2sub2ZmaWNlLmNvbSIsInVjIjoiYjE4ODZhMjE1ZDE2NGFkMTk5YzgxMTM2MjZhNjViYjQiLCJzaWduaW5fc3RhdGUiOiJbXCJrbXNpXCJdIiwidmVyIjoiRXhjaGFuZ2UuQ2FsbGJhY2suVjEiLCJhcHBjdHhzZW5kZXIiOiJPd2FEb3dubG9hZEBmYmE1MWRkYS1lZDlhLTQ4MjQtYTJkOS1lNTcyYTcwMzJiYzciLCJpc3NyaW5nIjoiV1ciLCJhcHBjdHgiOiJ7XCJtc2V4Y2hwcm90XCI6XCJvd2FcIixcInB1aWRcIjpcIjExNTM4MDExMjUyMTU3MTcwMzhcIixcInNjb3BlXCI6XCJPd2FEb3dubG9hZFwiLFwib2lkXCI6XCIzNzhkZTBiOC0wYjE1LTRhMGUtYWZjNy02NTMyNDM0M2M1NDVcIixcInByaW1hcnlzaWRcIjpcIlMtMS01LTIxLTYxODQ5ODY1Ni00MjExMDExMDAyLTE3Mzk3MDQ5NDYtNDA3NzM2NThcIn0iLCJuYmYiOjE2OTA4MDU3NzksImV4cCI6MTY5MDgwNjM3OSwiaXNzIjoiMDAwMDAwMDItMDAwMC0wZmYxLWNlMDAtMDAwMDAwMDAwMDAwQGZiYTUxZGRhLWVkOWEtNDgyNC1hMmQ5LWU1NzJhNzAzMmJjNyIsImF1ZCI6IjAwMDAwMDAyLTAwMDAtMGZmMS1jZTAwLTAwMDAwMDAwMDAwMC9hdHRhY2htZW50cy5vZmZpY2UubmV0QGZiYTUxZGRhLWVkOWEtNDgyNC1hMmQ5LWU1NzJhNzAzMmJjNyIsImhhcHAiOiJvd2EifQ.mPnDyc9TRxjcZcad1bcBE9mETFGIOZG2mrwY7hPh_PuaZKzp53B4rm7tgE0aGu7hq7Gp2UH5syMBfczWGAznDc12fVyDljcxmp26SWaAZjO8iZA09bFMCyvgg5ubzGl7bqDF95S5Wnx5MKgEAsrN573IOJh0mcNJNoiaN6D-YW9XjpjYmexWeJ-wjez3LsFqlxSZMaUTJOuFjIf2tISAQoV2Bjm9LHGuo4bAnVpVs08JzHGw1mon0YqQqQZeLwTb8KckQjIGzwp6c09SKL2Pbkoh4vF5aMMzm-v2XLETlhBl-2iOM0uJKrWDsQbPlvKHraqWKNPqex6EOBaJhCNanw&amp;X-OWA-CANARY=hKMebkDJVk2xdWpN20X0EnB6FSDAkdsYjHryLH6S6F0cPz_wK_4a8-a64YY49ATPwlyPQ0w1IFM.&amp;owa=outlook.office.com&amp;scriptVer=20230721005.08&amp;animation=true\" alt=\"\" width=\"363\" height=\"241\" \/><\/figure><\/div>\n\n\n<h3 class=\"wp-block-heading\">Yhteystiedot<\/h3>\n\n\n\n<p>M\u00e4ntysuonkatu 7<br>53550 Lappeenranta<br>puh. 040 1767 700<br>posti@spth.fi<br><a href=\"http:\/\/www.spth.fi\/\" target=\"_blank\" rel=\"noreferrer noopener\">www.spth.fi<\/a><\/p>\n","protected":false},"excerpt":{"rendered":"<p>S\u00e4hk\u00f6palvelu Tilli &amp; Hakulinen on lappeenrantalainen s\u00e4hk\u00f6asennusliike, joka on tehnyt erilaisia s\u00e4hk\u00f6alan t\u00f6it\u00e4 Etel\u00e4-Karjalassa jo vuodesta 1985 asti. Et\u00e4ty\u00f6n\u00e4 s\u00e4hk\u00f6alan t\u00f6it\u00e4 ei voi tehd\u00e4 ja koska meill\u00e4 sek\u00e4 yritt\u00e4j\u00e4t, ett\u00e4 ty\u00f6ntekij\u00e4t ovat Etel\u00e4-Karjalaisia, niin ty\u00f6tkin ovat Etel\u00e4-Karjalassa. SPTH tarjoaa s\u00e4hk\u00f6alan palvelua niin yksityisille, yrityksille kuin julkisellekin sektorille. Yrityksen asiakaslupaus on alusta asti ollut tarjota asiakasl\u00e4ht\u00f6ist\u00e4, &hellip; <a href=\"https:\/\/me.yrittajat.fi\/karjalove\/sahkopalvelu-tilli-hakulinen\/\">Lue lis\u00e4\u00e4<\/a><\/p>\n","protected":false},"author":23,"featured_media":0,"parent":0,"menu_order":0,"comment_status":"closed","ping_status":"closed","template":"","meta":{"_acf_changed":false,"footnotes":""},"class_list":["post-456","page","type-page","status-publish","hentry"],"acf":[],"_links":{"self":[{"href":"https:\/\/me.yrittajat.fi\/karjalove\/wp-json\/wp\/v2\/pages\/456","targetHints":{"allow":["GET"]}}],"collection":[{"href":"https:\/\/me.yrittajat.fi\/karjalove\/wp-json\/wp\/v2\/pages"}],"about":[{"href":"https:\/\/me.yrittajat.fi\/karjalove\/wp-json\/wp\/v2\/types\/page"}],"author":[{"embeddable":true,"href":"https:\/\/me.yrittajat.fi\/karjalove\/wp-json\/wp\/v2\/users\/23"}],"replies":[{"embeddable":true,"href":"https:\/\/me.yrittajat.fi\/karjalove\/wp-json\/wp\/v2\/comments?post=456"}],"version-history":[{"count":2,"href":"https:\/\/me.yrittajat.fi\/karjalove\/wp-json\/wp\/v2\/pages\/456\/revisions"}],"predecessor-version":[{"id":1693,"href":"https:\/\/me.yrittajat.fi\/karjalove\/wp-json\/wp\/v2\/pages\/456\/revisions\/1693"}],"wp:attachment":[{"href":"https:\/\/me.yrittajat.fi\/karjalove\/wp-json\/wp\/v2\/media?parent=456"}],"curies":[{"name":"wp","href":"https:\/\/api.w.org\/{rel}","templated":true}]}}