{"id":472,"date":"2023-04-03T15:23:20","date_gmt":"2023-04-03T12:23:20","guid":{"rendered":"https:\/\/me.yrittajat.fi\/karjalove\/?page_id=472"},"modified":"2023-08-17T14:09:35","modified_gmt":"2023-08-17T11:09:35","slug":"selosella-oy","status":"publish","type":"page","link":"https:\/\/me.yrittajat.fi\/karjalove\/selosella-oy\/","title":{"rendered":"Selosella Oy"},"content":{"rendered":"\n<p>Selosella Oy on v 1993 perustettu yritys Lappeenrannassa. Kuulumme pohjoimaiden suurimpaan mainostekstiili\/mainoslahjat Newwave Group Profile myyntiketjuun. Merkkituotteita Craft, Cutter&amp;Buck Harvest, Clique. Ty\u00f6vaatteissa suurimpana merkkin\u00e4 Bl\u00e5kl\u00e4der. Yrityksemme palveluihin kuuluvat tekstiilinpainatus ja brodeeraus. Lis\u00e4ksi palvelujamme ovat autoteippaus, sek\u00e4 kiinteist\u00f6teippaus. Meilt\u00e4 saat my\u00f6s tulosteet ja tarrat helposti! Teemme ty\u00f6t paikallisesti ja tehokkaasti ilman v\u00e4lik\u00e4si\u00e4. Olemme alkuper\u00e4inen KARJALOVE yritt\u00e4j\u00e4. Haluamme tarjota teille entist\u00e4 laajempaa n\u00e4kyvyytt\u00e4! BE YOUR BRAND.<\/p>\n\n\n\n<h3 class=\"wp-block-heading\">Yhteystiedot<\/h3>\n\n\n<div class=\"wp-block-image\">\n<figure class=\"alignright size-full is-resized\"><img loading=\"lazy\" decoding=\"async\" src=\"https:\/\/me.yrittajat.fi\/karjalove\/app\/uploads\/sites\/65\/2023\/03\/selosella-_-mika3-1024x212-1.jpg\" alt=\"\" class=\"wp-image-138\" width=\"400\" height=\"83\" srcset=\"https:\/\/me.yrittajat.fi\/app\/uploads\/sites\/65\/2023\/03\/selosella-_-mika3-1024x212-1.jpg 1024w, https:\/\/me.yrittajat.fi\/app\/uploads\/sites\/65\/2023\/03\/selosella-_-mika3-1024x212-1-300x62.jpg 300w, https:\/\/me.yrittajat.fi\/app\/uploads\/sites\/65\/2023\/03\/selosella-_-mika3-1024x212-1-768x159.jpg 768w\" sizes=\"auto, (max-width: 400px) 100vw, 400px\" \/><\/figure><\/div>\n\n\n<p>Selosella Oy<br>Kaakkoiskaari 18<br>53500 Lappeenranta<br>p. 050 5627010<br>info@selosella.fi<br><a href=\"http:\/\/www.selosella.fi\/\" target=\"_blank\" rel=\"noreferrer noopener\">www.selosella.fi<\/a><\/p>\n","protected":false},"excerpt":{"rendered":"<p>Selosella Oy on v 1993 perustettu yritys Lappeenrannassa. Kuulumme pohjoimaiden suurimpaan mainostekstiili\/mainoslahjat Newwave Group Profile myyntiketjuun. Merkkituotteita Craft, Cutter&amp;Buck Harvest, Clique. Ty\u00f6vaatteissa suurimpana merkkin\u00e4 Bl\u00e5kl\u00e4der. Yrityksemme palveluihin kuuluvat tekstiilinpainatus ja brodeeraus. Lis\u00e4ksi palvelujamme ovat autoteippaus, sek\u00e4 kiinteist\u00f6teippaus. Meilt\u00e4 saat my\u00f6s tulosteet ja tarrat helposti! Teemme ty\u00f6t paikallisesti ja tehokkaasti ilman v\u00e4lik\u00e4si\u00e4. Olemme alkuper\u00e4inen KARJALOVE yritt\u00e4j\u00e4. &hellip; <a href=\"https:\/\/me.yrittajat.fi\/karjalove\/selosella-oy\/\">Lue lis\u00e4\u00e4<\/a><\/p>\n","protected":false},"author":23,"featured_media":0,"parent":0,"menu_order":0,"comment_status":"closed","ping_status":"closed","template":"","meta":{"_acf_changed":false,"footnotes":""},"class_list":["post-472","page","type-page","status-publish","hentry"],"acf":[],"_links":{"self":[{"href":"https:\/\/me.yrittajat.fi\/karjalove\/wp-json\/wp\/v2\/pages\/472","targetHints":{"allow":["GET"]}}],"collection":[{"href":"https:\/\/me.yrittajat.fi\/karjalove\/wp-json\/wp\/v2\/pages"}],"about":[{"href":"https:\/\/me.yrittajat.fi\/karjalove\/wp-json\/wp\/v2\/types\/page"}],"author":[{"embeddable":true,"href":"https:\/\/me.yrittajat.fi\/karjalove\/wp-json\/wp\/v2\/users\/23"}],"replies":[{"embeddable":true,"href":"https:\/\/me.yrittajat.fi\/karjalove\/wp-json\/wp\/v2\/comments?post=472"}],"version-history":[{"count":3,"href":"https:\/\/me.yrittajat.fi\/karjalove\/wp-json\/wp\/v2\/pages\/472\/revisions"}],"predecessor-version":[{"id":2071,"href":"https:\/\/me.yrittajat.fi\/karjalove\/wp-json\/wp\/v2\/pages\/472\/revisions\/2071"}],"wp:attachment":[{"href":"https:\/\/me.yrittajat.fi\/karjalove\/wp-json\/wp\/v2\/media?parent=472"}],"curies":[{"name":"wp","href":"https:\/\/api.w.org\/{rel}","templated":true}]}}