{"id":477,"date":"2023-04-03T15:29:49","date_gmt":"2023-04-03T12:29:49","guid":{"rendered":"https:\/\/me.yrittajat.fi\/karjalove\/?page_id=477"},"modified":"2023-08-17T14:08:17","modified_gmt":"2023-08-17T11:08:17","slug":"neste-simpele","status":"publish","type":"page","link":"https:\/\/me.yrittajat.fi\/karjalove\/neste-simpele\/","title":{"rendered":"Neste Simpele"},"content":{"rendered":"\n<p>Neste&nbsp;Simpele&nbsp;\u2013 Perinteinen huoltoasema<\/p>\n\n\n\n<p>Tervetuloa viihtyis\u00e4lle taukopaikalle, palvelevalle&nbsp;Neste-huoltoasemalle!&nbsp;<\/p>\n\n\n\n<p>Neste&nbsp;Simpele&nbsp;sijaitsee aivan 6-tien kuppeessa,&nbsp;Simpeleen kuntakeskuksen risteyksess\u00e4.<\/p>\n\n\n\n<p>Meilt\u00e4 saat paikkakunnan parraat kahvit sek\u00e4 purilaiset.<\/p>\n\n\n\n<p>Voit vuokrata kuomuk\u00e4rryn, venetrailerin sek\u00e4 paljun k\u00e4ytt\u00f6\u00f6si. Kes\u00e4ll\u00e4 my\u00f6s sup-laudat ovat vuokrattavissa.<\/p>\n\n\n\n<p>Jos haluat p\u00e4\u00e4st\u00e4 autonhuollossa&nbsp;helpolla, niin apua on tarjolla. Autokorjaamolla huollamme autoja sek\u00e4 pesemme ja pinnoitamme autosi. Olemme Mequiar`s Detail Center autopesula.<\/p>\n\n\n\n<p>Voit seurata meit\u00e4 IG:ss\u00e4 ja Facebookissa \ud83d\ude42<\/p>\n\n\n\n<p><a href=\"https:\/\/www.instagram.com\/nestesimpele\/\" target=\"_blank\" rel=\"noreferrer noopener\">https:\/\/www.instagram.com\/nestesimpele\/<\/a><\/p>\n\n\n\n<p><a href=\"https:\/\/www.facebook.com\/nestesimpele\/?locale=fi_FI\" target=\"_blank\" rel=\"noreferrer noopener\">https:\/\/www.facebook.com\/nestesimpele\/?locale=fi_FI<\/a><\/p>\n\n\n\n<h3 class=\"wp-block-heading\">Yhteystiedot<\/h3>\n\n\n\n<p>Asemakatu 30<br>56800\u00a0Simpele<br>Kahvio: 010 396 1700, autohuolto 010 396 1703<br><a href=\"mailto:nestesimpele@gmail.com\">nestesimpele@gmail.com<\/a><\/p>\n","protected":false},"excerpt":{"rendered":"<p>Neste&nbsp;Simpele&nbsp;\u2013 Perinteinen huoltoasema Tervetuloa viihtyis\u00e4lle taukopaikalle, palvelevalle&nbsp;Neste-huoltoasemalle!&nbsp; Neste&nbsp;Simpele&nbsp;sijaitsee aivan 6-tien kuppeessa,&nbsp;Simpeleen kuntakeskuksen risteyksess\u00e4. Meilt\u00e4 saat paikkakunnan parraat kahvit sek\u00e4 purilaiset. Voit vuokrata kuomuk\u00e4rryn, venetrailerin sek\u00e4 paljun k\u00e4ytt\u00f6\u00f6si. Kes\u00e4ll\u00e4 my\u00f6s sup-laudat ovat vuokrattavissa. Jos haluat p\u00e4\u00e4st\u00e4 autonhuollossa&nbsp;helpolla, niin apua on tarjolla. Autokorjaamolla huollamme autoja sek\u00e4 pesemme ja pinnoitamme autosi. Olemme Mequiar`s Detail Center autopesula. Voit seurata &hellip; <a href=\"https:\/\/me.yrittajat.fi\/karjalove\/neste-simpele\/\">Lue lis\u00e4\u00e4<\/a><\/p>\n","protected":false},"author":23,"featured_media":0,"parent":0,"menu_order":0,"comment_status":"closed","ping_status":"closed","template":"","meta":{"_acf_changed":false,"footnotes":""},"class_list":["post-477","page","type-page","status-publish","hentry"],"acf":[],"_links":{"self":[{"href":"https:\/\/me.yrittajat.fi\/karjalove\/wp-json\/wp\/v2\/pages\/477","targetHints":{"allow":["GET"]}}],"collection":[{"href":"https:\/\/me.yrittajat.fi\/karjalove\/wp-json\/wp\/v2\/pages"}],"about":[{"href":"https:\/\/me.yrittajat.fi\/karjalove\/wp-json\/wp\/v2\/types\/page"}],"author":[{"embeddable":true,"href":"https:\/\/me.yrittajat.fi\/karjalove\/wp-json\/wp\/v2\/users\/23"}],"replies":[{"embeddable":true,"href":"https:\/\/me.yrittajat.fi\/karjalove\/wp-json\/wp\/v2\/comments?post=477"}],"version-history":[{"count":4,"href":"https:\/\/me.yrittajat.fi\/karjalove\/wp-json\/wp\/v2\/pages\/477\/revisions"}],"predecessor-version":[{"id":2070,"href":"https:\/\/me.yrittajat.fi\/karjalove\/wp-json\/wp\/v2\/pages\/477\/revisions\/2070"}],"wp:attachment":[{"href":"https:\/\/me.yrittajat.fi\/karjalove\/wp-json\/wp\/v2\/media?parent=477"}],"curies":[{"name":"wp","href":"https:\/\/api.w.org\/{rel}","templated":true}]}}