{"id":504,"date":"2023-04-03T16:04:30","date_gmt":"2023-04-03T13:04:30","guid":{"rendered":"https:\/\/me.yrittajat.fi\/karjalove\/?page_id=504"},"modified":"2023-08-17T13:46:10","modified_gmt":"2023-08-17T10:46:10","slug":"taksi-juho-turkkila-oy","status":"publish","type":"page","link":"https:\/\/me.yrittajat.fi\/karjalove\/taksi-juho-turkkila-oy\/","title":{"rendered":"Taksi Juho Turkkila Oy"},"content":{"rendered":"\n<p>Taksi Juho Turkkila Oy on peruslappeenrantalainen taksiyritys. Vuonna 2012 perustetun pienyrityksen toiminta on vahvassa kasvussa alati muuttuvassa taksimaailmassa. Ennen taksista puhuttiin kuljetuspalveluna, mutta t\u00e4n\u00e4 p\u00e4iv\u00e4n\u00e4 puhutaan mieluummin taksiyritt\u00e4jyydest\u00e4 ja taksikyyti miellet\u00e4\u00e4n asiakaspalvelutapahtumaksi. Pieni hetki ammattitaitoisen taksinkuljettajan kanssa on asiakkaalle mahdollisesti yksi harvoista p\u00e4iv\u00e4n sosiaalisista tapahtumista. Iloisen etel\u00e4karjalaisen mielen omaava taksinkuljettaja on omiaan tuomaan iloa asiakkaan p\u00e4iv\u00e4\u00e4n. Taksipalvelussa jokainen asiakas on ainutlaatuinen ja jokainen kyyti on erilainen. Ihmisten lis\u00e4ksi taksissa kulkevat my\u00f6s tavarat, paketit ja kirjeet.<\/p>\n\n\n\n<p>Suomi, Etel\u00e4-Karjala, Lappeenranta ovat paikkoja, joita kehtaa ja pit\u00e4\u00e4 mainostaa ylpeydell\u00e4. Kotimaisuus ja paikallisuus ovat eritt\u00e4in t\u00e4rkeit\u00e4. Kuka paikallisia tuotteita ja palveluita k\u00e4ytt\u00e4isi, jos ei paikallinen kuluttaja tai yritys?<\/p>\n\n\n\n<h3 class=\"wp-block-heading\">Yhteystiedot<\/h3>\n\n\n\n<p><br>puh. 010 411 7181<br>taksi@taksijuhoturkkila.fi<br>www.taksijuhoturkkila.fi<\/p>\n","protected":false},"excerpt":{"rendered":"<p>Taksi Juho Turkkila Oy on peruslappeenrantalainen taksiyritys. Vuonna 2012 perustetun pienyrityksen toiminta on vahvassa kasvussa alati muuttuvassa taksimaailmassa. Ennen taksista puhuttiin kuljetuspalveluna, mutta t\u00e4n\u00e4 p\u00e4iv\u00e4n\u00e4 puhutaan mieluummin taksiyritt\u00e4jyydest\u00e4 ja taksikyyti miellet\u00e4\u00e4n asiakaspalvelutapahtumaksi. Pieni hetki ammattitaitoisen taksinkuljettajan kanssa on asiakkaalle mahdollisesti yksi harvoista p\u00e4iv\u00e4n sosiaalisista tapahtumista. Iloisen etel\u00e4karjalaisen mielen omaava taksinkuljettaja on omiaan tuomaan iloa asiakkaan &hellip; <a href=\"https:\/\/me.yrittajat.fi\/karjalove\/taksi-juho-turkkila-oy\/\">Lue lis\u00e4\u00e4<\/a><\/p>\n","protected":false},"author":23,"featured_media":0,"parent":0,"menu_order":0,"comment_status":"closed","ping_status":"closed","template":"","meta":{"_acf_changed":false,"footnotes":""},"class_list":["post-504","page","type-page","status-publish","hentry"],"acf":[],"_links":{"self":[{"href":"https:\/\/me.yrittajat.fi\/karjalove\/wp-json\/wp\/v2\/pages\/504","targetHints":{"allow":["GET"]}}],"collection":[{"href":"https:\/\/me.yrittajat.fi\/karjalove\/wp-json\/wp\/v2\/pages"}],"about":[{"href":"https:\/\/me.yrittajat.fi\/karjalove\/wp-json\/wp\/v2\/types\/page"}],"author":[{"embeddable":true,"href":"https:\/\/me.yrittajat.fi\/karjalove\/wp-json\/wp\/v2\/users\/23"}],"replies":[{"embeddable":true,"href":"https:\/\/me.yrittajat.fi\/karjalove\/wp-json\/wp\/v2\/comments?post=504"}],"version-history":[{"count":3,"href":"https:\/\/me.yrittajat.fi\/karjalove\/wp-json\/wp\/v2\/pages\/504\/revisions"}],"predecessor-version":[{"id":2057,"href":"https:\/\/me.yrittajat.fi\/karjalove\/wp-json\/wp\/v2\/pages\/504\/revisions\/2057"}],"wp:attachment":[{"href":"https:\/\/me.yrittajat.fi\/karjalove\/wp-json\/wp\/v2\/media?parent=504"}],"curies":[{"name":"wp","href":"https:\/\/api.w.org\/{rel}","templated":true}]}}