{"id":514,"date":"2023-04-03T16:23:07","date_gmt":"2023-04-03T13:23:07","guid":{"rendered":"https:\/\/me.yrittajat.fi\/karjalove\/?page_id=514"},"modified":"2023-08-21T09:37:51","modified_gmt":"2023-08-21T06:37:51","slug":"tilitoimisto-ruokolainen-oy","status":"publish","type":"page","link":"https:\/\/me.yrittajat.fi\/karjalove\/tilitoimisto-ruokolainen-oy\/","title":{"rendered":"Tilitoimisto Ruokolainen Oy"},"content":{"rendered":"\n<p>Olemme Ruokolahtelainen vuonna 2007 perustettu ja 2016 yhti\u00f6muotoaan muuttanut tilitoimistoalan yritys ja tarjoamme erilaisia kirjanpitoon, taloushallintoon, vero- ja yritysneuvontaan liittyvi\u00e4 palveluita.&nbsp;Tuletpa pellolta tai toimistosta, olet tervetullut juuri sellaisena kun olet.<br>\u200b<br>Hy\u00f6dynn\u00e4mme kokemustamme auttaen asiakasyrityksi\u00e4mme kasvuun ja menestykseen! Palveluidemme avulla asiakkaamme voivat keskitty\u00e4 t\u00e4ll\u00f6in omaan ydinliiketoimintaansa. Olemme tukena s\u00e4hk\u00f6istymisess\u00e4 tai palvelemme perinteisin menetelmin.<\/p>\n\n\n<div class=\"wp-block-image\">\n<figure class=\"alignright size-full is-resized\"><img loading=\"lazy\" decoding=\"async\" src=\"https:\/\/me.yrittajat.fi\/karjalove\/app\/uploads\/sites\/65\/2023\/03\/ruokolainen-kalenteri-1024x674-1.jpg\" alt=\"\" class=\"wp-image-134\" width=\"364\" height=\"240\" srcset=\"https:\/\/me.yrittajat.fi\/app\/uploads\/sites\/65\/2023\/03\/ruokolainen-kalenteri-1024x674-1.jpg 1024w, https:\/\/me.yrittajat.fi\/app\/uploads\/sites\/65\/2023\/03\/ruokolainen-kalenteri-1024x674-1-300x197.jpg 300w, https:\/\/me.yrittajat.fi\/app\/uploads\/sites\/65\/2023\/03\/ruokolainen-kalenteri-1024x674-1-768x506.jpg 768w\" sizes=\"auto, (max-width: 364px) 100vw, 364px\" \/><\/figure><\/div>\n\n\n<p>Meill\u00e4 jokaisella on oma polkumme kuljettavana ja polun pinta on erilainen. Haluammekin auttaa asiakkaitamme valitsemaan polun jolla on hyv\u00e4 kulkea!<\/p>\n\n\n\n<h3 class=\"wp-block-heading\">Yhteystiedot<\/h3>\n\n\n\n<p><a>tilitoimisto@ruokolainen.com<\/a><br>\u200b p. 050 353 0849<\/p>\n","protected":false},"excerpt":{"rendered":"<p>Olemme Ruokolahtelainen vuonna 2007 perustettu ja 2016 yhti\u00f6muotoaan muuttanut tilitoimistoalan yritys ja tarjoamme erilaisia kirjanpitoon, taloushallintoon, vero- ja yritysneuvontaan liittyvi\u00e4 palveluita.&nbsp;Tuletpa pellolta tai toimistosta, olet tervetullut juuri sellaisena kun olet.\u200bHy\u00f6dynn\u00e4mme kokemustamme auttaen asiakasyrityksi\u00e4mme kasvuun ja menestykseen! Palveluidemme avulla asiakkaamme voivat keskitty\u00e4 t\u00e4ll\u00f6in omaan ydinliiketoimintaansa. Olemme tukena s\u00e4hk\u00f6istymisess\u00e4 tai palvelemme perinteisin menetelmin. Meill\u00e4 jokaisella on oma &hellip; <a href=\"https:\/\/me.yrittajat.fi\/karjalove\/tilitoimisto-ruokolainen-oy\/\">Lue lis\u00e4\u00e4<\/a><\/p>\n","protected":false},"author":23,"featured_media":0,"parent":0,"menu_order":0,"comment_status":"closed","ping_status":"closed","template":"","meta":{"_acf_changed":false,"footnotes":""},"class_list":["post-514","page","type-page","status-publish","hentry"],"acf":[],"_links":{"self":[{"href":"https:\/\/me.yrittajat.fi\/karjalove\/wp-json\/wp\/v2\/pages\/514","targetHints":{"allow":["GET"]}}],"collection":[{"href":"https:\/\/me.yrittajat.fi\/karjalove\/wp-json\/wp\/v2\/pages"}],"about":[{"href":"https:\/\/me.yrittajat.fi\/karjalove\/wp-json\/wp\/v2\/types\/page"}],"author":[{"embeddable":true,"href":"https:\/\/me.yrittajat.fi\/karjalove\/wp-json\/wp\/v2\/users\/23"}],"replies":[{"embeddable":true,"href":"https:\/\/me.yrittajat.fi\/karjalove\/wp-json\/wp\/v2\/comments?post=514"}],"version-history":[{"count":9,"href":"https:\/\/me.yrittajat.fi\/karjalove\/wp-json\/wp\/v2\/pages\/514\/revisions"}],"predecessor-version":[{"id":2142,"href":"https:\/\/me.yrittajat.fi\/karjalove\/wp-json\/wp\/v2\/pages\/514\/revisions\/2142"}],"wp:attachment":[{"href":"https:\/\/me.yrittajat.fi\/karjalove\/wp-json\/wp\/v2\/media?parent=514"}],"curies":[{"name":"wp","href":"https:\/\/api.w.org\/{rel}","templated":true}]}}