{"id":519,"date":"2023-04-03T16:31:18","date_gmt":"2023-04-03T13:31:18","guid":{"rendered":"https:\/\/me.yrittajat.fi\/karjalove\/?page_id=519"},"modified":"2023-08-17T13:14:48","modified_gmt":"2023-08-17T10:14:48","slug":"tmi-design-kai-hamalainen","status":"publish","type":"page","link":"https:\/\/me.yrittajat.fi\/karjalove\/tmi-design-kai-hamalainen\/","title":{"rendered":"Tmi Design Kai H\u00e4m\u00e4l\u00e4inen"},"content":{"rendered":"\n<p>Tmi Design Kai H\u00e4m\u00e4l\u00e4inen yhden miehen palvelumuotoiluun, tuotemuotoiluun, asiakasl\u00e4ht\u00f6isyyteen ja osallisuuteen keskittyv\u00e4 muotoilutoimisto. Muotoilun hy\u00f6dynt\u00e4minen paremman palvelu- tai k\u00e4ytt\u00f6kokemuksen saavuttamiseksi sopii niin yksinyritt\u00e4jille kuin isoille julkisen sektorin toimijoille. My\u00f6s ty\u00f6yhteis\u00f6jen sis\u00e4isi\u00e4 prosesseja muotoillaan yh\u00e4 enemm\u00e4n. Lis\u00e4ksi Kai on yksi Suomen kokeneimpia palvelumuotoilun kouluttajia. Kun haluat syvent\u00e4\u00e4 ymm\u00e4rryst\u00e4 asiakkaittesi kokemuksista ja palvelutarpeista, tunnistaa tehokkaammin uusia mahdollisuuksia toimintaymp\u00e4rist\u00f6ss\u00e4si ja reagoida niihin ennen muita, valitse muotoilu strategiseksi ty\u00f6v\u00e4lineeksi ja ota yhteytt\u00e4!<\/p>\n\n\n\n<p>Palvelumuotoilija, teollinen muotoilija<\/p>\n\n\n\n<h3 class=\"wp-block-heading\">Yhteystiedot<\/h3>\n\n\n\n<p>Kai H\u00e4m\u00e4l\u00e4inen<br>050 565 9841<br><a href=\"mailto:kai.hamalainen@muode.fi\">kai.hamalainen@muode.fi<\/a><\/p>\n\n\n\n<p><\/p>\n\n\n\n<p><\/p>\n","protected":false},"excerpt":{"rendered":"<p>Tmi Design Kai H\u00e4m\u00e4l\u00e4inen yhden miehen palvelumuotoiluun, tuotemuotoiluun, asiakasl\u00e4ht\u00f6isyyteen ja osallisuuteen keskittyv\u00e4 muotoilutoimisto. Muotoilun hy\u00f6dynt\u00e4minen paremman palvelu- tai k\u00e4ytt\u00f6kokemuksen saavuttamiseksi sopii niin yksinyritt\u00e4jille kuin isoille julkisen sektorin toimijoille. My\u00f6s ty\u00f6yhteis\u00f6jen sis\u00e4isi\u00e4 prosesseja muotoillaan yh\u00e4 enemm\u00e4n. Lis\u00e4ksi Kai on yksi Suomen kokeneimpia palvelumuotoilun kouluttajia. Kun haluat syvent\u00e4\u00e4 ymm\u00e4rryst\u00e4 asiakkaittesi kokemuksista ja palvelutarpeista, tunnistaa tehokkaammin uusia mahdollisuuksia &hellip; <a href=\"https:\/\/me.yrittajat.fi\/karjalove\/tmi-design-kai-hamalainen\/\">Lue lis\u00e4\u00e4<\/a><\/p>\n","protected":false},"author":23,"featured_media":0,"parent":0,"menu_order":0,"comment_status":"closed","ping_status":"closed","template":"","meta":{"_acf_changed":false,"footnotes":""},"class_list":["post-519","page","type-page","status-publish","hentry"],"acf":[],"_links":{"self":[{"href":"https:\/\/me.yrittajat.fi\/karjalove\/wp-json\/wp\/v2\/pages\/519","targetHints":{"allow":["GET"]}}],"collection":[{"href":"https:\/\/me.yrittajat.fi\/karjalove\/wp-json\/wp\/v2\/pages"}],"about":[{"href":"https:\/\/me.yrittajat.fi\/karjalove\/wp-json\/wp\/v2\/types\/page"}],"author":[{"embeddable":true,"href":"https:\/\/me.yrittajat.fi\/karjalove\/wp-json\/wp\/v2\/users\/23"}],"replies":[{"embeddable":true,"href":"https:\/\/me.yrittajat.fi\/karjalove\/wp-json\/wp\/v2\/comments?post=519"}],"version-history":[{"count":4,"href":"https:\/\/me.yrittajat.fi\/karjalove\/wp-json\/wp\/v2\/pages\/519\/revisions"}],"predecessor-version":[{"id":2042,"href":"https:\/\/me.yrittajat.fi\/karjalove\/wp-json\/wp\/v2\/pages\/519\/revisions\/2042"}],"wp:attachment":[{"href":"https:\/\/me.yrittajat.fi\/karjalove\/wp-json\/wp\/v2\/media?parent=519"}],"curies":[{"name":"wp","href":"https:\/\/api.w.org\/{rel}","templated":true}]}}