{"id":530,"date":"2023-04-03T16:43:14","date_gmt":"2023-04-03T13:43:14","guid":{"rendered":"https:\/\/me.yrittajat.fi\/karjalove\/?page_id=530"},"modified":"2023-08-17T13:08:43","modified_gmt":"2023-08-17T10:08:43","slug":"tuplakasi-oy","status":"publish","type":"page","link":"https:\/\/me.yrittajat.fi\/karjalove\/tuplakasi-oy\/","title":{"rendered":"Tuplakasi Action Oy"},"content":{"rendered":"\n<p>Tuplakasi Oy perustettiin, koska halusimme tarjota laadukkaita ohjelmapalveluita ammattitaidolla Etel\u00e4-Karjalan alueella. Laajasta ohjelma- ja el\u00e4myspalvelu\u00advalikoimastamme l\u00f6ytyy jokaiselle jotakin ja lis\u00e4ksi uusia palveluita kehitet\u00e4\u00e4n jatkuvasti, jotta seuraavalla kerralla seurueellasi olisi viel\u00e4kin hauskempaa.<\/p>\n\n\n\n<p>Palvelumme sopivat erityisen hyvin ty\u00f6tiimeille, kaveriporukoille, polttariohjelmaksi, syntt\u00e4riohjelmaksi ja yritysjuhliin. Toivotamme kuitenkin kaikki ryhm\u00e4t tervetulleiksi, sill\u00e4 toiminta-ajatuksenamme on aina tarjota kaikille mahdollisimman hauska p\u00e4iv\u00e4, joka on t\u00e4ynn\u00e4 unohtumattomia el\u00e4myksi\u00e4.<\/p>\n\n\n\n<p>Halutessasi voimme tuoda palvelumme my\u00f6s luoksesi, sill\u00e4 ne eiv\u00e4t ole sidottuja yhteen paikkaan. Kerrot vain meille mit\u00e4 ryhm\u00e4si haluaa tehd\u00e4, ja Tuplakasi-Action j\u00e4rjest\u00e4\u00e4 loput.<\/p>\n\n\n<div class=\"wp-block-image\">\n<figure class=\"alignright size-full is-resized\"><img loading=\"lazy\" decoding=\"async\" src=\"https:\/\/me.yrittajat.fi\/karjalove\/app\/uploads\/sites\/65\/2023\/03\/tuplakasi-2-www0.jpg\" alt=\"\" class=\"wp-image-150\" width=\"317\" height=\"277\" srcset=\"https:\/\/me.yrittajat.fi\/app\/uploads\/sites\/65\/2023\/03\/tuplakasi-2-www0.jpg 480w, https:\/\/me.yrittajat.fi\/app\/uploads\/sites\/65\/2023\/03\/tuplakasi-2-www0-300x263.jpg 300w\" sizes=\"auto, (max-width: 317px) 100vw, 317px\" \/><\/figure><\/div>\n\n\n<h3 class=\"wp-block-heading\">Yhteystiedot<\/h3>\n\n\n\n<p>Lempeenlietteentie 17<br>55420 Imatra<br>puh. 045 6353 811<br>info@tuplakasi-action.fi<br><a rel=\"noreferrer noopener\" href=\"http:\/\/www.tuplakasi-action.fi\/\" target=\"_blank\">www.tuplakasi-action.fi<\/a><br>https:\/\/www.facebook.com\/TuplakasiAction\/<br>https:\/\/www.instagram.com\/tuplakasiaction\/<\/p>\n","protected":false},"excerpt":{"rendered":"<p>Tuplakasi Oy perustettiin, koska halusimme tarjota laadukkaita ohjelmapalveluita ammattitaidolla Etel\u00e4-Karjalan alueella. Laajasta ohjelma- ja el\u00e4myspalvelu\u00advalikoimastamme l\u00f6ytyy jokaiselle jotakin ja lis\u00e4ksi uusia palveluita kehitet\u00e4\u00e4n jatkuvasti, jotta seuraavalla kerralla seurueellasi olisi viel\u00e4kin hauskempaa. Palvelumme sopivat erityisen hyvin ty\u00f6tiimeille, kaveriporukoille, polttariohjelmaksi, syntt\u00e4riohjelmaksi ja yritysjuhliin. Toivotamme kuitenkin kaikki ryhm\u00e4t tervetulleiksi, sill\u00e4 toiminta-ajatuksenamme on aina tarjota kaikille mahdollisimman hauska p\u00e4iv\u00e4, &hellip; <a href=\"https:\/\/me.yrittajat.fi\/karjalove\/tuplakasi-oy\/\">Lue lis\u00e4\u00e4<\/a><\/p>\n","protected":false},"author":23,"featured_media":0,"parent":0,"menu_order":0,"comment_status":"closed","ping_status":"closed","template":"","meta":{"_acf_changed":false,"footnotes":""},"class_list":["post-530","page","type-page","status-publish","hentry"],"acf":[],"_links":{"self":[{"href":"https:\/\/me.yrittajat.fi\/karjalove\/wp-json\/wp\/v2\/pages\/530","targetHints":{"allow":["GET"]}}],"collection":[{"href":"https:\/\/me.yrittajat.fi\/karjalove\/wp-json\/wp\/v2\/pages"}],"about":[{"href":"https:\/\/me.yrittajat.fi\/karjalove\/wp-json\/wp\/v2\/types\/page"}],"author":[{"embeddable":true,"href":"https:\/\/me.yrittajat.fi\/karjalove\/wp-json\/wp\/v2\/users\/23"}],"replies":[{"embeddable":true,"href":"https:\/\/me.yrittajat.fi\/karjalove\/wp-json\/wp\/v2\/comments?post=530"}],"version-history":[{"count":4,"href":"https:\/\/me.yrittajat.fi\/karjalove\/wp-json\/wp\/v2\/pages\/530\/revisions"}],"predecessor-version":[{"id":2039,"href":"https:\/\/me.yrittajat.fi\/karjalove\/wp-json\/wp\/v2\/pages\/530\/revisions\/2039"}],"wp:attachment":[{"href":"https:\/\/me.yrittajat.fi\/karjalove\/wp-json\/wp\/v2\/media?parent=530"}],"curies":[{"name":"wp","href":"https:\/\/api.w.org\/{rel}","templated":true}]}}