{"id":535,"date":"2023-04-03T16:49:54","date_gmt":"2023-04-03T13:49:54","guid":{"rendered":"https:\/\/me.yrittajat.fi\/karjalove\/?page_id=535"},"modified":"2023-08-07T09:57:06","modified_gmt":"2023-08-07T06:57:06","slug":"uutisposti-2","status":"publish","type":"page","link":"https:\/\/me.yrittajat.fi\/karjalove\/uutisposti-2\/","title":{"rendered":"Uutisposti"},"content":{"rendered":"\n<p>Uutisposti on Imatran seudun ty\u00f6ss\u00e4k\u00e4yntialueen lehti- ja printtimedian jakeluun erikoistunut yritys. Toimimme business-to-business periaatteella hoitaen sanomalehtien varhaisjakelun sek\u00e4 erilaiset mainosjakelut.<\/p>\n\n\n\n<p>Sivuiltamme l\u00f6yd\u00e4t&nbsp;jakelulaskurin, jolla voit arvioida jakelusi kustannukset. Palvelumme kautta voit my\u00f6s pyyt\u00e4\u00e4 tarjouksen jakeluista.<\/p>\n\n\n\n<h3 class=\"wp-block-heading\">Yhteystiedot<\/h3>\n\n\n\n<p>Anssinkatu 12<br>55100 Imatra<br>puh. 010 231 2400<br>info@uutisposti.fi<br><a href=\"http:\/\/www.uutisposti.fi\/\" target=\"_blank\" rel=\"noreferrer noopener\">www.uutisposti.fi<\/a><\/p>\n","protected":false},"excerpt":{"rendered":"<p>Uutisposti on Imatran seudun ty\u00f6ss\u00e4k\u00e4yntialueen lehti- ja printtimedian jakeluun erikoistunut yritys. Toimimme business-to-business periaatteella hoitaen sanomalehtien varhaisjakelun sek\u00e4 erilaiset mainosjakelut. Sivuiltamme l\u00f6yd\u00e4t&nbsp;jakelulaskurin, jolla voit arvioida jakelusi kustannukset. Palvelumme kautta voit my\u00f6s pyyt\u00e4\u00e4 tarjouksen jakeluista. Yhteystiedot Anssinkatu 1255100 Imatrapuh. 010 231 2400info@uutisposti.fiwww.uutisposti.fi<\/p>\n","protected":false},"author":23,"featured_media":0,"parent":0,"menu_order":0,"comment_status":"closed","ping_status":"closed","template":"","meta":{"_acf_changed":false,"footnotes":""},"class_list":["post-535","page","type-page","status-publish","hentry"],"acf":[],"_links":{"self":[{"href":"https:\/\/me.yrittajat.fi\/karjalove\/wp-json\/wp\/v2\/pages\/535","targetHints":{"allow":["GET"]}}],"collection":[{"href":"https:\/\/me.yrittajat.fi\/karjalove\/wp-json\/wp\/v2\/pages"}],"about":[{"href":"https:\/\/me.yrittajat.fi\/karjalove\/wp-json\/wp\/v2\/types\/page"}],"author":[{"embeddable":true,"href":"https:\/\/me.yrittajat.fi\/karjalove\/wp-json\/wp\/v2\/users\/23"}],"replies":[{"embeddable":true,"href":"https:\/\/me.yrittajat.fi\/karjalove\/wp-json\/wp\/v2\/comments?post=535"}],"version-history":[{"count":2,"href":"https:\/\/me.yrittajat.fi\/karjalove\/wp-json\/wp\/v2\/pages\/535\/revisions"}],"predecessor-version":[{"id":1882,"href":"https:\/\/me.yrittajat.fi\/karjalove\/wp-json\/wp\/v2\/pages\/535\/revisions\/1882"}],"wp:attachment":[{"href":"https:\/\/me.yrittajat.fi\/karjalove\/wp-json\/wp\/v2\/media?parent=535"}],"curies":[{"name":"wp","href":"https:\/\/api.w.org\/{rel}","templated":true}]}}