{"id":549,"date":"2023-04-03T17:02:06","date_gmt":"2023-04-03T14:02:06","guid":{"rendered":"https:\/\/me.yrittajat.fi\/karjalove\/?page_id=549"},"modified":"2023-07-31T15:54:58","modified_gmt":"2023-07-31T12:54:58","slug":"zero-moment-oy","status":"publish","type":"page","link":"https:\/\/me.yrittajat.fi\/karjalove\/zero-moment-oy\/","title":{"rendered":"Zero Moment Oy"},"content":{"rendered":"\n<p>Nollas hetki on k\u00e4sill\u00e4, kun yrityksesi tarjoamia palveluita \u2013 ei yrityst\u00e4si \u2013 etsit\u00e4\u00e4n. Me autamme sinua hy\u00f6dynt\u00e4m\u00e4\u00e4n t\u00e4m\u00e4n hetken.<\/p>\n\n\n\n<p>Zero Moment Oy on perustettu auttamaan niin suuria kuin pieni\u00e4 yrityksi\u00e4 digitalisaatioon liittyviss\u00e4 haasteissa. Laadimme esimerkiksi aloitteleville yrityksille digistrategian ja autamme heit\u00e4 k\u00e4dest\u00e4 pit\u00e4en liikkeelle k\u00e4yt\u00e4nn\u00f6n toimenpiteiden kuten verkkosivujen tai -kaupan perustamisessa sek\u00e4 tuloksellisen verkkomainonnan toteuttamisessa. Digimaailmassa pitemp\u00e4\u00e4n olleille toteutamme tyypillisesti laajamittaisempia verkkomainonta- ja seurantakampanjoita, asiakasprofilointeja sek\u00e4 verkkosivu- ett\u00e4 hakukoneoptimointiprojekteja. T\u00e4st\u00e4 esimerkkin\u00e4 yll\u00e4pitovastuu Framery Oy:n Yhdysvaltain markkinoille suunnatuista AdWords- ja Analytics-kampanjoista. Toimintamme ja toimenpide-ehdotuksemme perustuvat vankkaan verkkoanalytiikkaosaamiseen ja kokonaisvaltaiseen digiliiketoiminnan mittaamiseen.<\/p>\n\n\n\n<p>Asiakkaamme sijaitsevat ymp\u00e4ri Suomea, mutta toimintamme keskus on vankasti Etel\u00e4-Karjalassa. Olimmekin ylpeit\u00e4 saadessamme rakentaa verkkokaupan Sisustus Terva ja H\u00f6yhenelle \u2013 toiselle Karjalove-yritt\u00e4j\u00e4lle. Haluamme tarjota jokaiselle digiloikkaa suunnitteleville yrityksille matalan kynnyksen palvelun verkkoliiketoimintaan liittyviss\u00e4 kysymyksiss\u00e4.<\/p>\n\n\n\n<p>Tavoitat meid\u00e4t seuraavista osoitteista. Ollaan yhteydess\u00e4.<\/p>\n\n\n\n<h3 class=\"wp-block-heading\">Yhteystiedot<\/h3>\n\n\n\n<p>puh. 040 529 5234<br>jaani@zeromoment.fi<br><a href=\"http:\/\/www.zeromoment.fi\/\" target=\"_blank\" rel=\"noreferrer noopener\">www.zeromoment.fi<\/a><br>www.facebook.com\/zeromomentfinland<\/p>\n","protected":false},"excerpt":{"rendered":"<p>Nollas hetki on k\u00e4sill\u00e4, kun yrityksesi tarjoamia palveluita \u2013 ei yrityst\u00e4si \u2013 etsit\u00e4\u00e4n. Me autamme sinua hy\u00f6dynt\u00e4m\u00e4\u00e4n t\u00e4m\u00e4n hetken. Zero Moment Oy on perustettu auttamaan niin suuria kuin pieni\u00e4 yrityksi\u00e4 digitalisaatioon liittyviss\u00e4 haasteissa. Laadimme esimerkiksi aloitteleville yrityksille digistrategian ja autamme heit\u00e4 k\u00e4dest\u00e4 pit\u00e4en liikkeelle k\u00e4yt\u00e4nn\u00f6n toimenpiteiden kuten verkkosivujen tai -kaupan perustamisessa sek\u00e4 tuloksellisen verkkomainonnan toteuttamisessa. &hellip; <a href=\"https:\/\/me.yrittajat.fi\/karjalove\/zero-moment-oy\/\">Lue lis\u00e4\u00e4<\/a><\/p>\n","protected":false},"author":23,"featured_media":0,"parent":0,"menu_order":0,"comment_status":"closed","ping_status":"closed","template":"","meta":{"_acf_changed":false,"footnotes":""},"class_list":["post-549","page","type-page","status-publish","hentry"],"acf":[],"_links":{"self":[{"href":"https:\/\/me.yrittajat.fi\/karjalove\/wp-json\/wp\/v2\/pages\/549","targetHints":{"allow":["GET"]}}],"collection":[{"href":"https:\/\/me.yrittajat.fi\/karjalove\/wp-json\/wp\/v2\/pages"}],"about":[{"href":"https:\/\/me.yrittajat.fi\/karjalove\/wp-json\/wp\/v2\/types\/page"}],"author":[{"embeddable":true,"href":"https:\/\/me.yrittajat.fi\/karjalove\/wp-json\/wp\/v2\/users\/23"}],"replies":[{"embeddable":true,"href":"https:\/\/me.yrittajat.fi\/karjalove\/wp-json\/wp\/v2\/comments?post=549"}],"version-history":[{"count":2,"href":"https:\/\/me.yrittajat.fi\/karjalove\/wp-json\/wp\/v2\/pages\/549\/revisions"}],"predecessor-version":[{"id":1717,"href":"https:\/\/me.yrittajat.fi\/karjalove\/wp-json\/wp\/v2\/pages\/549\/revisions\/1717"}],"wp:attachment":[{"href":"https:\/\/me.yrittajat.fi\/karjalove\/wp-json\/wp\/v2\/media?parent=549"}],"curies":[{"name":"wp","href":"https:\/\/api.w.org\/{rel}","templated":true}]}}