{"id":553,"date":"2023-04-04T14:30:30","date_gmt":"2023-04-04T11:30:30","guid":{"rendered":"https:\/\/me.yrittajat.fi\/karjalove\/?page_id=553"},"modified":"2023-09-14T08:02:10","modified_gmt":"2023-09-14T05:02:10","slug":"sorja-productions","status":"publish","type":"page","link":"https:\/\/me.yrittajat.fi\/karjalove\/sorja-productions\/","title":{"rendered":"Sorja Productions Oy viestint\u00e4toimisto"},"content":{"rendered":"\n<p><strong>Luova ja strateginen viestint\u00e4toimisto<\/strong><\/p>\n\n\n\n<p>Sorja&nbsp;Productions on sopivan kokoinen, pienten ja keskisuurten yritysten luotettava kumppani. Asiakkaamme toimivat lukuisilla toimialoilla.<\/p>\n\n\n\n<p>Meill\u00e4 p\u00e4\u00e4set puhumaan heti tekij\u00f6iden kanssa. Kyky kuunnella ja aistia asiakasta on vahvuutemme. Me emme yrit\u00e4 myyd\u00e4 el\u00e4intarhaa, jos asiakas tarvitsee lemmikin. Hinnoittelumme ja toteutuksemme ovat selkeit\u00e4 ja l\u00e4pin\u00e4kyvi\u00e4.<\/p>\n\n\n\n<p>Jokaisen asiakkaan onnistuminen on meille henkil\u00f6kohtainen onnistuminen.&nbsp;<\/p>\n\n\n\n<p>Hyv\u00e4 \ud83d\udda4 seuraa hyv\u00e4\u00e4.<\/p>\n\n\n\n<p><\/p>\n\n\n\n<h3 class=\"wp-block-heading\">Yhteystiedot<\/h3>\n\n\n\n<p>Sorja&nbsp;Productions Oy<br>Saara Raudasoja<br>040 837 8977<br>saara@sorjaproductions.com<br><a href=\"http:\/\/www.sorjaproductions.com\" data-type=\"URL\" data-id=\"http:\/\/www.sorjaproductions.com\">http:\/\/www.sorjaproductions.com<\/a><br><br><\/p>\n","protected":false},"excerpt":{"rendered":"<p>Luova ja strateginen viestint\u00e4toimisto Sorja&nbsp;Productions on sopivan kokoinen, pienten ja keskisuurten yritysten luotettava kumppani. Asiakkaamme toimivat lukuisilla toimialoilla. Meill\u00e4 p\u00e4\u00e4set puhumaan heti tekij\u00f6iden kanssa. Kyky kuunnella ja aistia asiakasta on vahvuutemme. Me emme yrit\u00e4 myyd\u00e4 el\u00e4intarhaa, jos asiakas tarvitsee lemmikin. Hinnoittelumme ja toteutuksemme ovat selkeit\u00e4 ja l\u00e4pin\u00e4kyvi\u00e4. Jokaisen asiakkaan onnistuminen on meille henkil\u00f6kohtainen onnistuminen.&nbsp; Hyv\u00e4 &hellip; <a href=\"https:\/\/me.yrittajat.fi\/karjalove\/sorja-productions\/\">Lue lis\u00e4\u00e4<\/a><\/p>\n","protected":false},"author":23,"featured_media":0,"parent":0,"menu_order":0,"comment_status":"closed","ping_status":"closed","template":"","meta":{"_acf_changed":false,"footnotes":""},"class_list":["post-553","page","type-page","status-publish","hentry"],"acf":[],"_links":{"self":[{"href":"https:\/\/me.yrittajat.fi\/karjalove\/wp-json\/wp\/v2\/pages\/553","targetHints":{"allow":["GET"]}}],"collection":[{"href":"https:\/\/me.yrittajat.fi\/karjalove\/wp-json\/wp\/v2\/pages"}],"about":[{"href":"https:\/\/me.yrittajat.fi\/karjalove\/wp-json\/wp\/v2\/types\/page"}],"author":[{"embeddable":true,"href":"https:\/\/me.yrittajat.fi\/karjalove\/wp-json\/wp\/v2\/users\/23"}],"replies":[{"embeddable":true,"href":"https:\/\/me.yrittajat.fi\/karjalove\/wp-json\/wp\/v2\/comments?post=553"}],"version-history":[{"count":7,"href":"https:\/\/me.yrittajat.fi\/karjalove\/wp-json\/wp\/v2\/pages\/553\/revisions"}],"predecessor-version":[{"id":2186,"href":"https:\/\/me.yrittajat.fi\/karjalove\/wp-json\/wp\/v2\/pages\/553\/revisions\/2186"}],"wp:attachment":[{"href":"https:\/\/me.yrittajat.fi\/karjalove\/wp-json\/wp\/v2\/media?parent=553"}],"curies":[{"name":"wp","href":"https:\/\/api.w.org\/{rel}","templated":true}]}}