{"id":1626,"date":"2024-01-02T12:02:09","date_gmt":"2024-01-02T10:02:09","guid":{"rendered":"https:\/\/me.yrittajat.fi\/ksyrittajajuhla\/?page_id=1626"},"modified":"2025-10-14T13:49:53","modified_gmt":"2025-10-14T10:49:53","slug":"london","status":"publish","type":"page","link":"https:\/\/me.yrittajat.fi\/ksyrittajajuhla\/london\/","title":{"rendered":"LONDON"},"content":{"rendered":"\n<h2 class=\"wp-block-heading\">LONDON &#8211; englantilaista menoa aikuiseen makuun!<\/h2>\n\n\n\n<figure class=\"wp-block-image size-large\"><img loading=\"lazy\" decoding=\"async\" width=\"1024\" height=\"493\" src=\"https:\/\/me.yrittajat.fi\/ksyrittajajuhla\/app\/uploads\/sites\/55\/2024\/01\/lodon-banneri-1024x493.jpg\" alt=\"\" class=\"wp-image-1619\" srcset=\"https:\/\/me.yrittajat.fi\/app\/uploads\/sites\/55\/2024\/01\/lodon-banneri-1024x493.jpg 1024w, https:\/\/me.yrittajat.fi\/app\/uploads\/sites\/55\/2024\/01\/lodon-banneri-300x144.jpg 300w, https:\/\/me.yrittajat.fi\/app\/uploads\/sites\/55\/2024\/01\/lodon-banneri-768x370.jpg 768w, https:\/\/me.yrittajat.fi\/app\/uploads\/sites\/55\/2024\/01\/lodon-banneri.jpg 1280w\" sizes=\"auto, (max-width: 1024px) 100vw, 1024px\" \/><\/figure>\n\n\n\n<p>London tarjoaa parhaat puolet pubista ja y\u00f6kerhosta. Kaikki mit\u00e4 tarvitset ja viel\u00e4p\u00e4 aivan Jyv\u00e4skyl\u00e4n keskustassa. London tarjoaa englantilaista meininki\u00e4 aikuiseen makuun. T\u00e4\u00e4ll\u00e4 p\u00e4\u00e4set aistimaan saman illan aikana nelj\u00e4\u00e4 erilaista tunnelmaa nelj\u00e4ss\u00e4 eri musiikkiymp\u00e4rist\u00f6ss\u00e4; y\u00f6kerhossa, livepuolella, retrossa ja karaokemaailmassa.<\/p>\n\n\n\n<p>Live-esiintyji\u00e4 p\u00e4\u00e4see Londonissa ihailemaan kahdesti viikossa, p\u00e4\u00e4s\u00e4\u00e4nt\u00f6isesti perjantaisin ja lauantaisin. Londonista l\u00f6ytyy nelj\u00e4 tanssilattiaa, joiden musiikkitarjonnasta vastaa aina nelj\u00e4 dj:t\u00e4. Londonin musiikkimaailma on yhdistelm\u00e4 aikuisrockin ja -popin 80-luvun parhaista paloista aina nykyp\u00e4iv\u00e4\u00e4n.<\/p>\n\n\n\n<p>Vain horjahdus k\u00e4velykadulta ja olet Lontoossa!<\/p>\n\n\n\t<div id=\"gb-button-block_2db5940631c01b635600304ea538341d\" class=\"gb-button gb-button-block_2db5940631c01b635600304ea538341d\">\n\t\t\t\t\t\t<a class=\"b-button b-button--color- b-button--style-\"\n\t   href=\"https:\/\/londonjkl.fi\/\"\n\t   target=\"_blank\">\n\n\t\t<span class=\"b-button__title\">\n\t\t\tLondonjkl.fi\t\t<\/span>\n\n\t\t\t\t\t<span class=\"b-button__icon\">\n\t\t\t\t<svg xmlns=\"http:\/\/www.w3.org\/2000\/svg\" viewBox=\"0 0 9 14\"><path d=\"M2.001 13.664a1.333 1.333 0 01-.954-2.272l.007-.008 4.414-4.386-4.24-4.414A1.333 1.333 0 113.12.704l5.147 5.334a1.333 1.333 0 010 1.866l-5.334 5.334a1.333 1.333 0 01-.933.426z\"\/><\/svg>\t\t\t<\/span>\n\t\t\t<\/a>\n\t\t\t<\/div>\n\n\n\t<div id=\"gb-button-block_7b2a38e6a887c23932d0d13c2ce21a0e\" class=\"gb-button gb-button-block_7b2a38e6a887c23932d0d13c2ce21a0e\">\n\t\t\t<\/div>\n","protected":false},"excerpt":{"rendered":"<p>LONDON &#8211; englantilaista menoa aikuiseen makuun! London tarjoaa parhaat puolet pubista ja y\u00f6kerhosta. Kaikki mit\u00e4 tarvitset ja viel\u00e4p\u00e4 aivan Jyv\u00e4skyl\u00e4n keskustassa. London tarjoaa englantilaista meininki\u00e4 aikuiseen makuun. T\u00e4\u00e4ll\u00e4 p\u00e4\u00e4set aistimaan saman illan aikana nelj\u00e4\u00e4 erilaista tunnelmaa nelj\u00e4ss\u00e4 eri musiikkiymp\u00e4rist\u00f6ss\u00e4; y\u00f6kerhossa, livepuolella, retrossa ja karaokemaailmassa. Live-esiintyji\u00e4 p\u00e4\u00e4see Londonissa ihailemaan kahdesti viikossa, p\u00e4\u00e4s\u00e4\u00e4nt\u00f6isesti perjantaisin ja lauantaisin. Londonista &hellip; <a href=\"https:\/\/me.yrittajat.fi\/ksyrittajajuhla\/london\/\">Continued<\/a><\/p>\n","protected":false},"author":69,"featured_media":2035,"parent":0,"menu_order":0,"comment_status":"closed","ping_status":"closed","template":"","meta":{"_acf_changed":false,"footnotes":""},"class_list":["post-1626","page","type-page","status-publish","has-post-thumbnail","hentry"],"acf":[],"_links":{"self":[{"href":"https:\/\/me.yrittajat.fi\/ksyrittajajuhla\/wp-json\/wp\/v2\/pages\/1626","targetHints":{"allow":["GET"]}}],"collection":[{"href":"https:\/\/me.yrittajat.fi\/ksyrittajajuhla\/wp-json\/wp\/v2\/pages"}],"about":[{"href":"https:\/\/me.yrittajat.fi\/ksyrittajajuhla\/wp-json\/wp\/v2\/types\/page"}],"author":[{"embeddable":true,"href":"https:\/\/me.yrittajat.fi\/ksyrittajajuhla\/wp-json\/wp\/v2\/users\/69"}],"replies":[{"embeddable":true,"href":"https:\/\/me.yrittajat.fi\/ksyrittajajuhla\/wp-json\/wp\/v2\/comments?post=1626"}],"version-history":[{"count":5,"href":"https:\/\/me.yrittajat.fi\/ksyrittajajuhla\/wp-json\/wp\/v2\/pages\/1626\/revisions"}],"predecessor-version":[{"id":2159,"href":"https:\/\/me.yrittajat.fi\/ksyrittajajuhla\/wp-json\/wp\/v2\/pages\/1626\/revisions\/2159"}],"wp:featuredmedia":[{"embeddable":true,"href":"https:\/\/me.yrittajat.fi\/ksyrittajajuhla\/wp-json\/wp\/v2\/media\/2035"}],"wp:attachment":[{"href":"https:\/\/me.yrittajat.fi\/ksyrittajajuhla\/wp-json\/wp\/v2\/media?parent=1626"}],"curies":[{"name":"wp","href":"https:\/\/api.w.org\/{rel}","templated":true}]}}