{"id":2026,"date":"2025-10-03T11:14:20","date_gmt":"2025-10-03T08:14:20","guid":{"rendered":"https:\/\/me.yrittajat.fi\/ksyrittajajuhla\/?page_id=2026"},"modified":"2025-10-03T11:25:52","modified_gmt":"2025-10-03T08:25:52","slug":"yopuu-yhtio-oy","status":"publish","type":"page","link":"https:\/\/me.yrittajat.fi\/ksyrittajajuhla\/yopuu-yhtio-oy\/","title":{"rendered":"Y\u00f6puu Yhti\u00f6 Oy"},"content":{"rendered":"\n<h2 class=\"wp-block-heading\">Y\u00d6PUU YHTI\u00d6 &#8211; PERHEYRITYS KUMPPANISI T\u00c4RKEISS\u00c4 HETKISS\u00c4<\/h2>\n\n\n\n<p>Olemme aidosti asiakasta palveleva ja kehitykseen ja kasvuun panostava perheomisteinen hotelli- ja ravintola-alan toimija Jyv\u00e4skyl\u00e4n ytimess\u00e4. Y\u00f6puu Yhti\u00f6n alla toimii kaksi hotellia, Hotelli Y\u00f6puu ja Hotelli Verso, sek\u00e4 kolme ravintolaa, Ravintola P\u00f6ll\u00f6waari, Verso Baari ja Bistro Kirkkopuisto.<\/p>\n\n\n\n<h2 class=\"wp-block-heading\">MAJOITUSTARJOUS YRITT\u00c4J\u00c4JUHLAAN:<\/h2>\n\n\n\n<p>Tervetuloa majoittumaan Hotelli Versoon, kaupungin ytimeen! Mik\u00e4s sen mukavampaa, kuin juhlan j\u00e4lkeen k\u00e4\u00e4riyty\u00e4 pehmeisiin lakanoihin, ja nauttia seuraavana aamuna aamiaista valmiista p\u00f6yd\u00e4st\u00e4. Tarjoamme yritt\u00e4j\u00e4juhlaan osallistuville majoitusta etuhintaan:<\/p>\n\n\n\n<p>105\u20ac\/yhden hengen standard-huone<br>120\u20ac\/kahden hengen standard-huone<\/p>\n\n\n\n<p>120\u20ac\/yhden hengen superior-huone<br>135\u20ac\/kahden hengen superior-huone<\/p>\n\n\n\n<p>Huonehinta sis\u00e4lt\u00e4\u00e4 Verson kuuluisan, suomalaisen aamiaisen sek\u00e4 asiakassaunat.<\/p>\n\n\n\n<p>Varaa huoneesi suoraan vastaanotostamme: info@hotelliverso.fi tai 014-333 999, koodilla YRITT\u00c4J\u00c4.<\/p>\n\n\n\n<p>Tervetuloa viihtym\u00e4\u00e4n Versoon!<\/p>\n\n\n\t<div id=\"gb-button-block_c57a408ef9c278fd114a47142372c0f2\" class=\"gb-button gb-button-block_c57a408ef9c278fd114a47142372c0f2\">\n\t\t\t\t\t\t<a class=\"b-button b-button--color- b-button--style-\"\n\t   href=\"http:\/\/www.yopuuyhtio.fi\"\n\t   target=\"_blank\">\n\n\t\t<span class=\"b-button__title\">\n\t\t\tTutustu lis\u00e4\u00e4\t\t<\/span>\n\n\t\t\t\t\t<span class=\"b-button__icon\">\n\t\t\t\t<svg xmlns=\"http:\/\/www.w3.org\/2000\/svg\" viewBox=\"0 0 9 14\"><path d=\"M2.001 13.664a1.333 1.333 0 01-.954-2.272l.007-.008 4.414-4.386-4.24-4.414A1.333 1.333 0 113.12.704l5.147 5.334a1.333 1.333 0 010 1.866l-5.334 5.334a1.333 1.333 0 01-.933.426z\"\/><\/svg>\t\t\t<\/span>\n\t\t\t<\/a>\n\t\t\t<\/div>\n\n\n\n<figure class=\"wp-block-image size-full is-resized\"><img loading=\"lazy\" decoding=\"async\" width=\"600\" height=\"300\" src=\"https:\/\/me.yrittajat.fi\/app\/uploads\/sites\/55\/2025\/10\/Banneri-600x300-4.jpg\" alt=\"\" class=\"wp-image-2036\" style=\"width:431px;height:auto\" srcset=\"https:\/\/me.yrittajat.fi\/app\/uploads\/sites\/55\/2025\/10\/Banneri-600x300-4.jpg 600w, https:\/\/me.yrittajat.fi\/app\/uploads\/sites\/55\/2025\/10\/Banneri-600x300-4-300x150.jpg 300w\" sizes=\"auto, (max-width: 600px) 100vw, 600px\" \/><\/figure>\n","protected":false},"excerpt":{"rendered":"<p>Y\u00d6PUU YHTI\u00d6 &#8211; PERHEYRITYS KUMPPANISI T\u00c4RKEISS\u00c4 HETKISS\u00c4 Olemme aidosti asiakasta palveleva ja kehitykseen ja kasvuun panostava perheomisteinen hotelli- ja ravintola-alan toimija Jyv\u00e4skyl\u00e4n ytimess\u00e4. Y\u00f6puu Yhti\u00f6n alla toimii kaksi hotellia, Hotelli Y\u00f6puu ja Hotelli Verso, sek\u00e4 kolme ravintolaa, Ravintola P\u00f6ll\u00f6waari, Verso Baari ja Bistro Kirkkopuisto. MAJOITUSTARJOUS YRITT\u00c4J\u00c4JUHLAAN: Tervetuloa majoittumaan Hotelli Versoon, kaupungin ytimeen! Mik\u00e4s sen mukavampaa, &hellip; <a href=\"https:\/\/me.yrittajat.fi\/ksyrittajajuhla\/yopuu-yhtio-oy\/\">Continued<\/a><\/p>\n","protected":false},"author":55,"featured_media":2035,"parent":0,"menu_order":0,"comment_status":"closed","ping_status":"closed","template":"","meta":{"_acf_changed":false,"footnotes":""},"class_list":["post-2026","page","type-page","status-publish","has-post-thumbnail","hentry"],"acf":[],"_links":{"self":[{"href":"https:\/\/me.yrittajat.fi\/ksyrittajajuhla\/wp-json\/wp\/v2\/pages\/2026","targetHints":{"allow":["GET"]}}],"collection":[{"href":"https:\/\/me.yrittajat.fi\/ksyrittajajuhla\/wp-json\/wp\/v2\/pages"}],"about":[{"href":"https:\/\/me.yrittajat.fi\/ksyrittajajuhla\/wp-json\/wp\/v2\/types\/page"}],"author":[{"embeddable":true,"href":"https:\/\/me.yrittajat.fi\/ksyrittajajuhla\/wp-json\/wp\/v2\/users\/55"}],"replies":[{"embeddable":true,"href":"https:\/\/me.yrittajat.fi\/ksyrittajajuhla\/wp-json\/wp\/v2\/comments?post=2026"}],"version-history":[{"count":4,"href":"https:\/\/me.yrittajat.fi\/ksyrittajajuhla\/wp-json\/wp\/v2\/pages\/2026\/revisions"}],"predecessor-version":[{"id":2038,"href":"https:\/\/me.yrittajat.fi\/ksyrittajajuhla\/wp-json\/wp\/v2\/pages\/2026\/revisions\/2038"}],"wp:featuredmedia":[{"embeddable":true,"href":"https:\/\/me.yrittajat.fi\/ksyrittajajuhla\/wp-json\/wp\/v2\/media\/2035"}],"wp:attachment":[{"href":"https:\/\/me.yrittajat.fi\/ksyrittajajuhla\/wp-json\/wp\/v2\/media?parent=2026"}],"curies":[{"name":"wp","href":"https:\/\/api.w.org\/{rel}","templated":true}]}}