{"id":225,"date":"2022-11-03T12:17:40","date_gmt":"2022-11-03T10:17:40","guid":{"rendered":"https:\/\/me.yrittajat.fi\/ksyrittajajuhla\/?page_id=225"},"modified":"2025-10-17T13:18:25","modified_gmt":"2025-10-17T10:18:25","slug":"fennia","status":"publish","type":"page","link":"https:\/\/me.yrittajat.fi\/ksyrittajajuhla\/fennia\/","title":{"rendered":"Fennia"},"content":{"rendered":"\n<figure class=\"wp-block-image size-large\"><img loading=\"lazy\" decoding=\"async\" width=\"1024\" height=\"340\" src=\"https:\/\/me.yrittajat.fi\/app\/uploads\/sites\/55\/2025\/10\/KSY_kumppanisivun_banneri_2000x665_2025-1024x340.jpg\" alt=\"\" class=\"wp-image-2303\" srcset=\"https:\/\/me.yrittajat.fi\/app\/uploads\/sites\/55\/2025\/10\/KSY_kumppanisivun_banneri_2000x665_2025-1024x340.jpg 1024w, https:\/\/me.yrittajat.fi\/app\/uploads\/sites\/55\/2025\/10\/KSY_kumppanisivun_banneri_2000x665_2025-300x100.jpg 300w, https:\/\/me.yrittajat.fi\/app\/uploads\/sites\/55\/2025\/10\/KSY_kumppanisivun_banneri_2000x665_2025-768x255.jpg 768w, https:\/\/me.yrittajat.fi\/app\/uploads\/sites\/55\/2025\/10\/KSY_kumppanisivun_banneri_2000x665_2025-1536x511.jpg 1536w, https:\/\/me.yrittajat.fi\/app\/uploads\/sites\/55\/2025\/10\/KSY_kumppanisivun_banneri_2000x665_2025.jpg 2000w\" sizes=\"auto, (max-width: 1024px) 100vw, 1024px\" \/><\/figure>\n\n\n\n<h2 class=\"wp-block-heading\">Fennia \u2013 Yritt\u00e4mist\u00e4 ja el\u00e4m\u00e4\u00e4 varten<\/h2>\n\n\n\n<p>Fennia \u2013 Yritt\u00e4mist\u00e4 ja el\u00e4m\u00e4\u00e4 varten jo yli 140 vuoden ajan. Yritt\u00e4jyys on asenne, jonka jaamme kanssasi. Olemme yritt\u00e4jien perustama suomalainen vakuutusyhti\u00f6, jonka juuret ja arvot ovat yritt\u00e4jyydess\u00e4.<\/p>\n\n\n\n<p>Olemme vahvasti mukana Keski-Suomen yritysten arjessa. Rohkeus, jolla maakuntamme yritt\u00e4j\u00e4t rakentavat liiketoimintaa, inspiroi meit\u00e4. Vahva ja pitk\u00e4aikainen yhteisty\u00f6 yritt\u00e4jien, toimijoiden ja erityisesti yritt\u00e4j\u00e4j\u00e4rjest\u00f6n kanssa luo edellytyksi\u00e4 sille, ett\u00e4 maakunnan hyv\u00e4 kasvu ja vire kantaa my\u00f6s tulevaisuudessa. Yhdess\u00e4 voimme luoda kest\u00e4v\u00e4\u00e4 kasvua ja hyvinvointia, joka hy\u00f6dytt\u00e4\u00e4 meit\u00e4 kaikkia.<\/p>\n\n\n\n<p>Nyt on aika juhlia #kaistaauki ja kiitt\u00e4\u00e4 t\u00e4m\u00e4n vuoden yhteisty\u00f6st\u00e4mme. Teet t\u00e4rke\u00e4\u00e4 ty\u00f6t\u00e4 yritt\u00e4j\u00e4n\u00e4, kumppanina ja mahdollisuuksien edist\u00e4j\u00e4n\u00e4 yritt\u00e4jien arjessa. Kiitos, ett\u00e4 teet sit\u00e4 rohkeudella ja syd\u00e4mell\u00e4!<\/p>\n\n\n\n<figure class=\"wp-block-embed is-type-video is-provider-youtube wp-block-embed-youtube wp-embed-aspect-16-9 wp-has-aspect-ratio\"><div class=\"wp-block-embed__wrapper\">\n<iframe loading=\"lazy\" title=\"Yritt\u00e4jyytesi kumppanina\" width=\"500\" height=\"281\" src=\"https:\/\/www.youtube.com\/embed\/YlShLeR4ne0?feature=oembed\" frameborder=\"0\" allow=\"accelerometer; autoplay; clipboard-write; encrypted-media; gyroscope; picture-in-picture; web-share\" referrerpolicy=\"strict-origin-when-cross-origin\" allowfullscreen><\/iframe>\n<\/div><\/figure>\n\n\n\n<p>Suomen Yritt\u00e4jien j\u00e4senen\u00e4 saat meilt\u00e4 laajat edut yrityksen ja kodin vakuutuksiin &#8211; esimerkiksi maksutonta turvaa vakavan sairauden varalle. Tule juttelemaan eduistasi fennialaisille gaalassa tai tutustu etuihisi alla olevasta linkist\u00e4.<\/p>\n\n\n\n<p>Ota yhteytt\u00e4 paikalliseen asiantuntijamme, jonka kautta hy\u00f6dynn\u00e4t j\u00e4senetusi ja saat tukea tulevaisuutesi mahdollisuuksiin!<\/p>\n\n\n\n<p><strong>Tuomas Sinkko<\/strong><br>Johtaja, It\u00e4inen ja Keskinen yritysalue<\/p>\n\n\n\n<p>Paikallisesti apunasi,<br><strong>Piritta H\u00e4m\u00e4l\u00e4inen<\/strong><br>asiakasp\u00e4\u00e4llikk\u00f6 ja j\u00e4rjest\u00f6mestari Keski-Suomen Yritt\u00e4j\u00e4t<br>puh. 040 7391 905<br>piritta.hamalainen@fennia.fi<\/p>\n\n\n\n<p>Tutustu etuihisi:<\/p>\n\n\n\t<div id=\"gb-button-block_35a92b3f390a0818fd415db228785f8d\" class=\"gb-button gb-button-block_35a92b3f390a0818fd415db228785f8d\">\n\t\t\t\t\t\t<a class=\"b-button b-button--color- b-button--style-\"\n\t   href=\"https:\/\/www.fennia.fi\/edut-suomen-yrittajien-jasenille?utm_source=suomen_yrittajat&#038;utm_medium=kumppani_sisalto&#038;utm_campaign=b2b_brand&#038;utm_content=ksy\"\n\t   target=\"_blank\">\n\n\t\t<span class=\"b-button__title\">\n\t\t\tFennia j\u00e4senedut\t\t<\/span>\n\n\t\t\t\t\t<span class=\"b-button__icon\">\n\t\t\t\t<svg xmlns=\"http:\/\/www.w3.org\/2000\/svg\" viewBox=\"0 0 9 14\"><path d=\"M2.001 13.664a1.333 1.333 0 01-.954-2.272l.007-.008 4.414-4.386-4.24-4.414A1.333 1.333 0 113.12.704l5.147 5.334a1.333 1.333 0 010 1.866l-5.334 5.334a1.333 1.333 0 01-.933.426z\"\/><\/svg>\t\t\t<\/span>\n\t\t\t<\/a>\n\t\t\t<\/div>\n\n\n<div class=\"wp-block-image\">\n<figure class=\"aligncenter size-medium\"><img loading=\"lazy\" decoding=\"async\" width=\"300\" height=\"150\" src=\"https:\/\/me.yrittajat.fi\/ksyrittajajuhla\/app\/uploads\/sites\/55\/2022\/12\/kumppani_logot_ksyjuhlasivut_pienet_2000x1000-6-300x150.png\" alt=\"\" class=\"wp-image-917\" srcset=\"https:\/\/me.yrittajat.fi\/app\/uploads\/sites\/55\/2022\/12\/kumppani_logot_ksyjuhlasivut_pienet_2000x1000-6-300x150.png 300w, https:\/\/me.yrittajat.fi\/app\/uploads\/sites\/55\/2022\/12\/kumppani_logot_ksyjuhlasivut_pienet_2000x1000-6-1024x512.png 1024w, https:\/\/me.yrittajat.fi\/app\/uploads\/sites\/55\/2022\/12\/kumppani_logot_ksyjuhlasivut_pienet_2000x1000-6-768x384.png 768w, https:\/\/me.yrittajat.fi\/app\/uploads\/sites\/55\/2022\/12\/kumppani_logot_ksyjuhlasivut_pienet_2000x1000-6-1536x768.png 1536w, https:\/\/me.yrittajat.fi\/app\/uploads\/sites\/55\/2022\/12\/kumppani_logot_ksyjuhlasivut_pienet_2000x1000-6.png 2000w\" sizes=\"auto, (max-width: 300px) 100vw, 300px\" \/><\/figure><\/div>","protected":false},"excerpt":{"rendered":"<p>Fennia \u2013 Yritt\u00e4mist\u00e4 ja el\u00e4m\u00e4\u00e4 varten Fennia \u2013 Yritt\u00e4mist\u00e4 ja el\u00e4m\u00e4\u00e4 varten jo yli 140 vuoden ajan. Yritt\u00e4jyys on asenne, jonka jaamme kanssasi. Olemme yritt\u00e4jien perustama suomalainen vakuutusyhti\u00f6, jonka juuret ja arvot ovat yritt\u00e4jyydess\u00e4. Olemme vahvasti mukana Keski-Suomen yritysten arjessa. Rohkeus, jolla maakuntamme yritt\u00e4j\u00e4t rakentavat liiketoimintaa, inspiroi meit\u00e4. Vahva ja pitk\u00e4aikainen yhteisty\u00f6 yritt\u00e4jien, toimijoiden ja &hellip; <a href=\"https:\/\/me.yrittajat.fi\/ksyrittajajuhla\/fennia\/\">Continued<\/a><\/p>\n","protected":false},"author":55,"featured_media":2035,"parent":0,"menu_order":0,"comment_status":"closed","ping_status":"closed","template":"","meta":{"_acf_changed":false,"footnotes":""},"class_list":["post-225","page","type-page","status-publish","has-post-thumbnail","hentry"],"acf":[],"_links":{"self":[{"href":"https:\/\/me.yrittajat.fi\/ksyrittajajuhla\/wp-json\/wp\/v2\/pages\/225","targetHints":{"allow":["GET"]}}],"collection":[{"href":"https:\/\/me.yrittajat.fi\/ksyrittajajuhla\/wp-json\/wp\/v2\/pages"}],"about":[{"href":"https:\/\/me.yrittajat.fi\/ksyrittajajuhla\/wp-json\/wp\/v2\/types\/page"}],"author":[{"embeddable":true,"href":"https:\/\/me.yrittajat.fi\/ksyrittajajuhla\/wp-json\/wp\/v2\/users\/55"}],"replies":[{"embeddable":true,"href":"https:\/\/me.yrittajat.fi\/ksyrittajajuhla\/wp-json\/wp\/v2\/comments?post=225"}],"version-history":[{"count":4,"href":"https:\/\/me.yrittajat.fi\/ksyrittajajuhla\/wp-json\/wp\/v2\/pages\/225\/revisions"}],"predecessor-version":[{"id":2305,"href":"https:\/\/me.yrittajat.fi\/ksyrittajajuhla\/wp-json\/wp\/v2\/pages\/225\/revisions\/2305"}],"wp:featuredmedia":[{"embeddable":true,"href":"https:\/\/me.yrittajat.fi\/ksyrittajajuhla\/wp-json\/wp\/v2\/media\/2035"}],"wp:attachment":[{"href":"https:\/\/me.yrittajat.fi\/ksyrittajajuhla\/wp-json\/wp\/v2\/media?parent=225"}],"curies":[{"name":"wp","href":"https:\/\/api.w.org\/{rel}","templated":true}]}}