{"id":2341,"date":"2025-12-08T13:03:30","date_gmt":"2025-12-08T11:03:30","guid":{"rendered":"https:\/\/me.yrittajat.fi\/ksyrittajajuhla\/?page_id=2341"},"modified":"2025-12-08T13:08:05","modified_gmt":"2025-12-08T11:08:05","slug":"keski-suomen-kauppakamari","status":"publish","type":"page","link":"https:\/\/me.yrittajat.fi\/ksyrittajajuhla\/keski-suomen-kauppakamari\/","title":{"rendered":"Keski-Suomen kauppakamari"},"content":{"rendered":"\n<figure class=\"wp-block-image size-large\"><img loading=\"lazy\" decoding=\"async\" width=\"1024\" height=\"340\" src=\"https:\/\/me.yrittajat.fi\/app\/uploads\/sites\/55\/2025\/12\/Nimeton-malli-2-1024x340.png\" alt=\"\" class=\"wp-image-2343\" srcset=\"https:\/\/me.yrittajat.fi\/app\/uploads\/sites\/55\/2025\/12\/Nimeton-malli-2-1024x340.png 1024w, https:\/\/me.yrittajat.fi\/app\/uploads\/sites\/55\/2025\/12\/Nimeton-malli-2-300x100.png 300w, https:\/\/me.yrittajat.fi\/app\/uploads\/sites\/55\/2025\/12\/Nimeton-malli-2-768x255.png 768w, https:\/\/me.yrittajat.fi\/app\/uploads\/sites\/55\/2025\/12\/Nimeton-malli-2-1536x511.png 1536w, https:\/\/me.yrittajat.fi\/app\/uploads\/sites\/55\/2025\/12\/Nimeton-malli-2.png 2000w\" sizes=\"auto, (max-width: 1024px) 100vw, 1024px\" \/><\/figure>\n\n\n\n<p>Tervetuloa vaikuttavaan verkostoon!<\/p>\n\n\n\n<p>Keski-Suomen kauppakamari on eteenp\u00e4in katsova ja uudistuva alueen elinkeinoel\u00e4m\u00e4n \u00e4\u00e4nitorvi, jota kuunnellaan ja arvostetaan. Kauppakamarin j\u00e4senen\u00e4 olet osa laajaa p\u00e4\u00e4tt\u00e4jien ja yritt\u00e4jien verkostoa, osallistut paikallisesti ajankohtaisiin koulutuksiin ja p\u00e4\u00e4set hy\u00f6dynt\u00e4m\u00e4\u00e4n vahvaa osaamista kansainv\u00e4listymisen ja kasvun kent\u00e4ll\u00e4. Tule mukaan tekem\u00e4\u00e4n, vaikuttamaan, oppimaan ja verkostoitumaan \u2013 n\u00e4hd\u00e4\u00e4n kauppakamarilla!<\/p>\n\n\n\n<p>Kauppakamari tarjoaa monipuolisia palveluita yritysten tarpeisiin:<br>\u2022 Edunvalvonta ja vaikuttaminen<br>\u2022 Verkostot<br>\u2022 Koulutukset ja tilaisuudet<br>\u2022 Kansainv\u00e4listymisen tuki<br>\u2022 Neuvonta<br>\u2022 Ajankohtaistiedon v\u00e4litt\u00e4minen<br>\u2022 Valiokuntatoiminta<br>\u2022 Tutkimukset ja selvitykset<br>\u2022 Julkaisut ja n\u00e4kyvyys<br>\u2022 Projektit ja hankkeet<br>\u2022 KauppakamariTieto<br>\u2022 Keskuskauppakamarin palvelut<\/p>\n\n\n\n<h2 class=\"wp-block-heading\">Hyv\u00e4ksytty hallituksen j\u00e4sen HHJ-kurssi<\/h2>\n\n\n\n<p>Hyv\u00e4ksytty hallituksen j\u00e4sen HHJ-kurssi tarjoaa k\u00e4yt\u00e4nn\u00f6nl\u00e4heist\u00e4 osaamista yrityksen hallitusty\u00f6skentelyyn. Kurssi k\u00e4y l\u00e4pi hallituksen keskeiset vastuut, roolit ja ty\u00f6skentelytavat sek\u00e4 antaa valmiuksia strategiseen p\u00e4\u00e4t\u00f6ksentekoon ja yrityksen kehitt\u00e4miseen.<br>Kurssi sopii sek\u00e4 hallitusty\u00f6t\u00e4 jo tekeville henkil\u00f6ille ett\u00e4 sit\u00e4 harkitseville. Se auttaa yritt\u00e4ji\u00e4, yritysjohtajia ja hallituksen kanssa l\u00e4heist\u00e4 ty\u00f6t\u00e4 tekevi\u00e4 hy\u00f6dynt\u00e4m\u00e4\u00e4n hallitusty\u00f6skentely\u00e4 entist\u00e4 paremmin.<\/p>\n\n\n\n<p>Kurssille kannattaa osallistua, sill\u00e4 se vahvistaa liiketoimintaosaamista, kasvattaa ymm\u00e4rryst\u00e4 hyv\u00e4st\u00e4 hallintotavasta ja tarjoaa arvokkaan verkoston muiden yritysvaikuttajien kanssa. HHJ kehitt\u00e4\u00e4 erityisesti kyky\u00e4 toimia hallituksessa vaikuttavasti. Tervetuloa mukaan!<br><br>Oppimista voi syvent\u00e4\u00e4 HHJ-kurssin suorittamisen j\u00e4lkeen HHJ-tutkinnossa, jonka hyv\u00e4ksytysti suorittamisen j\u00e4lkeen voi k\u00e4ytt\u00e4\u00e4 arvostettua HHJ-nimikett\u00e4. Puheenjohtajuuden kehitt\u00e4miseen on mahdollisuus k\u00e4yd\u00e4 HHJ-puheenjohtajakurssi.<\/p>\n\n\n\t<div id=\"gb-button-block_7733b42a0cb3ed03cd302bcd5ab6b5c6\" class=\"gb-button gb-button-block_7733b42a0cb3ed03cd302bcd5ab6b5c6\">\n\t\t\t\t\t\t<a class=\"b-button b-button--color- b-button--style-\"\n\t   href=\"https:\/\/kskauppakamari.fi\"\n\t   target=\"_blank\">\n\n\t\t<span class=\"b-button__title\">\n\t\t\tLue lis\u00e4\u00e4 kauppakamarista\t\t<\/span>\n\n\t\t\t\t\t<span class=\"b-button__icon\">\n\t\t\t\t<svg xmlns=\"http:\/\/www.w3.org\/2000\/svg\" viewBox=\"0 0 9 14\"><path d=\"M2.001 13.664a1.333 1.333 0 01-.954-2.272l.007-.008 4.414-4.386-4.24-4.414A1.333 1.333 0 113.12.704l5.147 5.334a1.333 1.333 0 010 1.866l-5.334 5.334a1.333 1.333 0 01-.933.426z\"\/><\/svg>\t\t\t<\/span>\n\t\t\t<\/a>\n\t\t\t<\/div>\n\n\n\t<div id=\"gb-button-block_856d2712d3b648e7a97fd19a461c07ea\" class=\"gb-button gb-button-block_856d2712d3b648e7a97fd19a461c07ea\">\n\t\t\t\t\t\t<a class=\"b-button b-button--color- b-button--style-\"\n\t   href=\"https:\/\/kskauppakamari.fi\/koulutukset\/hhj-kurssi\/\"\n\t   target=\"_blank\">\n\n\t\t<span class=\"b-button__title\">\n\t\t\tLue lis\u00e4\u00e4 HHJ-kurssista\t\t<\/span>\n\n\t\t\t\t\t<span class=\"b-button__icon\">\n\t\t\t\t<svg xmlns=\"http:\/\/www.w3.org\/2000\/svg\" viewBox=\"0 0 9 14\"><path d=\"M2.001 13.664a1.333 1.333 0 01-.954-2.272l.007-.008 4.414-4.386-4.24-4.414A1.333 1.333 0 113.12.704l5.147 5.334a1.333 1.333 0 010 1.866l-5.334 5.334a1.333 1.333 0 01-.933.426z\"\/><\/svg>\t\t\t<\/span>\n\t\t\t<\/a>\n\t\t\t<\/div>\n\n\n\n<figure class=\"wp-block-embed is-type-video is-provider-youtube wp-block-embed-youtube wp-embed-aspect-16-9 wp-has-aspect-ratio\"><div class=\"wp-block-embed__wrapper\">\n<iframe loading=\"lazy\" title=\"Miksi kuulua Keski-Suomen kauppakamariin?\" width=\"500\" height=\"281\" src=\"https:\/\/www.youtube.com\/embed\/14tfli7mzpk?feature=oembed\" frameborder=\"0\" allow=\"accelerometer; autoplay; clipboard-write; encrypted-media; gyroscope; picture-in-picture; web-share\" referrerpolicy=\"strict-origin-when-cross-origin\" allowfullscreen><\/iframe>\n<\/div><\/figure>\n\n\n\n<figure class=\"wp-block-image size-full is-resized\"><img loading=\"lazy\" decoding=\"async\" width=\"881\" height=\"324\" src=\"https:\/\/me.yrittajat.fi\/app\/uploads\/sites\/55\/2025\/12\/KeskiSuomen_Kauppakamari_rgb.jpg\" alt=\"\" class=\"wp-image-2342\" style=\"width:285px;height:auto\" srcset=\"https:\/\/me.yrittajat.fi\/app\/uploads\/sites\/55\/2025\/12\/KeskiSuomen_Kauppakamari_rgb.jpg 881w, https:\/\/me.yrittajat.fi\/app\/uploads\/sites\/55\/2025\/12\/KeskiSuomen_Kauppakamari_rgb-300x110.jpg 300w, https:\/\/me.yrittajat.fi\/app\/uploads\/sites\/55\/2025\/12\/KeskiSuomen_Kauppakamari_rgb-768x282.jpg 768w\" sizes=\"auto, (max-width: 881px) 100vw, 881px\" \/><\/figure>\n\n\n\n<p><\/p>\n","protected":false},"excerpt":{"rendered":"<p>Tervetuloa vaikuttavaan verkostoon! Keski-Suomen kauppakamari on eteenp\u00e4in katsova ja uudistuva alueen elinkeinoel\u00e4m\u00e4n \u00e4\u00e4nitorvi, jota kuunnellaan ja arvostetaan. Kauppakamarin j\u00e4senen\u00e4 olet osa laajaa p\u00e4\u00e4tt\u00e4jien ja yritt\u00e4jien verkostoa, osallistut paikallisesti ajankohtaisiin koulutuksiin ja p\u00e4\u00e4set hy\u00f6dynt\u00e4m\u00e4\u00e4n vahvaa osaamista kansainv\u00e4listymisen ja kasvun kent\u00e4ll\u00e4. Tule mukaan tekem\u00e4\u00e4n, vaikuttamaan, oppimaan ja verkostoitumaan \u2013 n\u00e4hd\u00e4\u00e4n kauppakamarilla! Kauppakamari tarjoaa monipuolisia palveluita yritysten tarpeisiin:\u2022 &hellip; <a href=\"https:\/\/me.yrittajat.fi\/ksyrittajajuhla\/keski-suomen-kauppakamari\/\">Continued<\/a><\/p>\n","protected":false},"author":55,"featured_media":1998,"parent":0,"menu_order":0,"comment_status":"closed","ping_status":"closed","template":"","meta":{"_acf_changed":false,"footnotes":""},"class_list":["post-2341","page","type-page","status-publish","has-post-thumbnail","hentry"],"acf":[],"_links":{"self":[{"href":"https:\/\/me.yrittajat.fi\/ksyrittajajuhla\/wp-json\/wp\/v2\/pages\/2341","targetHints":{"allow":["GET"]}}],"collection":[{"href":"https:\/\/me.yrittajat.fi\/ksyrittajajuhla\/wp-json\/wp\/v2\/pages"}],"about":[{"href":"https:\/\/me.yrittajat.fi\/ksyrittajajuhla\/wp-json\/wp\/v2\/types\/page"}],"author":[{"embeddable":true,"href":"https:\/\/me.yrittajat.fi\/ksyrittajajuhla\/wp-json\/wp\/v2\/users\/55"}],"replies":[{"embeddable":true,"href":"https:\/\/me.yrittajat.fi\/ksyrittajajuhla\/wp-json\/wp\/v2\/comments?post=2341"}],"version-history":[{"count":2,"href":"https:\/\/me.yrittajat.fi\/ksyrittajajuhla\/wp-json\/wp\/v2\/pages\/2341\/revisions"}],"predecessor-version":[{"id":2350,"href":"https:\/\/me.yrittajat.fi\/ksyrittajajuhla\/wp-json\/wp\/v2\/pages\/2341\/revisions\/2350"}],"wp:featuredmedia":[{"embeddable":true,"href":"https:\/\/me.yrittajat.fi\/ksyrittajajuhla\/wp-json\/wp\/v2\/media\/1998"}],"wp:attachment":[{"href":"https:\/\/me.yrittajat.fi\/ksyrittajajuhla\/wp-json\/wp\/v2\/media?parent=2341"}],"curies":[{"name":"wp","href":"https:\/\/api.w.org\/{rel}","templated":true}]}}