{"id":2357,"date":"2025-12-10T09:32:22","date_gmt":"2025-12-10T07:32:22","guid":{"rendered":"https:\/\/me.yrittajat.fi\/ksyrittajajuhla\/?page_id=2357"},"modified":"2025-12-10T09:32:23","modified_gmt":"2025-12-10T07:32:23","slug":"jyvaskylan-yliopisto","status":"publish","type":"page","link":"https:\/\/me.yrittajat.fi\/ksyrittajajuhla\/jyvaskylan-yliopisto\/","title":{"rendered":"Jyv\u00e4skyl\u00e4n yliopisto"},"content":{"rendered":"\n<figure class=\"wp-block-image size-large\"><img loading=\"lazy\" decoding=\"async\" width=\"1024\" height=\"335\" src=\"https:\/\/me.yrittajat.fi\/app\/uploads\/sites\/55\/2025\/12\/Jyu_kuva_yrittajajuhlat3-1024x335.jpg\" alt=\"\" class=\"wp-image-2358\" srcset=\"https:\/\/me.yrittajat.fi\/app\/uploads\/sites\/55\/2025\/12\/Jyu_kuva_yrittajajuhlat3-1024x335.jpg 1024w, https:\/\/me.yrittajat.fi\/app\/uploads\/sites\/55\/2025\/12\/Jyu_kuva_yrittajajuhlat3-300x98.jpg 300w, https:\/\/me.yrittajat.fi\/app\/uploads\/sites\/55\/2025\/12\/Jyu_kuva_yrittajajuhlat3-768x252.jpg 768w, https:\/\/me.yrittajat.fi\/app\/uploads\/sites\/55\/2025\/12\/Jyu_kuva_yrittajajuhlat3-1536x503.jpg 1536w, https:\/\/me.yrittajat.fi\/app\/uploads\/sites\/55\/2025\/12\/Jyu_kuva_yrittajajuhlat3.jpg 2000w\" sizes=\"auto, (max-width: 1024px) 100vw, 1024px\" \/><\/figure>\n\n\n\n<h2 class=\"wp-block-heading\">Osaamista, innovaatioita ja tuloksia yliopistoyhteisty\u00f6ll\u00e4<\/h2>\n\n\n\n<p>Jyv\u00e4skyl\u00e4n yliopistossa rakennetaan uusia mahdollisuuksia yhteiskunnan eri sektoreille huippututkimuksella ja osaamisen kehitt\u00e4misell\u00e4.<\/p>\n\n\n\n<p>Olemme vaikuttava, kansainv\u00e4lisesti tunnettu ja tunnustettu tiedeyliopisto, joka edustaa maailman huippua oppimisen, hyvinvoinnin ja luonnon perusilmi\u00f6iden tutkimuksessa ja koulutuksessa.<\/p>\n\n\n\n<h2 class=\"wp-block-heading\">Jyv\u00e4skyl\u00e4n yliopisto \u2013 sivistyksen puolesta<\/h2>\n\n\n\n<p>Jyv\u00e4skyl\u00e4n yliopiston kuusi tiedekuntaa tarjoavat koulutusmahdollisuuksia yli 100 oppiaineessa ja tuottavat huippututkimusta muiden muassa seitsem\u00e4ss\u00e4 Suomen Akatemian nime\u00e4m\u00e4ss\u00e4 tutkimuksen huippuyksik\u00f6ss\u00e4. Teemme tiivist\u00e4 yhteisty\u00f6t\u00e4 yritysten ja yhteis\u00f6jen kanssa, ja edist\u00e4mme kest\u00e4v\u00e4\u00e4 liiketoimintaa, innovaatioita ja osaamista muuttuvassa maailmassa.<\/p>\n\n\n\n<h2 class=\"wp-block-heading\">Yritysyhteisty\u00f6 ja TKI-toiminta<\/h2>\n\n\n\n<p>Tarjoamme yrityksille ja organisaatioille monipuolisia yhteisty\u00f6mahdollisuuksia tutkimus-, kehitys- ja innovaatiotoiminnassa. Yhteisty\u00f6 voi tarkoittaa esimerkiksi tilaustutkimuksia, yhteisi\u00e4 kehityshankkeita, opiskelijaprojekteja tai r\u00e4\u00e4t\u00e4l\u00f6ityj\u00e4 koulutuksia. Yliopiston tutkimus- ja innovaatiopalvelut tukevat yrityksi\u00e4 uusien ratkaisujen kehitt\u00e4misess\u00e4 ja kansainv\u00e4listymisess\u00e4.<\/p>\n\n\n\n<p>Lis\u00e4ksi Jyv\u00e4skyl\u00e4n yliopisto toimii aktiivisesti yhdess\u00e4 yrityshautomo Yritystehtaan ja yliopiston perustaman sijoitusyhti\u00f6n Unifund VC:n kanssa, jotka auttavat kaupallistamaan tutkimustuloksia ja tukevat lupaavia kasvuyrityksi\u00e4. Tavoitteena on yhdist\u00e4\u00e4 huippututkimus ja yritysten tarpeet, luoda uusia innovaatioita ja vahvistaa Keski-Suomen elinvoimaa.<\/p>\n\n\n\n<h2 class=\"wp-block-heading\">Tervehdys yritt\u00e4jille<\/h2>\n\n\n\n<p>Jyv\u00e4skyl\u00e4n yliopisto toivottaa Keski-Suomen Yritt\u00e4j\u00e4juhlan osallistujille inspiroivaa iltaa ja menestyst\u00e4 tulevaisuuden hankkeisiin! Yhdess\u00e4 voimme rakentaa osaamista, innovaatioita ja hyvinvointia \u2013 tervetuloa tutustumaan yhteisty\u00f6mahdollisuuksiin kanssamme.<\/p>\n\n\n\t<div id=\"gb-button-block_60c429e7e2e1f4250303bd48dccb745b\" class=\"gb-button gb-button-block_60c429e7e2e1f4250303bd48dccb745b\">\n\t\t\t\t\t\t<a class=\"b-button b-button--color- b-button--style-\"\n\t   href=\"https:\/\/www.jyu.fi\/fi\/yhteistyo\"\n\t   target=\"_blank\">\n\n\t\t<span class=\"b-button__title\">\n\t\t\tYhteisty\u00f6h\u00f6n Jyv\u00e4skyl\u00e4n yliopiston kanssa\t\t<\/span>\n\n\t\t\t\t\t<span class=\"b-button__icon\">\n\t\t\t\t<svg xmlns=\"http:\/\/www.w3.org\/2000\/svg\" viewBox=\"0 0 9 14\"><path d=\"M2.001 13.664a1.333 1.333 0 01-.954-2.272l.007-.008 4.414-4.386-4.24-4.414A1.333 1.333 0 113.12.704l5.147 5.334a1.333 1.333 0 010 1.866l-5.334 5.334a1.333 1.333 0 01-.933.426z\"\/><\/svg>\t\t\t<\/span>\n\t\t\t<\/a>\n\t\t\t<\/div>\n\n\n\n<figure class=\"wp-block-embed is-type-video is-provider-youtube wp-block-embed-youtube wp-embed-aspect-16-9 wp-has-aspect-ratio\"><div class=\"wp-block-embed__wrapper\">\n<iframe loading=\"lazy\" title=\"This is the University of Jyv\u00e4skyl\u00e4\" width=\"500\" height=\"281\" src=\"https:\/\/www.youtube.com\/embed\/wsYDL1TlwTI?feature=oembed\" frameborder=\"0\" allow=\"accelerometer; autoplay; clipboard-write; encrypted-media; gyroscope; picture-in-picture; web-share\" referrerpolicy=\"strict-origin-when-cross-origin\" allowfullscreen><\/iframe>\n<\/div><\/figure>\n\n\n\n<figure class=\"wp-block-image size-large is-resized\"><img loading=\"lazy\" decoding=\"async\" width=\"1024\" height=\"763\" src=\"https:\/\/me.yrittajat.fi\/app\/uploads\/sites\/55\/2025\/12\/RGB-KAKSIKIELINEN-JYU-logo-keskitetty-sininen-1024x763.png\" alt=\"\" class=\"wp-image-2359\" style=\"width:256px;height:auto\" srcset=\"https:\/\/me.yrittajat.fi\/app\/uploads\/sites\/55\/2025\/12\/RGB-KAKSIKIELINEN-JYU-logo-keskitetty-sininen-1024x763.png 1024w, https:\/\/me.yrittajat.fi\/app\/uploads\/sites\/55\/2025\/12\/RGB-KAKSIKIELINEN-JYU-logo-keskitetty-sininen-300x224.png 300w, https:\/\/me.yrittajat.fi\/app\/uploads\/sites\/55\/2025\/12\/RGB-KAKSIKIELINEN-JYU-logo-keskitetty-sininen-768x572.png 768w, https:\/\/me.yrittajat.fi\/app\/uploads\/sites\/55\/2025\/12\/RGB-KAKSIKIELINEN-JYU-logo-keskitetty-sininen-168x126.png 168w, https:\/\/me.yrittajat.fi\/app\/uploads\/sites\/55\/2025\/12\/RGB-KAKSIKIELINEN-JYU-logo-keskitetty-sininen.png 1036w\" sizes=\"auto, (max-width: 1024px) 100vw, 1024px\" \/><\/figure>\n","protected":false},"excerpt":{"rendered":"<p>Osaamista, innovaatioita ja tuloksia yliopistoyhteisty\u00f6ll\u00e4 Jyv\u00e4skyl\u00e4n yliopistossa rakennetaan uusia mahdollisuuksia yhteiskunnan eri sektoreille huippututkimuksella ja osaamisen kehitt\u00e4misell\u00e4. Olemme vaikuttava, kansainv\u00e4lisesti tunnettu ja tunnustettu tiedeyliopisto, joka edustaa maailman huippua oppimisen, hyvinvoinnin ja luonnon perusilmi\u00f6iden tutkimuksessa ja koulutuksessa. Jyv\u00e4skyl\u00e4n yliopisto \u2013 sivistyksen puolesta Jyv\u00e4skyl\u00e4n yliopiston kuusi tiedekuntaa tarjoavat koulutusmahdollisuuksia yli 100 oppiaineessa ja tuottavat huippututkimusta muiden muassa &hellip; <a href=\"https:\/\/me.yrittajat.fi\/ksyrittajajuhla\/jyvaskylan-yliopisto\/\">Continued<\/a><\/p>\n","protected":false},"author":55,"featured_media":2035,"parent":0,"menu_order":0,"comment_status":"closed","ping_status":"closed","template":"","meta":{"_acf_changed":false,"footnotes":""},"class_list":["post-2357","page","type-page","status-publish","has-post-thumbnail","hentry"],"acf":[],"_links":{"self":[{"href":"https:\/\/me.yrittajat.fi\/ksyrittajajuhla\/wp-json\/wp\/v2\/pages\/2357","targetHints":{"allow":["GET"]}}],"collection":[{"href":"https:\/\/me.yrittajat.fi\/ksyrittajajuhla\/wp-json\/wp\/v2\/pages"}],"about":[{"href":"https:\/\/me.yrittajat.fi\/ksyrittajajuhla\/wp-json\/wp\/v2\/types\/page"}],"author":[{"embeddable":true,"href":"https:\/\/me.yrittajat.fi\/ksyrittajajuhla\/wp-json\/wp\/v2\/users\/55"}],"replies":[{"embeddable":true,"href":"https:\/\/me.yrittajat.fi\/ksyrittajajuhla\/wp-json\/wp\/v2\/comments?post=2357"}],"version-history":[{"count":1,"href":"https:\/\/me.yrittajat.fi\/ksyrittajajuhla\/wp-json\/wp\/v2\/pages\/2357\/revisions"}],"predecessor-version":[{"id":2360,"href":"https:\/\/me.yrittajat.fi\/ksyrittajajuhla\/wp-json\/wp\/v2\/pages\/2357\/revisions\/2360"}],"wp:featuredmedia":[{"embeddable":true,"href":"https:\/\/me.yrittajat.fi\/ksyrittajajuhla\/wp-json\/wp\/v2\/media\/2035"}],"wp:attachment":[{"href":"https:\/\/me.yrittajat.fi\/ksyrittajajuhla\/wp-json\/wp\/v2\/media?parent=2357"}],"curies":[{"name":"wp","href":"https:\/\/api.w.org\/{rel}","templated":true}]}}