{"id":252,"date":"2022-11-18T14:40:29","date_gmt":"2022-11-18T12:40:29","guid":{"rendered":"https:\/\/me.yrittajat.fi\/ksyrittajajuhla\/?page_id=252"},"modified":"2025-10-07T14:53:40","modified_gmt":"2025-10-07T11:53:40","slug":"jyvaskylan-kaupunki","status":"publish","type":"page","link":"https:\/\/me.yrittajat.fi\/ksyrittajajuhla\/jyvaskylan-kaupunki\/","title":{"rendered":"Jyv\u00e4skyl\u00e4n kaupunki"},"content":{"rendered":"\n<figure class=\"wp-block-image size-large\"><img loading=\"lazy\" decoding=\"async\" width=\"1024\" height=\"683\" src=\"https:\/\/me.yrittajat.fi\/app\/uploads\/sites\/55\/2025\/10\/Drupal_Kuokkalansilta16_TouhoHakkinen-1-1024x683.jpg\" alt=\"\" class=\"wp-image-2123\" srcset=\"https:\/\/me.yrittajat.fi\/app\/uploads\/sites\/55\/2025\/10\/Drupal_Kuokkalansilta16_TouhoHakkinen-1-1024x683.jpg 1024w, https:\/\/me.yrittajat.fi\/app\/uploads\/sites\/55\/2025\/10\/Drupal_Kuokkalansilta16_TouhoHakkinen-1-300x200.jpg 300w, https:\/\/me.yrittajat.fi\/app\/uploads\/sites\/55\/2025\/10\/Drupal_Kuokkalansilta16_TouhoHakkinen-1-768x512.jpg 768w, https:\/\/me.yrittajat.fi\/app\/uploads\/sites\/55\/2025\/10\/Drupal_Kuokkalansilta16_TouhoHakkinen-1-1536x1025.jpg 1536w, https:\/\/me.yrittajat.fi\/app\/uploads\/sites\/55\/2025\/10\/Drupal_Kuokkalansilta16_TouhoHakkinen-1-668x445.jpg 668w, https:\/\/me.yrittajat.fi\/app\/uploads\/sites\/55\/2025\/10\/Drupal_Kuokkalansilta16_TouhoHakkinen-1.jpg 2000w\" sizes=\"auto, (max-width: 1024px) 100vw, 1024px\" \/><\/figure>\n\n\n\n<h2 class=\"wp-block-heading\">Jyv\u00e4skyl\u00e4n kaupunki \u2013 Yhdess\u00e4 rakennamme elinvoimaista Jyv\u00e4skyl\u00e4\u00e4<\/h2>\n\n\n\n<p>Jyv\u00e4skyl\u00e4n kaupungin elinkeinopalvelut kokoaa yhteen Jyv\u00e4skyl\u00e4n kaupungin yrityksille suunnatut palvelut ja verkostot. Autamme alueemme yrityksi\u00e4 kehittym\u00e4\u00e4n liiketoiminnan alkuvaiheista yritystoiminnan kehitt\u00e4miseen ja kasvuun.<\/p>\n\n\n\n<p>Jyv\u00e4skyl\u00e4n kaupunki haluaa kiitt\u00e4\u00e4 kaikkia Keski-Suomen yritt\u00e4ji\u00e4 arvokkaasta ty\u00f6st\u00e4 alueemme elinvoiman edist\u00e4miseksi.<\/p>\n\n\n\n<p>Yritt\u00e4j\u00e4juhla on juhla teille, jotka luotte mahdollisuuksia, kannatte vastuuta ja rakennatte tulevaisuutta. Kiitos, ett\u00e4 olette mukana tekem\u00e4ss\u00e4 Keski-Suomesta entist\u00e4 vahvempaa ja vetovoimaisempaa.<\/p>\n\n\n\n<p>Nyt on aika juhlistaa yhdess\u00e4 saavutuksia, palkita ansioituneita yritt\u00e4ji\u00e4 ja iloita yritt\u00e4jyyden voimasta. Jyv\u00e4skyl\u00e4n kaupunki toivottaa kaikille ihanaa juhlaa ja menestyst\u00e4 vuodelle 2026!<\/p>\n\n\n\t<div id=\"gb-button-block_973860ce4d4e23541b608bf66247d885\" class=\"gb-button gb-button-block_973860ce4d4e23541b608bf66247d885\">\n\t\t\t\t\t\t<a class=\"b-button b-button--color- b-button--style-\"\n\t   href=\"http:\/\/elinkeinopalvelut.jyvaskyla.fi\"\n\t   target=\"_blank\">\n\n\t\t<span class=\"b-button__title\">\n\t\t\tJyv\u00e4skyl\u00e4n kaupungin elinkeinopalvelut\t\t<\/span>\n\n\t\t\t\t\t<span class=\"b-button__icon\">\n\t\t\t\t<svg xmlns=\"http:\/\/www.w3.org\/2000\/svg\" viewBox=\"0 0 9 14\"><path d=\"M2.001 13.664a1.333 1.333 0 01-.954-2.272l.007-.008 4.414-4.386-4.24-4.414A1.333 1.333 0 113.12.704l5.147 5.334a1.333 1.333 0 010 1.866l-5.334 5.334a1.333 1.333 0 01-.933.426z\"\/><\/svg>\t\t\t<\/span>\n\t\t\t<\/a>\n\t\t\t<\/div>\n\n\n<div class=\"wp-block-image\">\n<figure class=\"aligncenter size-medium\"><img loading=\"lazy\" decoding=\"async\" width=\"300\" height=\"150\" src=\"https:\/\/me.yrittajat.fi\/ksyrittajajuhla\/app\/uploads\/sites\/55\/2022\/11\/jyvaskyla_pieni-300x150.png\" alt=\"\" class=\"wp-image-568\" srcset=\"https:\/\/me.yrittajat.fi\/app\/uploads\/sites\/55\/2022\/11\/jyvaskyla_pieni-300x150.png 300w, https:\/\/me.yrittajat.fi\/app\/uploads\/sites\/55\/2022\/11\/jyvaskyla_pieni-1024x512.png 1024w, https:\/\/me.yrittajat.fi\/app\/uploads\/sites\/55\/2022\/11\/jyvaskyla_pieni-768x384.png 768w, https:\/\/me.yrittajat.fi\/app\/uploads\/sites\/55\/2022\/11\/jyvaskyla_pieni-1536x768.png 1536w, https:\/\/me.yrittajat.fi\/app\/uploads\/sites\/55\/2022\/11\/jyvaskyla_pieni.png 2000w\" sizes=\"auto, (max-width: 300px) 100vw, 300px\" \/><\/figure><\/div>","protected":false},"excerpt":{"rendered":"<p>Jyv\u00e4skyl\u00e4n kaupunki \u2013 Yhdess\u00e4 rakennamme elinvoimaista Jyv\u00e4skyl\u00e4\u00e4 Jyv\u00e4skyl\u00e4n kaupungin elinkeinopalvelut kokoaa yhteen Jyv\u00e4skyl\u00e4n kaupungin yrityksille suunnatut palvelut ja verkostot. Autamme alueemme yrityksi\u00e4 kehittym\u00e4\u00e4n liiketoiminnan alkuvaiheista yritystoiminnan kehitt\u00e4miseen ja kasvuun. Jyv\u00e4skyl\u00e4n kaupunki haluaa kiitt\u00e4\u00e4 kaikkia Keski-Suomen yritt\u00e4ji\u00e4 arvokkaasta ty\u00f6st\u00e4 alueemme elinvoiman edist\u00e4miseksi. Yritt\u00e4j\u00e4juhla on juhla teille, jotka luotte mahdollisuuksia, kannatte vastuuta ja rakennatte tulevaisuutta. Kiitos, ett\u00e4 &hellip; <a href=\"https:\/\/me.yrittajat.fi\/ksyrittajajuhla\/jyvaskylan-kaupunki\/\">Continued<\/a><\/p>\n","protected":false},"author":55,"featured_media":2035,"parent":0,"menu_order":0,"comment_status":"closed","ping_status":"closed","template":"","meta":{"_acf_changed":false,"footnotes":""},"class_list":["post-252","page","type-page","status-publish","has-post-thumbnail","hentry"],"acf":[],"_links":{"self":[{"href":"https:\/\/me.yrittajat.fi\/ksyrittajajuhla\/wp-json\/wp\/v2\/pages\/252","targetHints":{"allow":["GET"]}}],"collection":[{"href":"https:\/\/me.yrittajat.fi\/ksyrittajajuhla\/wp-json\/wp\/v2\/pages"}],"about":[{"href":"https:\/\/me.yrittajat.fi\/ksyrittajajuhla\/wp-json\/wp\/v2\/types\/page"}],"author":[{"embeddable":true,"href":"https:\/\/me.yrittajat.fi\/ksyrittajajuhla\/wp-json\/wp\/v2\/users\/55"}],"replies":[{"embeddable":true,"href":"https:\/\/me.yrittajat.fi\/ksyrittajajuhla\/wp-json\/wp\/v2\/comments?post=252"}],"version-history":[{"count":4,"href":"https:\/\/me.yrittajat.fi\/ksyrittajajuhla\/wp-json\/wp\/v2\/pages\/252\/revisions"}],"predecessor-version":[{"id":2124,"href":"https:\/\/me.yrittajat.fi\/ksyrittajajuhla\/wp-json\/wp\/v2\/pages\/252\/revisions\/2124"}],"wp:featuredmedia":[{"embeddable":true,"href":"https:\/\/me.yrittajat.fi\/ksyrittajajuhla\/wp-json\/wp\/v2\/media\/2035"}],"wp:attachment":[{"href":"https:\/\/me.yrittajat.fi\/ksyrittajajuhla\/wp-json\/wp\/v2\/media?parent=252"}],"curies":[{"name":"wp","href":"https:\/\/api.w.org\/{rel}","templated":true}]}}