{"id":264,"date":"2022-12-05T11:49:00","date_gmt":"2022-12-05T09:49:00","guid":{"rendered":"https:\/\/me.yrittajat.fi\/ksyrittajajuhla\/?page_id=264"},"modified":"2025-10-16T13:33:30","modified_gmt":"2025-10-16T10:33:30","slug":"keskisuomalainen","status":"publish","type":"page","link":"https:\/\/me.yrittajat.fi\/ksyrittajajuhla\/keskisuomalainen\/","title":{"rendered":"Keskisuomalainen"},"content":{"rendered":"\n<figure class=\"wp-block-image size-large\"><img loading=\"lazy\" decoding=\"async\" width=\"1024\" height=\"340\" src=\"https:\/\/me.yrittajat.fi\/app\/uploads\/sites\/55\/2025\/10\/KSML_kumppanikuva-2000-x-665-px-1024x340.jpg\" alt=\"\" class=\"wp-image-2284\" srcset=\"https:\/\/me.yrittajat.fi\/app\/uploads\/sites\/55\/2025\/10\/KSML_kumppanikuva-2000-x-665-px-1024x340.jpg 1024w, https:\/\/me.yrittajat.fi\/app\/uploads\/sites\/55\/2025\/10\/KSML_kumppanikuva-2000-x-665-px-300x100.jpg 300w, https:\/\/me.yrittajat.fi\/app\/uploads\/sites\/55\/2025\/10\/KSML_kumppanikuva-2000-x-665-px-768x255.jpg 768w, https:\/\/me.yrittajat.fi\/app\/uploads\/sites\/55\/2025\/10\/KSML_kumppanikuva-2000-x-665-px-1536x511.jpg 1536w, https:\/\/me.yrittajat.fi\/app\/uploads\/sites\/55\/2025\/10\/KSML_kumppanikuva-2000-x-665-px.jpg 2000w\" sizes=\"auto, (max-width: 1024px) 100vw, 1024px\" \/><\/figure>\n\n\n\n<h2 class=\"wp-block-heading\">Keskisuomalainen \u2013 t\u00e4yden palvelun uutismedia jo vuodesta 1871<\/h2>\n\n\n\n<h3 class=\"wp-block-heading\">Keskisuomalainen \u2013 Maakunnan media, joka tuo ihmiset yhteen<\/h3>\n\n\n\n<p>Mediakonserni Keskisuomalainen on Keski-Suomen johtava mediatalo tarjoten luotettavaa journalismia, vaikuttavaa markkinointia ja vahvaa paikallista l\u00e4sn\u00e4oloa. Me yhdist\u00e4mme sis\u00e4ll\u00f6t, kanavat ja asiakasymm\u00e4rryksen auttaen yritt\u00e4ji\u00e4 menestym\u00e4\u00e4n. Keski-Suomi el\u00e4\u00e4 tarinoista. Tuomme esiin ihmiset, ilmi\u00f6t ja yritykset, jotka tekev\u00e4t Keski-Suomesta el\u00e4v\u00e4n ja merkityksellisen.<\/p>\n\n\n\n<p>Kun haluat tavoittaa asiakkaasi siell\u00e4, miss\u00e4 he el\u00e4v\u00e4t, ajattelevat ja tuntevat, Sanomalehti Keskisuomalainen on paikallisen yritt\u00e4j\u00e4n paras kumppani. Yksi kumppani, monta mahdollisuutta. Sanomalehti Keskisuomalainen on maan kolmanneksi suosituin p\u00e4iv\u00e4lehti tavoittaen 436 500 lukijaa viikossa (KMT 2025).<\/p>\n\n\n\n<h2 class=\"wp-block-heading\">Radio Keskisuomalainen \u2013 osa paikallista yhteis\u00f6\u00e4<\/h2>\n\n\n\n<p>Radio Keskisuomalainen on Keski-Suomen oma radiokanava, joka tavoittaa kuulijat arjen keskell\u00e4. Radio Keskisuomalainen on nopea ja vaikuttava kanava puhutella kuulijoita ja rakentaa br\u00e4ndi\u00e4. El\u00e4v\u00e4 media yhdist\u00e4\u00e4 \u00e4\u00e4nen, sis\u00e4ll\u00f6n ja paikallistuntemuksen auttaen yrityksi\u00e4 erottumaan, her\u00e4tt\u00e4m\u00e4\u00e4n tunteita ja j\u00e4\u00e4m\u00e4\u00e4n mieleen. Radio Keskisuomalainen palvelee FM-taajuuksilla Keski-Suomessa 95,9, pohjoisessa Keski-Suomessa 95,4 ja J\u00e4ms\u00e4n seudulla 92,8.<\/p>\n\n\n\n<p><strong>Kaista on auki \u2013 tehd\u00e4\u00e4n tilaa kasvulle yhdess\u00e4!<\/strong><\/p>\n\n\n\t<div id=\"gb-button-block_1d22c4b38868baa5722a4da19ddcd3c4\" class=\"gb-button gb-button-block_1d22c4b38868baa5722a4da19ddcd3c4\">\n\t\t\t\t\t\t<a class=\"b-button b-button--color- b-button--style-\"\n\t   href=\"https:\/\/www.ksml.fi\/\"\n\t   target=\"_blank\">\n\n\t\t<span class=\"b-button__title\">\n\t\t\tKeskisuomalainen\t\t<\/span>\n\n\t\t\t\t\t<span class=\"b-button__icon\">\n\t\t\t\t<svg xmlns=\"http:\/\/www.w3.org\/2000\/svg\" viewBox=\"0 0 9 14\"><path d=\"M2.001 13.664a1.333 1.333 0 01-.954-2.272l.007-.008 4.414-4.386-4.24-4.414A1.333 1.333 0 113.12.704l5.147 5.334a1.333 1.333 0 010 1.866l-5.334 5.334a1.333 1.333 0 01-.933.426z\"\/><\/svg>\t\t\t<\/span>\n\t\t\t<\/a>\n\t\t\t<\/div>\n\n\n\n<figure class=\"wp-block-embed is-type-video is-provider-youtube wp-block-embed-youtube wp-embed-aspect-16-9 wp-has-aspect-ratio\"><div class=\"wp-block-embed__wrapper\">\n<iframe loading=\"lazy\" title=\"KeskisuomalainenOyj\" width=\"500\" height=\"281\" src=\"https:\/\/www.youtube.com\/embed\/tY_kHbmBPZU?feature=oembed\" frameborder=\"0\" allow=\"accelerometer; autoplay; clipboard-write; encrypted-media; gyroscope; picture-in-picture; web-share\" referrerpolicy=\"strict-origin-when-cross-origin\" allowfullscreen><\/iframe>\n<\/div><\/figure>\n\n\n<div class=\"wp-block-image\">\n<figure class=\"aligncenter size-medium\"><img loading=\"lazy\" decoding=\"async\" width=\"300\" height=\"150\" src=\"https:\/\/me.yrittajat.fi\/ksyrittajajuhla\/app\/uploads\/sites\/55\/2022\/12\/kumppani_logot_ksyjuhlasivut_pienet_2000x1000-3-300x150.png\" alt=\"\" class=\"wp-image-684\" srcset=\"https:\/\/me.yrittajat.fi\/app\/uploads\/sites\/55\/2022\/12\/kumppani_logot_ksyjuhlasivut_pienet_2000x1000-3-300x150.png 300w, https:\/\/me.yrittajat.fi\/app\/uploads\/sites\/55\/2022\/12\/kumppani_logot_ksyjuhlasivut_pienet_2000x1000-3-1024x512.png 1024w, https:\/\/me.yrittajat.fi\/app\/uploads\/sites\/55\/2022\/12\/kumppani_logot_ksyjuhlasivut_pienet_2000x1000-3-768x384.png 768w, https:\/\/me.yrittajat.fi\/app\/uploads\/sites\/55\/2022\/12\/kumppani_logot_ksyjuhlasivut_pienet_2000x1000-3-1536x768.png 1536w, https:\/\/me.yrittajat.fi\/app\/uploads\/sites\/55\/2022\/12\/kumppani_logot_ksyjuhlasivut_pienet_2000x1000-3.png 2000w\" sizes=\"auto, (max-width: 300px) 100vw, 300px\" \/><\/figure><\/div>","protected":false},"excerpt":{"rendered":"<p>Keskisuomalainen \u2013 t\u00e4yden palvelun uutismedia jo vuodesta 1871 Keskisuomalainen \u2013 Maakunnan media, joka tuo ihmiset yhteen Mediakonserni Keskisuomalainen on Keski-Suomen johtava mediatalo tarjoten luotettavaa journalismia, vaikuttavaa markkinointia ja vahvaa paikallista l\u00e4sn\u00e4oloa. Me yhdist\u00e4mme sis\u00e4ll\u00f6t, kanavat ja asiakasymm\u00e4rryksen auttaen yritt\u00e4ji\u00e4 menestym\u00e4\u00e4n. Keski-Suomi el\u00e4\u00e4 tarinoista. Tuomme esiin ihmiset, ilmi\u00f6t ja yritykset, jotka tekev\u00e4t Keski-Suomesta el\u00e4v\u00e4n ja merkityksellisen. &hellip; <a href=\"https:\/\/me.yrittajat.fi\/ksyrittajajuhla\/keskisuomalainen\/\">Continued<\/a><\/p>\n","protected":false},"author":55,"featured_media":2035,"parent":0,"menu_order":0,"comment_status":"closed","ping_status":"closed","template":"","meta":{"_acf_changed":false,"footnotes":""},"class_list":["post-264","page","type-page","status-publish","has-post-thumbnail","hentry"],"acf":[],"_links":{"self":[{"href":"https:\/\/me.yrittajat.fi\/ksyrittajajuhla\/wp-json\/wp\/v2\/pages\/264","targetHints":{"allow":["GET"]}}],"collection":[{"href":"https:\/\/me.yrittajat.fi\/ksyrittajajuhla\/wp-json\/wp\/v2\/pages"}],"about":[{"href":"https:\/\/me.yrittajat.fi\/ksyrittajajuhla\/wp-json\/wp\/v2\/types\/page"}],"author":[{"embeddable":true,"href":"https:\/\/me.yrittajat.fi\/ksyrittajajuhla\/wp-json\/wp\/v2\/users\/55"}],"replies":[{"embeddable":true,"href":"https:\/\/me.yrittajat.fi\/ksyrittajajuhla\/wp-json\/wp\/v2\/comments?post=264"}],"version-history":[{"count":5,"href":"https:\/\/me.yrittajat.fi\/ksyrittajajuhla\/wp-json\/wp\/v2\/pages\/264\/revisions"}],"predecessor-version":[{"id":2294,"href":"https:\/\/me.yrittajat.fi\/ksyrittajajuhla\/wp-json\/wp\/v2\/pages\/264\/revisions\/2294"}],"wp:featuredmedia":[{"embeddable":true,"href":"https:\/\/me.yrittajat.fi\/ksyrittajajuhla\/wp-json\/wp\/v2\/media\/2035"}],"wp:attachment":[{"href":"https:\/\/me.yrittajat.fi\/ksyrittajajuhla\/wp-json\/wp\/v2\/media?parent=264"}],"curies":[{"name":"wp","href":"https:\/\/api.w.org\/{rel}","templated":true}]}}