{"id":270,"date":"2022-12-05T11:46:26","date_gmt":"2022-12-05T09:46:26","guid":{"rendered":"https:\/\/me.yrittajat.fi\/ksyrittajajuhla\/?page_id=270"},"modified":"2025-10-22T14:30:47","modified_gmt":"2025-10-22T11:30:47","slug":"gradia","status":"publish","type":"page","link":"https:\/\/me.yrittajat.fi\/ksyrittajajuhla\/gradia\/","title":{"rendered":"Gradia"},"content":{"rendered":"\n<figure class=\"wp-block-image size-large\"><img loading=\"lazy\" decoding=\"async\" width=\"1024\" height=\"732\" src=\"https:\/\/me.yrittajat.fi\/app\/uploads\/sites\/55\/2025\/10\/K-S-Yrittajajuhla-2-271124-1024x732.jpg\" alt=\"\" class=\"wp-image-2322\" srcset=\"https:\/\/me.yrittajat.fi\/app\/uploads\/sites\/55\/2025\/10\/K-S-Yrittajajuhla-2-271124-1024x732.jpg 1024w, https:\/\/me.yrittajat.fi\/app\/uploads\/sites\/55\/2025\/10\/K-S-Yrittajajuhla-2-271124-300x214.jpg 300w, https:\/\/me.yrittajat.fi\/app\/uploads\/sites\/55\/2025\/10\/K-S-Yrittajajuhla-2-271124-768x549.jpg 768w, https:\/\/me.yrittajat.fi\/app\/uploads\/sites\/55\/2025\/10\/K-S-Yrittajajuhla-2-271124-1536x1097.jpg 1536w, https:\/\/me.yrittajat.fi\/app\/uploads\/sites\/55\/2025\/10\/K-S-Yrittajajuhla-2-271124.jpg 2048w\" sizes=\"auto, (max-width: 1024px) 100vw, 1024px\" \/><\/figure>\n\n\n\n<h2 class=\"wp-block-heading\">Gradia on yritysten elinvoimakumppani<\/h2>\n\n\n\n<p>Arvoisat yritt\u00e4j\u00e4t ja yhteisty\u00f6kumppanit!<\/p>\n\n\n\n<p>Osaavan ty\u00f6voiman kouluttaminen ja elinvoiman edist\u00e4minen kuuluvat Gradian perusteht\u00e4v\u00e4\u00e4n. Meill\u00e4 on kunnia saada tehd\u00e4 vuosittain yhteisty\u00f6t\u00e4 yli 2000 yrityksen kanssa. Olemme erityisen ylpeit\u00e4 siit\u00e4, ett\u00e4 moni alueemme yritt\u00e4jist\u00e4 on my\u00f6s opiskellut Gradiassa.<\/p>\n\n\n\n<p>Elinvoimakumppaninanne autamme l\u00f6yt\u00e4m\u00e4\u00e4n toimivia ratkaisuja osaaja- ja ty\u00f6voimapulan haasteisiinne nyt ja tulevaisuudessa. Tuemme tavoitteitanne kouluttamalla tarpeisiinne uusia ammattilaisia ja tarjoamalla teille monipuolisia henkil\u00f6st\u00f6n osaamisen kehitt\u00e4misen mahdollisuuksia.<\/p>\n\n\n\n<p>Yritys- ja elinvoimapalvelumme ovat olemassa teit\u00e4 varten. Olkaa aktiivisesti yhteydess\u00e4 meihin ja kertokaa toiveistanne: Yhdess\u00e4 rakennamme tulevaisuuden ty\u00f6el\u00e4m\u00e4\u00e4 ja elinvoimaisia yrityksi\u00e4!<\/p>\n\n\n\n<p>Toivotamme Keski-Suomen yritt\u00e4jille menestyst\u00e4 ja iloista juhlaa!<\/p>\n\n\n\n<p>Anssi Tuominen<br>kuntayhtym\u00e4n johtaja<br>Jyv\u00e4skyl\u00e4n koulutuskuntayhtym\u00e4 Gradia<\/p>\n\n\n\n<p>Tutustu palveluihimme: <a href=\"http:\/\/www.gradia.fi\/yrityksille\" data-type=\"URL\" data-id=\"www.gradia.fi\/yrityksille\" target=\"_blank\" rel=\"noreferrer noopener\">www.gradia.fi\/yrityksille<\/a><br>#astettaenemm\u00e4n #gradiafi<\/p>\n\n\n\t<div id=\"gb-button-block_e28baeed4c7d9a73a6a7b164453342bb\" class=\"gb-button gb-button-block_e28baeed4c7d9a73a6a7b164453342bb\">\n\t\t\t\t\t\t<a class=\"b-button b-button--color- b-button--style-\"\n\t   href=\"https:\/\/www.gradia.fi\/\"\n\t   target=\"_blank\">\n\n\t\t<span class=\"b-button__title\">\n\t\t\tGradia\t\t<\/span>\n\n\t\t\t\t\t<span class=\"b-button__icon\">\n\t\t\t\t<svg xmlns=\"http:\/\/www.w3.org\/2000\/svg\" viewBox=\"0 0 9 14\"><path d=\"M2.001 13.664a1.333 1.333 0 01-.954-2.272l.007-.008 4.414-4.386-4.24-4.414A1.333 1.333 0 113.12.704l5.147 5.334a1.333 1.333 0 010 1.866l-5.334 5.334a1.333 1.333 0 01-.933.426z\"\/><\/svg>\t\t\t<\/span>\n\t\t\t<\/a>\n\t\t\t<\/div>\n\n\n<div class=\"wp-block-image\">\n<figure class=\"aligncenter size-medium\"><img loading=\"lazy\" decoding=\"async\" width=\"300\" height=\"150\" src=\"https:\/\/me.yrittajat.fi\/ksyrittajajuhla\/app\/uploads\/sites\/55\/2022\/11\/gradia_pieni-300x150.png\" alt=\"\" class=\"wp-image-574\" srcset=\"https:\/\/me.yrittajat.fi\/app\/uploads\/sites\/55\/2022\/11\/gradia_pieni-300x150.png 300w, https:\/\/me.yrittajat.fi\/app\/uploads\/sites\/55\/2022\/11\/gradia_pieni-1024x512.png 1024w, https:\/\/me.yrittajat.fi\/app\/uploads\/sites\/55\/2022\/11\/gradia_pieni-768x384.png 768w, https:\/\/me.yrittajat.fi\/app\/uploads\/sites\/55\/2022\/11\/gradia_pieni-1536x768.png 1536w, https:\/\/me.yrittajat.fi\/app\/uploads\/sites\/55\/2022\/11\/gradia_pieni.png 2000w\" sizes=\"auto, (max-width: 300px) 100vw, 300px\" \/><\/figure><\/div>","protected":false},"excerpt":{"rendered":"<p>Gradia on yritysten elinvoimakumppani Arvoisat yritt\u00e4j\u00e4t ja yhteisty\u00f6kumppanit! Osaavan ty\u00f6voiman kouluttaminen ja elinvoiman edist\u00e4minen kuuluvat Gradian perusteht\u00e4v\u00e4\u00e4n. Meill\u00e4 on kunnia saada tehd\u00e4 vuosittain yhteisty\u00f6t\u00e4 yli 2000 yrityksen kanssa. Olemme erityisen ylpeit\u00e4 siit\u00e4, ett\u00e4 moni alueemme yritt\u00e4jist\u00e4 on my\u00f6s opiskellut Gradiassa. Elinvoimakumppaninanne autamme l\u00f6yt\u00e4m\u00e4\u00e4n toimivia ratkaisuja osaaja- ja ty\u00f6voimapulan haasteisiinne nyt ja tulevaisuudessa. Tuemme tavoitteitanne kouluttamalla &hellip; <a href=\"https:\/\/me.yrittajat.fi\/ksyrittajajuhla\/gradia\/\">Continued<\/a><\/p>\n","protected":false},"author":55,"featured_media":2035,"parent":0,"menu_order":0,"comment_status":"closed","ping_status":"closed","template":"","meta":{"_acf_changed":false,"footnotes":""},"class_list":["post-270","page","type-page","status-publish","has-post-thumbnail","hentry"],"acf":[],"_links":{"self":[{"href":"https:\/\/me.yrittajat.fi\/ksyrittajajuhla\/wp-json\/wp\/v2\/pages\/270","targetHints":{"allow":["GET"]}}],"collection":[{"href":"https:\/\/me.yrittajat.fi\/ksyrittajajuhla\/wp-json\/wp\/v2\/pages"}],"about":[{"href":"https:\/\/me.yrittajat.fi\/ksyrittajajuhla\/wp-json\/wp\/v2\/types\/page"}],"author":[{"embeddable":true,"href":"https:\/\/me.yrittajat.fi\/ksyrittajajuhla\/wp-json\/wp\/v2\/users\/55"}],"replies":[{"embeddable":true,"href":"https:\/\/me.yrittajat.fi\/ksyrittajajuhla\/wp-json\/wp\/v2\/comments?post=270"}],"version-history":[{"count":4,"href":"https:\/\/me.yrittajat.fi\/ksyrittajajuhla\/wp-json\/wp\/v2\/pages\/270\/revisions"}],"predecessor-version":[{"id":2324,"href":"https:\/\/me.yrittajat.fi\/ksyrittajajuhla\/wp-json\/wp\/v2\/pages\/270\/revisions\/2324"}],"wp:featuredmedia":[{"embeddable":true,"href":"https:\/\/me.yrittajat.fi\/ksyrittajajuhla\/wp-json\/wp\/v2\/media\/2035"}],"wp:attachment":[{"href":"https:\/\/me.yrittajat.fi\/ksyrittajajuhla\/wp-json\/wp\/v2\/media?parent=270"}],"curies":[{"name":"wp","href":"https:\/\/api.w.org\/{rel}","templated":true}]}}