{"id":279,"date":"2022-12-05T11:47:54","date_gmt":"2022-12-05T09:47:54","guid":{"rendered":"https:\/\/me.yrittajat.fi\/ksyrittajajuhla\/?page_id=279"},"modified":"2025-10-15T14:56:08","modified_gmt":"2025-10-15T11:56:08","slug":"jamsan-kaupunki","status":"publish","type":"page","link":"https:\/\/me.yrittajat.fi\/ksyrittajajuhla\/jamsan-kaupunki\/","title":{"rendered":"J\u00e4ms\u00e4n kaupunki"},"content":{"rendered":"\n<figure class=\"wp-block-image size-large\"><img loading=\"lazy\" decoding=\"async\" width=\"1024\" height=\"340\" src=\"https:\/\/me.yrittajat.fi\/app\/uploads\/sites\/55\/2025\/10\/Jaa-Jamsaan-on-taalla-menestytty-ennenkin-1024x340.png\" alt=\"\" class=\"wp-image-2163\" srcset=\"https:\/\/me.yrittajat.fi\/app\/uploads\/sites\/55\/2025\/10\/Jaa-Jamsaan-on-taalla-menestytty-ennenkin-1024x340.png 1024w, https:\/\/me.yrittajat.fi\/app\/uploads\/sites\/55\/2025\/10\/Jaa-Jamsaan-on-taalla-menestytty-ennenkin-300x100.png 300w, https:\/\/me.yrittajat.fi\/app\/uploads\/sites\/55\/2025\/10\/Jaa-Jamsaan-on-taalla-menestytty-ennenkin-768x255.png 768w, https:\/\/me.yrittajat.fi\/app\/uploads\/sites\/55\/2025\/10\/Jaa-Jamsaan-on-taalla-menestytty-ennenkin-1536x511.png 1536w, https:\/\/me.yrittajat.fi\/app\/uploads\/sites\/55\/2025\/10\/Jaa-Jamsaan-on-taalla-menestytty-ennenkin.png 2000w\" sizes=\"auto, (max-width: 1024px) 100vw, 1024px\" \/><\/figure>\n\n\n\n<h2 class=\"wp-block-heading\">J\u00e4ms\u00e4ss\u00e4 on tilaa ideoille ja liiketoiminnalle<\/h2>\n\n\n\n<p>J\u00e4ms\u00e4 tarjoaa monipuoliset yritystontit, aktiiviset verkostot ja kaupungin vankkumattoman tuen.<\/p>\n\n\n\n<p>Perinteisen\u00e4 teollisuuskaupunkina ymm\u00e4rr\u00e4mme yritt\u00e4misen p\u00e4\u00e4lle, ja etel\u00e4isen Suomen suurimpana matkailupaikkakuntana palveluosaamisemme on huippulaatua.<\/p>\n\n\n\n<p>J\u00e4ms\u00e4\u00e4n on helppo tulla niin maanteitse kuin kiskojakin pitkin. Kaupungista l\u00f6ytyy my\u00f6s osaavaa ty\u00f6voimaa yritysten tarpeisiin.<\/p>\n\n\n\n<p>\u00c4l\u00e4 siis ohita tilaisuutta, vaan j\u00e4\u00e4 J\u00e4ms\u00e4\u00e4n.<\/p>\n\n\n\n<p>J\u00e4ms\u00e4n kaupunki toivottaa menestyst\u00e4 kaikille Keski-Suomen yritt\u00e4jille!<\/p>\n\n\n\t<div id=\"gb-button-block_5067c1f0557fdba26e904aec77a51495\" class=\"gb-button gb-button-block_5067c1f0557fdba26e904aec77a51495\">\n\t\t\t\t\t\t<a class=\"b-button b-button--color- b-button--style-\"\n\t   href=\"https:\/\/jamsa.fi\/tyo-ja-yrittaminen\/sijoitu-jamsaan\/\"\n\t   target=\"_blank\">\n\n\t\t<span class=\"b-button__title\">\n\t\t\tLue lis\u00e4\u00e4\t\t<\/span>\n\n\t\t\t\t\t<span class=\"b-button__icon\">\n\t\t\t\t<svg xmlns=\"http:\/\/www.w3.org\/2000\/svg\" viewBox=\"0 0 9 14\"><path d=\"M2.001 13.664a1.333 1.333 0 01-.954-2.272l.007-.008 4.414-4.386-4.24-4.414A1.333 1.333 0 113.12.704l5.147 5.334a1.333 1.333 0 010 1.866l-5.334 5.334a1.333 1.333 0 01-.933.426z\"\/><\/svg>\t\t\t<\/span>\n\t\t\t<\/a>\n\t\t\t<\/div>\n\n\n\n<figure class=\"wp-block-embed is-type-video is-provider-youtube wp-block-embed-youtube wp-embed-aspect-16-9 wp-has-aspect-ratio\"><div class=\"wp-block-embed__wrapper\">\n<iframe loading=\"lazy\" title=\"J\u00e4ms\u00e4 - ulkoilmael\u00e4m\u00e4\u00e4 ymp\u00e4ri vuoden\" width=\"500\" height=\"281\" src=\"https:\/\/www.youtube.com\/embed\/OerZWPCNBbE?feature=oembed\" frameborder=\"0\" allow=\"accelerometer; autoplay; clipboard-write; encrypted-media; gyroscope; picture-in-picture; web-share\" referrerpolicy=\"strict-origin-when-cross-origin\" allowfullscreen><\/iframe>\n<\/div><\/figure>\n\n\n\n<figure class=\"wp-block-image size-full is-resized\"><img loading=\"lazy\" decoding=\"async\" width=\"747\" height=\"213\" src=\"https:\/\/me.yrittajat.fi\/app\/uploads\/sites\/55\/2025\/10\/Jamsa_logo_CMYK_punainen.png\" alt=\"\" class=\"wp-image-2164\" style=\"width:199px;height:auto\" srcset=\"https:\/\/me.yrittajat.fi\/app\/uploads\/sites\/55\/2025\/10\/Jamsa_logo_CMYK_punainen.png 747w, https:\/\/me.yrittajat.fi\/app\/uploads\/sites\/55\/2025\/10\/Jamsa_logo_CMYK_punainen-300x86.png 300w\" sizes=\"auto, (max-width: 747px) 100vw, 747px\" \/><\/figure>\n","protected":false},"excerpt":{"rendered":"<p>J\u00e4ms\u00e4ss\u00e4 on tilaa ideoille ja liiketoiminnalle J\u00e4ms\u00e4 tarjoaa monipuoliset yritystontit, aktiiviset verkostot ja kaupungin vankkumattoman tuen. Perinteisen\u00e4 teollisuuskaupunkina ymm\u00e4rr\u00e4mme yritt\u00e4misen p\u00e4\u00e4lle, ja etel\u00e4isen Suomen suurimpana matkailupaikkakuntana palveluosaamisemme on huippulaatua. J\u00e4ms\u00e4\u00e4n on helppo tulla niin maanteitse kuin kiskojakin pitkin. Kaupungista l\u00f6ytyy my\u00f6s osaavaa ty\u00f6voimaa yritysten tarpeisiin. \u00c4l\u00e4 siis ohita tilaisuutta, vaan j\u00e4\u00e4 J\u00e4ms\u00e4\u00e4n. J\u00e4ms\u00e4n kaupunki toivottaa &hellip; <a href=\"https:\/\/me.yrittajat.fi\/ksyrittajajuhla\/jamsan-kaupunki\/\">Continued<\/a><\/p>\n","protected":false},"author":55,"featured_media":2035,"parent":0,"menu_order":0,"comment_status":"closed","ping_status":"closed","template":"","meta":{"_acf_changed":false,"footnotes":""},"class_list":["post-279","page","type-page","status-publish","has-post-thumbnail","hentry"],"acf":[],"_links":{"self":[{"href":"https:\/\/me.yrittajat.fi\/ksyrittajajuhla\/wp-json\/wp\/v2\/pages\/279","targetHints":{"allow":["GET"]}}],"collection":[{"href":"https:\/\/me.yrittajat.fi\/ksyrittajajuhla\/wp-json\/wp\/v2\/pages"}],"about":[{"href":"https:\/\/me.yrittajat.fi\/ksyrittajajuhla\/wp-json\/wp\/v2\/types\/page"}],"author":[{"embeddable":true,"href":"https:\/\/me.yrittajat.fi\/ksyrittajajuhla\/wp-json\/wp\/v2\/users\/55"}],"replies":[{"embeddable":true,"href":"https:\/\/me.yrittajat.fi\/ksyrittajajuhla\/wp-json\/wp\/v2\/comments?post=279"}],"version-history":[{"count":4,"href":"https:\/\/me.yrittajat.fi\/ksyrittajajuhla\/wp-json\/wp\/v2\/pages\/279\/revisions"}],"predecessor-version":[{"id":2165,"href":"https:\/\/me.yrittajat.fi\/ksyrittajajuhla\/wp-json\/wp\/v2\/pages\/279\/revisions\/2165"}],"wp:featuredmedia":[{"embeddable":true,"href":"https:\/\/me.yrittajat.fi\/ksyrittajajuhla\/wp-json\/wp\/v2\/media\/2035"}],"wp:attachment":[{"href":"https:\/\/me.yrittajat.fi\/ksyrittajajuhla\/wp-json\/wp\/v2\/media?parent=279"}],"curies":[{"name":"wp","href":"https:\/\/api.w.org\/{rel}","templated":true}]}}