{"id":282,"date":"2022-12-05T11:50:08","date_gmt":"2022-12-05T09:50:08","guid":{"rendered":"https:\/\/me.yrittajat.fi\/ksyrittajajuhla\/?page_id=282"},"modified":"2025-12-08T12:58:43","modified_gmt":"2025-12-08T10:58:43","slug":"kehittamisyhtio-keulink-oy","status":"publish","type":"page","link":"https:\/\/me.yrittajat.fi\/ksyrittajajuhla\/kehittamisyhtio-keulink-oy\/","title":{"rendered":"Kehitt\u00e4misyhti\u00f6 Keulink Oy"},"content":{"rendered":"\n<figure class=\"wp-block-image size-large\"><img loading=\"lazy\" decoding=\"async\" width=\"1024\" height=\"340\" src=\"https:\/\/me.yrittajat.fi\/app\/uploads\/sites\/55\/2025\/12\/Nimeton-malli-18-1024x340.png\" alt=\"\" class=\"wp-image-2337\" srcset=\"https:\/\/me.yrittajat.fi\/app\/uploads\/sites\/55\/2025\/12\/Nimeton-malli-18-1024x340.png 1024w, https:\/\/me.yrittajat.fi\/app\/uploads\/sites\/55\/2025\/12\/Nimeton-malli-18-300x100.png 300w, https:\/\/me.yrittajat.fi\/app\/uploads\/sites\/55\/2025\/12\/Nimeton-malli-18-768x255.png 768w, https:\/\/me.yrittajat.fi\/app\/uploads\/sites\/55\/2025\/12\/Nimeton-malli-18-1536x511.png 1536w, https:\/\/me.yrittajat.fi\/app\/uploads\/sites\/55\/2025\/12\/Nimeton-malli-18.png 2000w\" sizes=\"auto, (max-width: 1024px) 100vw, 1024px\" \/><\/figure>\n\n\n\n<h2 class=\"wp-block-heading\">Kehitt\u00e4misyhti\u00f6 Keulink Oy &#8211; Oppivan yrityskaupunki Keuruun ketter\u00e4 kumppani<\/h2>\n\n\n\n<p>Me emme tee taikoja, mutta aika l\u00e4helle menn\u00e4\u00e4n!<\/p>\n\n\n\n<p>Keulink auttaa yritt\u00e4ji\u00e4 ja yrityksi\u00e4 kasvamaan tarjoamalla neuvontaa, rahoitusratkaisuja ja verkostoja. Jos sinulla on idea, meill\u00e4 on keinot tehd\u00e4 siit\u00e4 totta. Yhdess\u00e4 rakennamme elinvoimaisen Keuruun \u2013 ja pid\u00e4mme huolen, ett\u00e4 yritt\u00e4jyys ei ole yksin puurtamista vaan yhteispeli\u00e4.<\/p>\n\n\n\t<div id=\"gb-button-block_cc8d24b683d78a9afd3f83970f9cedab\" class=\"gb-button gb-button-block_cc8d24b683d78a9afd3f83970f9cedab\">\n\t\t\t\t\t\t<a class=\"b-button b-button--color- b-button--style-\"\n\t   href=\"http:\/\/www.keulink.fi\"\n\t   target=\"_blank\">\n\n\t\t<span class=\"b-button__title\">\n\t\t\tLis\u00e4tiedot\t\t<\/span>\n\n\t\t\t\t\t<span class=\"b-button__icon\">\n\t\t\t\t<svg xmlns=\"http:\/\/www.w3.org\/2000\/svg\" viewBox=\"0 0 9 14\"><path d=\"M2.001 13.664a1.333 1.333 0 01-.954-2.272l.007-.008 4.414-4.386-4.24-4.414A1.333 1.333 0 113.12.704l5.147 5.334a1.333 1.333 0 010 1.866l-5.334 5.334a1.333 1.333 0 01-.933.426z\"\/><\/svg>\t\t\t<\/span>\n\t\t\t<\/a>\n\t\t\t<\/div>\n\n\n\n<figure class=\"wp-block-embed is-type-video is-provider-youtube wp-block-embed-youtube wp-embed-aspect-16-9 wp-has-aspect-ratio\"><div class=\"wp-block-embed__wrapper\">\n<iframe loading=\"lazy\" title=\"Keuruu - Retkeilykaupunki\" width=\"500\" height=\"281\" src=\"https:\/\/www.youtube.com\/embed\/OHW2aSgg0_U?feature=oembed\" frameborder=\"0\" allow=\"accelerometer; autoplay; clipboard-write; encrypted-media; gyroscope; picture-in-picture; web-share\" referrerpolicy=\"strict-origin-when-cross-origin\" allowfullscreen><\/iframe>\n<\/div><\/figure>\n\n\n<div class=\"wp-block-image\">\n<figure class=\"aligncenter size-full\"><img loading=\"lazy\" decoding=\"async\" width=\"600\" height=\"300\" src=\"https:\/\/me.yrittajat.fi\/ksyrittajajuhla\/app\/uploads\/sites\/55\/2023\/10\/keulink-logo-600x300-1.png\" alt=\"\" class=\"wp-image-1436\" srcset=\"https:\/\/me.yrittajat.fi\/app\/uploads\/sites\/55\/2023\/10\/keulink-logo-600x300-1.png 600w, https:\/\/me.yrittajat.fi\/app\/uploads\/sites\/55\/2023\/10\/keulink-logo-600x300-1-300x150.png 300w\" sizes=\"auto, (max-width: 600px) 100vw, 600px\" \/><\/figure><\/div>","protected":false},"excerpt":{"rendered":"<p>Kehitt\u00e4misyhti\u00f6 Keulink Oy &#8211; Oppivan yrityskaupunki Keuruun ketter\u00e4 kumppani Me emme tee taikoja, mutta aika l\u00e4helle menn\u00e4\u00e4n! Keulink auttaa yritt\u00e4ji\u00e4 ja yrityksi\u00e4 kasvamaan tarjoamalla neuvontaa, rahoitusratkaisuja ja verkostoja. Jos sinulla on idea, meill\u00e4 on keinot tehd\u00e4 siit\u00e4 totta. Yhdess\u00e4 rakennamme elinvoimaisen Keuruun \u2013 ja pid\u00e4mme huolen, ett\u00e4 yritt\u00e4jyys ei ole yksin puurtamista vaan yhteispeli\u00e4.<\/p>\n","protected":false},"author":55,"featured_media":2035,"parent":0,"menu_order":0,"comment_status":"closed","ping_status":"closed","template":"","meta":{"_acf_changed":false,"footnotes":""},"class_list":["post-282","page","type-page","status-publish","has-post-thumbnail","hentry"],"acf":[],"_links":{"self":[{"href":"https:\/\/me.yrittajat.fi\/ksyrittajajuhla\/wp-json\/wp\/v2\/pages\/282","targetHints":{"allow":["GET"]}}],"collection":[{"href":"https:\/\/me.yrittajat.fi\/ksyrittajajuhla\/wp-json\/wp\/v2\/pages"}],"about":[{"href":"https:\/\/me.yrittajat.fi\/ksyrittajajuhla\/wp-json\/wp\/v2\/types\/page"}],"author":[{"embeddable":true,"href":"https:\/\/me.yrittajat.fi\/ksyrittajajuhla\/wp-json\/wp\/v2\/users\/55"}],"replies":[{"embeddable":true,"href":"https:\/\/me.yrittajat.fi\/ksyrittajajuhla\/wp-json\/wp\/v2\/comments?post=282"}],"version-history":[{"count":5,"href":"https:\/\/me.yrittajat.fi\/ksyrittajajuhla\/wp-json\/wp\/v2\/pages\/282\/revisions"}],"predecessor-version":[{"id":2339,"href":"https:\/\/me.yrittajat.fi\/ksyrittajajuhla\/wp-json\/wp\/v2\/pages\/282\/revisions\/2339"}],"wp:featuredmedia":[{"embeddable":true,"href":"https:\/\/me.yrittajat.fi\/ksyrittajajuhla\/wp-json\/wp\/v2\/media\/2035"}],"wp:attachment":[{"href":"https:\/\/me.yrittajat.fi\/ksyrittajajuhla\/wp-json\/wp\/v2\/media?parent=282"}],"curies":[{"name":"wp","href":"https:\/\/api.w.org\/{rel}","templated":true}]}}