{"id":285,"date":"2022-12-05T11:53:17","date_gmt":"2022-12-05T09:53:17","guid":{"rendered":"https:\/\/me.yrittajat.fi\/ksyrittajajuhla\/?page_id=285"},"modified":"2025-12-16T10:11:15","modified_gmt":"2025-12-16T08:11:15","slug":"aanekosken-kaupunki","status":"publish","type":"page","link":"https:\/\/me.yrittajat.fi\/ksyrittajajuhla\/aanekosken-kaupunki\/","title":{"rendered":"\u00c4\u00e4nekosken kaupunki"},"content":{"rendered":"\n<figure class=\"wp-block-image size-large\"><img loading=\"lazy\" decoding=\"async\" width=\"1024\" height=\"340\" src=\"https:\/\/me.yrittajat.fi\/ksyrittajajuhla\/app\/uploads\/sites\/55\/2024\/10\/k-s-yrittajajuhla-banneri-1024x340.jpg\" alt=\"\" class=\"wp-image-1848\" srcset=\"https:\/\/me.yrittajat.fi\/app\/uploads\/sites\/55\/2024\/10\/k-s-yrittajajuhla-banneri-1024x340.jpg 1024w, https:\/\/me.yrittajat.fi\/app\/uploads\/sites\/55\/2024\/10\/k-s-yrittajajuhla-banneri-300x100.jpg 300w, https:\/\/me.yrittajat.fi\/app\/uploads\/sites\/55\/2024\/10\/k-s-yrittajajuhla-banneri-768x255.jpg 768w, https:\/\/me.yrittajat.fi\/app\/uploads\/sites\/55\/2024\/10\/k-s-yrittajajuhla-banneri-1536x511.jpg 1536w, https:\/\/me.yrittajat.fi\/app\/uploads\/sites\/55\/2024\/10\/k-s-yrittajajuhla-banneri.jpg 2000w\" sizes=\"auto, (max-width: 1024px) 100vw, 1024px\" \/><\/figure>\n\n\n\n<h2 class=\"wp-block-heading\">\u00c4\u00e4nekoski &#8211; \u00c4killisen kasvun keskus<\/h2>\n\n\n\n<p>\u00c4\u00e4nekosken kaupunki toivottaa kaikki yritt\u00e4j\u00e4t ja yhteisty\u00f6kumppanit tervetulleiksi Keski-Suomen Yritt\u00e4j\u00e4juhlaan 2026. T\u00e4n\u00e4 iltana juhlimme teit\u00e4 \u2013 Keski-Suomen kasvun ja kehityksen tekij\u00f6it\u00e4!<\/p>\n\n\n\n<p>\u00c4\u00e4nekoski on menestyst\u00e4 janoavien yritysten kotipaikka, jossa kesytt\u00e4m\u00e4t\u00f6n luonto ja korkea teknologia kohtaavat. \u00c4\u00e4nekoski toimii Pohjoisen Keski-Suomen ty\u00f6llisyysalueen is\u00e4nt\u00e4kuntana ja tavoitteemme on edist\u00e4\u00e4 ty\u00f6nantajien ja ty\u00f6nhakijoiden kohtaamista entist\u00e4 tehokkaammin. \u00c4\u00e4nekoski tarjoaa yrityksille huippuedellytykset, vahvat verkostot ja sujuvan palvelun, jotta yritykset voivat menesty\u00e4 ja l\u00f6yt\u00e4\u00e4 osaavaa ty\u00f6voimaa helposti.<\/p>\n\n\n\n<h2 class=\"wp-block-heading\"><br>Business \u00c4\u00e4nekoski \u2013 Yhdess\u00e4 kohti \u00e4killist\u00e4 kasvua<\/h2>\n\n\n\n<p>Keskell\u00e4 Suomea, Keiteleen j\u00e4rvimaisemien \u00e4\u00e4rell\u00e4 sijaitseva \u00c4\u00e4nekoski tarjoaa monipuoliset palvelut, kattavat kulttuuri- ja urheilumahdollisuudet sek\u00e4 vetovoimaisen elinymp\u00e4rist\u00f6n. \u00c4\u00e4nekoski on biokiertotalouden keskittym\u00e4, jossa alueen teollinen perint\u00f6 yhdistyy uusiin, vastuullisiin innovaatioihin. T\u00e4\u00e4ll\u00e4 yritykset voivat kasvaa ja kukoistaa osana elinvoimaista ja tulevaisuuteen suuntaavaa kaupunkia.<\/p>\n\n\n\n<p>Tule mukaan tekem\u00e4\u00e4n yhdess\u00e4 \u00c4\u00e4nekoskesta entist\u00e4 vahvempi \u00c4killisen kasvun keskus yrityksille, ty\u00f6paikoille ja asukkaille!<\/p>\n\n\n\n<p>Palvelumme yritt\u00e4jille:<br><a href=\"http:\/\/www.businessaanekoski.fi\" target=\"_blank\" rel=\"noreferrer noopener\">www.businessaanekoski.fi<\/a><br><a href=\"http:\/\/www.aanekoski.fi\" target=\"_blank\" rel=\"noreferrer noopener\">www.aanekoski.fi<\/a><\/p>\n\n\n\n<p>Instagram: <a href=\"https:\/\/www.instagram.com\/aanekoskenkaupunki\/?hl=fi\" target=\"_blank\" rel=\"noreferrer noopener\">@aanekoskenkaupunki<\/a><br>Facebook: <a href=\"https:\/\/www.facebook.com\/aanekoski\" target=\"_blank\" rel=\"noreferrer noopener\">@\u00c4\u00e4nekosken kaupunki &#8211; City of \u00c4\u00e4nekoski<\/a><\/p>\n\n\n\n<figure class=\"wp-block-embed is-type-video is-provider-youtube wp-block-embed-youtube wp-embed-aspect-16-9 wp-has-aspect-ratio\"><div class=\"wp-block-embed__wrapper\">\n<iframe loading=\"lazy\" title=\"\u00c4a\u0308nekoski tulevaisuus asuu ta\u0308a\u0308lla\u0308\" width=\"500\" height=\"281\" src=\"https:\/\/www.youtube.com\/embed\/dfb4YOaWqdY?feature=oembed\" frameborder=\"0\" allow=\"accelerometer; autoplay; clipboard-write; encrypted-media; gyroscope; picture-in-picture; web-share\" referrerpolicy=\"strict-origin-when-cross-origin\" allowfullscreen><\/iframe>\n<\/div><\/figure>\n\n\n<div class=\"wp-block-image\">\n<figure class=\"aligncenter size-medium\"><img loading=\"lazy\" decoding=\"async\" width=\"300\" height=\"150\" src=\"https:\/\/me.yrittajat.fi\/ksyrittajajuhla\/app\/uploads\/sites\/55\/2022\/12\/kumppani_logot_ksyjuhlasivut_pienet_2000x1000-2-300x150.png\" alt=\"\" class=\"wp-image-655\" srcset=\"https:\/\/me.yrittajat.fi\/app\/uploads\/sites\/55\/2022\/12\/kumppani_logot_ksyjuhlasivut_pienet_2000x1000-2-300x150.png 300w, https:\/\/me.yrittajat.fi\/app\/uploads\/sites\/55\/2022\/12\/kumppani_logot_ksyjuhlasivut_pienet_2000x1000-2-1024x512.png 1024w, https:\/\/me.yrittajat.fi\/app\/uploads\/sites\/55\/2022\/12\/kumppani_logot_ksyjuhlasivut_pienet_2000x1000-2-768x384.png 768w, https:\/\/me.yrittajat.fi\/app\/uploads\/sites\/55\/2022\/12\/kumppani_logot_ksyjuhlasivut_pienet_2000x1000-2-1536x768.png 1536w, https:\/\/me.yrittajat.fi\/app\/uploads\/sites\/55\/2022\/12\/kumppani_logot_ksyjuhlasivut_pienet_2000x1000-2.png 2000w\" sizes=\"auto, (max-width: 300px) 100vw, 300px\" \/><\/figure><\/div>","protected":false},"excerpt":{"rendered":"<p>\u00c4\u00e4nekoski &#8211; \u00c4killisen kasvun keskus \u00c4\u00e4nekosken kaupunki toivottaa kaikki yritt\u00e4j\u00e4t ja yhteisty\u00f6kumppanit tervetulleiksi Keski-Suomen Yritt\u00e4j\u00e4juhlaan 2026. T\u00e4n\u00e4 iltana juhlimme teit\u00e4 \u2013 Keski-Suomen kasvun ja kehityksen tekij\u00f6it\u00e4! \u00c4\u00e4nekoski on menestyst\u00e4 janoavien yritysten kotipaikka, jossa kesytt\u00e4m\u00e4t\u00f6n luonto ja korkea teknologia kohtaavat. \u00c4\u00e4nekoski toimii Pohjoisen Keski-Suomen ty\u00f6llisyysalueen is\u00e4nt\u00e4kuntana ja tavoitteemme on edist\u00e4\u00e4 ty\u00f6nantajien ja ty\u00f6nhakijoiden kohtaamista entist\u00e4 tehokkaammin. &hellip; <a href=\"https:\/\/me.yrittajat.fi\/ksyrittajajuhla\/aanekosken-kaupunki\/\">Continued<\/a><\/p>\n","protected":false},"author":55,"featured_media":2035,"parent":0,"menu_order":0,"comment_status":"closed","ping_status":"closed","template":"","meta":{"_acf_changed":false,"footnotes":""},"class_list":["post-285","page","type-page","status-publish","has-post-thumbnail","hentry"],"acf":[],"_links":{"self":[{"href":"https:\/\/me.yrittajat.fi\/ksyrittajajuhla\/wp-json\/wp\/v2\/pages\/285","targetHints":{"allow":["GET"]}}],"collection":[{"href":"https:\/\/me.yrittajat.fi\/ksyrittajajuhla\/wp-json\/wp\/v2\/pages"}],"about":[{"href":"https:\/\/me.yrittajat.fi\/ksyrittajajuhla\/wp-json\/wp\/v2\/types\/page"}],"author":[{"embeddable":true,"href":"https:\/\/me.yrittajat.fi\/ksyrittajajuhla\/wp-json\/wp\/v2\/users\/55"}],"replies":[{"embeddable":true,"href":"https:\/\/me.yrittajat.fi\/ksyrittajajuhla\/wp-json\/wp\/v2\/comments?post=285"}],"version-history":[{"count":5,"href":"https:\/\/me.yrittajat.fi\/ksyrittajajuhla\/wp-json\/wp\/v2\/pages\/285\/revisions"}],"predecessor-version":[{"id":2386,"href":"https:\/\/me.yrittajat.fi\/ksyrittajajuhla\/wp-json\/wp\/v2\/pages\/285\/revisions\/2386"}],"wp:featuredmedia":[{"embeddable":true,"href":"https:\/\/me.yrittajat.fi\/ksyrittajajuhla\/wp-json\/wp\/v2\/media\/2035"}],"wp:attachment":[{"href":"https:\/\/me.yrittajat.fi\/ksyrittajajuhla\/wp-json\/wp\/v2\/media?parent=285"}],"curies":[{"name":"wp","href":"https:\/\/api.w.org\/{rel}","templated":true}]}}