{"id":288,"date":"2022-12-05T11:48:08","date_gmt":"2022-12-05T09:48:08","guid":{"rendered":"https:\/\/me.yrittajat.fi\/ksyrittajajuhla\/?page_id=288"},"modified":"2025-11-11T10:21:32","modified_gmt":"2025-11-11T08:21:32","slug":"kehittamisyhtio-karstulanseutu-oy","status":"publish","type":"page","link":"https:\/\/me.yrittajat.fi\/ksyrittajajuhla\/kehittamisyhtio-karstulanseutu-oy\/","title":{"rendered":"Kehitt\u00e4misyhti\u00f6 Karstulanseutu"},"content":{"rendered":"\n<h2 class=\"wp-block-heading\">Kehitt\u00e4misyhti\u00f6 Karstulanseutu Oy &#8211; yritysten tukena muuttuvassa toimintaymp\u00e4rist\u00f6ss\u00e4<\/h2>\n\n\n\n<p>Yritysten toimintaymp\u00e4rist\u00f6 on jatkuvassa muutoksessa ja se vaatii yritt\u00e4jilt\u00e4 joustavuutta, ketteryytt\u00e4, nopeaa reagointia sek\u00e4 uuden tiedon ja taidon omaksumista. Kehitt\u00e4misyhti\u00f6 Karstulanseutu Oy:n missiona on toimia yritt\u00e4jien tukena ja mahdollistaa menestyksek\u00e4s yritystoiminta.<\/p>\n\n\n\n<p>Perinteisten yrityskehityspalveluiden rinnalla huolehdimme, ett\u00e4 pysymme kehityksen mukana ja luomme yrityksillemme kasvun mahdollisuuksia. T\u00e4t\u00e4 ty\u00f6t\u00e4 teemme niin paikallisesti kuin yhteisty\u00f6ss\u00e4 Syd\u00e4nsuomessa-alueen kanssa. Profiloidumme ennakkoluulottomana edell\u00e4k\u00e4vij\u00e4n\u00e4, mahdollistaen paitsi yritysten kasvun my\u00f6s ihmisen kokoisen el\u00e4m\u00e4n ja turvallisen elinymp\u00e4rist\u00f6n kaikille.<\/p>\n\n\n\n<p>Tutustu aluekehitysty\u00f6h\u00f6mme osoitteessa <a href=\"http:\/\/www.sydansuomessa.fi\" target=\"_blank\" rel=\"noreferrer noopener\">http:\/\/www.sydansuomessa.fi<\/a><\/p>\n\n\n\t<div id=\"gb-button-block_6b3f0eeb0e76842be9a5ee7cafa190f1\" class=\"gb-button gb-button-block_6b3f0eeb0e76842be9a5ee7cafa190f1\">\n\t\t\t\t\t\t<a class=\"b-button b-button--color- b-button--style-\"\n\t   href=\"http:\/\/www.karstulanseutu.fi\"\n\t   target=\"_blank\">\n\n\t\t<span class=\"b-button__title\">\n\t\t\tKehitt\u00e4misyhti\u00f6 Karstulanseutu\t\t<\/span>\n\n\t\t\t\t\t<span class=\"b-button__icon\">\n\t\t\t\t<svg xmlns=\"http:\/\/www.w3.org\/2000\/svg\" viewBox=\"0 0 9 14\"><path d=\"M2.001 13.664a1.333 1.333 0 01-.954-2.272l.007-.008 4.414-4.386-4.24-4.414A1.333 1.333 0 113.12.704l5.147 5.334a1.333 1.333 0 010 1.866l-5.334 5.334a1.333 1.333 0 01-.933.426z\"\/><\/svg>\t\t\t<\/span>\n\t\t\t<\/a>\n\t\t\t<\/div>\n\n\n\n<figure class=\"wp-block-embed is-type-video is-provider-youtube wp-block-embed-youtube\"><div class=\"wp-block-embed__wrapper\">\n<iframe loading=\"lazy\" title=\"Karstula 2021\" width=\"500\" height=\"281\" src=\"https:\/\/www.youtube.com\/embed\/VGDgqaf4gjY?feature=oembed\" frameborder=\"0\" allow=\"accelerometer; autoplay; clipboard-write; encrypted-media; gyroscope; picture-in-picture; web-share\" referrerpolicy=\"strict-origin-when-cross-origin\" allowfullscreen><\/iframe>\n<\/div><\/figure>\n\n\n<div class=\"wp-block-image\">\n<figure class=\"aligncenter size-medium\"><img loading=\"lazy\" decoding=\"async\" width=\"300\" height=\"150\" src=\"https:\/\/me.yrittajat.fi\/ksyrittajajuhla\/app\/uploads\/sites\/55\/2022\/11\/karstulans_pieni-300x150.png\" alt=\"\" class=\"wp-image-580\" srcset=\"https:\/\/me.yrittajat.fi\/app\/uploads\/sites\/55\/2022\/11\/karstulans_pieni-300x150.png 300w, https:\/\/me.yrittajat.fi\/app\/uploads\/sites\/55\/2022\/11\/karstulans_pieni-1024x512.png 1024w, https:\/\/me.yrittajat.fi\/app\/uploads\/sites\/55\/2022\/11\/karstulans_pieni-768x384.png 768w, https:\/\/me.yrittajat.fi\/app\/uploads\/sites\/55\/2022\/11\/karstulans_pieni-1536x768.png 1536w, https:\/\/me.yrittajat.fi\/app\/uploads\/sites\/55\/2022\/11\/karstulans_pieni.png 2000w\" sizes=\"auto, (max-width: 300px) 100vw, 300px\" \/><\/figure><\/div>","protected":false},"excerpt":{"rendered":"<p>Kehitt\u00e4misyhti\u00f6 Karstulanseutu Oy &#8211; yritysten tukena muuttuvassa toimintaymp\u00e4rist\u00f6ss\u00e4 Yritysten toimintaymp\u00e4rist\u00f6 on jatkuvassa muutoksessa ja se vaatii yritt\u00e4jilt\u00e4 joustavuutta, ketteryytt\u00e4, nopeaa reagointia sek\u00e4 uuden tiedon ja taidon omaksumista. Kehitt\u00e4misyhti\u00f6 Karstulanseutu Oy:n missiona on toimia yritt\u00e4jien tukena ja mahdollistaa menestyksek\u00e4s yritystoiminta. Perinteisten yrityskehityspalveluiden rinnalla huolehdimme, ett\u00e4 pysymme kehityksen mukana ja luomme yrityksillemme kasvun mahdollisuuksia. T\u00e4t\u00e4 ty\u00f6t\u00e4 teemme &hellip; <a href=\"https:\/\/me.yrittajat.fi\/ksyrittajajuhla\/kehittamisyhtio-karstulanseutu-oy\/\">Continued<\/a><\/p>\n","protected":false},"author":55,"featured_media":2035,"parent":0,"menu_order":0,"comment_status":"closed","ping_status":"closed","template":"","meta":{"_acf_changed":false,"footnotes":""},"class_list":["post-288","page","type-page","status-publish","has-post-thumbnail","hentry"],"acf":[],"_links":{"self":[{"href":"https:\/\/me.yrittajat.fi\/ksyrittajajuhla\/wp-json\/wp\/v2\/pages\/288","targetHints":{"allow":["GET"]}}],"collection":[{"href":"https:\/\/me.yrittajat.fi\/ksyrittajajuhla\/wp-json\/wp\/v2\/pages"}],"about":[{"href":"https:\/\/me.yrittajat.fi\/ksyrittajajuhla\/wp-json\/wp\/v2\/types\/page"}],"author":[{"embeddable":true,"href":"https:\/\/me.yrittajat.fi\/ksyrittajajuhla\/wp-json\/wp\/v2\/users\/55"}],"replies":[{"embeddable":true,"href":"https:\/\/me.yrittajat.fi\/ksyrittajajuhla\/wp-json\/wp\/v2\/comments?post=288"}],"version-history":[{"count":5,"href":"https:\/\/me.yrittajat.fi\/ksyrittajajuhla\/wp-json\/wp\/v2\/pages\/288\/revisions"}],"predecessor-version":[{"id":2332,"href":"https:\/\/me.yrittajat.fi\/ksyrittajajuhla\/wp-json\/wp\/v2\/pages\/288\/revisions\/2332"}],"wp:featuredmedia":[{"embeddable":true,"href":"https:\/\/me.yrittajat.fi\/ksyrittajajuhla\/wp-json\/wp\/v2\/media\/2035"}],"wp:attachment":[{"href":"https:\/\/me.yrittajat.fi\/ksyrittajajuhla\/wp-json\/wp\/v2\/media?parent=288"}],"curies":[{"name":"wp","href":"https:\/\/api.w.org\/{rel}","templated":true}]}}