{"id":291,"date":"2022-12-05T11:50:43","date_gmt":"2022-12-05T09:50:43","guid":{"rendered":"https:\/\/me.yrittajat.fi\/ksyrittajajuhla\/?page_id=291"},"modified":"2025-10-30T13:07:47","modified_gmt":"2025-10-30T11:07:47","slug":"laukaan-kunta","status":"publish","type":"page","link":"https:\/\/me.yrittajat.fi\/ksyrittajajuhla\/laukaan-kunta\/","title":{"rendered":"Laukaan kunta"},"content":{"rendered":"\n<figure class=\"wp-block-image size-large\"><img loading=\"lazy\" decoding=\"async\" width=\"1024\" height=\"340\" src=\"https:\/\/me.yrittajat.fi\/app\/uploads\/sites\/55\/2025\/10\/KS-yrittajajuhla_2025_Laukaa_2000x660px-1-1024x340.jpg\" alt=\"\" class=\"wp-image-2326\" srcset=\"https:\/\/me.yrittajat.fi\/app\/uploads\/sites\/55\/2025\/10\/KS-yrittajajuhla_2025_Laukaa_2000x660px-1-1024x340.jpg 1024w, https:\/\/me.yrittajat.fi\/app\/uploads\/sites\/55\/2025\/10\/KS-yrittajajuhla_2025_Laukaa_2000x660px-1-300x100.jpg 300w, https:\/\/me.yrittajat.fi\/app\/uploads\/sites\/55\/2025\/10\/KS-yrittajajuhla_2025_Laukaa_2000x660px-1-768x255.jpg 768w, https:\/\/me.yrittajat.fi\/app\/uploads\/sites\/55\/2025\/10\/KS-yrittajajuhla_2025_Laukaa_2000x660px-1-1536x511.jpg 1536w, https:\/\/me.yrittajat.fi\/app\/uploads\/sites\/55\/2025\/10\/KS-yrittajajuhla_2025_Laukaa_2000x660px-1.jpg 2000w\" sizes=\"auto, (max-width: 1024px) 100vw, 1024px\" \/><\/figure>\n\n\n\n<h2 class=\"wp-block-heading\">Laukaa syttyy syd\u00e4mess\u00e4<\/h2>\n\n\n\n<p>Yritykset, asukkaat ja ty\u00f6ntekij\u00e4t ovat Laukaan supervoima, joista me Laukaassa el\u00e4mme ja hengit\u00e4mme. Kunta ja yritt\u00e4j\u00e4t ovat yht\u00e4 heimoa, jossa tuemme, tsemppaamme ja autamme toisiamme vuorovesien ja aikojen muuttuessa.<br><br>Kohtaamme arjen asioissa ja onnistumisia juhlimme yhdess\u00e4 yritt\u00e4jien kanssa. Laukaan yrityspalvelutiimi on sinua ja yrityst\u00e4si varten. Yritt\u00e4jyytt\u00e4 vuodesta 1593 l\u00e4htien \u2013 Laukaa.<\/p>\n\n\n\t<div id=\"gb-button-block_d55f5b02ffea0799cd0e9191cdcd8cc3\" class=\"gb-button gb-button-block_d55f5b02ffea0799cd0e9191cdcd8cc3\">\n\t\t\t\t\t\t<a class=\"b-button b-button--color- b-button--style-\"\n\t   href=\"http:\/\/www.laukaanyrityspalvelut.fi\/\"\n\t   target=\"_blank\">\n\n\t\t<span class=\"b-button__title\">\n\t\t\tLaukaan yrityspalvelut\t\t<\/span>\n\n\t\t\t\t\t<span class=\"b-button__icon\">\n\t\t\t\t<svg xmlns=\"http:\/\/www.w3.org\/2000\/svg\" viewBox=\"0 0 9 14\"><path d=\"M2.001 13.664a1.333 1.333 0 01-.954-2.272l.007-.008 4.414-4.386-4.24-4.414A1.333 1.333 0 113.12.704l5.147 5.334a1.333 1.333 0 010 1.866l-5.334 5.334a1.333 1.333 0 01-.933.426z\"\/><\/svg>\t\t\t<\/span>\n\t\t\t<\/a>\n\t\t\t<\/div>\n\n\n<div class=\"wp-block-image\">\n<figure class=\"aligncenter size-medium\"><img loading=\"lazy\" decoding=\"async\" width=\"300\" height=\"150\" src=\"https:\/\/me.yrittajat.fi\/ksyrittajajuhla\/app\/uploads\/sites\/55\/2022\/11\/laukaa-pieni-300x150.png\" alt=\"\" class=\"wp-image-581\" srcset=\"https:\/\/me.yrittajat.fi\/app\/uploads\/sites\/55\/2022\/11\/laukaa-pieni-300x150.png 300w, https:\/\/me.yrittajat.fi\/app\/uploads\/sites\/55\/2022\/11\/laukaa-pieni-1024x512.png 1024w, https:\/\/me.yrittajat.fi\/app\/uploads\/sites\/55\/2022\/11\/laukaa-pieni-768x384.png 768w, https:\/\/me.yrittajat.fi\/app\/uploads\/sites\/55\/2022\/11\/laukaa-pieni-1536x768.png 1536w, https:\/\/me.yrittajat.fi\/app\/uploads\/sites\/55\/2022\/11\/laukaa-pieni.png 2000w\" sizes=\"auto, (max-width: 300px) 100vw, 300px\" \/><\/figure><\/div>","protected":false},"excerpt":{"rendered":"<p>Laukaa syttyy syd\u00e4mess\u00e4 Yritykset, asukkaat ja ty\u00f6ntekij\u00e4t ovat Laukaan supervoima, joista me Laukaassa el\u00e4mme ja hengit\u00e4mme. Kunta ja yritt\u00e4j\u00e4t ovat yht\u00e4 heimoa, jossa tuemme, tsemppaamme ja autamme toisiamme vuorovesien ja aikojen muuttuessa. Kohtaamme arjen asioissa ja onnistumisia juhlimme yhdess\u00e4 yritt\u00e4jien kanssa. Laukaan yrityspalvelutiimi on sinua ja yrityst\u00e4si varten. Yritt\u00e4jyytt\u00e4 vuodesta 1593 l\u00e4htien \u2013 Laukaa.<\/p>\n","protected":false},"author":55,"featured_media":2035,"parent":0,"menu_order":0,"comment_status":"closed","ping_status":"closed","template":"","meta":{"_acf_changed":false,"footnotes":""},"class_list":["post-291","page","type-page","status-publish","has-post-thumbnail","hentry"],"acf":[],"_links":{"self":[{"href":"https:\/\/me.yrittajat.fi\/ksyrittajajuhla\/wp-json\/wp\/v2\/pages\/291","targetHints":{"allow":["GET"]}}],"collection":[{"href":"https:\/\/me.yrittajat.fi\/ksyrittajajuhla\/wp-json\/wp\/v2\/pages"}],"about":[{"href":"https:\/\/me.yrittajat.fi\/ksyrittajajuhla\/wp-json\/wp\/v2\/types\/page"}],"author":[{"embeddable":true,"href":"https:\/\/me.yrittajat.fi\/ksyrittajajuhla\/wp-json\/wp\/v2\/users\/55"}],"replies":[{"embeddable":true,"href":"https:\/\/me.yrittajat.fi\/ksyrittajajuhla\/wp-json\/wp\/v2\/comments?post=291"}],"version-history":[{"count":4,"href":"https:\/\/me.yrittajat.fi\/ksyrittajajuhla\/wp-json\/wp\/v2\/pages\/291\/revisions"}],"predecessor-version":[{"id":2327,"href":"https:\/\/me.yrittajat.fi\/ksyrittajajuhla\/wp-json\/wp\/v2\/pages\/291\/revisions\/2327"}],"wp:featuredmedia":[{"embeddable":true,"href":"https:\/\/me.yrittajat.fi\/ksyrittajajuhla\/wp-json\/wp\/v2\/media\/2035"}],"wp:attachment":[{"href":"https:\/\/me.yrittajat.fi\/ksyrittajajuhla\/wp-json\/wp\/v2\/media?parent=291"}],"curies":[{"name":"wp","href":"https:\/\/api.w.org\/{rel}","templated":true}]}}