{"id":297,"date":"2022-12-05T11:47:03","date_gmt":"2022-12-05T09:47:03","guid":{"rendered":"https:\/\/me.yrittajat.fi\/ksyrittajajuhla\/?page_id=297"},"modified":"2025-04-11T12:58:32","modified_gmt":"2025-04-11T09:58:32","slug":"hankasalmen-kunta","status":"publish","type":"page","link":"https:\/\/me.yrittajat.fi\/ksyrittajajuhla\/hankasalmen-kunta\/","title":{"rendered":"Hankasalmen kunta"},"content":{"rendered":"\n<figure class=\"wp-block-image size-large\"><img loading=\"lazy\" decoding=\"async\" width=\"1024\" height=\"340\" src=\"https:\/\/me.yrittajat.fi\/ksyrittajajuhla\/app\/uploads\/sites\/55\/2023\/10\/hankasalmi-kansikuva-2024-1024x340.png\" alt=\"\" class=\"wp-image-1235\" srcset=\"https:\/\/me.yrittajat.fi\/app\/uploads\/sites\/55\/2023\/10\/hankasalmi-kansikuva-2024-1024x340.png 1024w, https:\/\/me.yrittajat.fi\/app\/uploads\/sites\/55\/2023\/10\/hankasalmi-kansikuva-2024-300x100.png 300w, https:\/\/me.yrittajat.fi\/app\/uploads\/sites\/55\/2023\/10\/hankasalmi-kansikuva-2024-768x255.png 768w, https:\/\/me.yrittajat.fi\/app\/uploads\/sites\/55\/2023\/10\/hankasalmi-kansikuva-2024-1536x511.png 1536w, https:\/\/me.yrittajat.fi\/app\/uploads\/sites\/55\/2023\/10\/hankasalmi-kansikuva-2024.png 2000w\" sizes=\"auto, (max-width: 1024px) 100vw, 1024px\" \/><\/figure>\n\n\n\n<h2 class=\"wp-block-heading\">Hankasalmi on hyv\u00e4n arjen kunta &#8211; Kiitos yritt\u00e4j\u00e4t!<\/h2>\n\n\n\n<p>Hankasalmi on keskell\u00e4 kauneinta j\u00e4rvi-Suomea hyvien kulkuyhteyksien varrella. Olemme ylpe\u00e4sti osa aitoa maaseutua, aivan kaupunkin kainalossa.<\/p>\n\n\n\n<p>Hankasalmen kunta toivottaa yritt\u00e4j\u00e4t ja kumppanit tervetulleiksi Yritt\u00e4j\u00e4juhlaan 2025. Teemme jatkossakin yhdess\u00e4 elinvoimaista ja hyv\u00e4\u00e4 arkea!<\/p>\n\n\n\t<div id=\"gb-button-block_e59be1bed0f0e8674ce266e3641a390b\" class=\"gb-button gb-button-block_e59be1bed0f0e8674ce266e3641a390b\">\n\t\t\t\t\t\t<a class=\"b-button b-button--color- b-button--style-\"\n\t   href=\"http:\/\/www.hankasalmi.fi\"\n\t   target=\"_blank\">\n\n\t\t<span class=\"b-button__title\">\n\t\t\tHankasalmen kunta\t\t<\/span>\n\n\t\t\t\t\t<span class=\"b-button__icon\">\n\t\t\t\t<svg xmlns=\"http:\/\/www.w3.org\/2000\/svg\" viewBox=\"0 0 9 14\"><path d=\"M2.001 13.664a1.333 1.333 0 01-.954-2.272l.007-.008 4.414-4.386-4.24-4.414A1.333 1.333 0 113.12.704l5.147 5.334a1.333 1.333 0 010 1.866l-5.334 5.334a1.333 1.333 0 01-.933.426z\"\/><\/svg>\t\t\t<\/span>\n\t\t\t<\/a>\n\t\t\t<\/div>\n\n\n\n<figure class=\"wp-block-embed is-type-video is-provider-youtube wp-block-embed-youtube\"><div class=\"wp-block-embed__wrapper\">\n<iframe loading=\"lazy\" title=\"Maaseutuel\u00e4m\u00e4\u00e4 Hankasalmella!\" width=\"500\" height=\"281\" src=\"https:\/\/www.youtube.com\/embed\/xw167WVPWLA?feature=oembed\" frameborder=\"0\" allow=\"accelerometer; autoplay; clipboard-write; encrypted-media; gyroscope; picture-in-picture; web-share\" referrerpolicy=\"strict-origin-when-cross-origin\" allowfullscreen><\/iframe>\n<\/div><\/figure>\n\n\n<div class=\"wp-block-image\">\n<figure class=\"aligncenter size-medium\"><img loading=\"lazy\" decoding=\"async\" width=\"300\" height=\"150\" src=\"https:\/\/me.yrittajat.fi\/ksyrittajajuhla\/app\/uploads\/sites\/55\/2022\/11\/hankasalmi_pieni-300x150.png\" alt=\"\" class=\"wp-image-583\" srcset=\"https:\/\/me.yrittajat.fi\/app\/uploads\/sites\/55\/2022\/11\/hankasalmi_pieni-300x150.png 300w, https:\/\/me.yrittajat.fi\/app\/uploads\/sites\/55\/2022\/11\/hankasalmi_pieni-1024x512.png 1024w, https:\/\/me.yrittajat.fi\/app\/uploads\/sites\/55\/2022\/11\/hankasalmi_pieni-768x384.png 768w, https:\/\/me.yrittajat.fi\/app\/uploads\/sites\/55\/2022\/11\/hankasalmi_pieni-1536x768.png 1536w, https:\/\/me.yrittajat.fi\/app\/uploads\/sites\/55\/2022\/11\/hankasalmi_pieni.png 2000w\" sizes=\"auto, (max-width: 300px) 100vw, 300px\" \/><\/figure><\/div>","protected":false},"excerpt":{"rendered":"<p>Hankasalmi on hyv\u00e4n arjen kunta &#8211; Kiitos yritt\u00e4j\u00e4t! Hankasalmi on keskell\u00e4 kauneinta j\u00e4rvi-Suomea hyvien kulkuyhteyksien varrella. Olemme ylpe\u00e4sti osa aitoa maaseutua, aivan kaupunkin kainalossa. Hankasalmen kunta toivottaa yritt\u00e4j\u00e4t ja kumppanit tervetulleiksi Yritt\u00e4j\u00e4juhlaan 2025. Teemme jatkossakin yhdess\u00e4 elinvoimaista ja hyv\u00e4\u00e4 arkea!<\/p>\n","protected":false},"author":55,"featured_media":1977,"parent":0,"menu_order":0,"comment_status":"closed","ping_status":"closed","template":"","meta":{"_acf_changed":false,"footnotes":""},"class_list":["post-297","page","type-page","status-publish","has-post-thumbnail","hentry"],"acf":[],"_links":{"self":[{"href":"https:\/\/me.yrittajat.fi\/ksyrittajajuhla\/wp-json\/wp\/v2\/pages\/297","targetHints":{"allow":["GET"]}}],"collection":[{"href":"https:\/\/me.yrittajat.fi\/ksyrittajajuhla\/wp-json\/wp\/v2\/pages"}],"about":[{"href":"https:\/\/me.yrittajat.fi\/ksyrittajajuhla\/wp-json\/wp\/v2\/types\/page"}],"author":[{"embeddable":true,"href":"https:\/\/me.yrittajat.fi\/ksyrittajajuhla\/wp-json\/wp\/v2\/users\/55"}],"replies":[{"embeddable":true,"href":"https:\/\/me.yrittajat.fi\/ksyrittajajuhla\/wp-json\/wp\/v2\/comments?post=297"}],"version-history":[{"count":12,"href":"https:\/\/me.yrittajat.fi\/ksyrittajajuhla\/wp-json\/wp\/v2\/pages\/297\/revisions"}],"predecessor-version":[{"id":1778,"href":"https:\/\/me.yrittajat.fi\/ksyrittajajuhla\/wp-json\/wp\/v2\/pages\/297\/revisions\/1778"}],"wp:featuredmedia":[{"embeddable":true,"href":"https:\/\/me.yrittajat.fi\/ksyrittajajuhla\/wp-json\/wp\/v2\/media\/1977"}],"wp:attachment":[{"href":"https:\/\/me.yrittajat.fi\/ksyrittajajuhla\/wp-json\/wp\/v2\/media?parent=297"}],"curies":[{"name":"wp","href":"https:\/\/api.w.org\/{rel}","templated":true}]}}