{"id":300,"date":"2022-12-05T11:48:47","date_gmt":"2022-12-05T09:48:47","guid":{"rendered":"https:\/\/me.yrittajat.fi\/ksyrittajajuhla\/?page_id=300"},"modified":"2026-01-29T12:55:55","modified_gmt":"2026-01-29T10:55:55","slug":"keski-suomen-osuuspankki","status":"publish","type":"page","link":"https:\/\/me.yrittajat.fi\/ksyrittajajuhla\/keski-suomen-osuuspankki\/","title":{"rendered":"Keski-Suomen Osuuspankki"},"content":{"rendered":"\n<figure class=\"wp-block-image size-large\"><img loading=\"lazy\" decoding=\"async\" width=\"1024\" height=\"576\" src=\"https:\/\/me.yrittajat.fi\/app\/uploads\/sites\/55\/2025\/10\/1920x1080_OP_K-S_yrityspankki-1024x576.png\" alt=\"\" class=\"wp-image-2296\" srcset=\"https:\/\/me.yrittajat.fi\/app\/uploads\/sites\/55\/2025\/10\/1920x1080_OP_K-S_yrityspankki-1024x576.png 1024w, https:\/\/me.yrittajat.fi\/app\/uploads\/sites\/55\/2025\/10\/1920x1080_OP_K-S_yrityspankki-300x169.png 300w, https:\/\/me.yrittajat.fi\/app\/uploads\/sites\/55\/2025\/10\/1920x1080_OP_K-S_yrityspankki-768x432.png 768w, https:\/\/me.yrittajat.fi\/app\/uploads\/sites\/55\/2025\/10\/1920x1080_OP_K-S_yrityspankki-1536x864.png 1536w, https:\/\/me.yrittajat.fi\/app\/uploads\/sites\/55\/2025\/10\/1920x1080_OP_K-S_yrityspankki-318x178.png 318w, https:\/\/me.yrittajat.fi\/app\/uploads\/sites\/55\/2025\/10\/1920x1080_OP_K-S_yrityspankki-1364x768.png 1364w, https:\/\/me.yrittajat.fi\/app\/uploads\/sites\/55\/2025\/10\/1920x1080_OP_K-S_yrityspankki.png 1920w\" sizes=\"auto, (max-width: 1024px) 100vw, 1024px\" \/><\/figure>\n\n\n\n<h2 class=\"wp-block-heading\">OP Keski-Suomi \u2013 Johtava ja vetovoimaisin pankki Keski-Suomessa<\/h2>\n\n\n\n<p>OP Keski-Suomen palveluksessa ty\u00f6skentelee n. 200 finanssialan ammattilaista. Hoidamme paikallisesti rahoitukseen, sijoittamiseen ja vakuuttamiseen liittyv\u00e4t yksityishenkil\u00f6iden sek\u00e4 yritysten tarpeet.<\/p>\n\n\n\n<p>Perusteht\u00e4v\u00e4mme on edist\u00e4\u00e4 omistaja-asiakkaidemme, maakuntamme yritysten sek\u00e4 toimintaymp\u00e4rist\u00f6mme kest\u00e4v\u00e4\u00e4 taloudellista menestyst\u00e4, turvallisuutta ja hyvinvointia. Me OP Keski-Suomessa toimimme yritysten ja yritt\u00e4jien tukena \u2013 autamme heit\u00e4 menestym\u00e4\u00e4n ja olemme ylpeit\u00e4 siit\u00e4, ett\u00e4 voimme olla asiakkaidemme luotettava kumppani yli kaikkien aikojen.<\/p>\n\n\n\n<p>Tutustu lis\u00e4\u00e4 <a href=\"http:\/\/www.op.fi\/web\/op-keski-suomi\/yrityspalvelut\" target=\"_blank\" rel=\"noreferrer noopener\">OP Keski-Suomen yrityspalveluihin<\/a> ja <a href=\"http:\/\/www.op.fi\/web\/op-keski-suomi\/yrityspalvelut\/yrityspalveluiden-yhteyshenkilot\" data-type=\"link\" data-id=\"www.op.fi\/web\/op-keski-suomi\/yrityspalvelut\/yrityspalveluiden-yhteyshenkilot\" target=\"_blank\" rel=\"noreferrer noopener\">tutustu tiimiimme<\/a>. On asiasi suuri tai pieni, ota yhteys paikalliseen asiantuntijaan.<\/p>\n\n\n\n<p>Haluamme toivottaa kaikille maakunnan yritt\u00e4jille eritt\u00e4in hyv\u00e4\u00e4 Yritt\u00e4j\u00e4juhlaa!<\/p>\n\n\n\n<figure class=\"wp-block-embed is-type-video is-provider-youtube wp-block-embed-youtube wp-embed-aspect-16-9 wp-has-aspect-ratio\"><div class=\"wp-block-embed__wrapper\">\n<iframe loading=\"lazy\" title=\"op keski suomi  yritt\u00e4j\u00e4video\" width=\"500\" height=\"281\" src=\"https:\/\/www.youtube.com\/embed\/nYgQ9BnogYw?feature=oembed\" frameborder=\"0\" allow=\"accelerometer; autoplay; clipboard-write; encrypted-media; gyroscope; picture-in-picture; web-share\" referrerpolicy=\"strict-origin-when-cross-origin\" allowfullscreen><\/iframe>\n<\/div><\/figure>\n\n\n\t<div id=\"gb-button-block_301399b11d287c1d4020642ed46989b4\" class=\"gb-button gb-button-block_301399b11d287c1d4020642ed46989b4\">\n\t\t\t\t\t\t<a class=\"b-button b-button--color- b-button--style-\"\n\t   href=\"http:\/\/www.op.fi\/keski-suomi\"\n\t   target=\"_blank\">\n\n\t\t<span class=\"b-button__title\">\n\t\t\tKeski-Suomen Osuuspankki\t\t<\/span>\n\n\t\t\t\t\t<span class=\"b-button__icon\">\n\t\t\t\t<svg xmlns=\"http:\/\/www.w3.org\/2000\/svg\" viewBox=\"0 0 9 14\"><path d=\"M2.001 13.664a1.333 1.333 0 01-.954-2.272l.007-.008 4.414-4.386-4.24-4.414A1.333 1.333 0 113.12.704l5.147 5.334a1.333 1.333 0 010 1.866l-5.334 5.334a1.333 1.333 0 01-.933.426z\"\/><\/svg>\t\t\t<\/span>\n\t\t\t<\/a>\n\t\t\t<\/div>\n\n\n<div class=\"wp-block-image\">\n<figure class=\"aligncenter size-medium\"><img loading=\"lazy\" decoding=\"async\" width=\"300\" height=\"150\" src=\"https:\/\/me.yrittajat.fi\/ksyrittajajuhla\/app\/uploads\/sites\/55\/2022\/12\/kumppani_logot_ksyjuhlasivut_pienet_2000x1000-4-300x150.png\" alt=\"\" class=\"wp-image-708\" srcset=\"https:\/\/me.yrittajat.fi\/app\/uploads\/sites\/55\/2022\/12\/kumppani_logot_ksyjuhlasivut_pienet_2000x1000-4-300x150.png 300w, https:\/\/me.yrittajat.fi\/app\/uploads\/sites\/55\/2022\/12\/kumppani_logot_ksyjuhlasivut_pienet_2000x1000-4-1024x512.png 1024w, https:\/\/me.yrittajat.fi\/app\/uploads\/sites\/55\/2022\/12\/kumppani_logot_ksyjuhlasivut_pienet_2000x1000-4-768x384.png 768w, https:\/\/me.yrittajat.fi\/app\/uploads\/sites\/55\/2022\/12\/kumppani_logot_ksyjuhlasivut_pienet_2000x1000-4-1536x768.png 1536w, https:\/\/me.yrittajat.fi\/app\/uploads\/sites\/55\/2022\/12\/kumppani_logot_ksyjuhlasivut_pienet_2000x1000-4.png 2000w\" sizes=\"auto, (max-width: 300px) 100vw, 300px\" \/><\/figure><\/div>\n\n\n<p><\/p>\n","protected":false},"excerpt":{"rendered":"<p>OP Keski-Suomi \u2013 Johtava ja vetovoimaisin pankki Keski-Suomessa OP Keski-Suomen palveluksessa ty\u00f6skentelee n. 200 finanssialan ammattilaista. Hoidamme paikallisesti rahoitukseen, sijoittamiseen ja vakuuttamiseen liittyv\u00e4t yksityishenkil\u00f6iden sek\u00e4 yritysten tarpeet. Perusteht\u00e4v\u00e4mme on edist\u00e4\u00e4 omistaja-asiakkaidemme, maakuntamme yritysten sek\u00e4 toimintaymp\u00e4rist\u00f6mme kest\u00e4v\u00e4\u00e4 taloudellista menestyst\u00e4, turvallisuutta ja hyvinvointia. Me OP Keski-Suomessa toimimme yritysten ja yritt\u00e4jien tukena \u2013 autamme heit\u00e4 menestym\u00e4\u00e4n ja olemme &hellip; <a href=\"https:\/\/me.yrittajat.fi\/ksyrittajajuhla\/keski-suomen-osuuspankki\/\">Continued<\/a><\/p>\n","protected":false},"author":55,"featured_media":2035,"parent":0,"menu_order":0,"comment_status":"closed","ping_status":"closed","template":"","meta":{"_acf_changed":false,"footnotes":""},"class_list":["post-300","page","type-page","status-publish","has-post-thumbnail","hentry"],"acf":[],"_links":{"self":[{"href":"https:\/\/me.yrittajat.fi\/ksyrittajajuhla\/wp-json\/wp\/v2\/pages\/300","targetHints":{"allow":["GET"]}}],"collection":[{"href":"https:\/\/me.yrittajat.fi\/ksyrittajajuhla\/wp-json\/wp\/v2\/pages"}],"about":[{"href":"https:\/\/me.yrittajat.fi\/ksyrittajajuhla\/wp-json\/wp\/v2\/types\/page"}],"author":[{"embeddable":true,"href":"https:\/\/me.yrittajat.fi\/ksyrittajajuhla\/wp-json\/wp\/v2\/users\/55"}],"replies":[{"embeddable":true,"href":"https:\/\/me.yrittajat.fi\/ksyrittajajuhla\/wp-json\/wp\/v2\/comments?post=300"}],"version-history":[{"count":5,"href":"https:\/\/me.yrittajat.fi\/ksyrittajajuhla\/wp-json\/wp\/v2\/pages\/300\/revisions"}],"predecessor-version":[{"id":2421,"href":"https:\/\/me.yrittajat.fi\/ksyrittajajuhla\/wp-json\/wp\/v2\/pages\/300\/revisions\/2421"}],"wp:featuredmedia":[{"embeddable":true,"href":"https:\/\/me.yrittajat.fi\/ksyrittajajuhla\/wp-json\/wp\/v2\/media\/2035"}],"wp:attachment":[{"href":"https:\/\/me.yrittajat.fi\/ksyrittajajuhla\/wp-json\/wp\/v2\/media?parent=300"}],"curies":[{"name":"wp","href":"https:\/\/api.w.org\/{rel}","templated":true}]}}