{"id":303,"date":"2022-12-05T11:51:12","date_gmt":"2022-12-05T09:51:12","guid":{"rendered":"https:\/\/me.yrittajat.fi\/ksyrittajajuhla\/?page_id=303"},"modified":"2025-10-17T13:22:43","modified_gmt":"2025-10-17T10:22:43","slug":"lahitapiola-keski-suomi","status":"publish","type":"page","link":"https:\/\/me.yrittajat.fi\/ksyrittajajuhla\/lahitapiola-keski-suomi\/","title":{"rendered":"L\u00e4hiTapiola Keski-Suomi"},"content":{"rendered":"\n<figure class=\"wp-block-image size-large\"><img loading=\"lazy\" decoding=\"async\" width=\"1024\" height=\"340\" src=\"https:\/\/me.yrittajat.fi\/app\/uploads\/sites\/55\/2025\/10\/artikkelikuva_lahitapiolakeskisuomi-1024x340.png\" alt=\"\" class=\"wp-image-2309\" srcset=\"https:\/\/me.yrittajat.fi\/app\/uploads\/sites\/55\/2025\/10\/artikkelikuva_lahitapiolakeskisuomi-1024x340.png 1024w, https:\/\/me.yrittajat.fi\/app\/uploads\/sites\/55\/2025\/10\/artikkelikuva_lahitapiolakeskisuomi-300x100.png 300w, https:\/\/me.yrittajat.fi\/app\/uploads\/sites\/55\/2025\/10\/artikkelikuva_lahitapiolakeskisuomi-768x255.png 768w, https:\/\/me.yrittajat.fi\/app\/uploads\/sites\/55\/2025\/10\/artikkelikuva_lahitapiolakeskisuomi-1536x511.png 1536w, https:\/\/me.yrittajat.fi\/app\/uploads\/sites\/55\/2025\/10\/artikkelikuva_lahitapiolakeskisuomi.png 2000w\" sizes=\"auto, (max-width: 1024px) 100vw, 1024px\" \/><\/figure>\n\n\n\n<h2 class=\"wp-block-heading\">L\u00e4hiTapiola Keski-Suomi \u2013 kanssasi mahdollistamassa Keskisuomalaista kasvua ja elinvoimaa<\/h2>\n\n\n\n<p>Yritt\u00e4jyys on rohkeutta tarttua mahdollisuuksiin ja kulkea avoimin mielin kohti uutta. Me L\u00e4hiTapiola Keski-Suomessa haluamme olla mukana tukemassa paikallista yritt\u00e4jyytt\u00e4, sen kasvua sek\u00e4 elinvoimaa.<\/p>\n\n\n\n<p>Tarjoamme yritt\u00e4jille paikallista ja henkil\u00f6kohtaista palvelua sek\u00e4 asiantuntevaa neuvontaa, jossa yrityksen tarpeet ja riskit on huomioitu. Palveluidemme avulla voit my\u00f6s lis\u00e4t\u00e4 vastuullisuuttasi ty\u00f6nantajana. Tarjoamme turvaa, joka parantaa sinun ja henkil\u00f6st\u00f6si ty\u00f6kyky\u00e4. Pit\u00e4m\u00e4ll\u00e4 entist\u00e4 parempaa huolta ty\u00f6ntekij\u00f6ist\u00e4si erotut muista ja sitoutat samalla henkil\u00f6st\u00f6\u00e4si.<\/p>\n\n\n\n<p>Paikallisen yritt\u00e4jyyden tukeminen on meille t\u00e4rke\u00e4\u00e4, ja olemme ylpeit\u00e4 saadessamme olla j\u00e4lleen mukana Yritt\u00e4j\u00e4juhlan yhteisty\u00f6kumppanina. Toivottavasti saamme olla mukana, kun rakennat omaa yritt\u00e4j\u00e4tarinaasi.<\/p>\n\n\n\n<p>Paljon onnea sinulle yritt\u00e4j\u00e4, olet todella juhlan ansainnut!<\/p>\n\n\n\n<p>L\u00e4mpimin terveisin,<\/p>\n\n\n\n<p><strong>Teemu Pinom\u00e4ki<\/strong><br>myyntijohtaja<br>PK-yritykset ja meklariasiakkuudet<br>L\u00e4hiTapiola Keski-Suomi<\/p>\n\n\n\t<div id=\"gb-button-block_63c6b54f93e87e0f0aea2e210515862d\" class=\"gb-button gb-button-block_63c6b54f93e87e0f0aea2e210515862d\">\n\t\t\t\t\t\t<a class=\"b-button b-button--color- b-button--style-\"\n\t   href=\"https:\/\/www.lahitapiola.fi\/yritys\/\"\n\t   target=\"_blank\">\n\n\t\t<span class=\"b-button__title\">\n\t\t\tL\u00e4hiTapiola\t\t<\/span>\n\n\t\t\t\t\t<span class=\"b-button__icon\">\n\t\t\t\t<svg xmlns=\"http:\/\/www.w3.org\/2000\/svg\" viewBox=\"0 0 9 14\"><path d=\"M2.001 13.664a1.333 1.333 0 01-.954-2.272l.007-.008 4.414-4.386-4.24-4.414A1.333 1.333 0 113.12.704l5.147 5.334a1.333 1.333 0 010 1.866l-5.334 5.334a1.333 1.333 0 01-.933.426z\"\/><\/svg>\t\t\t<\/span>\n\t\t\t<\/a>\n\t\t\t<\/div>\n\n\n<div class=\"wp-block-image\">\n<figure class=\"aligncenter size-medium\"><img loading=\"lazy\" decoding=\"async\" width=\"300\" height=\"150\" src=\"https:\/\/me.yrittajat.fi\/ksyrittajajuhla\/app\/uploads\/sites\/55\/2022\/11\/ltks_pieni-300x150.png\" alt=\"\" class=\"wp-image-584\" srcset=\"https:\/\/me.yrittajat.fi\/app\/uploads\/sites\/55\/2022\/11\/ltks_pieni-300x150.png 300w, https:\/\/me.yrittajat.fi\/app\/uploads\/sites\/55\/2022\/11\/ltks_pieni-1024x512.png 1024w, https:\/\/me.yrittajat.fi\/app\/uploads\/sites\/55\/2022\/11\/ltks_pieni-768x384.png 768w, https:\/\/me.yrittajat.fi\/app\/uploads\/sites\/55\/2022\/11\/ltks_pieni-1536x768.png 1536w, https:\/\/me.yrittajat.fi\/app\/uploads\/sites\/55\/2022\/11\/ltks_pieni.png 2000w\" sizes=\"auto, (max-width: 300px) 100vw, 300px\" \/><\/figure><\/div>","protected":false},"excerpt":{"rendered":"<p>L\u00e4hiTapiola Keski-Suomi \u2013 kanssasi mahdollistamassa Keskisuomalaista kasvua ja elinvoimaa Yritt\u00e4jyys on rohkeutta tarttua mahdollisuuksiin ja kulkea avoimin mielin kohti uutta. Me L\u00e4hiTapiola Keski-Suomessa haluamme olla mukana tukemassa paikallista yritt\u00e4jyytt\u00e4, sen kasvua sek\u00e4 elinvoimaa. Tarjoamme yritt\u00e4jille paikallista ja henkil\u00f6kohtaista palvelua sek\u00e4 asiantuntevaa neuvontaa, jossa yrityksen tarpeet ja riskit on huomioitu. Palveluidemme avulla voit my\u00f6s lis\u00e4t\u00e4 vastuullisuuttasi &hellip; <a href=\"https:\/\/me.yrittajat.fi\/ksyrittajajuhla\/lahitapiola-keski-suomi\/\">Continued<\/a><\/p>\n","protected":false},"author":55,"featured_media":2035,"parent":0,"menu_order":0,"comment_status":"closed","ping_status":"closed","template":"","meta":{"_acf_changed":false,"footnotes":""},"class_list":["post-303","page","type-page","status-publish","has-post-thumbnail","hentry"],"acf":[],"_links":{"self":[{"href":"https:\/\/me.yrittajat.fi\/ksyrittajajuhla\/wp-json\/wp\/v2\/pages\/303","targetHints":{"allow":["GET"]}}],"collection":[{"href":"https:\/\/me.yrittajat.fi\/ksyrittajajuhla\/wp-json\/wp\/v2\/pages"}],"about":[{"href":"https:\/\/me.yrittajat.fi\/ksyrittajajuhla\/wp-json\/wp\/v2\/types\/page"}],"author":[{"embeddable":true,"href":"https:\/\/me.yrittajat.fi\/ksyrittajajuhla\/wp-json\/wp\/v2\/users\/55"}],"replies":[{"embeddable":true,"href":"https:\/\/me.yrittajat.fi\/ksyrittajajuhla\/wp-json\/wp\/v2\/comments?post=303"}],"version-history":[{"count":5,"href":"https:\/\/me.yrittajat.fi\/ksyrittajajuhla\/wp-json\/wp\/v2\/pages\/303\/revisions"}],"predecessor-version":[{"id":2311,"href":"https:\/\/me.yrittajat.fi\/ksyrittajajuhla\/wp-json\/wp\/v2\/pages\/303\/revisions\/2311"}],"wp:featuredmedia":[{"embeddable":true,"href":"https:\/\/me.yrittajat.fi\/ksyrittajajuhla\/wp-json\/wp\/v2\/media\/2035"}],"wp:attachment":[{"href":"https:\/\/me.yrittajat.fi\/ksyrittajajuhla\/wp-json\/wp\/v2\/media?parent=303"}],"curies":[{"name":"wp","href":"https:\/\/api.w.org\/{rel}","templated":true}]}}