{"id":312,"date":"2022-12-05T11:52:56","date_gmt":"2022-12-05T09:52:56","guid":{"rendered":"https:\/\/me.yrittajat.fi\/ksyrittajajuhla\/?page_id=312"},"modified":"2025-10-03T11:41:13","modified_gmt":"2025-10-03T08:41:13","slug":"toivakan-kunta","status":"publish","type":"page","link":"https:\/\/me.yrittajat.fi\/ksyrittajajuhla\/toivakan-kunta\/","title":{"rendered":"Toivakan kunta"},"content":{"rendered":"\n<figure class=\"wp-block-image size-large\"><img loading=\"lazy\" decoding=\"async\" width=\"1024\" height=\"340\" src=\"https:\/\/me.yrittajat.fi\/app\/uploads\/sites\/55\/2025\/10\/Toivakan-kunta-2000-x-665-px-1024x340.png\" alt=\"\" class=\"wp-image-2045\" srcset=\"https:\/\/me.yrittajat.fi\/app\/uploads\/sites\/55\/2025\/10\/Toivakan-kunta-2000-x-665-px-1024x340.png 1024w, https:\/\/me.yrittajat.fi\/app\/uploads\/sites\/55\/2025\/10\/Toivakan-kunta-2000-x-665-px-300x100.png 300w, https:\/\/me.yrittajat.fi\/app\/uploads\/sites\/55\/2025\/10\/Toivakan-kunta-2000-x-665-px-768x255.png 768w, https:\/\/me.yrittajat.fi\/app\/uploads\/sites\/55\/2025\/10\/Toivakan-kunta-2000-x-665-px-1536x511.png 1536w, https:\/\/me.yrittajat.fi\/app\/uploads\/sites\/55\/2025\/10\/Toivakan-kunta-2000-x-665-px.png 2000w\" sizes=\"auto, (max-width: 1024px) 100vw, 1024px\" \/><\/figure>\n\n\n\n<h2 class=\"wp-block-heading\">Toivakan kunta &#8211; Toimii yritt\u00e4j\u00e4n hyv\u00e4ksi ja yritt\u00e4jyytt\u00e4 tukien<\/h2>\n\n\n\n<p>Nyt juhlitaan teit\u00e4, hyv\u00e4t keskisuomalaiset yritt\u00e4j\u00e4t! Toivakan kunta toivottaa l\u00e4mpim\u00e4sti iloista ja ansaittua juhlaa kaikille yritt\u00e4jille ja yritt\u00e4jien yst\u00e4ville.<\/p>\n\n\n\n<p>Olemme kuntana ajatelleet my\u00f6s yritt\u00e4jien etuja ratkaisuissamme. Toivakka tarjoaa muun muassa joustavia yritystontteja isompaankin tarpeeseen! Sijaintimme on loistava; vain 30 kilometrin sek\u00e4 hyvien kulkuyhteyksien p\u00e4\u00e4ss\u00e4 Jyv\u00e4skyl\u00e4st\u00e4.<\/p>\n\n\n\n<p>Mikro- ja pk-yrityksille olemme my\u00f6s helposti l\u00e4hestytt\u00e4v\u00e4 ja tukea tarjoava kunta toimia sek\u00e4 yritt\u00e4\u00e4! Yhteisty\u00f6 on meille t\u00e4rke\u00e4\u00e4. Kuuntelemme alueemme yritt\u00e4ji\u00e4 aktiivisesti ja kehit\u00e4mme sen my\u00f6t\u00e4 toimintaamme entist\u00e4 yritt\u00e4j\u00e4yst\u00e4v\u00e4llisemm\u00e4ksi.<\/p>\n\n\n\n<p>Meill\u00e4 laadukkaan et\u00e4- ja hybridity\u00f6n teko on arkip\u00e4iv\u00e4\u00e4, sen takaavat valokuitu ja moitteettomat yhteydet. Samalla voi nauttia maaseudun rauhasta sek\u00e4 luonnosta n\u00e4pp\u00e4rien peruspalvelujen \u00e4\u00e4rell\u00e4.<\/p>\n\n\n\n<p>Tervetuloa tutustumaan Toivakkaan!<\/p>\n\n\n\n<figure class=\"wp-block-embed is-type-video is-provider-youtube wp-block-embed-youtube wp-embed-aspect-16-9 wp-has-aspect-ratio\"><div class=\"wp-block-embed__wrapper\">\n<iframe loading=\"lazy\" title=\"Toivakka - El\u00e4misen elementit\" width=\"500\" height=\"281\" src=\"https:\/\/www.youtube.com\/embed\/UczbSkItByw?feature=oembed\" frameborder=\"0\" allow=\"accelerometer; autoplay; clipboard-write; encrypted-media; gyroscope; picture-in-picture; web-share\" referrerpolicy=\"strict-origin-when-cross-origin\" allowfullscreen><\/iframe>\n<\/div><\/figure>\n\n\n\t<div id=\"gb-button-block_16d22d5eb982dd25f28cfb9b2cbc0295\" class=\"gb-button gb-button-block_16d22d5eb982dd25f28cfb9b2cbc0295\">\n\t\t\t\t\t\t<a class=\"b-button b-button--color- b-button--style-\"\n\t   href=\"http:\/\/www.toivakka.fi\"\n\t   target=\"_blank\">\n\n\t\t<span class=\"b-button__title\">\n\t\t\tToivakan kunta\t\t<\/span>\n\n\t\t\t\t\t<span class=\"b-button__icon\">\n\t\t\t\t<svg xmlns=\"http:\/\/www.w3.org\/2000\/svg\" viewBox=\"0 0 9 14\"><path d=\"M2.001 13.664a1.333 1.333 0 01-.954-2.272l.007-.008 4.414-4.386-4.24-4.414A1.333 1.333 0 113.12.704l5.147 5.334a1.333 1.333 0 010 1.866l-5.334 5.334a1.333 1.333 0 01-.933.426z\"\/><\/svg>\t\t\t<\/span>\n\t\t\t<\/a>\n\t\t\t<\/div>\n\n\n\n<figure class=\"wp-block-image size-full is-resized\"><img loading=\"lazy\" decoding=\"async\" width=\"600\" height=\"300\" src=\"https:\/\/me.yrittajat.fi\/app\/uploads\/sites\/55\/2025\/10\/Banneri-600x300-5.jpg\" alt=\"\" class=\"wp-image-2048\" style=\"width:399px;height:auto\" srcset=\"https:\/\/me.yrittajat.fi\/app\/uploads\/sites\/55\/2025\/10\/Banneri-600x300-5.jpg 600w, https:\/\/me.yrittajat.fi\/app\/uploads\/sites\/55\/2025\/10\/Banneri-600x300-5-300x150.jpg 300w\" sizes=\"auto, (max-width: 600px) 100vw, 600px\" \/><\/figure>\n","protected":false},"excerpt":{"rendered":"<p>Toivakan kunta &#8211; Toimii yritt\u00e4j\u00e4n hyv\u00e4ksi ja yritt\u00e4jyytt\u00e4 tukien Nyt juhlitaan teit\u00e4, hyv\u00e4t keskisuomalaiset yritt\u00e4j\u00e4t! Toivakan kunta toivottaa l\u00e4mpim\u00e4sti iloista ja ansaittua juhlaa kaikille yritt\u00e4jille ja yritt\u00e4jien yst\u00e4ville. Olemme kuntana ajatelleet my\u00f6s yritt\u00e4jien etuja ratkaisuissamme. Toivakka tarjoaa muun muassa joustavia yritystontteja isompaankin tarpeeseen! Sijaintimme on loistava; vain 30 kilometrin sek\u00e4 hyvien kulkuyhteyksien p\u00e4\u00e4ss\u00e4 Jyv\u00e4skyl\u00e4st\u00e4. Mikro- &hellip; <a href=\"https:\/\/me.yrittajat.fi\/ksyrittajajuhla\/toivakan-kunta\/\">Continued<\/a><\/p>\n","protected":false},"author":55,"featured_media":2035,"parent":0,"menu_order":0,"comment_status":"closed","ping_status":"closed","template":"","meta":{"_acf_changed":false,"footnotes":""},"class_list":["post-312","page","type-page","status-publish","has-post-thumbnail","hentry"],"acf":[],"_links":{"self":[{"href":"https:\/\/me.yrittajat.fi\/ksyrittajajuhla\/wp-json\/wp\/v2\/pages\/312","targetHints":{"allow":["GET"]}}],"collection":[{"href":"https:\/\/me.yrittajat.fi\/ksyrittajajuhla\/wp-json\/wp\/v2\/pages"}],"about":[{"href":"https:\/\/me.yrittajat.fi\/ksyrittajajuhla\/wp-json\/wp\/v2\/types\/page"}],"author":[{"embeddable":true,"href":"https:\/\/me.yrittajat.fi\/ksyrittajajuhla\/wp-json\/wp\/v2\/users\/55"}],"replies":[{"embeddable":true,"href":"https:\/\/me.yrittajat.fi\/ksyrittajajuhla\/wp-json\/wp\/v2\/comments?post=312"}],"version-history":[{"count":4,"href":"https:\/\/me.yrittajat.fi\/ksyrittajajuhla\/wp-json\/wp\/v2\/pages\/312\/revisions"}],"predecessor-version":[{"id":2049,"href":"https:\/\/me.yrittajat.fi\/ksyrittajajuhla\/wp-json\/wp\/v2\/pages\/312\/revisions\/2049"}],"wp:featuredmedia":[{"embeddable":true,"href":"https:\/\/me.yrittajat.fi\/ksyrittajajuhla\/wp-json\/wp\/v2\/media\/2035"}],"wp:attachment":[{"href":"https:\/\/me.yrittajat.fi\/ksyrittajajuhla\/wp-json\/wp\/v2\/media?parent=312"}],"curies":[{"name":"wp","href":"https:\/\/api.w.org\/{rel}","templated":true}]}}