{"id":325,"date":"2022-12-05T11:52:30","date_gmt":"2022-12-05T09:52:30","guid":{"rendered":"https:\/\/me.yrittajat.fi\/ksyrittajajuhla\/?page_id=325"},"modified":"2025-04-11T13:03:56","modified_gmt":"2025-04-11T10:03:56","slug":"saarijarven-kaupunki","status":"publish","type":"page","link":"https:\/\/me.yrittajat.fi\/ksyrittajajuhla\/saarijarven-kaupunki\/","title":{"rendered":"Saarij\u00e4rven kaupunki"},"content":{"rendered":"\n<h2 class=\"wp-block-heading\">Saarij\u00e4rven kaupunki toivottaa yritt\u00e4j\u00e4t ja juhlijat tervetulleeksi juhlaan!<\/h2>\n\n\n\n<p>Olipa kerran kaunis ja elinvoimainen kaupunki vain 45 minuutin ajomatkan p\u00e4\u00e4ss\u00e4 Jyv\u00e4skyl\u00e4st\u00e4. T\u00e4m\u00e4 pit\u00e4j\u00e4 oli niin tunnettu j\u00e4rvist\u00e4\u00e4n, rantatonteistaan sek\u00e4 rauhallisesta ja kauniista ymp\u00e4rist\u00f6st\u00e4\u00e4n, ett\u00e4 joku saattoi j\u00e4\u00e4d\u00e4 miettim\u00e4\u00e4n, ett\u00e4 tarjoaako se mit\u00e4\u00e4n muuta. Sitten t\u00e4m\u00e4 joku katsoi tarkemmin ja huomasi, ett\u00e4 kulttuuria, ty\u00f6paikkoja ja koulutusta on tarjolla vaikka kuinka. Voiko olla, ett\u00e4 t\u00e4m\u00e4 idyllinen pit\u00e4j\u00e4 on samaan aikaan my\u00f6s korkeakoulukaupunki. Totta se on, koko homma!<\/p>\n\n\n\t<div id=\"gb-button-block_ae9b68564a889be6aa9b8db2130e5bd5\" class=\"gb-button gb-button-block_ae9b68564a889be6aa9b8db2130e5bd5\">\n\t\t\t\t\t\t<a class=\"b-button b-button--color- b-button--style-\"\n\t   href=\"https:\/\/www.visitsaarijarvi.fi\/kotiinmeille\/\"\n\t   target=\"_blank\">\n\n\t\t<span class=\"b-button__title\">\n\t\t\tSaarij\u00e4rven kaupunki\t\t<\/span>\n\n\t\t\t\t\t<span class=\"b-button__icon\">\n\t\t\t\t<svg xmlns=\"http:\/\/www.w3.org\/2000\/svg\" viewBox=\"0 0 9 14\"><path d=\"M2.001 13.664a1.333 1.333 0 01-.954-2.272l.007-.008 4.414-4.386-4.24-4.414A1.333 1.333 0 113.12.704l5.147 5.334a1.333 1.333 0 010 1.866l-5.334 5.334a1.333 1.333 0 01-.933.426z\"\/><\/svg>\t\t\t<\/span>\n\t\t\t<\/a>\n\t\t\t<\/div>\n\n\n\n<figure class=\"wp-block-embed is-type-video is-provider-youtube wp-block-embed-youtube\"><div class=\"wp-block-embed__wrapper\">\n<iframe loading=\"lazy\" title=\"Kaunis talvinen Saarij\u00e4rvi\" width=\"500\" height=\"281\" src=\"https:\/\/www.youtube.com\/embed\/dvYNq39cIdg?start=14&#038;feature=oembed\" frameborder=\"0\" allow=\"accelerometer; autoplay; clipboard-write; encrypted-media; gyroscope; picture-in-picture; web-share\" referrerpolicy=\"strict-origin-when-cross-origin\" allowfullscreen><\/iframe>\n<\/div><\/figure>\n\n\n\n<div class=\"wp-block-columns is-layout-flex wp-container-core-columns-is-layout-1 wp-block-columns-is-layout-flex\">\n<div class=\"wp-block-column is-layout-flow wp-block-column-is-layout-flow\"><div class=\"wp-block-image\">\n<figure class=\"aligncenter size-medium\"><img loading=\"lazy\" decoding=\"async\" width=\"300\" height=\"150\" src=\"https:\/\/me.yrittajat.fi\/ksyrittajajuhla\/app\/uploads\/sites\/55\/2022\/11\/saarijarvi_pieni-300x150.png\" alt=\"\" class=\"wp-image-577\" srcset=\"https:\/\/me.yrittajat.fi\/app\/uploads\/sites\/55\/2022\/11\/saarijarvi_pieni-300x150.png 300w, https:\/\/me.yrittajat.fi\/app\/uploads\/sites\/55\/2022\/11\/saarijarvi_pieni-1024x512.png 1024w, https:\/\/me.yrittajat.fi\/app\/uploads\/sites\/55\/2022\/11\/saarijarvi_pieni-768x384.png 768w, https:\/\/me.yrittajat.fi\/app\/uploads\/sites\/55\/2022\/11\/saarijarvi_pieni-1536x768.png 1536w, https:\/\/me.yrittajat.fi\/app\/uploads\/sites\/55\/2022\/11\/saarijarvi_pieni.png 2000w\" sizes=\"auto, (max-width: 300px) 100vw, 300px\" \/><\/figure><\/div><\/div>\n<\/div>\n","protected":false},"excerpt":{"rendered":"<p>Saarij\u00e4rven kaupunki toivottaa yritt\u00e4j\u00e4t ja juhlijat tervetulleeksi juhlaan! Olipa kerran kaunis ja elinvoimainen kaupunki vain 45 minuutin ajomatkan p\u00e4\u00e4ss\u00e4 Jyv\u00e4skyl\u00e4st\u00e4. T\u00e4m\u00e4 pit\u00e4j\u00e4 oli niin tunnettu j\u00e4rvist\u00e4\u00e4n, rantatonteistaan sek\u00e4 rauhallisesta ja kauniista ymp\u00e4rist\u00f6st\u00e4\u00e4n, ett\u00e4 joku saattoi j\u00e4\u00e4d\u00e4 miettim\u00e4\u00e4n, ett\u00e4 tarjoaako se mit\u00e4\u00e4n muuta. Sitten t\u00e4m\u00e4 joku katsoi tarkemmin ja huomasi, ett\u00e4 kulttuuria, ty\u00f6paikkoja ja koulutusta on &hellip; <a href=\"https:\/\/me.yrittajat.fi\/ksyrittajajuhla\/saarijarven-kaupunki\/\">Continued<\/a><\/p>\n","protected":false},"author":55,"featured_media":1977,"parent":0,"menu_order":0,"comment_status":"closed","ping_status":"closed","template":"","meta":{"_acf_changed":false,"footnotes":""},"class_list":["post-325","page","type-page","status-publish","has-post-thumbnail","hentry"],"acf":[],"_links":{"self":[{"href":"https:\/\/me.yrittajat.fi\/ksyrittajajuhla\/wp-json\/wp\/v2\/pages\/325","targetHints":{"allow":["GET"]}}],"collection":[{"href":"https:\/\/me.yrittajat.fi\/ksyrittajajuhla\/wp-json\/wp\/v2\/pages"}],"about":[{"href":"https:\/\/me.yrittajat.fi\/ksyrittajajuhla\/wp-json\/wp\/v2\/types\/page"}],"author":[{"embeddable":true,"href":"https:\/\/me.yrittajat.fi\/ksyrittajajuhla\/wp-json\/wp\/v2\/users\/55"}],"replies":[{"embeddable":true,"href":"https:\/\/me.yrittajat.fi\/ksyrittajajuhla\/wp-json\/wp\/v2\/comments?post=325"}],"version-history":[{"count":28,"href":"https:\/\/me.yrittajat.fi\/ksyrittajajuhla\/wp-json\/wp\/v2\/pages\/325\/revisions"}],"predecessor-version":[{"id":1178,"href":"https:\/\/me.yrittajat.fi\/ksyrittajajuhla\/wp-json\/wp\/v2\/pages\/325\/revisions\/1178"}],"wp:featuredmedia":[{"embeddable":true,"href":"https:\/\/me.yrittajat.fi\/ksyrittajajuhla\/wp-json\/wp\/v2\/media\/1977"}],"wp:attachment":[{"href":"https:\/\/me.yrittajat.fi\/ksyrittajajuhla\/wp-json\/wp\/v2\/media?parent=325"}],"curies":[{"name":"wp","href":"https:\/\/api.w.org\/{rel}","templated":true}]}}