{"id":884,"date":"2022-12-05T12:41:55","date_gmt":"2022-12-05T10:41:55","guid":{"rendered":"https:\/\/me.yrittajat.fi\/ksyrittajajuhla\/?page_id=884"},"modified":"2025-10-20T12:25:20","modified_gmt":"2025-10-20T09:25:20","slug":"jytaksi","status":"publish","type":"page","link":"https:\/\/me.yrittajat.fi\/ksyrittajajuhla\/jytaksi\/","title":{"rendered":"JYTAKSI"},"content":{"rendered":"\n<figure class=\"wp-block-image size-large\"><img loading=\"lazy\" decoding=\"async\" width=\"1024\" height=\"340\" src=\"https:\/\/me.yrittajat.fi\/app\/uploads\/sites\/55\/2025\/10\/JYTAKSI-1024x340.png\" alt=\"\" class=\"wp-image-2313\" srcset=\"https:\/\/me.yrittajat.fi\/app\/uploads\/sites\/55\/2025\/10\/JYTAKSI-1024x340.png 1024w, https:\/\/me.yrittajat.fi\/app\/uploads\/sites\/55\/2025\/10\/JYTAKSI-300x100.png 300w, https:\/\/me.yrittajat.fi\/app\/uploads\/sites\/55\/2025\/10\/JYTAKSI-768x255.png 768w, https:\/\/me.yrittajat.fi\/app\/uploads\/sites\/55\/2025\/10\/JYTAKSI-1536x511.png 1536w, https:\/\/me.yrittajat.fi\/app\/uploads\/sites\/55\/2025\/10\/JYTAKSI.png 2000w\" sizes=\"auto, (max-width: 1024px) 100vw, 1024px\" \/><\/figure>\n\n\n\n<h2 class=\"wp-block-heading\">JYTAKSI \u2013 TURVALLISTA JA LUOTETTAVAA TAKSIPALVELUA YRITT\u00c4JILT\u00c4 YRITT\u00c4JILLE<\/h2>\n\n\n\n<p>Jyv\u00e4skyl\u00e4n Aluetaksi Oy on 100 % Jyv\u00e4skyl\u00e4n ja Muuramen taksiyritt\u00e4jien omistama yhti\u00f6, ja yhdess\u00e4 autoilijoidemme kanssa olemme palvelleet jo yli 30 vuoden ajan.<\/p>\n\n\n\n<p>Jyv\u00e4skyl\u00e4ss\u00e4 meid\u00e4t tunnetaan paremmin nimell\u00e4 JYTAKSI. Pinkein teippauksin varustetut automme tunnistaa helposti Jyv\u00e4skyl\u00e4n katukuvassa, ja kaikki kuljettajamme ovat koulutettuja alan ammattilaisia. Kun astut JYTAKSIn kyytiin, voit luottaa siihen, ett\u00e4 matka sujuu turvallisesti ja mukavasti.<\/p>\n\n\n\n<h2 class=\"wp-block-heading\">MAKSUTON ENNAKKOTILAUS YRITT\u00c4J\u00c4JUHLAAN<\/h2>\n\n\n\n<p>JYTAKSIn kyydiss\u00e4 saavut tyylikk\u00e4\u00e4sti Yritt\u00e4j\u00e4juhlaan: juhlapaikan sis\u00e4\u00e4nk\u00e4ynnill\u00e4 sinua on vastassa VIP-taksiasemamme, jossa punainen matto ja henkil\u00f6kuntamme toivottavat sinut l\u00e4mpim\u00e4sti tervetulleeksi. Illan p\u00e4\u00e4tteeksi varmistamme, ett\u00e4 p\u00e4\u00e4set turvallisesti kotimatkalle tai jatkoille taksin kyydiss\u00e4 suoraan VIP-taksiasemaltamme.<\/p>\n\n\n\n<p>Koska sujuva menomatka juhlaan on hyv\u00e4 varmistaa jo ennakkoon, tarjoamme Yritt\u00e4j\u00e4juhlan yhteisty\u00f6kumppanina maksuttoman ennakkotilauksen taksikuljetuksiin (normaalisti 5,70 \u20ac \/ 1-4 hl\u00f6\u00e4 ja 11,40 \u20ac \/ 5-8 hl\u00f6\u00e4).<\/p>\n\n\n\n<p>Varaa taksikyyti ennakkoon:<\/p>\n\n\n\t<div id=\"gb-button-block_9cb516c37e5f312eeec580f209f03314\" class=\"gb-button gb-button-block_9cb516c37e5f312eeec580f209f03314\">\n\t\t\t\t\t\t<a class=\"b-button b-button--color- b-button--style-\"\n\t   href=\"https:\/\/jytaksi.fi\/ennakkotilaajan-etu-keski-suomen-yrittajajuhlaan\/\"\n\t   target=\"_blank\">\n\n\t\t<span class=\"b-button__title\">\n\t\t\tTaksikyydin ennakkotilaus\t\t<\/span>\n\n\t\t\t\t\t<span class=\"b-button__icon\">\n\t\t\t\t<svg xmlns=\"http:\/\/www.w3.org\/2000\/svg\" viewBox=\"0 0 9 14\"><path d=\"M2.001 13.664a1.333 1.333 0 01-.954-2.272l.007-.008 4.414-4.386-4.24-4.414A1.333 1.333 0 113.12.704l5.147 5.334a1.333 1.333 0 010 1.866l-5.334 5.334a1.333 1.333 0 01-.933.426z\"\/><\/svg>\t\t\t<\/span>\n\t\t\t<\/a>\n\t\t\t<\/div>\n\n\n\n\n<div class=\"wp-block-image\">\n<figure class=\"aligncenter size-medium\"><img loading=\"lazy\" decoding=\"async\" width=\"300\" height=\"150\" src=\"https:\/\/me.yrittajat.fi\/ksyrittajajuhla\/app\/uploads\/sites\/55\/2022\/12\/kumppani_logot_ksyjuhlasivut_2000x1000-8-300x150.png\" alt=\"\" class=\"wp-image-967\" srcset=\"https:\/\/me.yrittajat.fi\/app\/uploads\/sites\/55\/2022\/12\/kumppani_logot_ksyjuhlasivut_2000x1000-8-300x150.png 300w, https:\/\/me.yrittajat.fi\/app\/uploads\/sites\/55\/2022\/12\/kumppani_logot_ksyjuhlasivut_2000x1000-8-1024x512.png 1024w, https:\/\/me.yrittajat.fi\/app\/uploads\/sites\/55\/2022\/12\/kumppani_logot_ksyjuhlasivut_2000x1000-8-768x384.png 768w, https:\/\/me.yrittajat.fi\/app\/uploads\/sites\/55\/2022\/12\/kumppani_logot_ksyjuhlasivut_2000x1000-8-1536x768.png 1536w, https:\/\/me.yrittajat.fi\/app\/uploads\/sites\/55\/2022\/12\/kumppani_logot_ksyjuhlasivut_2000x1000-8.png 2000w\" sizes=\"auto, (max-width: 300px) 100vw, 300px\" \/><\/figure><\/div>","protected":false},"excerpt":{"rendered":"<p>JYTAKSI \u2013 TURVALLISTA JA LUOTETTAVAA TAKSIPALVELUA YRITT\u00c4JILT\u00c4 YRITT\u00c4JILLE Jyv\u00e4skyl\u00e4n Aluetaksi Oy on 100 % Jyv\u00e4skyl\u00e4n ja Muuramen taksiyritt\u00e4jien omistama yhti\u00f6, ja yhdess\u00e4 autoilijoidemme kanssa olemme palvelleet jo yli 30 vuoden ajan. Jyv\u00e4skyl\u00e4ss\u00e4 meid\u00e4t tunnetaan paremmin nimell\u00e4 JYTAKSI. Pinkein teippauksin varustetut automme tunnistaa helposti Jyv\u00e4skyl\u00e4n katukuvassa, ja kaikki kuljettajamme ovat koulutettuja alan ammattilaisia. Kun astut JYTAKSIn &hellip; <a href=\"https:\/\/me.yrittajat.fi\/ksyrittajajuhla\/jytaksi\/\">Continued<\/a><\/p>\n","protected":false},"author":55,"featured_media":2035,"parent":0,"menu_order":0,"comment_status":"closed","ping_status":"closed","template":"","meta":{"_acf_changed":false,"footnotes":""},"class_list":["post-884","page","type-page","status-publish","has-post-thumbnail","hentry"],"acf":[],"_links":{"self":[{"href":"https:\/\/me.yrittajat.fi\/ksyrittajajuhla\/wp-json\/wp\/v2\/pages\/884","targetHints":{"allow":["GET"]}}],"collection":[{"href":"https:\/\/me.yrittajat.fi\/ksyrittajajuhla\/wp-json\/wp\/v2\/pages"}],"about":[{"href":"https:\/\/me.yrittajat.fi\/ksyrittajajuhla\/wp-json\/wp\/v2\/types\/page"}],"author":[{"embeddable":true,"href":"https:\/\/me.yrittajat.fi\/ksyrittajajuhla\/wp-json\/wp\/v2\/users\/55"}],"replies":[{"embeddable":true,"href":"https:\/\/me.yrittajat.fi\/ksyrittajajuhla\/wp-json\/wp\/v2\/comments?post=884"}],"version-history":[{"count":4,"href":"https:\/\/me.yrittajat.fi\/ksyrittajajuhla\/wp-json\/wp\/v2\/pages\/884\/revisions"}],"predecessor-version":[{"id":2314,"href":"https:\/\/me.yrittajat.fi\/ksyrittajajuhla\/wp-json\/wp\/v2\/pages\/884\/revisions\/2314"}],"wp:featuredmedia":[{"embeddable":true,"href":"https:\/\/me.yrittajat.fi\/ksyrittajajuhla\/wp-json\/wp\/v2\/media\/2035"}],"wp:attachment":[{"href":"https:\/\/me.yrittajat.fi\/ksyrittajajuhla\/wp-json\/wp\/v2\/media?parent=884"}],"curies":[{"name":"wp","href":"https:\/\/api.w.org\/{rel}","templated":true}]}}