{"id":220,"date":"2025-05-13T11:19:09","date_gmt":"2025-05-13T08:19:09","guid":{"rendered":"https:\/\/me.yrittajat.fi\/kunta\/?page_id=220"},"modified":"2026-02-26T14:40:52","modified_gmt":"2026-02-26T12:40:52","slug":"webinaarit-syksylla-2025","status":"publish","type":"page","link":"https:\/\/me.yrittajat.fi\/kunta\/webinaarit-syksylla-2025\/","title":{"rendered":"Webinaarit kunnille"},"content":{"rendered":"\t<section id=\"gb-bg-image-and-text-block_f18dd2196d9a0ca4317a3d67b187afe4\" class=\"gb-bg-image-and-text gb-bg-image-and-text-block_f18dd2196d9a0ca4317a3d67b187afe4\">\n\t\t\t\t\t\t\t\t<div class=\"gb-bg-image-and-text__block-content\">\n\t\t\t\t<div class=\"gb-bg-image-and-text__image\"\n\t\t\t\t     style=\"background: url(https:\/\/me.yrittajat.fi\/app\/uploads\/sites\/90\/2025\/03\/YRITTAJAT-NETTI-19-434x432.jpg) no-repeat center center; background-size: cover;\">\n\t\t\t\t\t<div class=\"gb-bg-image-and-text__content center text-color-white\">\n\t\t\t\t\t\t\n<div class=\"b-content-lift\">\n\t\t\t<h3 class=\"b-content-lift__title\">\n\t\t\tAluekehitys ja yritt\u00e4jyys\t\t<\/h3>\n\t\t\t\t<p class=\"b-content-lift__text\">\n\t\t\tAjankohtaisia n\u00e4k\u00f6kulmia aluekehitykseen sek\u00e4 yritt\u00e4jyyden trendeihin uusimman tutkimustiedon valossa.\t\t<\/p>\n\t<\/div>\n\t\t\t\t\t\t\t\t\t\t\t<\/div>\n\t\t\t\t\t\t\t\t\t\t\t<div class=\"gb-bg-image-and-text__color\"><\/div>\n\t\t\t\t\t\t\t\t\t<\/div>\n\t\t\t<\/div>\n\t\t\t\t\t\t\t\t<div class=\"gb-bg-image-and-text__block-content\">\n\t\t\t\t<div class=\"gb-bg-image-and-text__image\"\n\t\t\t\t     style=\"background: url(https:\/\/me.yrittajat.fi\/app\/uploads\/sites\/90\/2025\/04\/Yrittajat-21-434x432.jpg) no-repeat center center; background-size: cover;\">\n\t\t\t\t\t<div class=\"gb-bg-image-and-text__content center text-color-white\">\n\t\t\t\t\t\t\n<div class=\"b-content-lift\">\n\t\t\t<h3 class=\"b-content-lift__title\">\n\t\t\tKuntien elinvoimapalvelut\t\t<\/h3>\n\t\t\t\t<p class=\"b-content-lift__text\">\n\t\t\tAjankohtaisia n\u00e4k\u00f6kulmia timanttisiin elinvoimapalveluihin, jotka tukevat eri tilanteissa olevia yritt\u00e4ji\u00e4. \t\t<\/p>\n\t<\/div>\n\t\t\t\t\t\t\t\t\t\t\t<\/div>\n\t\t\t\t\t\t\t\t\t\t\t<div class=\"gb-bg-image-and-text__color\"><\/div>\n\t\t\t\t\t\t\t\t\t<\/div>\n\t\t\t<\/div>\n\t\t\t<\/section>\n<!-- You can also use SakkeLib\\Helpers\\get_template_part inside a gutenberg acf block template -->\n\n\n\t<section id=\"gb-bg-image-and-text-block_44f0168022bd57a444113887bc1d9015\" class=\"gb-bg-image-and-text gb-bg-image-and-text-block_44f0168022bd57a444113887bc1d9015\">\n\t\t\t\t\t\t\t\t<div class=\"gb-bg-image-and-text__block-content\">\n\t\t\t\t<div class=\"gb-bg-image-and-text__image\"\n\t\t\t\t     style=\"background: url(https:\/\/me.yrittajat.fi\/app\/uploads\/sites\/90\/2025\/04\/Yrittajat-3-434x432.jpg) no-repeat center center; background-size: cover;\">\n\t\t\t\t\t<div class=\"gb-bg-image-and-text__content center text-color-white\">\n\t\t\t\t\t\t\n<div class=\"b-content-lift\">\n\t\t\t<h3 class=\"b-content-lift__title\">\n\t\t\tKunta yritt\u00e4j\u00e4n toimintaymp\u00e4rist\u00f6n\u00e4\t\t<\/h3>\n\t\t\t\t<p class=\"b-content-lift__text\">\n\t\t\tAjankohtaisia n\u00e4k\u00f6kulmia yritt\u00e4jien toimintaymp\u00e4rist\u00f6n rakennuspalasiin, esim. koulutukseen, maank\u00e4ytt\u00f6\u00f6n ja normienpurkuun. \r\n\t\t<\/p>\n\t<\/div>\n\t\t\t\t\t\t\t\t\t\t\t<\/div>\n\t\t\t\t\t\t\t\t\t\t\t<div class=\"gb-bg-image-and-text__color\"><\/div>\n\t\t\t\t\t\t\t\t\t<\/div>\n\t\t\t<\/div>\n\t\t\t\t\t\t\t\t<div class=\"gb-bg-image-and-text__block-content\">\n\t\t\t\t<div class=\"gb-bg-image-and-text__image\"\n\t\t\t\t     style=\"background: url(https:\/\/me.yrittajat.fi\/app\/uploads\/sites\/90\/2025\/04\/Yrittajat-1-434x432.jpg) no-repeat center center; background-size: cover;\">\n\t\t\t\t\t<div class=\"gb-bg-image-and-text__content center text-color-white\">\n\t\t\t\t\t\t\n<div class=\"b-content-lift\">\n\t\t\t<h3 class=\"b-content-lift__title\">\n\t\t\tJulkiset hankinnat\t\t<\/h3>\n\t\t\t\t<p class=\"b-content-lift__text\">\n\t\t\tAjankohtaisia n\u00e4k\u00f6kulmia julkisiin hankintoihin ja niiden kehitt\u00e4miseen. \t\t<\/p>\n\t<\/div>\n\t\t\t\t\t\t\t\t\t\t\t<\/div>\n\t\t\t\t\t\t\t\t\t\t\t<div class=\"gb-bg-image-and-text__color\"><\/div>\n\t\t\t\t\t\t\t\t\t<\/div>\n\t\t\t<\/div>\n\t\t\t<\/section>\n<!-- You can also use SakkeLib\\Helpers\\get_template_part inside a gutenberg acf block template -->\n\n\n\n<div class=\"wp-block-media-text has-media-on-the-right is-stacked-on-mobile\"><div class=\"wp-block-media-text__content\">\n<p>Yritt\u00e4jien webinaareissa k\u00e4sitell\u00e4\u00e4n ajankohtaisia aiheita, jaetaan parhaita k\u00e4yt\u00e4nt\u00f6j\u00e4 ja tarjotaan konkreettisia ty\u00f6kaluja, joilla voitte edist\u00e4\u00e4 kuntanne elinvoimaisuutta ja yritt\u00e4j\u00e4yst\u00e4v\u00e4llisyytt\u00e4.<\/p>\n\n\n\n<p>Yritt\u00e4jien webinaarit on tarkoitettu niin kuntien ja kaupunkien viranhaltijoille kuin vaaleilla valituille henkil\u00f6ille.<\/p>\n\n\n\n<p>Webinaarit, joiden ilmoittautuminen on avoinna, l\u00f6yd\u00e4t alta. Huomioithan, ett\u00e4 osa webinaareista maksullisia.<\/p>\n<\/div><figure  class=\"wp-block-media-text__media\"><img loading=\"lazy\" decoding=\"async\" width=\"640\" height=\"427\" alt=\"\" src=\"https:\/\/me.yrittajat.fi\/app\/uploads\/sites\/90\/2025\/05\/YRITTAJAT-NETTI-31.jpg\" class=\"wp-image-225 size-full\" srcset=\"https:\/\/me.yrittajat.fi\/app\/uploads\/sites\/90\/2025\/05\/YRITTAJAT-NETTI-31.jpg 640w, https:\/\/me.yrittajat.fi\/app\/uploads\/sites\/90\/2025\/05\/YRITTAJAT-NETTI-31-300x200.jpg 300w\" sizes=\"auto, (max-width: 640px) 100vw, 640px\" \/><\/figure><\/div>\n\n\n\n<h2 class=\"wp-block-heading\">Tulossa olevat webinaarit<\/h2>\n\n\n\n<p>Alta l\u00f6yd\u00e4t webinaarit, joiden ilmoittautuminen on avoinna.<\/p>\n","protected":false},"excerpt":{"rendered":"<p>Yritt\u00e4jien webinaareissa k\u00e4sitell\u00e4\u00e4n ajankohtaisia aiheita, jaetaan parhaita k\u00e4yt\u00e4nt\u00f6j\u00e4 ja tarjotaan konkreettisia ty\u00f6kaluja, joilla voitte edist\u00e4\u00e4 kuntanne elinvoimaisuutta ja yritt\u00e4j\u00e4yst\u00e4v\u00e4llisyytt\u00e4. Yritt\u00e4jien webinaarit on tarkoitettu niin kuntien ja kaupunkien viranhaltijoille kuin vaaleilla valituille henkil\u00f6ille. Webinaarit, joiden ilmoittautuminen on avoinna, l\u00f6yd\u00e4t alta. Huomioithan, ett\u00e4 osa webinaareista maksullisia. Tulossa olevat webinaarit Alta l\u00f6yd\u00e4t webinaarit, joiden ilmoittautuminen on avoinna.<\/p>\n","protected":false},"author":32,"featured_media":225,"parent":0,"menu_order":0,"comment_status":"closed","ping_status":"closed","template":"","meta":{"_acf_changed":false,"footnotes":""},"class_list":["post-220","page","type-page","status-publish","has-post-thumbnail","hentry"],"acf":[],"_links":{"self":[{"href":"https:\/\/me.yrittajat.fi\/kunta\/wp-json\/wp\/v2\/pages\/220","targetHints":{"allow":["GET"]}}],"collection":[{"href":"https:\/\/me.yrittajat.fi\/kunta\/wp-json\/wp\/v2\/pages"}],"about":[{"href":"https:\/\/me.yrittajat.fi\/kunta\/wp-json\/wp\/v2\/types\/page"}],"author":[{"embeddable":true,"href":"https:\/\/me.yrittajat.fi\/kunta\/wp-json\/wp\/v2\/users\/32"}],"replies":[{"embeddable":true,"href":"https:\/\/me.yrittajat.fi\/kunta\/wp-json\/wp\/v2\/comments?post=220"}],"version-history":[{"count":4,"href":"https:\/\/me.yrittajat.fi\/kunta\/wp-json\/wp\/v2\/pages\/220\/revisions"}],"predecessor-version":[{"id":297,"href":"https:\/\/me.yrittajat.fi\/kunta\/wp-json\/wp\/v2\/pages\/220\/revisions\/297"}],"wp:featuredmedia":[{"embeddable":true,"href":"https:\/\/me.yrittajat.fi\/kunta\/wp-json\/wp\/v2\/media\/225"}],"wp:attachment":[{"href":"https:\/\/me.yrittajat.fi\/kunta\/wp-json\/wp\/v2\/media?parent=220"}],"curies":[{"name":"wp","href":"https:\/\/api.w.org\/{rel}","templated":true}]}}