{"id":294,"date":"2025-12-17T15:24:24","date_gmt":"2025-12-17T13:24:24","guid":{"rendered":"https:\/\/me.yrittajat.fi\/kunta\/?page_id=294"},"modified":"2026-04-20T17:50:29","modified_gmt":"2026-04-20T14:50:29","slug":"onnistu-hankinnoissa-valmennus","status":"publish","type":"page","link":"https:\/\/me.yrittajat.fi\/kunta\/onnistu-hankinnoissa-valmennus\/","title":{"rendered":"Onnistu hankinnoissa -valmennus"},"content":{"rendered":"\n<div class=\"wp-block-media-text is-stacked-on-mobile\"><figure class=\"wp-block-media-text__media\"><img loading=\"lazy\" decoding=\"async\" width=\"1024\" height=\"683\" src=\"https:\/\/me.yrittajat.fi\/app\/uploads\/sites\/90\/2025\/04\/Yrittajat-21-1024x683.jpg\" alt=\"\" class=\"wp-image-136 size-full\" srcset=\"https:\/\/me.yrittajat.fi\/app\/uploads\/sites\/90\/2025\/04\/Yrittajat-21-1024x683.jpg 1024w, https:\/\/me.yrittajat.fi\/app\/uploads\/sites\/90\/2025\/04\/Yrittajat-21-300x200.jpg 300w, https:\/\/me.yrittajat.fi\/app\/uploads\/sites\/90\/2025\/04\/Yrittajat-21-768x512.jpg 768w, https:\/\/me.yrittajat.fi\/app\/uploads\/sites\/90\/2025\/04\/Yrittajat-21-1536x1025.jpg 1536w, https:\/\/me.yrittajat.fi\/app\/uploads\/sites\/90\/2025\/04\/Yrittajat-21-2048x1366.jpg 2048w, https:\/\/me.yrittajat.fi\/app\/uploads\/sites\/90\/2025\/04\/Yrittajat-21-668x445.jpg 668w\" sizes=\"auto, (max-width: 1024px) 100vw, 1024px\" \/><\/figure><div class=\"wp-block-media-text__content\">\n<div class=\"wp-block-group is-nowrap is-layout-flex wp-container-core-group-is-layout-1 wp-block-group-is-layout-flex\">\n<h2 class=\"wp-block-heading\">Hyv\u00e4 hankinta ei ole sattumaa \u2013 se on taitoa<\/h2>\n<\/div>\n\n\n\n<p>Onnistu hankinnoissa -valmennus auttaa sinua ottamaan hankintataidot haltuun markkinoita ymm\u00e4rt\u00e4en. <\/p>\n\n\n\n<p>Valmennuksessa opit, miten hankinnoilla voidaan vahvistaa alueen elinvoimaa, lis\u00e4t\u00e4 tarjousten m\u00e4\u00e4r\u00e4\u00e4 ja tuottaa kustannustehokkaita palveluja. <\/p>\n\n\n\n<p>Saat mukaasi k\u00e4yt\u00e4nn\u00f6n ty\u00f6kaluja julkisten hankintojen kehitt\u00e4miseen yrityskentt\u00e4\u00e4 ymm\u00e4rt\u00e4v\u00e4ll\u00e4 otteella. <\/p>\n\n\n\n<p>Valmennuksen aikana jokainen laatii oman organisaation kehitt\u00e4missuunnitelman, joka toimii konkreettisena ty\u00f6kaluna muutoksen jalkauttamiseen.<\/p>\n\n\n\n<p>Valmennus on tarkoitettu kuntien ja hyvinvointialueiden hankintojen parissa ty\u00f6skenteleville.<\/p>\n\n\n\t<div id=\"gb-button-block_2bdcc690ad68fcbbafe487b50b5b009f\" class=\"gb-button gb-button-block_2bdcc690ad68fcbbafe487b50b5b009f\">\n\t\t\t\t\t\t<a class=\"b-button b-button--color- b-button--style-\"\n\t   href=\"https:\/\/www.lyyti.in\/Onnistu_hankinnoissa_2026_3743\"\n\t   target=\"_blank\">\n\n\t\t<span class=\"b-button__title\">\n\t\t\tIlmoittaudu mukaan\t\t<\/span>\n\n\t\t\t\t\t<span class=\"b-button__icon\">\n\t\t\t\t<svg xmlns=\"http:\/\/www.w3.org\/2000\/svg\" viewBox=\"0 0 9 14\"><path d=\"M2.001 13.664a1.333 1.333 0 01-.954-2.272l.007-.008 4.414-4.386-4.24-4.414A1.333 1.333 0 113.12.704l5.147 5.334a1.333 1.333 0 010 1.866l-5.334 5.334a1.333 1.333 0 01-.933.426z\"\/><\/svg>\t\t\t<\/span>\n\t\t\t<\/a>\n\t\t\t<\/div>\n<\/div><\/div>\n\n\n\n<h3 class=\"wp-block-heading\">Valmennuksen sis\u00e4lt\u00f6 <\/h3>\n\n\n\n<p>Valmennus koostuu kahdesta l\u00e4hip\u00e4iv\u00e4st\u00e4 Helsingiss\u00e4 sek\u00e4 kahdesta puolikkaasta et\u00e4p\u00e4iv\u00e4st\u00e4. Tapaamiskertojen v\u00e4lill\u00e4 tehd\u00e4\u00e4n my\u00f6s itsen\u00e4ist\u00e4 ty\u00f6skentely\u00e4 omaan organisaatioon liittyv\u00e4n kehitt\u00e4misteht\u00e4v\u00e4n parissa.<\/p>\n\n\n\n<section id=\"gb-accordion-block_69280a2fbef14a7a91d8bb68075be7b6\" class=\"gb-accordion gb-accordion-block_69280a2fbef14a7a91d8bb68075be7b6\">\n\t<div class=\"handorgel\">\n\t\t\t\t\t<h3 class=\"handorgel__header handorgel__header--no-start-time\">\n\t\t\t\t<button class=\"handorgel__header__button\"\n\t\t\t\t        id=\"lahipaiva-7-10-2026-klo-9-16-hyvan-hankkijan-rooli-ja-strateginen-merkitys\">\n\t\t\t\t\t<span class=\"handorgel__header__button--content\">\n\t\t\t\t\t\t\t\t\t\t<span class=\"handorgel__header__button--title\">L\u00e4hip\u00e4iv\u00e4 7.10.2026 klo 9-16 &#8211; Hyv\u00e4n hankkijan rooli ja strateginen merkitys<\/span>\n\t\t\t\t\t<\/span>\n\t\t\t\t\t<span class=\"handorgel__header__button--icon\">\n\t\t\t\t\t\t\t<span><\/span>\n\t\t\t\t\t\t\t<span><\/span>\n\t\t\t\t\t<\/span>\n\t\t\t\t\t\t\t\t\t<\/button>\n\t\t\t<\/h3>\n\t\t\t<div class=\"handorgel__content handorgel__content--no-start-time\">\n\t\t\t\t<div class=\"handorgel__content__inner\">\n\t\t\t\t\t<p>P\u00e4iv\u00e4n tavoitteena on luoda yhteinen ymm\u00e4rrys siit\u00e4, miksi ja miten hankinnoilla voidaan vaikuttaa alueen elinvoimaan ja yritysmy\u00f6nteisyyteen.<\/p>\n<ul>\n<li>Koulutuksen esittely ja tavoitteet<\/li>\n<li>Osallistujien esitt\u00e4ytyminen<\/li>\n<li>Hankintojen strateginen rooli kunnissa ja hyvinvointialueilla<\/li>\n<li>Uuden hankintalain keskeiset muutokset ja vaikutukset<\/li>\n<li>Hyv\u00e4n hankkijan tunnusmerkit (kriteerit, valintaperusteet, sopimusehdot, hinnankorotukset)<\/li>\n<li>Tuotantotapa-analyysi ja markkinakartoitus osana tiedolla johtamista<\/li>\n<li>Case-esimerkkej\u00e4<\/li>\n<li>Kehitt\u00e4missuunnitelman esittely<\/li>\n<\/ul>\n\t\t\t\t<\/div>\n\t\t\t<\/div>\n\t\t\t\t\t<h3 class=\"handorgel__header handorgel__header--no-start-time\">\n\t\t\t\t<button class=\"handorgel__header__button\"\n\t\t\t\t        id=\"etapaiva-18-11-2026-klo-9-12-kustannustehokkaat-tavat-hankinnoissa\">\n\t\t\t\t\t<span class=\"handorgel__header__button--content\">\n\t\t\t\t\t\t\t\t\t\t<span class=\"handorgel__header__button--title\">Et\u00e4p\u00e4iv\u00e4 18.11.2026 klo 9-12 &#8211; Kustannustehokkaat tavat hankinnoissa<\/span>\n\t\t\t\t\t<\/span>\n\t\t\t\t\t<span class=\"handorgel__header__button--icon\">\n\t\t\t\t\t\t\t<span><\/span>\n\t\t\t\t\t\t\t<span><\/span>\n\t\t\t\t\t<\/span>\n\t\t\t\t\t\t\t\t\t<\/button>\n\t\t\t<\/h3>\n\t\t\t<div class=\"handorgel__content handorgel__content--no-start-time\">\n\t\t\t\t<div class=\"handorgel__content__inner\">\n\t\t\t\t\t<p>P\u00e4iv\u00e4n tavoitteena on l\u00f6yt\u00e4\u00e4 keinoja kustannustehokkaisiin hankintoihin.<\/p>\n<p>Valinnaiset osiot (osallistuminen toiseen n\u00e4ist\u00e4):<\/p>\n<ul>\n<li>Hyvinvointialueet: Oman tuotannon kustannukset ja vertailu hankintap\u00e4\u00e4t\u00f6ksiss\u00e4<\/li>\n<li>Kunnat: Kuntien mahdollisuudet tuottaa palveluja<\/li>\n<\/ul>\n<p>Yhteisen\u00e4 osiona:<\/p>\n<ul>\n<li>Oman kehitt\u00e4mishaasteen esittely ja jatkoaskeleet<\/li>\n<\/ul>\n\t\t\t\t<\/div>\n\t\t\t<\/div>\n\t\t\t\t\t<h3 class=\"handorgel__header handorgel__header--no-start-time\">\n\t\t\t\t<button class=\"handorgel__header__button\"\n\t\t\t\t        id=\"etapaiva-14-1-2027-klo-9-12-hankintojen-prosessi-ja-sopimussuhteet\">\n\t\t\t\t\t<span class=\"handorgel__header__button--content\">\n\t\t\t\t\t\t\t\t\t\t<span class=\"handorgel__header__button--title\">Et\u00e4p\u00e4iv\u00e4 14.1.2027 klo 9-12 &#8211; Hankintojen prosessi ja sopimussuhteet<\/span>\n\t\t\t\t\t<\/span>\n\t\t\t\t\t<span class=\"handorgel__header__button--icon\">\n\t\t\t\t\t\t\t<span><\/span>\n\t\t\t\t\t\t\t<span><\/span>\n\t\t\t\t\t<\/span>\n\t\t\t\t\t\t\t\t\t<\/button>\n\t\t\t<\/h3>\n\t\t\t<div class=\"handorgel__content handorgel__content--no-start-time\">\n\t\t\t\t<div class=\"handorgel__content__inner\">\n\t\t\t\t\t<p>P\u00e4iv\u00e4n tavoitteena on lis\u00e4t\u00e4 ymm\u00e4rryst\u00e4 siit\u00e4 hankinnoista prosessina.<\/p>\n<ul>\n<li>Toimiva markkinavuoropuhelu<\/li>\n<li>Sopimushallinnalla ryhti\u00e4 tekemiseen<\/li>\n<li>Sopimussuhteiden l\u00e4pin\u00e4kyvyys ja kilpailukyky<\/li>\n<li>Yksi koko ei sovi kaikille &#8211; hankintojen osiin jakaminen<\/li>\n<li>Case-esimerkkej\u00e4<\/li>\n<\/ul>\n\t\t\t\t<\/div>\n\t\t\t<\/div>\n\t\t\t\t\t<h3 class=\"handorgel__header handorgel__header--no-start-time\">\n\t\t\t\t<button class=\"handorgel__header__button\"\n\t\t\t\t        id=\"lahipaiva-18-2-2027-klo-9-16-uusia-toimintatapoja-ja-tyokaluja\">\n\t\t\t\t\t<span class=\"handorgel__header__button--content\">\n\t\t\t\t\t\t\t\t\t\t<span class=\"handorgel__header__button--title\">L\u00e4hip\u00e4iv\u00e4 18.2.2027 klo 9-16 &#8211; Uusia toimintatapoja ja ty\u00f6kaluja<\/span>\n\t\t\t\t\t<\/span>\n\t\t\t\t\t<span class=\"handorgel__header__button--icon\">\n\t\t\t\t\t\t\t<span><\/span>\n\t\t\t\t\t\t\t<span><\/span>\n\t\t\t\t\t<\/span>\n\t\t\t\t\t\t\t\t\t<\/button>\n\t\t\t<\/h3>\n\t\t\t<div class=\"handorgel__content handorgel__content--no-start-time\">\n\t\t\t\t<div class=\"handorgel__content__inner\">\n\t\t\t\t\t<p>P\u00e4iv\u00e4n tavoitteena on saada ty\u00f6kaluja hankintojen kehitt\u00e4miseen ja kehitt\u00e4missuunnitelman t\u00e4yt\u00e4nt\u00f6\u00f6n panoon.<\/p>\n<ul>\n<li>Hankintatietovaranto ja ostolaskudatan hy\u00f6dynt\u00e4minen hankinnoissa<\/li>\n<li>Innovatiiviset hankinnat ja Hankinta-Suomen konkreettiset ty\u00f6kalut hankintojen tueksi<\/li>\n<li>Miten vied\u00e4 muutos k\u00e4yt\u00e4nt\u00f6\u00f6n? &#8211; Ty\u00f6kaluja muutoksen toteuttamiseen, sitouttamiseen ja viestint\u00e4\u00e4n<\/li>\n<li>Kehitt\u00e4misteht\u00e4vien esittelyt ja vertaispalaute<\/li>\n<li>Hankintaosaaja-todistukset<\/li>\n<\/ul>\n\t\t\t\t<\/div>\n\t\t\t<\/div>\n\t\t\t<\/div>\n<\/section\n\t\t<!-- You can also use SakkeLib\\Helpers\\get_template_part inside a gutenberg acf block template -->\n\n\n\n<h3 class=\"wp-block-heading\">K\u00e4yt\u00e4nn\u00f6n asioita<\/h3>\n\n\n\n<section id=\"gb-accordion-block_71d9dd6836fa36976e3b447fb54be5b0\" class=\"gb-accordion gb-accordion-block_71d9dd6836fa36976e3b447fb54be5b0\">\n\t<div class=\"handorgel\">\n\t\t\t\t\t<h3 class=\"handorgel__header handorgel__header--no-start-time\">\n\t\t\t\t<button class=\"handorgel__header__button\"\n\t\t\t\t        id=\"kehittamistehtava\">\n\t\t\t\t\t<span class=\"handorgel__header__button--content\">\n\t\t\t\t\t\t\t\t\t\t<span class=\"handorgel__header__button--title\">Kehitt\u00e4misteht\u00e4v\u00e4<\/span>\n\t\t\t\t\t<\/span>\n\t\t\t\t\t<span class=\"handorgel__header__button--icon\">\n\t\t\t\t\t\t\t<span><\/span>\n\t\t\t\t\t\t\t<span><\/span>\n\t\t\t\t\t<\/span>\n\t\t\t\t\t\t\t\t\t<\/button>\n\t\t\t<\/h3>\n\t\t\t<div class=\"handorgel__content handorgel__content--no-start-time\">\n\t\t\t\t<div class=\"handorgel__content__inner\">\n\t\t\t\t\t<p>Valmennuksen aikana jokainen osallistuja valitsee itselleen kohteen, jota haluaa oman organisaation julkisissa hankinnoissa kehitt\u00e4\u00e4 ja laatii siit\u00e4 kehitt\u00e4missuunnitelman hy\u00f6dynnett\u00e4v\u00e4ksi valmennuksen j\u00e4lkeen.<\/p>\n<p>Kehitt\u00e4missuunnitelma voi kohdentua esimerkiksi hankintakulttuurin nykytilan selvitt\u00e4miseen ja kehitt\u00e4mistarpeiden tunnistamiseen tai vaikka markkinakartoituksen ja markkinavuoropuhelun arviointiin ja kehitysehdotuksiin.<\/p>\n<p>Teht\u00e4v\u00e4 ohjeistetaan ensimm\u00e4isen l\u00e4hip\u00e4iv\u00e4n lopuksi ja valmennuksen viimeisen p\u00e4iv\u00e4n ohjelmassa on suunnitelmien esittely ja vertaispalaute.<\/p>\n\t\t\t\t<\/div>\n\t\t\t<\/div>\n\t\t\t\t\t<h3 class=\"handorgel__header handorgel__header--no-start-time\">\n\t\t\t\t<button class=\"handorgel__header__button\"\n\t\t\t\t        id=\"hinta-ja-ilmoittautuminen\">\n\t\t\t\t\t<span class=\"handorgel__header__button--content\">\n\t\t\t\t\t\t\t\t\t\t<span class=\"handorgel__header__button--title\">Hinta ja ilmoittautuminen<\/span>\n\t\t\t\t\t<\/span>\n\t\t\t\t\t<span class=\"handorgel__header__button--icon\">\n\t\t\t\t\t\t\t<span><\/span>\n\t\t\t\t\t\t\t<span><\/span>\n\t\t\t\t\t<\/span>\n\t\t\t\t\t\t\t\t\t<\/button>\n\t\t\t<\/h3>\n\t\t\t<div class=\"handorgel__content handorgel__content--no-start-time\">\n\t\t\t\t<div class=\"handorgel__content__inner\">\n\t\t\t\t\t<p><strong>Valmennuksen hinta on 1490 \u20ac + alv \/ hl\u00f6.<\/strong><\/p>\n<p>Hinta sis\u00e4lt\u00e4\u00e4 yll\u00e4 mainitun ohjelman sek\u00e4 l\u00e4hip\u00e4ivin\u00e4 aamu- ja iltap\u00e4iv\u00e4kahvin sek\u00e4 lounaan.<\/p>\n<p>Mahdollisista matka- ja majoituskuluista jokainen osallistuja vastaa itsen\u00e4isesti.<\/p>\n<p>Ilmoittautumisen peruutus on mahdollista 15.9.2026 asti. Ilmoittautuminen p\u00e4\u00e4ttyy 30.9.2026 ja ajalla 16.9.-30.9.2026 tehdyt ilmoittautumiset ovat sitovia.<\/p>\n<p><a href=\"https:\/\/www.lyyti.in\/Onnistu_hankinnoissa_2026_3743\" target=\"_blank\" rel=\"noopener\">T\u00e4st\u00e4 p\u00e4\u00e4set ilmoittautumislomakkeelle.<\/a><\/p>\n\t\t\t\t<\/div>\n\t\t\t<\/div>\n\t\t\t\t\t<h3 class=\"handorgel__header handorgel__header--no-start-time\">\n\t\t\t\t<button class=\"handorgel__header__button\"\n\t\t\t\t        id=\"lisatietoja\">\n\t\t\t\t\t<span class=\"handorgel__header__button--content\">\n\t\t\t\t\t\t\t\t\t\t<span class=\"handorgel__header__button--title\">Lis\u00e4tietoja<\/span>\n\t\t\t\t\t<\/span>\n\t\t\t\t\t<span class=\"handorgel__header__button--icon\">\n\t\t\t\t\t\t\t<span><\/span>\n\t\t\t\t\t\t\t<span><\/span>\n\t\t\t\t\t<\/span>\n\t\t\t\t\t\t\t\t\t<\/button>\n\t\t\t<\/h3>\n\t\t\t<div class=\"handorgel__content handorgel__content--no-start-time\">\n\t\t\t\t<div class=\"handorgel__content__inner\">\n\t\t\t\t\t<p>Jos sinulla on mit\u00e4\u00e4n kysytt\u00e4v\u00e4\u00e4 valmennukseen liittyen, voit olla yhteydess\u00e4 koulutusp\u00e4\u00e4llikk\u00f6 Heidi J\u00e4ntti, heidi.jantti@yrittajat.fi tai 050 512 8909.<\/p>\n\t\t\t\t<\/div>\n\t\t\t<\/div>\n\t\t\t<\/div>\n<\/section\n\t\t<!-- You can also use SakkeLib\\Helpers\\get_template_part inside a gutenberg acf block template -->\n","protected":false},"excerpt":{"rendered":"<p>Valmennuksen sis\u00e4lt\u00f6 Valmennus koostuu kahdesta l\u00e4hip\u00e4iv\u00e4st\u00e4 Helsingiss\u00e4 sek\u00e4 kahdesta puolikkaasta et\u00e4p\u00e4iv\u00e4st\u00e4. Tapaamiskertojen v\u00e4lill\u00e4 tehd\u00e4\u00e4n my\u00f6s itsen\u00e4ist\u00e4 ty\u00f6skentely\u00e4 omaan organisaatioon liittyv\u00e4n kehitt\u00e4misteht\u00e4v\u00e4n parissa. K\u00e4yt\u00e4nn\u00f6n asioita<\/p>\n","protected":false},"author":32,"featured_media":195,"parent":0,"menu_order":0,"comment_status":"closed","ping_status":"closed","template":"","meta":{"_acf_changed":false,"footnotes":""},"class_list":["post-294","page","type-page","status-publish","has-post-thumbnail","hentry"],"acf":[],"_links":{"self":[{"href":"https:\/\/me.yrittajat.fi\/kunta\/wp-json\/wp\/v2\/pages\/294","targetHints":{"allow":["GET"]}}],"collection":[{"href":"https:\/\/me.yrittajat.fi\/kunta\/wp-json\/wp\/v2\/pages"}],"about":[{"href":"https:\/\/me.yrittajat.fi\/kunta\/wp-json\/wp\/v2\/types\/page"}],"author":[{"embeddable":true,"href":"https:\/\/me.yrittajat.fi\/kunta\/wp-json\/wp\/v2\/users\/32"}],"replies":[{"embeddable":true,"href":"https:\/\/me.yrittajat.fi\/kunta\/wp-json\/wp\/v2\/comments?post=294"}],"version-history":[{"count":5,"href":"https:\/\/me.yrittajat.fi\/kunta\/wp-json\/wp\/v2\/pages\/294\/revisions"}],"predecessor-version":[{"id":363,"href":"https:\/\/me.yrittajat.fi\/kunta\/wp-json\/wp\/v2\/pages\/294\/revisions\/363"}],"wp:featuredmedia":[{"embeddable":true,"href":"https:\/\/me.yrittajat.fi\/kunta\/wp-json\/wp\/v2\/media\/195"}],"wp:attachment":[{"href":"https:\/\/me.yrittajat.fi\/kunta\/wp-json\/wp\/v2\/media?parent=294"}],"curies":[{"name":"wp","href":"https:\/\/api.w.org\/{rel}","templated":true}]}}