{"id":3,"date":"2024-04-12T13:28:54","date_gmt":"2024-04-12T10:28:54","guid":{"rendered":"https:\/\/me.yrittajat.fi\/elinvoimaa-yrittajyydesta\/etusivu\/"},"modified":"2025-12-17T15:31:34","modified_gmt":"2025-12-17T13:31:34","slug":"etusivu","status":"publish","type":"page","link":"https:\/\/me.yrittajat.fi\/kunta\/","title":{"rendered":"Etusivu"},"content":{"rendered":"\n<h3 class=\"wp-block-heading\"><strong>Miten me autamme?<\/strong><\/h3>\n\n\n\n<p>Suomen Yritt\u00e4j\u00e4t tarjoaa kunnille ja p\u00e4\u00e4tt\u00e4jille konkreettisia ty\u00f6kaluja ja osaamista. J\u00e4rjest\u00e4mme&nbsp;<strong>seminaareja, koulutuksia ja verkostoitumistilaisuuksia<\/strong>&nbsp;kuntajohtajille, p\u00e4\u00e4tt\u00e4jille ja asiantuntijoille, jotka ty\u00f6skentelev\u00e4t yritysrajapinnassa. N\u00e4iss\u00e4 tilaisuuksissa:<\/p>\n\n\n\n<ul class=\"wp-block-list\">\n<li>Saat&nbsp;<strong>ajankohtaista tietoa yritt\u00e4jien tarpeista ja toimintatavoista<\/strong>.<\/li>\n\n\n\n<li>Opit&nbsp;<strong>k\u00e4yt\u00e4nn\u00f6n keinoja yritysmy\u00f6nteisen kunnan rakentamiseen<\/strong>.<\/li>\n\n\n\n<li>Verkostoidut muiden kuntien ja asiantuntijoiden kanssa \u2013 ja saat uusia ideoita omaan ty\u00f6h\u00f6si.<\/li>\n<\/ul>\n\n\n\n<p>Kun kunta ja yritt\u00e4j\u00e4t pelaavat samaan maaliin, syntyy voittava joukkue. Meid\u00e4n teht\u00e4v\u00e4mme on varmistaa, ett\u00e4 yhteisty\u00f6 on sujuvaa, tavoitteellista ja hy\u00f6dytt\u00e4\u00e4 kaikkia osapuolia.<\/p>\n\n\n\n<p class=\"has-text-align-left\">Tutustu tapahtumiimme ja koulutuksiimme ja ota askel kohti vahvempaa kuntaa!<\/p>\n\n\n\n<hr class=\"wp-block-separator has-alpha-channel-opacity\"\/>\n\n\n\n<h2 class=\"wp-block-heading has-text-align-center\">Kunnallisjohdon seminaari<\/h2>\n\n\n\n\t<div id=\"gb-anchor-block_12525846c02b02aebc9ce573205b08f2\" class=\"gb-anchor gb-anchor-block_12525846c02b02aebc9ce573205b08f2\">\n\t\t\t\t\t<div class=\"gb-anchor__anchor\" id=\"kujo\"><\/div>\n\n\t\t\t\t\t\t<\/div>\n\n\n\n\n<div class=\"wp-block-media-text is-stacked-on-mobile\"><figure class=\"wp-block-media-text__media\"><img loading=\"lazy\" decoding=\"async\" width=\"1024\" height=\"683\" src=\"https:\/\/me.yrittajat.fi\/app\/uploads\/sites\/90\/2025\/04\/Kunnallisjohdon-seminaari-2024-4869-1024x683.jpg\" alt=\"Kunnallisjohdon seminaari 2024 Logomossa\" class=\"wp-image-200 size-full\" srcset=\"https:\/\/me.yrittajat.fi\/app\/uploads\/sites\/90\/2025\/04\/Kunnallisjohdon-seminaari-2024-4869-1024x683.jpg 1024w, https:\/\/me.yrittajat.fi\/app\/uploads\/sites\/90\/2025\/04\/Kunnallisjohdon-seminaari-2024-4869-300x200.jpg 300w, https:\/\/me.yrittajat.fi\/app\/uploads\/sites\/90\/2025\/04\/Kunnallisjohdon-seminaari-2024-4869-768x512.jpg 768w, https:\/\/me.yrittajat.fi\/app\/uploads\/sites\/90\/2025\/04\/Kunnallisjohdon-seminaari-2024-4869-1536x1024.jpg 1536w, https:\/\/me.yrittajat.fi\/app\/uploads\/sites\/90\/2025\/04\/Kunnallisjohdon-seminaari-2024-4869-2048x1365.jpg 2048w, https:\/\/me.yrittajat.fi\/app\/uploads\/sites\/90\/2025\/04\/Kunnallisjohdon-seminaari-2024-4869-668x445.jpg 668w\" sizes=\"auto, (max-width: 1024px) 100vw, 1024px\" \/><\/figure><div class=\"wp-block-media-text__content\">\n<p>Kunnallisjohdon seminaari kokoaa vuosittain yhteen yli 1000 kuntap\u00e4\u00e4tt\u00e4j\u00e4\u00e4, asiantuntijaa ja yritt\u00e4j\u00e4\u00e4 keskustelemaan ajankohtaisista yhteiskunnallisista aiheista. <\/p>\n\n\n\n<p>Kaksip\u00e4iv\u00e4inen seminaari tarjoaa my\u00f6s erinomaisen mahdollisuuden verkostoitua ja k\u00e4yd\u00e4 keskusteluja eri puolilta Suomea tulevien osallistujien kanssa.&nbsp;<\/p>\n\n\n\n<p>Kunnallisjohdon seminaarissa julkaistaan vuorovuosin Kuntabarometrin ja Elinvoimabarometrin tulokset. Tutkimuksilla kartoitetaan kuntien ja yritt\u00e4jien yhteisty\u00f6t\u00e4 sek\u00e4 elinkeinopolitiikan tilaa. Tule paikalle ja kuule, mik\u00e4 on yritt\u00e4j\u00e4n n\u00e4kemys oman kuntansa ja alueensa elinvoimasta.<\/p>\n\n\n\t<div id=\"gb-button-block_79a2f337ee3ac1323febca246b087b67\" class=\"gb-button gb-button-block_79a2f337ee3ac1323febca246b087b67\">\n\t\t\t\t\t\t<a class=\"b-button b-button--color- b-button--style-\"\n\t   href=\"https:\/\/me.yrittajat.fi\/kunnallisjohdon-seminaari\/\"\n\t   target=\"_blank\">\n\n\t\t<span class=\"b-button__title\">\n\t\t\tTutustu Kunnallisjohdon seminaariin\t\t<\/span>\n\n\t\t\t\t\t<span class=\"b-button__icon\">\n\t\t\t\t<svg xmlns=\"http:\/\/www.w3.org\/2000\/svg\" viewBox=\"0 0 9 14\"><path d=\"M2.001 13.664a1.333 1.333 0 01-.954-2.272l.007-.008 4.414-4.386-4.24-4.414A1.333 1.333 0 113.12.704l5.147 5.334a1.333 1.333 0 010 1.866l-5.334 5.334a1.333 1.333 0 01-.933.426z\"\/><\/svg>\t\t\t<\/span>\n\t\t\t<\/a>\n\t\t\t<\/div>\n<\/div><\/div>\n\n\n\n<hr class=\"wp-block-separator has-alpha-channel-opacity\"\/>\n\n\n\n\t<div id=\"gb-anchor-block_297742d87eb67ad0852d991f205c6172\" class=\"gb-anchor gb-anchor-block_297742d87eb67ad0852d991f205c6172\">\n\t\t\t\t\t<div class=\"gb-anchor__anchor\" id=\"elinvoima\"><\/div>\n\n\t\t\t\t\t\t<\/div>\n\n\n\n\n<h2 class=\"wp-block-heading has-text-align-center\">Yritt\u00e4jyyden ykk\u00f6skunta -koulutus<\/h2>\n\n\n\n<div class=\"wp-block-media-text has-media-on-the-right is-stacked-on-mobile\"><div class=\"wp-block-media-text__content\">\n<p>Kunta ja yritt\u00e4j\u00e4t ovat kumppanipari, joka k\u00e4\u00e4rii hihat ja luo kuntaan elinvoimaa ja kasvua. Toimiva yhteispeli vaatii tahtotilan lis\u00e4ksi osaamista kaikilta kunnan yritt\u00e4j\u00e4rajapinnassa toimivilta.<\/p>\n\n\n\n<p><strong>Tutustu kunnalle r\u00e4\u00e4t\u00e4l\u00f6it\u00e4v\u00e4\u00e4n tilauskoulutukseen, joka tarjoaa tietoa ja ty\u00f6kaluja<\/strong><\/p>\n\n\n\n<ul class=\"wp-block-list\">\n<li>kunnan yritt\u00e4jyyden ja yritt\u00e4jien tarpeiden entist\u00e4 syvemp\u00e4\u00e4n ymm\u00e4rt\u00e4miseen<\/li>\n\n\n\n<li>yritt\u00e4j\u00e4my\u00f6nteisen elinvoimakunnan rakentamiseen &#8211; lis\u00e4\u00e4 veto- ja pitovoimaa!<\/li>\n\n\n\n<li>kunnan sijoituksen nostamiseen yritt\u00e4jyysmy\u00f6nteisyytt\u00e4 arvioivassa Kuntabarometrissa.<\/li>\n\n\n\n<li>yritysyhteisty\u00f6n ja vuoropuhelun vahvistamiseen.<\/li>\n<\/ul>\n\n\n\n<p><strong>Varmista paikka menestyvien kuntien joukossa \u2013 tilaa r\u00e4\u00e4t\u00e4l\u00f6ity koulutus kuntaasi!<\/strong><\/p>\n\n\n\t<div id=\"gb-button-block_990f4e6b2060857b89c3eb7f93a4edfd\" class=\"gb-button gb-button-block_990f4e6b2060857b89c3eb7f93a4edfd\">\n\t\t\t\t\t\t<a class=\"b-button b-button--color- b-button--style-\"\n\t   href=\"https:\/\/me.yrittajat.fi\/kunta\/yrittajyyden-ykkoskunta-koulutus\/\"\n\t   target=\"_blank\">\n\n\t\t<span class=\"b-button__title\">\n\t\t\tTutustu koulutukseen ja ota yhteytt\u00e4\t\t<\/span>\n\n\t\t\t\t\t<span class=\"b-button__icon\">\n\t\t\t\t<svg xmlns=\"http:\/\/www.w3.org\/2000\/svg\" viewBox=\"0 0 9 14\"><path d=\"M2.001 13.664a1.333 1.333 0 01-.954-2.272l.007-.008 4.414-4.386-4.24-4.414A1.333 1.333 0 113.12.704l5.147 5.334a1.333 1.333 0 010 1.866l-5.334 5.334a1.333 1.333 0 01-.933.426z\"\/><\/svg>\t\t\t<\/span>\n\t\t\t<\/a>\n\t\t\t<\/div>\n<\/div><figure class=\"wp-block-media-text__media\"><img loading=\"lazy\" decoding=\"async\" width=\"1024\" height=\"683\" src=\"https:\/\/me.yrittajat.fi\/app\/uploads\/sites\/90\/2025\/04\/Yrittajat-tapahtuma-11-1024x683.jpg\" alt=\"\" class=\"wp-image-210 size-full\" srcset=\"https:\/\/me.yrittajat.fi\/app\/uploads\/sites\/90\/2025\/04\/Yrittajat-tapahtuma-11-1024x683.jpg 1024w, https:\/\/me.yrittajat.fi\/app\/uploads\/sites\/90\/2025\/04\/Yrittajat-tapahtuma-11-300x200.jpg 300w, https:\/\/me.yrittajat.fi\/app\/uploads\/sites\/90\/2025\/04\/Yrittajat-tapahtuma-11-768x512.jpg 768w, https:\/\/me.yrittajat.fi\/app\/uploads\/sites\/90\/2025\/04\/Yrittajat-tapahtuma-11-1536x1024.jpg 1536w, https:\/\/me.yrittajat.fi\/app\/uploads\/sites\/90\/2025\/04\/Yrittajat-tapahtuma-11-2048x1365.jpg 2048w, https:\/\/me.yrittajat.fi\/app\/uploads\/sites\/90\/2025\/04\/Yrittajat-tapahtuma-11-668x445.jpg 668w\" sizes=\"auto, (max-width: 1024px) 100vw, 1024px\" \/><\/figure><\/div>\n\n\n\n<hr class=\"wp-block-separator has-alpha-channel-opacity\"\/>\n\n\n\n\t<div id=\"gb-anchor-block_ce44c50907f5aaa7f23401460fbd4639\" class=\"gb-anchor gb-anchor-block_ce44c50907f5aaa7f23401460fbd4639\">\n\t\t\t\t\t<div class=\"gb-anchor__anchor\" id=\"akatemia\"><\/div>\n\n\t\t\t\t\t\t<\/div>\n\n\n\n\n<h3 class=\"wp-block-heading has-text-align-center\">Kuntajohtajan Yritt\u00e4j\u00e4t-akatemia<\/h3>\n\n\n\n<div class=\"wp-block-media-text is-stacked-on-mobile\"><figure class=\"wp-block-media-text__media\"><img loading=\"lazy\" decoding=\"async\" width=\"1024\" height=\"683\" src=\"https:\/\/me.yrittajat.fi\/app\/uploads\/sites\/90\/2025\/04\/Yrittajat-4-1024x683.jpg\" alt=\"\" class=\"wp-image-197 size-full\" srcset=\"https:\/\/me.yrittajat.fi\/app\/uploads\/sites\/90\/2025\/04\/Yrittajat-4-1024x683.jpg 1024w, https:\/\/me.yrittajat.fi\/app\/uploads\/sites\/90\/2025\/04\/Yrittajat-4-300x200.jpg 300w, https:\/\/me.yrittajat.fi\/app\/uploads\/sites\/90\/2025\/04\/Yrittajat-4-768x512.jpg 768w, https:\/\/me.yrittajat.fi\/app\/uploads\/sites\/90\/2025\/04\/Yrittajat-4-1536x1025.jpg 1536w, https:\/\/me.yrittajat.fi\/app\/uploads\/sites\/90\/2025\/04\/Yrittajat-4-668x445.jpg 668w, https:\/\/me.yrittajat.fi\/app\/uploads\/sites\/90\/2025\/04\/Yrittajat-4.jpg 2048w\" sizes=\"auto, (max-width: 1024px) 100vw, 1024px\" \/><\/figure><div class=\"wp-block-media-text__content\">\n<p>Valmennuksen tavoitteena on syvent\u00e4\u00e4 kunnan- ja kaupunkienjohtajien osaamista yritysten toimintaedellytyksist\u00e4 ja antaa valmiuksia kehitt\u00e4\u00e4 yritysyhteisty\u00f6t\u00e4 omassa kunnassa tai kaupungissa.<\/p>\n\n\n\n<p>Lis\u00e4ksi valmennus tarjoaa erinomaisen vertaisverkoston ja luottamuksellisen keskusteluilmapiirin kokemusten vaihtamiseen ryhm\u00e4\u00e4n valittujen kanssa.&nbsp;<\/p>\n\n\n\n<p>Kuntajohtajan Yritt\u00e4j\u00e4t-akatemia valmennukseen valitaan 12-14 henkil\u00f6\u00e4 aloittavaan ryhm\u00e4\u00e4n. Valmennukseen kuuluu kaksi l\u00e4hijaksoa Helsingiss\u00e4, ulkomaanjakso Brysseliss\u00e4 sek\u00e4 osallistuminen Kunnallisjohdon seminaariin.<\/p>\n\n\n\t<div id=\"gb-button-block_2f68e5c0c9a2fb1ff34767a1c39d71bf\" class=\"gb-button gb-button-block_2f68e5c0c9a2fb1ff34767a1c39d71bf\">\n\t\t\t\t\t\t<a class=\"b-button b-button--color- b-button--style-\"\n\t   href=\"https:\/\/me.yrittajat.fi\/kunta\/kuntajohtajan-yrittajat-akatemia\/\"\n\t   target=\"_blank\">\n\n\t\t<span class=\"b-button__title\">\n\t\t\tTutustu ja hae mukaan\t\t<\/span>\n\n\t\t\t\t\t<span class=\"b-button__icon\">\n\t\t\t\t<svg xmlns=\"http:\/\/www.w3.org\/2000\/svg\" viewBox=\"0 0 9 14\"><path d=\"M2.001 13.664a1.333 1.333 0 01-.954-2.272l.007-.008 4.414-4.386-4.24-4.414A1.333 1.333 0 113.12.704l5.147 5.334a1.333 1.333 0 010 1.866l-5.334 5.334a1.333 1.333 0 01-.933.426z\"\/><\/svg>\t\t\t<\/span>\n\t\t\t<\/a>\n\t\t\t<\/div>\n<\/div><\/div>\n\n\n\n<hr class=\"wp-block-separator has-alpha-channel-opacity\"\/>\n\n\n\n<h3 class=\"wp-block-heading has-text-align-center\">Webinaarit<\/h3>\n\n\n\n<div class=\"wp-block-media-text has-media-on-the-right is-stacked-on-mobile\"><div class=\"wp-block-media-text__content\">\n<p>Yritt\u00e4jien webinaareissa k\u00e4sitell\u00e4\u00e4n ajankohtaisia aiheita, jaetaan parhaita k\u00e4yt\u00e4nt\u00f6j\u00e4 ja tarjotaan konkreettisia ty\u00f6kaluja, joilla voitte edist\u00e4\u00e4 kuntanne elinvoimaisuutta ja yritt\u00e4j\u00e4yst\u00e4v\u00e4llisyytt\u00e4.<\/p>\n\n\n\t<div id=\"gb-button-block_a840f3a9a5f6d7d2f8f8bbe8d5e1db5f\" class=\"gb-button gb-button-block_a840f3a9a5f6d7d2f8f8bbe8d5e1db5f\">\n\t\t\t\t\t\t<a class=\"b-button b-button--color- b-button--style-\"\n\t   href=\"https:\/\/me.yrittajat.fi\/kunta\/webinaarit-syksylla-2025\/\"\n\t   target=\"_blank\">\n\n\t\t<span class=\"b-button__title\">\n\t\t\tTutustu ja tule mukaan!\t\t<\/span>\n\n\t\t\t\t\t<span class=\"b-button__icon\">\n\t\t\t\t<svg xmlns=\"http:\/\/www.w3.org\/2000\/svg\" viewBox=\"0 0 9 14\"><path d=\"M2.001 13.664a1.333 1.333 0 01-.954-2.272l.007-.008 4.414-4.386-4.24-4.414A1.333 1.333 0 113.12.704l5.147 5.334a1.333 1.333 0 010 1.866l-5.334 5.334a1.333 1.333 0 01-.933.426z\"\/><\/svg>\t\t\t<\/span>\n\t\t\t<\/a>\n\t\t\t<\/div>\n<\/div><figure class=\"wp-block-media-text__media\"><img loading=\"lazy\" decoding=\"async\" width=\"1024\" height=\"683\" src=\"https:\/\/me.yrittajat.fi\/app\/uploads\/sites\/90\/2025\/11\/yrittajat-netti-30-1024x683.jpg\" alt=\"\" class=\"wp-image-269 size-full\" srcset=\"https:\/\/me.yrittajat.fi\/app\/uploads\/sites\/90\/2025\/11\/yrittajat-netti-30-1024x683.jpg 1024w, https:\/\/me.yrittajat.fi\/app\/uploads\/sites\/90\/2025\/11\/yrittajat-netti-30-300x200.jpg 300w, https:\/\/me.yrittajat.fi\/app\/uploads\/sites\/90\/2025\/11\/yrittajat-netti-30-768x512.jpg 768w, https:\/\/me.yrittajat.fi\/app\/uploads\/sites\/90\/2025\/11\/yrittajat-netti-30-1536x1025.jpg 1536w, https:\/\/me.yrittajat.fi\/app\/uploads\/sites\/90\/2025\/11\/yrittajat-netti-30-668x445.jpg 668w, https:\/\/me.yrittajat.fi\/app\/uploads\/sites\/90\/2025\/11\/yrittajat-netti-30.jpg 1980w\" sizes=\"auto, (max-width: 1024px) 100vw, 1024px\" \/><\/figure><\/div>\n\n\n\n<hr class=\"wp-block-separator has-alpha-channel-opacity\"\/>\n\n\n\n<h3 class=\"wp-block-heading has-text-align-center\">Onnistu hankinnoissa -valmennus<\/h3>\n\n\n\n<div class=\"wp-block-media-text is-stacked-on-mobile\"><figure class=\"wp-block-media-text__media\"><img loading=\"lazy\" decoding=\"async\" width=\"1024\" height=\"683\" src=\"https:\/\/me.yrittajat.fi\/app\/uploads\/sites\/90\/2025\/04\/Yrittajat-21-1024x683.jpg\" alt=\"\" class=\"wp-image-136 size-full\" srcset=\"https:\/\/me.yrittajat.fi\/app\/uploads\/sites\/90\/2025\/04\/Yrittajat-21-1024x683.jpg 1024w, https:\/\/me.yrittajat.fi\/app\/uploads\/sites\/90\/2025\/04\/Yrittajat-21-300x200.jpg 300w, https:\/\/me.yrittajat.fi\/app\/uploads\/sites\/90\/2025\/04\/Yrittajat-21-768x512.jpg 768w, https:\/\/me.yrittajat.fi\/app\/uploads\/sites\/90\/2025\/04\/Yrittajat-21-1536x1025.jpg 1536w, https:\/\/me.yrittajat.fi\/app\/uploads\/sites\/90\/2025\/04\/Yrittajat-21-2048x1366.jpg 2048w, https:\/\/me.yrittajat.fi\/app\/uploads\/sites\/90\/2025\/04\/Yrittajat-21-668x445.jpg 668w\" sizes=\"auto, (max-width: 1024px) 100vw, 1024px\" \/><\/figure><div class=\"wp-block-media-text__content\">\n<p>Onnistu hankinnoissa -valmennus auttaa sinua ottamaan hankintataidot haltuun markkinoita ymm\u00e4rt\u00e4en.<\/p>\n\n\n\n<p>Valmennuksessa opit, miten hankinnoilla voidaan vahvistaa alueen elinvoimaa, lis\u00e4t\u00e4 tarjousten m\u00e4\u00e4r\u00e4\u00e4 ja tuottaa kustannustehokkaita palveluja.<\/p>\n\n\n\t<div id=\"gb-button-block_e98ac8b8778e752f54c40e5292577b9b\" class=\"gb-button gb-button-block_e98ac8b8778e752f54c40e5292577b9b\">\n\t\t\t\t\t\t<a class=\"b-button b-button--color- b-button--style-\"\n\t   href=\"https:\/\/me.yrittajat.fi\/kunta\/onnistu-hankinnoissa-valmennus\/\"\n\t   target=\"_blank\">\n\n\t\t<span class=\"b-button__title\">\n\t\t\tTutustu ja tule mukaan!\t\t<\/span>\n\n\t\t\t\t\t<span class=\"b-button__icon\">\n\t\t\t\t<svg xmlns=\"http:\/\/www.w3.org\/2000\/svg\" viewBox=\"0 0 9 14\"><path d=\"M2.001 13.664a1.333 1.333 0 01-.954-2.272l.007-.008 4.414-4.386-4.24-4.414A1.333 1.333 0 113.12.704l5.147 5.334a1.333 1.333 0 010 1.866l-5.334 5.334a1.333 1.333 0 01-.933.426z\"\/><\/svg>\t\t\t<\/span>\n\t\t\t<\/a>\n\t\t\t<\/div>\n<\/div><\/div>\n\n\n\n<hr class=\"wp-block-separator has-alpha-channel-opacity\"\/>\n\n\n\n<h3 class=\"wp-block-heading has-text-align-center\"><strong>Yhteisen\u00e4 tavoitteena elinvoimainen kunta<\/strong><\/h3>\n\n\n\n<p class=\"has-text-align-center\">Kun kunta tekee yhteisty\u00f6t\u00e4 alueensa yritt\u00e4jien kanssa, syntyy paljon hyv\u00e4\u00e4:<\/p>\n\n\n\n<ul class=\"wp-block-list\">\n<li><strong>Kasvua ja uusia ty\u00f6paikkoja<\/strong>&nbsp;\u2013 yritykset ovat paikallisen talouden moottori.<\/li>\n\n\n\n<li><strong>Innovaatioita ja kehityst\u00e4<\/strong>&nbsp;\u2013 yritt\u00e4j\u00e4t tuovat uusia ratkaisuja ja palveluja.<\/li>\n\n\n\n<li><strong>Verotuloja ja hyvinvointia<\/strong>&nbsp;\u2013 hy\u00f6ty, joka n\u00e4kyy jokaisen kuntalaisen arjessa.<\/li>\n\n\n\n<li><strong>Yhteis\u00f6llisyytt\u00e4 ja elinvoimaa<\/strong>&nbsp;\u2013 vahva yrityskentt\u00e4 tekee kunnasta houkuttelevan paikan asua ja yritt\u00e4\u00e4.<\/li>\n<\/ul>\n\n\n\n<h4 class=\"wp-block-heading has-text-align-center\">OTA YHTEYTT\u00c4<\/h4>\n\n\n\n<p class=\"has-text-align-center\">Jos kaipaat lis\u00e4tietoja tai sinulla on mit\u00e4\u00e4n kysytt\u00e4v\u00e4\u00e4 mist\u00e4\u00e4n yll\u00e4 olevasta, voit olla yhteydess\u00e4 koulutusp\u00e4\u00e4llikk\u00f6 Heidi J\u00e4ntti, heidi.jantti@yrittajat.fi tai 050 512 8909.<\/p>\n","protected":false},"excerpt":{"rendered":"<p>Miten me autamme? Suomen Yritt\u00e4j\u00e4t tarjoaa kunnille ja p\u00e4\u00e4tt\u00e4jille konkreettisia ty\u00f6kaluja ja osaamista. J\u00e4rjest\u00e4mme&nbsp;seminaareja, koulutuksia ja verkostoitumistilaisuuksia&nbsp;kuntajohtajille, p\u00e4\u00e4tt\u00e4jille ja asiantuntijoille, jotka ty\u00f6skentelev\u00e4t yritysrajapinnassa. N\u00e4iss\u00e4 tilaisuuksissa: Kun kunta ja yritt\u00e4j\u00e4t pelaavat samaan maaliin, syntyy voittava joukkue. Meid\u00e4n teht\u00e4v\u00e4mme on varmistaa, ett\u00e4 yhteisty\u00f6 on sujuvaa, tavoitteellista ja hy\u00f6dytt\u00e4\u00e4 kaikkia osapuolia. Tutustu tapahtumiimme ja koulutuksiimme ja ota askel &hellip; <a href=\"https:\/\/me.yrittajat.fi\/kunta\/\">Lue lis\u00e4\u00e4<\/a><\/p>\n","protected":false},"author":61,"featured_media":236,"parent":0,"menu_order":0,"comment_status":"closed","ping_status":"closed","template":"","meta":{"_acf_changed":false,"footnotes":""},"class_list":["post-3","page","type-page","status-publish","has-post-thumbnail","hentry"],"acf":[],"_links":{"self":[{"href":"https:\/\/me.yrittajat.fi\/kunta\/wp-json\/wp\/v2\/pages\/3","targetHints":{"allow":["GET"]}}],"collection":[{"href":"https:\/\/me.yrittajat.fi\/kunta\/wp-json\/wp\/v2\/pages"}],"about":[{"href":"https:\/\/me.yrittajat.fi\/kunta\/wp-json\/wp\/v2\/types\/page"}],"author":[{"embeddable":true,"href":"https:\/\/me.yrittajat.fi\/kunta\/wp-json\/wp\/v2\/users\/61"}],"replies":[{"embeddable":true,"href":"https:\/\/me.yrittajat.fi\/kunta\/wp-json\/wp\/v2\/comments?post=3"}],"version-history":[{"count":4,"href":"https:\/\/me.yrittajat.fi\/kunta\/wp-json\/wp\/v2\/pages\/3\/revisions"}],"predecessor-version":[{"id":305,"href":"https:\/\/me.yrittajat.fi\/kunta\/wp-json\/wp\/v2\/pages\/3\/revisions\/305"}],"wp:featuredmedia":[{"embeddable":true,"href":"https:\/\/me.yrittajat.fi\/kunta\/wp-json\/wp\/v2\/media\/236"}],"wp:attachment":[{"href":"https:\/\/me.yrittajat.fi\/kunta\/wp-json\/wp\/v2\/media?parent=3"}],"curies":[{"name":"wp","href":"https:\/\/api.w.org\/{rel}","templated":true}]}}