{"id":94,"date":"2025-04-23T13:33:52","date_gmt":"2025-04-23T10:33:52","guid":{"rendered":"https:\/\/me.yrittajat.fi\/elinvoimaa-yrittajyydesta\/?page_id=94"},"modified":"2026-04-09T15:17:08","modified_gmt":"2026-04-09T12:17:08","slug":"yrittajyyden-ykkoskunta-koulutus","status":"publish","type":"page","link":"https:\/\/me.yrittajat.fi\/kunta\/yrittajyyden-ykkoskunta-koulutus\/","title":{"rendered":"Yritt\u00e4jyyden ykk\u00f6skunta -koulutus"},"content":{"rendered":"\n<div class=\"wp-block-media-text has-media-on-the-right is-stacked-on-mobile\" style=\"grid-template-columns:auto 29%\"><div class=\"wp-block-media-text__content\">\n<p>Kunta ja yritt\u00e4j\u00e4t ovat kumppanipari, joka k\u00e4\u00e4rii hihat ja luo kuntaan elinvoimaa ja kasvua. Toimiva yhteispeli vaatii tahtotilan lis\u00e4ksi osaamista kaikilta kunnan yritt\u00e4j\u00e4rajapinnassa toimivilta. <\/p>\n\n\n\n<p><strong>Tutustu r\u00e4\u00e4t\u00e4l\u00f6it\u00e4v\u00e4\u00e4n tilauskoulutukseen, joka tarjoaa tietoa ja ty\u00f6kaluja<\/strong><\/p>\n\n\n\n<ul class=\"wp-block-list\">\n<li>kunnan yritt\u00e4jyyden ja yritt\u00e4jien tarpeiden ymm\u00e4rt\u00e4miseen ja vuoropuhelun vahvistamiseen<\/li>\n\n\n\n<li>yritt\u00e4j\u00e4my\u00f6nteisen elinvoimakunnan rakentamiseen &#8211; lis\u00e4\u00e4 veto- ja pitovoimaa!<\/li>\n\n\n\n<li>kunnan sijoituksen vahvistamiseen yritt\u00e4jyysmy\u00f6nteisyytt\u00e4 arvioivassa Kuntabarometrissa.<br><\/li>\n<\/ul>\n\n\n\n<p><strong>Vahvista yritt\u00e4jyytt\u00e4 kunnassa \u2013 Lue alta lis\u00e4\u00e4 koulutuksesta!<\/strong> <\/p>\n\n\n\n<p><strong>Vi genomf\u00f6r utbildningen ocks\u00e5 p\u00e5 svenska.<\/strong><\/p>\n\n\n\t<div id=\"gb-button-block_8445edadb9883f9eb47e23b1d5941c34\" class=\"gb-button gb-button-block_8445edadb9883f9eb47e23b1d5941c34\">\n\t\t\t\t\t\t<a class=\"b-button b-button--color- b-button--style-\"\n\t   href=\"https:\/\/link.webropolsurveys.com\/S\/2CFAF1CC3B040DE7\"\n\t   target=\"_blank\">\n\n\t\t<span class=\"b-button__title\">\n\t\t\tJ\u00e4t\u00e4 yhteystietosi &#8211; otamme yhteytt\u00e4!\t\t<\/span>\n\n\t\t\t\t\t<span class=\"b-button__icon\">\n\t\t\t\t<svg xmlns=\"http:\/\/www.w3.org\/2000\/svg\" viewBox=\"0 0 9 14\"><path d=\"M2.001 13.664a1.333 1.333 0 01-.954-2.272l.007-.008 4.414-4.386-4.24-4.414A1.333 1.333 0 113.12.704l5.147 5.334a1.333 1.333 0 010 1.866l-5.334 5.334a1.333 1.333 0 01-.933.426z\"\/><\/svg>\t\t\t<\/span>\n\t\t\t<\/a>\n\t\t\t<\/div>\n<\/div><figure class=\"wp-block-media-text__media\"><img loading=\"lazy\" decoding=\"async\" width=\"683\" height=\"1024\" src=\"https:\/\/me.yrittajat.fi\/app\/uploads\/sites\/90\/2025\/04\/Yrittajat-6-683x1024.jpg\" alt=\"\" class=\"wp-image-145 size-full\" srcset=\"https:\/\/me.yrittajat.fi\/app\/uploads\/sites\/90\/2025\/04\/Yrittajat-6-683x1024.jpg 683w, https:\/\/me.yrittajat.fi\/app\/uploads\/sites\/90\/2025\/04\/Yrittajat-6-200x300.jpg 200w, https:\/\/me.yrittajat.fi\/app\/uploads\/sites\/90\/2025\/04\/Yrittajat-6-768x1151.jpg 768w, https:\/\/me.yrittajat.fi\/app\/uploads\/sites\/90\/2025\/04\/Yrittajat-6-1025x1536.jpg 1025w, https:\/\/me.yrittajat.fi\/app\/uploads\/sites\/90\/2025\/04\/Yrittajat-6-1366x2048.jpg 1366w, https:\/\/me.yrittajat.fi\/app\/uploads\/sites\/90\/2025\/04\/Yrittajat-6.jpg 1441w\" sizes=\"auto, (max-width: 683px) 100vw, 683px\" \/><\/figure><\/div>\n\n\n\n<h2 class=\"wp-block-heading\"><\/h2>\n\n\n\n<h2 class=\"wp-block-heading\">KOULUTUS K\u00c4YT\u00c4NN\u00d6SS\u00c4<br><\/h2>\n\n\n\n<section id=\"gb-accordion-block_b02167fc73f95f2eac9ed5bd65e65815\" class=\"gb-accordion gb-accordion-block_b02167fc73f95f2eac9ed5bd65e65815\">\n\t<div class=\"handorgel\">\n\t\t\t\t\t<h3 class=\"handorgel__header handorgel__header--no-start-time\">\n\t\t\t\t<button class=\"handorgel__header__button\"\n\t\t\t\t        id=\"kohderyhma\">\n\t\t\t\t\t<span class=\"handorgel__header__button--content\">\n\t\t\t\t\t\t\t\t\t\t<span class=\"handorgel__header__button--title\">Kohderyhm\u00e4<\/span>\n\t\t\t\t\t<\/span>\n\t\t\t\t\t<span class=\"handorgel__header__button--icon\">\n\t\t\t\t\t\t\t<span><\/span>\n\t\t\t\t\t\t\t<span><\/span>\n\t\t\t\t\t<\/span>\n\t\t\t\t\t\t\t\t\t<\/button>\n\t\t\t<\/h3>\n\t\t\t<div class=\"handorgel__content handorgel__content--no-start-time\">\n\t\t\t\t<div class=\"handorgel__content__inner\">\n\t\t\t\t\t<p><strong>Koulutus on tarkoitettu <\/strong><\/p>\n<ul>\n<li>kunnan operatiiviselle johdolle<\/li>\n<li>yritt\u00e4j\u00e4rajapinnassa ty\u00f6skenteleville asiantuntijoille<\/li>\n<li>kunnan valtuutetuille<\/li>\n<li>alueen yritt\u00e4jille.<\/li>\n<\/ul>\n<p>Osallistujam\u00e4\u00e4r\u00e4\u00e4 ei ole rajattu ja koulutuksen tilaajana voi olla my\u00f6s useampi kunta. Kunta p\u00e4\u00e4tt\u00e4\u00e4 tarkemman kohderyhm\u00e4n.<\/p>\n\t\t\t\t<\/div>\n\t\t\t<\/div>\n\t\t\t\t\t<h3 class=\"handorgel__header handorgel__header--no-start-time\">\n\t\t\t\t<button class=\"handorgel__header__button\"\n\t\t\t\t        id=\"kesto-ja-toteutus\">\n\t\t\t\t\t<span class=\"handorgel__header__button--content\">\n\t\t\t\t\t\t\t\t\t\t<span class=\"handorgel__header__button--title\">Kesto ja toteutus<\/span>\n\t\t\t\t\t<\/span>\n\t\t\t\t\t<span class=\"handorgel__header__button--icon\">\n\t\t\t\t\t\t\t<span><\/span>\n\t\t\t\t\t\t\t<span><\/span>\n\t\t\t\t\t<\/span>\n\t\t\t\t\t\t\t\t\t<\/button>\n\t\t\t<\/h3>\n\t\t\t<div class=\"handorgel__content handorgel__content--no-start-time\">\n\t\t\t\t<div class=\"handorgel__content__inner\">\n\t\t\t\t\t<ul>\n<li>Koulutuksen kesto on puoli p\u00e4iv\u00e4\u00e4 tai yksi p\u00e4iv\u00e4, tilaajan toiveen mukaan.<\/li>\n<li>Koulutus toteutetaan kunnan j\u00e4rjest\u00e4miss\u00e4 tiloissa.<\/li>\n<li>Koulutus on vuorovaikutteinen. Se sis\u00e4lt\u00e4\u00e4 asiantuntija- ja kokemuspuheenvuoroja ja fasilitoituja keskusteluja ja ryhm\u00e4teht\u00e4vi\u00e4.<\/li>\n<li>Koulutuksen sis\u00e4lt\u00f6 nojaa kunnan tuloksiin Kuntabarometrissa.<\/li>\n<\/ul>\n<p>Kun tarpeesi on lyhyt (esim. tunnin mittainen) asiantuntijapuheenvuoro, ole yhteydess\u00e4 alueesi yritt\u00e4j\u00e4j\u00e4rjest\u00f6\u00f6n (<a href=\"https:\/\/www.yrittajat.fi\/tietoa-meista\/aluejarjestot-ja-paikallisyhdistykset\/aluejarjestot\/\" target=\"_blank\" rel=\"noopener\">Linkki t\u00e4ss\u00e4<\/a>)\u00a0 tai Suomen Yritt\u00e4jien kuntavaikuttamisen tiimiin <a href=\"https:\/\/www.yrittajat.fi\/tietoa-meista\/vaikuttaminen-ja-tavoitteet\/kunnat\/\" target=\"_blank\" rel=\"noopener\">(Linkki t\u00e4ss\u00e4, yhteystiedot sivun lopussa<\/a>).<\/p>\n\t\t\t\t<\/div>\n\t\t\t<\/div>\n\t\t\t\t\t<h3 class=\"handorgel__header handorgel__header--no-start-time\">\n\t\t\t\t<button class=\"handorgel__header__button\"\n\t\t\t\t        id=\"tavoitteet\">\n\t\t\t\t\t<span class=\"handorgel__header__button--content\">\n\t\t\t\t\t\t\t\t\t\t<span class=\"handorgel__header__button--title\">Tavoitteet<\/span>\n\t\t\t\t\t<\/span>\n\t\t\t\t\t<span class=\"handorgel__header__button--icon\">\n\t\t\t\t\t\t\t<span><\/span>\n\t\t\t\t\t\t\t<span><\/span>\n\t\t\t\t\t<\/span>\n\t\t\t\t\t\t\t\t\t<\/button>\n\t\t\t<\/h3>\n\t\t\t<div class=\"handorgel__content handorgel__content--no-start-time\">\n\t\t\t\t<div class=\"handorgel__content__inner\">\n\t\t\t\t\t<p><!-- wp:list --><\/p>\n<p><strong>Tavoitteet<\/strong><\/p>\n<ul class=\"wp-block-list\">\n<li style=\"list-style-type: none\">\n<ul class=\"wp-block-list\"><!-- wp:list-item --><\/p>\n<li>Yritt\u00e4jyyden ja yritt\u00e4jien tarpeiden ymm\u00e4rt\u00e4minen.<\/li>\n<li>Toimintatapoja ja ty\u00f6v\u00e4lineit\u00e4 yritt\u00e4j\u00e4my\u00f6nteisen elinvoimakunnan rakentamiseen (Teemat:\u00a0kunta yritysten toimintaymp\u00e4rist\u00f6n\u00e4, yritysvaikutusten arviointi p\u00e4\u00e4t\u00f6ksenteossa, elinvoimapalvelut, julkiset hankinnat, kunnan ja yritt\u00e4jien vuoropuhelu ja yhteisty\u00f6)<\/li>\n<\/ul>\n<\/li>\n<\/ul>\n<p><!-- \/wp:list-item --> <!-- wp:list-item --><\/p>\n<ul class=\"wp-block-list\">\n<li style=\"list-style-type: none\">\n<ul class=\"wp-block-list\">\n<li>Yritysyhteisty\u00f6n ja vuoropuhelun vahvistaminen<\/li>\n<\/ul>\n<\/li>\n<\/ul>\n<p><!-- \/wp:list-item --> <!-- wp:list-item --><\/p>\n<ul class=\"wp-block-list\">\n<li style=\"list-style-type: none\">\n<ul class=\"wp-block-list\">\n<li>Antaa virikkeit\u00e4 kunnan sijoituksen vahvistamiseen yritt\u00e4jyysmy\u00f6nteisyytt\u00e4 arvioivassa Kuntabarometrissa.<\/li>\n<\/ul>\n<\/li>\n<\/ul>\n<p><!-- \/wp:list-item --> <!-- wp:list-item \/--><\/p>\n<!-- \/wp:list -->\t\t\t\t<\/div>\n\t\t\t<\/div>\n\t\t\t\t\t<h3 class=\"handorgel__header handorgel__header--no-start-time\">\n\t\t\t\t<button class=\"handorgel__header__button\"\n\t\t\t\t        id=\"koulutuksen-asiantuntijat\">\n\t\t\t\t\t<span class=\"handorgel__header__button--content\">\n\t\t\t\t\t\t\t\t\t\t<span class=\"handorgel__header__button--title\">Koulutuksen asiantuntijat<\/span>\n\t\t\t\t\t<\/span>\n\t\t\t\t\t<span class=\"handorgel__header__button--icon\">\n\t\t\t\t\t\t\t<span><\/span>\n\t\t\t\t\t\t\t<span><\/span>\n\t\t\t\t\t<\/span>\n\t\t\t\t\t\t\t\t\t<\/button>\n\t\t\t<\/h3>\n\t\t\t<div class=\"handorgel__content handorgel__content--no-start-time\">\n\t\t\t\t<div class=\"handorgel__content__inner\">\n\t\t\t\t\t<p>Koulutuksen asiantuntijoita ovat Suomen Yritt\u00e4jien elinkeinopolitiikan ja talouden asiantuntijat sis\u00e4ll\u00f6n mukaan.<\/p>\n<p>Koulutuksessa voi olla sovittaessa my\u00f6s ulkopuolisia puhujia.<\/p>\n\t\t\t\t<\/div>\n\t\t\t<\/div>\n\t\t\t<\/div>\n<\/section\n\t\t<!-- You can also use SakkeLib\\Helpers\\get_template_part inside a gutenberg acf block template -->\n\n\n\n<div class=\"wp-block-media-text has-media-on-the-right is-stacked-on-mobile\" style=\"grid-template-columns:auto 29%\"><div class=\"wp-block-media-text__content\">\n<h2 class=\"wp-block-heading\">CASE: SIPOO<\/h2>\n\n\n\n<h2 class=\"wp-block-heading\">Yritt\u00e4jyyden ykk\u00f6skunta rakentuu yhteisty\u00f6ll\u00e4 \u2013 Sipoo kehitt\u00e4\u00e4 yritt\u00e4j\u00e4yst\u00e4v\u00e4llisyytt\u00e4\u00e4n m\u00e4\u00e4r\u00e4tietoisesti<\/h2>\n\n\n\n<p>Sipoon kunnassa koulutus toteutettiin kaksiosaisena kokonaisuutena, mik\u00e4 mahdollisti elinvoimateemojen tarkastelun laajasti eri rooleista k\u00e4sin.<\/p>\n\n\n\n<p><a href=\"https:\/\/www.yrittajat.fi\/uutiset\/yrittajyyden-ykkoskunta-rakentuu-yhteistyolla-sipoo-kehittaa-yrittajaystavallisyyttaan-maaratietoisesti\/\" data-type=\"link\" data-id=\"https:\/\/www.yrittajat.fi\/uutiset\/yrittajyyden-ykkoskunta-rakentuu-yhteistyolla-sipoo-kehittaa-yrittajaystavallisyyttaan-maaratietoisesti\/\" target=\"_blank\" rel=\"noreferrer noopener\">Lue lis\u00e4\u00e4 t\u00e4st\u00e4 linkist\u00e4<\/a><\/p>\n<\/div><figure class=\"wp-block-media-text__media\"><img loading=\"lazy\" decoding=\"async\" width=\"1024\" height=\"732\" src=\"https:\/\/me.yrittajat.fi\/app\/uploads\/sites\/90\/2025\/12\/Yrittajat-tapahtuma-15-1024x732.jpg\" alt=\"\" class=\"wp-image-302 size-full\" srcset=\"https:\/\/me.yrittajat.fi\/app\/uploads\/sites\/90\/2025\/12\/Yrittajat-tapahtuma-15-1024x732.jpg 1024w, https:\/\/me.yrittajat.fi\/app\/uploads\/sites\/90\/2025\/12\/Yrittajat-tapahtuma-15-300x214.jpg 300w, https:\/\/me.yrittajat.fi\/app\/uploads\/sites\/90\/2025\/12\/Yrittajat-tapahtuma-15-768x549.jpg 768w, https:\/\/me.yrittajat.fi\/app\/uploads\/sites\/90\/2025\/12\/Yrittajat-tapahtuma-15-1536x1097.jpg 1536w, https:\/\/me.yrittajat.fi\/app\/uploads\/sites\/90\/2025\/12\/Yrittajat-tapahtuma-15.jpg 2048w\" sizes=\"auto, (max-width: 1024px) 100vw, 1024px\" \/><\/figure><\/div>\n\n\n\n<h2 class=\"wp-block-heading\">YRITT\u00c4JYYDEN YKK\u00d6SKUNTA &#8211; KOULUTUKSEN VIITEKEHYS<\/h2>\n\n\n\n<figure class=\"wp-block-image size-large\"><img loading=\"lazy\" decoding=\"async\" width=\"1024\" height=\"576\" src=\"https:\/\/me.yrittajat.fi\/app\/uploads\/sites\/90\/2026\/01\/Yrittajien-ja-kunnan-vuoropuhelu-1024x576.jpg\" alt=\"\" class=\"wp-image-308\" srcset=\"https:\/\/me.yrittajat.fi\/app\/uploads\/sites\/90\/2026\/01\/Yrittajien-ja-kunnan-vuoropuhelu-1024x576.jpg 1024w, https:\/\/me.yrittajat.fi\/app\/uploads\/sites\/90\/2026\/01\/Yrittajien-ja-kunnan-vuoropuhelu-300x169.jpg 300w, https:\/\/me.yrittajat.fi\/app\/uploads\/sites\/90\/2026\/01\/Yrittajien-ja-kunnan-vuoropuhelu-768x432.jpg 768w, https:\/\/me.yrittajat.fi\/app\/uploads\/sites\/90\/2026\/01\/Yrittajien-ja-kunnan-vuoropuhelu-1536x864.jpg 1536w, https:\/\/me.yrittajat.fi\/app\/uploads\/sites\/90\/2026\/01\/Yrittajien-ja-kunnan-vuoropuhelu-318x178.jpg 318w, https:\/\/me.yrittajat.fi\/app\/uploads\/sites\/90\/2026\/01\/Yrittajien-ja-kunnan-vuoropuhelu-1364x768.jpg 1364w, https:\/\/me.yrittajat.fi\/app\/uploads\/sites\/90\/2026\/01\/Yrittajien-ja-kunnan-vuoropuhelu.jpg 2000w\" sizes=\"auto, (max-width: 1024px) 100vw, 1024px\" \/><\/figure>\n\n\n\n<h2 class=\"wp-block-heading\">KOULUTUSP\u00c4IV\u00c4N SIS\u00c4LT\u00d6<br><\/h2>\n\n\n\n<section id=\"gb-accordion-block_3c986a7fcef0803ce573ba9560102438\" class=\"gb-accordion gb-accordion-block_3c986a7fcef0803ce573ba9560102438\">\n\t<div class=\"handorgel\">\n\t\t\t\t\t<h3 class=\"handorgel__header handorgel__header--no-start-time\">\n\t\t\t\t<button class=\"handorgel__header__button\"\n\t\t\t\t        id=\"aluekehitys-ja-yrittajyys\">\n\t\t\t\t\t<span class=\"handorgel__header__button--content\">\n\t\t\t\t\t\t\t\t\t\t<span class=\"handorgel__header__button--title\">Aluekehitys ja yritt\u00e4jyys<\/span>\n\t\t\t\t\t<\/span>\n\t\t\t\t\t<span class=\"handorgel__header__button--icon\">\n\t\t\t\t\t\t\t<span><\/span>\n\t\t\t\t\t\t\t<span><\/span>\n\t\t\t\t\t<\/span>\n\t\t\t\t\t\t\t\t\t<\/button>\n\t\t\t<\/h3>\n\t\t\t<div class=\"handorgel__content handorgel__content--no-start-time\">\n\t\t\t\t<div class=\"handorgel__content__inner\">\n\t\t\t\t\t<p><strong>Tarkastellaan pk-yritysten talouden tilaa sek\u00e4 aluekehityksen ja yritt\u00e4jyyden yhteytt\u00e4.<\/strong><\/p>\n<ul>\n<li>Miksi pk-yrityksiin panostavat kunnan menestyv\u00e4t?<\/li>\n<li>Vetovoimaa vai vajoamista? Tulevaisuusketter\u00e4n kunnan resepti.<\/li>\n<\/ul>\n<p>Sis\u00e4lt\u00f6 tarkentuu kunnan mukaan.<\/p>\n\t\t\t\t<\/div>\n\t\t\t<\/div>\n\t\t\t\t\t<h3 class=\"handorgel__header handorgel__header--no-start-time\">\n\t\t\t\t<button class=\"handorgel__header__button\"\n\t\t\t\t        id=\"askelmerkit-yrittajyyden-ykkoskunnaksi\">\n\t\t\t\t\t<span class=\"handorgel__header__button--content\">\n\t\t\t\t\t\t\t\t\t\t<span class=\"handorgel__header__button--title\">Askelmerkit yritt\u00e4jyyden ykk\u00f6skunnaksi<\/span>\n\t\t\t\t\t<\/span>\n\t\t\t\t\t<span class=\"handorgel__header__button--icon\">\n\t\t\t\t\t\t\t<span><\/span>\n\t\t\t\t\t\t\t<span><\/span>\n\t\t\t\t\t<\/span>\n\t\t\t\t\t\t\t\t\t<\/button>\n\t\t\t<\/h3>\n\t\t\t<div class=\"handorgel__content handorgel__content--no-start-time\">\n\t\t\t\t<div class=\"handorgel__content__inner\">\n\t\t\t\t\t<p><strong>Tutustutaan kuntabarometrista esiin nouseviin vahvuuksiin ja kehitt\u00e4miskohteisiin:<\/strong><\/p>\n<ul>\n<li>Miten yritt\u00e4j\u00e4t n\u00e4kev\u00e4t yritt\u00e4j\u00e4my\u00f6nteisen kunnan p\u00e4\u00e4elementit:\n<ul>\n<li>kunta yritysten toimintaymp\u00e4rist\u00f6n\u00e4<\/li>\n<li>yritysvaikutusten arviointi p\u00e4\u00e4t\u00f6ksenteossa<\/li>\n<li>elinvoimapalvelut<\/li>\n<li>julkiset hankinnat<\/li>\n<li>kunnan ja yritt\u00e4jien vuoropuhelu ja yhteisty\u00f6<\/li>\n<\/ul>\n<\/li>\n<\/ul>\n<p>Kuntabarometrin tulokset kertovat kuntien ja yritt\u00e4jien yhteisty\u00f6n ajankohtaisen tilanteen sek\u00e4 elinkeinopolitiikan tilaa valtakunnallisesti, alueellisesti ja kuntakohtaisesti. Lue lis\u00e4\u00e4 <a href=\"https:\/\/www.yrittajat.fi\/ajankohtaista\/tutkimukset\/kuntabarometri-2024\/\" target=\"_blank\" rel=\"noopener\">t\u00e4st\u00e4<\/a><\/p>\n<p>Elinvoimabarometrin tulokset avaavat n\u00e4kym\u00e4n koko maakuntaan. Lue lis\u00e4\u00e4 <a href=\"https:\/\/www.yrittajat.fi\/ajankohtaista\/tutkimukset\/elinvoimabarometri-2023\/\" target=\"_blank\" rel=\"noopener\">t\u00e4st\u00e4<\/a>.<\/p>\n<p>Sis\u00e4lt\u00f6 tarkentuu kunnan mukaan.<\/p>\n\t\t\t\t<\/div>\n\t\t\t<\/div>\n\t\t\t\t\t<h3 class=\"handorgel__header handorgel__header--no-start-time\">\n\t\t\t\t<button class=\"handorgel__header__button\"\n\t\t\t\t        id=\"kasvua-kuntaan-hyodynna-yrittajien-elinvoimaresepti\">\n\t\t\t\t\t<span class=\"handorgel__header__button--content\">\n\t\t\t\t\t\t\t\t\t\t<span class=\"handorgel__header__button--title\">Kasvua kuntaan &#8211; hy\u00f6dynn\u00e4 Yritt\u00e4jien elinvoimaresepti<\/span>\n\t\t\t\t\t<\/span>\n\t\t\t\t\t<span class=\"handorgel__header__button--icon\">\n\t\t\t\t\t\t\t<span><\/span>\n\t\t\t\t\t\t\t<span><\/span>\n\t\t\t\t\t<\/span>\n\t\t\t\t\t\t\t\t\t<\/button>\n\t\t\t<\/h3>\n\t\t\t<div class=\"handorgel__content handorgel__content--no-start-time\">\n\t\t\t\t<div class=\"handorgel__content__inner\">\n\t\t\t\t\t<p><strong>Haetaan konkreettisia ratkaisuehdotuksia ja ty\u00f6kaluja yritt\u00e4j\u00e4l\u00e4ht\u00f6isyyden vahvistamiseen.\u00a0<\/strong><\/p>\n<ul>\n<li>Ty\u00f6kaluja ja ratkaisuja yritt\u00e4j\u00e4yst\u00e4v\u00e4llisen elinvoimakunnan p\u00e4\u00e4elementteihin:\n<ul>\n<li>kunta yritysten toimintaymp\u00e4rist\u00f6n\u00e4<\/li>\n<li>yritysvaikutusten arviointi p\u00e4\u00e4t\u00f6ksenteossa<\/li>\n<li>elinvoimapalvelut<\/li>\n<li>julkiset hankinnat<\/li>\n<li>kunnan ja yritt\u00e4jien vuoropuhelu ja yhteisty\u00f6<\/li>\n<\/ul>\n<\/li>\n<\/ul>\n<p>Sis\u00e4lt\u00f6 tarkentuu kunnan mukaan.<\/p>\n\t\t\t\t<\/div>\n\t\t\t<\/div>\n\t\t\t<\/div>\n<\/section\n\t\t<!-- You can also use SakkeLib\\Helpers\\get_template_part inside a gutenberg acf block template -->\n\n\n\n<h2 class=\"wp-block-heading\">TILAA KOULUTUS<\/h2>\n\n\n\n<section id=\"gb-accordion-block_2dd7cd226f978f80a9f65850a65ce722\" class=\"gb-accordion gb-accordion-block_2dd7cd226f978f80a9f65850a65ce722\">\n\t<div class=\"handorgel\">\n\t\t\t\t\t<h3 class=\"handorgel__header handorgel__header--no-start-time\">\n\t\t\t\t<button class=\"handorgel__header__button\"\n\t\t\t\t        id=\"nain-prosessi-etenee\">\n\t\t\t\t\t<span class=\"handorgel__header__button--content\">\n\t\t\t\t\t\t\t\t\t\t<span class=\"handorgel__header__button--title\">N\u00e4in prosessi etenee<\/span>\n\t\t\t\t\t<\/span>\n\t\t\t\t\t<span class=\"handorgel__header__button--icon\">\n\t\t\t\t\t\t\t<span><\/span>\n\t\t\t\t\t\t\t<span><\/span>\n\t\t\t\t\t<\/span>\n\t\t\t\t\t\t\t\t\t<\/button>\n\t\t\t<\/h3>\n\t\t\t<div class=\"handorgel__content handorgel__content--no-start-time\">\n\t\t\t\t<div class=\"handorgel__content__inner\">\n\t\t\t\t\t<ol>\n<li>Yhteinen keskustelu koulutuksen tavoitteista ja toteutuksesta Kuntabarometrin tulosten pohjalta. Valitaan sis\u00e4ll\u00f6t, joihin ohjelmassa keskityt\u00e4\u00e4n.<\/li>\n<li>Suomen Yritt\u00e4j\u00e4t tekee ehdotuksen koulutuksen sis\u00e4ll\u00f6st\u00e4, asiantuntijoita, toteutuksesta ja hinnasta.<\/li>\n<li>Koulutuksen tilaus. Koulutus kannattaa tilata v\u00e4hint\u00e4\u00e4n 3 kuukautta ennen koulutuksen toteutusta. Tilaajalla on mahdollisuus vaikuttaa koulutuksen sis\u00e4lt\u00f6\u00f6n ja toteutukseen.<\/li>\n<li>Suomen Yritt\u00e4j\u00e4t vastaa ohjelman suunnittelusta ja tuottamisesta sek\u00e4 koulutuksen markkinointimateriaalista.<\/li>\n<li>Tilaaja huolehtii koulutuksen markkinoinnista omia kanaviaan pitkin sek\u00e4 osallistujien ilmoittautumisesta. Tilaaja vastaa koulutuspaikasta ja mahdollisista tarjoiluista.<\/li>\n<\/ol>\n\t\t\t\t<\/div>\n\t\t\t<\/div>\n\t\t\t\t\t<h3 class=\"handorgel__header handorgel__header--no-start-time\">\n\t\t\t\t<button class=\"handorgel__header__button\"\n\t\t\t\t        id=\"hinta-ja-yhteystiedot\">\n\t\t\t\t\t<span class=\"handorgel__header__button--content\">\n\t\t\t\t\t\t\t\t\t\t<span class=\"handorgel__header__button--title\">Hinta ja yhteystiedot<\/span>\n\t\t\t\t\t<\/span>\n\t\t\t\t\t<span class=\"handorgel__header__button--icon\">\n\t\t\t\t\t\t\t<span><\/span>\n\t\t\t\t\t\t\t<span><\/span>\n\t\t\t\t\t<\/span>\n\t\t\t\t\t\t\t\t\t<\/button>\n\t\t\t<\/h3>\n\t\t\t<div class=\"handorgel__content handorgel__content--no-start-time\">\n\t\t\t\t<div class=\"handorgel__content__inner\">\n\t\t\t\t\t<p><strong>Koulutuksen hintaan\u00a0<\/strong>vaikuttaa kunnan koko (tai kuntien yhteiskoko), sek\u00e4 ohjelman kesto ja mahdolliset ulkopuoliset puhujat. Hintahaitari on noin 3000-9000\u20ac + Alv 25,5%.<\/p>\n<p><strong>Ota yhteytt\u00e4 ja jutellaan lis\u00e4\u00e4!<\/strong><\/p>\n<p>Panu Pikkusaari, liiketoimintap\u00e4\u00e4llikk\u00f6, Suomen Yritt\u00e4j\u00e4t<br \/>\npanu.pikkusaari@yrittajat.fi<br \/>\np. <a href=\"tel:0505271618\">050 527 1618<\/a><\/p>\n\t\t\t\t<\/div>\n\t\t\t<\/div>\n\t\t\t<\/div>\n<\/section\n\t\t<!-- You can also use SakkeLib\\Helpers\\get_template_part inside a gutenberg acf block template -->\n","protected":false},"excerpt":{"rendered":"<p>KOULUTUS K\u00c4YT\u00c4NN\u00d6SS\u00c4 CASE: SIPOO Yritt\u00e4jyyden ykk\u00f6skunta rakentuu yhteisty\u00f6ll\u00e4 \u2013 Sipoo kehitt\u00e4\u00e4 yritt\u00e4j\u00e4yst\u00e4v\u00e4llisyytt\u00e4\u00e4n m\u00e4\u00e4r\u00e4tietoisesti Sipoon kunnassa koulutus toteutettiin kaksiosaisena kokonaisuutena, mik\u00e4 mahdollisti elinvoimateemojen tarkastelun laajasti eri rooleista k\u00e4sin. Lue lis\u00e4\u00e4 t\u00e4st\u00e4 linkist\u00e4 YRITT\u00c4JYYDEN YKK\u00d6SKUNTA &#8211; KOULUTUKSEN VIITEKEHYS KOULUTUSP\u00c4IV\u00c4N SIS\u00c4LT\u00d6 TILAA KOULUTUS<\/p>\n","protected":false},"author":61,"featured_media":133,"parent":0,"menu_order":0,"comment_status":"closed","ping_status":"closed","template":"","meta":{"_acf_changed":false,"footnotes":""},"class_list":["post-94","page","type-page","status-publish","has-post-thumbnail","hentry"],"acf":[],"_links":{"self":[{"href":"https:\/\/me.yrittajat.fi\/kunta\/wp-json\/wp\/v2\/pages\/94","targetHints":{"allow":["GET"]}}],"collection":[{"href":"https:\/\/me.yrittajat.fi\/kunta\/wp-json\/wp\/v2\/pages"}],"about":[{"href":"https:\/\/me.yrittajat.fi\/kunta\/wp-json\/wp\/v2\/types\/page"}],"author":[{"embeddable":true,"href":"https:\/\/me.yrittajat.fi\/kunta\/wp-json\/wp\/v2\/users\/61"}],"replies":[{"embeddable":true,"href":"https:\/\/me.yrittajat.fi\/kunta\/wp-json\/wp\/v2\/comments?post=94"}],"version-history":[{"count":5,"href":"https:\/\/me.yrittajat.fi\/kunta\/wp-json\/wp\/v2\/pages\/94\/revisions"}],"predecessor-version":[{"id":355,"href":"https:\/\/me.yrittajat.fi\/kunta\/wp-json\/wp\/v2\/pages\/94\/revisions\/355"}],"wp:featuredmedia":[{"embeddable":true,"href":"https:\/\/me.yrittajat.fi\/kunta\/wp-json\/wp\/v2\/media\/133"}],"wp:attachment":[{"href":"https:\/\/me.yrittajat.fi\/kunta\/wp-json\/wp\/v2\/media?parent=94"}],"curies":[{"name":"wp","href":"https:\/\/api.w.org\/{rel}","templated":true}]}}