{"id":45,"date":"2022-05-19T13:36:10","date_gmt":"2022-05-19T10:36:10","guid":{"rendered":"https:\/\/me.yrittajat.fi\/lahilauantai\/?page_id=45"},"modified":"2024-05-29T14:16:46","modified_gmt":"2024-05-29T11:16:46","slug":"ota-yhteytta","status":"publish","type":"page","link":"https:\/\/me.yrittajat.fi\/lahilauantai\/ota-yhteytta\/","title":{"rendered":"Ota yhteytt\u00e4"},"content":{"rendered":"\n<p>Haluaisitko tiet\u00e4\u00e4 lis\u00e4\u00e4 L\u00e4hilauantaista tai kaipaatko apua materiaalien k\u00e4ytt\u00f6\u00f6n? Ota yhteytt\u00e4 matalalla kynnyksell\u00e4.<\/p>\n\n\n\n<h2 class=\"wp-block-heading\" id=\"yhteystiedot\">Yhteystiedot<\/h2>\n\n\n\n<p>Yhteyshenkil\u00f6iden s\u00e4hk\u00f6postiosoitteet ovat muotoa <strong>etunimi.sukunimi(at)yrittajat.fi<\/strong><\/p>\n\n\n\n<p>L\u00e4hilauantai-tapahtuma: <strong>Harri Jaskari<\/strong><br>L\u00e4hilauantain materiaalit: <strong>Hannamari Heinonen<\/strong><\/p>\n\n\n\n<h2 class=\"wp-block-heading\" id=\"media\">Medialle<\/h2>\n\n\n\n<p>Kaikki sivuston materiaalit ja kuvat ovat vapaasti median k\u00e4ytett\u00e4viss\u00e4.<br>Yhteystiedot medialle: <strong>Mikko Heino<\/strong>, puh. 040 9030121<\/p>\n","protected":false},"excerpt":{"rendered":"<p>Haluaisitko tiet\u00e4\u00e4 lis\u00e4\u00e4 L\u00e4hilauantaista tai kaipaatko apua materiaalien k\u00e4ytt\u00f6\u00f6n? Ota yhteytt\u00e4 matalalla kynnyksell\u00e4. Yhteystiedot Yhteyshenkil\u00f6iden s\u00e4hk\u00f6postiosoitteet ovat muotoa etunimi.sukunimi(at)yrittajat.fi L\u00e4hilauantai-tapahtuma: Harri JaskariL\u00e4hilauantain materiaalit: Hannamari Heinonen Medialle Kaikki sivuston materiaalit ja kuvat ovat vapaasti median k\u00e4ytett\u00e4viss\u00e4.Yhteystiedot medialle: Mikko Heino, puh. 040 9030121<\/p>\n","protected":false},"author":47,"featured_media":0,"parent":0,"menu_order":0,"comment_status":"closed","ping_status":"closed","template":"","meta":{"_acf_changed":false,"footnotes":""},"class_list":["post-45","page","type-page","status-publish","hentry"],"acf":[],"_links":{"self":[{"href":"https:\/\/me.yrittajat.fi\/lahilauantai\/wp-json\/wp\/v2\/pages\/45","targetHints":{"allow":["GET"]}}],"collection":[{"href":"https:\/\/me.yrittajat.fi\/lahilauantai\/wp-json\/wp\/v2\/pages"}],"about":[{"href":"https:\/\/me.yrittajat.fi\/lahilauantai\/wp-json\/wp\/v2\/types\/page"}],"author":[{"embeddable":true,"href":"https:\/\/me.yrittajat.fi\/lahilauantai\/wp-json\/wp\/v2\/users\/47"}],"replies":[{"embeddable":true,"href":"https:\/\/me.yrittajat.fi\/lahilauantai\/wp-json\/wp\/v2\/comments?post=45"}],"version-history":[{"count":8,"href":"https:\/\/me.yrittajat.fi\/lahilauantai\/wp-json\/wp\/v2\/pages\/45\/revisions"}],"predecessor-version":[{"id":424,"href":"https:\/\/me.yrittajat.fi\/lahilauantai\/wp-json\/wp\/v2\/pages\/45\/revisions\/424"}],"wp:attachment":[{"href":"https:\/\/me.yrittajat.fi\/lahilauantai\/wp-json\/wp\/v2\/media?parent=45"}],"curies":[{"name":"wp","href":"https:\/\/api.w.org\/{rel}","templated":true}]}}