{"id":27,"date":"2024-03-28T09:20:29","date_gmt":"2024-03-28T07:20:29","guid":{"rendered":"https:\/\/me.yrittajat.fi\/luovan-alan-pilotti\/?page_id=27"},"modified":"2024-03-28T09:47:21","modified_gmt":"2024-03-28T07:47:21","slug":"usein-kysytyt-kysymykset","status":"publish","type":"page","link":"https:\/\/me.yrittajat.fi\/luovan-alan-pilotti\/usein-kysytyt-kysymykset\/","title":{"rendered":"Usein kysytyt kysymykset"},"content":{"rendered":"\n<section id=\"gb-accordion-block_f3895046184f98a7a9faffe566bd1220\" class=\"gb-accordion gb-accordion-block_f3895046184f98a7a9faffe566bd1220\">\n\t<div class=\"handorgel\">\n\t\t\t\t\t<h3 class=\"handorgel__header handorgel__header--no-start-time\">\n\t\t\t\t<button class=\"handorgel__header__button\"\n\t\t\t\t        id=\"kenelle-pilotti-on\">\n\t\t\t\t\t<span class=\"handorgel__header__button--content\">\n\t\t\t\t\t\t\t\t\t\t<span class=\"handorgel__header__button--title\">Kenelle pilotti on?<\/span>\n\t\t\t\t\t<\/span>\n\t\t\t\t\t<span class=\"handorgel__header__button--icon\">\n\t\t\t\t\t\t\t<span><\/span>\n\t\t\t\t\t\t\t<span><\/span>\n\t\t\t\t\t<\/span>\n\t\t\t\t\t\t\t\t\t<\/button>\n\t\t\t<\/h3>\n\t\t\t<div class=\"handorgel__content handorgel__content--no-start-time\">\n\t\t\t\t<div class=\"handorgel__content__inner\">\n\t\t\t\t\t<p>Pilotti kohdistuu kulttuuri- ja luovan yrityksille.<\/p>\n<p>Ohjelmaan voivat osallistua kaikki n\u00e4ihin aloihin kuuluvat toimijat, kuten esimerkiksi tapahtumaj\u00e4rjest\u00e4j\u00e4t, kustantamot, musiikkialan ammattilaiset, audiovisuaalisen alan tekij\u00e4t, pelialan yritykset, arkkitehdit, tuotesuunnittelijat, markkinointitoimistot ja digitaalisen muotoilun asiantuntijat.<\/p>\n<p>Osallistuja voi olla yritt\u00e4j\u00e4 itse tai esimerkiksi yrityksen johtoteht\u00e4viss\u00e4 oleva henkil\u00f6.<\/p>\n\t\t\t\t<\/div>\n\t\t\t<\/div>\n\t\t\t\t\t<h3 class=\"handorgel__header handorgel__header--no-start-time\">\n\t\t\t\t<button class=\"handorgel__header__button\"\n\t\t\t\t        id=\"tarvitseeko-olla-y-tunnusta\">\n\t\t\t\t\t<span class=\"handorgel__header__button--content\">\n\t\t\t\t\t\t\t\t\t\t<span class=\"handorgel__header__button--title\">Tarvitseeko olla y-tunnusta?<\/span>\n\t\t\t\t\t<\/span>\n\t\t\t\t\t<span class=\"handorgel__header__button--icon\">\n\t\t\t\t\t\t\t<span><\/span>\n\t\t\t\t\t\t\t<span><\/span>\n\t\t\t\t\t<\/span>\n\t\t\t\t\t\t\t\t\t<\/button>\n\t\t\t<\/h3>\n\t\t\t<div class=\"handorgel__content handorgel__content--no-start-time\">\n\t\t\t\t<div class=\"handorgel__content__inner\">\n\t\t\t\t\t<p>Emme edellyt\u00e4 osallistuvilta yrityksilt\u00e4 y-tunnusta.<\/p>\n\t\t\t\t<\/div>\n\t\t\t<\/div>\n\t\t\t\t\t<h3 class=\"handorgel__header handorgel__header--no-start-time\">\n\t\t\t\t<button class=\"handorgel__header__button\"\n\t\t\t\t        id=\"miten-ilmoittaudun-mukaan\">\n\t\t\t\t\t<span class=\"handorgel__header__button--content\">\n\t\t\t\t\t\t\t\t\t\t<span class=\"handorgel__header__button--title\">Miten ilmoittaudun mukaan?<\/span>\n\t\t\t\t\t<\/span>\n\t\t\t\t\t<span class=\"handorgel__header__button--icon\">\n\t\t\t\t\t\t\t<span><\/span>\n\t\t\t\t\t\t\t<span><\/span>\n\t\t\t\t\t<\/span>\n\t\t\t\t\t\t\t\t\t<\/button>\n\t\t\t<\/h3>\n\t\t\t<div class=\"handorgel__content handorgel__content--no-start-time\">\n\t\t\t\t<div class=\"handorgel__content__inner\">\n\t\t\t\t\t<p>Voit ilmoittautua pilottiohjelmaan mukaan t\u00e4ytt\u00e4m\u00e4ll\u00e4 <a href=\"https:\/\/link.webropolsurveys.com\/Participation\/Public\/e3618864-7f2c-4e48-b810-45b62dc3f80a?displayId=Fin3046272\" target=\"_blank\" rel=\"noopener\">ilmoittautumislomakkeen<\/a>. L\u00e4het\u00e4mme sinulle ilmoittautumisen j\u00e4lkeen muutaman p\u00e4iv\u00e4n sis\u00e4ll\u00e4 alkukyselyn t\u00e4ytett\u00e4v\u00e4ksi.<\/p>\n\t\t\t\t<\/div>\n\t\t\t<\/div>\n\t\t\t\t\t<h3 class=\"handorgel__header handorgel__header--no-start-time\">\n\t\t\t\t<button class=\"handorgel__header__button\"\n\t\t\t\t        id=\"voinko-liittya-mukaan-milloin-tahansa\">\n\t\t\t\t\t<span class=\"handorgel__header__button--content\">\n\t\t\t\t\t\t\t\t\t\t<span class=\"handorgel__header__button--title\">Voinko liitty\u00e4 mukaan milloin tahansa?<\/span>\n\t\t\t\t\t<\/span>\n\t\t\t\t\t<span class=\"handorgel__header__button--icon\">\n\t\t\t\t\t\t\t<span><\/span>\n\t\t\t\t\t\t\t<span><\/span>\n\t\t\t\t\t<\/span>\n\t\t\t\t\t\t\t\t\t<\/button>\n\t\t\t<\/h3>\n\t\t\t<div class=\"handorgel__content handorgel__content--no-start-time\">\n\t\t\t\t<div class=\"handorgel__content__inner\">\n\t\t\t\t\t<p>Pilottiin voi liitty\u00e4 mukaan milloin tahansa t\u00e4ytt\u00e4m\u00e4ll\u00e4 ilmoittautumislomakkeen. Ohjelma pyrit\u00e4\u00e4n toteuttamaan niin, ett\u00e4 osa materiaaleista ja sis\u00e4ll\u00f6ist\u00e4 on k\u00e4ytett\u00e4viss\u00e4 ajasta riippumatta esimerkiksi tallenteen muodossa. Mit\u00e4 varhaisemmassa vaiheessa pilottiin liittyy mukaan, sit\u00e4 varmemmin siit\u00e4 saa kaiken hy\u00f6dyn irti. Pilotti on k\u00e4ynniss\u00e4 31. lokakuuta 2025 asti.<\/p>\n\t\t\t\t<\/div>\n\t\t\t<\/div>\n\t\t\t\t\t<h3 class=\"handorgel__header handorgel__header--no-start-time\">\n\t\t\t\t<button class=\"handorgel__header__button\"\n\t\t\t\t        id=\"tarvitseeko-minun-olla-suomen-yrittajien-jasen-osallistuakseni\">\n\t\t\t\t\t<span class=\"handorgel__header__button--content\">\n\t\t\t\t\t\t\t\t\t\t<span class=\"handorgel__header__button--title\">Tarvitseeko minun olla Suomen Yritt\u00e4jien j\u00e4sen osallistuakseni?<\/span>\n\t\t\t\t\t<\/span>\n\t\t\t\t\t<span class=\"handorgel__header__button--icon\">\n\t\t\t\t\t\t\t<span><\/span>\n\t\t\t\t\t\t\t<span><\/span>\n\t\t\t\t\t<\/span>\n\t\t\t\t\t\t\t\t\t<\/button>\n\t\t\t<\/h3>\n\t\t\t<div class=\"handorgel__content handorgel__content--no-start-time\">\n\t\t\t\t<div class=\"handorgel__content__inner\">\n\t\t\t\t\t<p>Ei tarvitse.<\/p>\n\t\t\t\t<\/div>\n\t\t\t<\/div>\n\t\t\t\t\t<h3 class=\"handorgel__header handorgel__header--no-start-time\">\n\t\t\t\t<button class=\"handorgel__header__button\"\n\t\t\t\t        id=\"mihin-alku-ja-loppukyselya-kaytetaan\">\n\t\t\t\t\t<span class=\"handorgel__header__button--content\">\n\t\t\t\t\t\t\t\t\t\t<span class=\"handorgel__header__button--title\">Mihin alku- ja loppukysely\u00e4 k\u00e4ytet\u00e4\u00e4n?<\/span>\n\t\t\t\t\t<\/span>\n\t\t\t\t\t<span class=\"handorgel__header__button--icon\">\n\t\t\t\t\t\t\t<span><\/span>\n\t\t\t\t\t\t\t<span><\/span>\n\t\t\t\t\t<\/span>\n\t\t\t\t\t\t\t\t\t<\/button>\n\t\t\t<\/h3>\n\t\t\t<div class=\"handorgel__content handorgel__content--no-start-time\">\n\t\t\t\t<div class=\"handorgel__content__inner\">\n\t\t\t\t\t<p>Pilottiohjelmaan osallistuvilta yrityksilt\u00e4 edellytet\u00e4\u00e4n alku- ja loppukyselyn vastaamista. Kaikki muu osallistuminen on pilotissa vapaaehtoista.<\/p>\n<p>Alkukyselyll\u00e4 kartoitamme yritysten nykytilaa ja kehitt\u00e4mistarpeita, jotka otamme huomioon koulutusten ja muun sis\u00e4ll\u00f6n suunnittelussa. Loppukyselyll\u00e4 arvioimme pilotin tuloksia. Emme luovuta tietoja muille.<\/p>\n\t\t\t\t<\/div>\n\t\t\t<\/div>\n\t\t\t<\/div>\n<\/section\n\t\t<!-- You can also use SakkeLib\\Helpers\\get_template_part inside a gutenberg acf block template -->\n","protected":false},"excerpt":{"rendered":"","protected":false},"author":64,"featured_media":0,"parent":0,"menu_order":0,"comment_status":"closed","ping_status":"closed","template":"","meta":{"_acf_changed":false,"footnotes":""},"class_list":["post-27","page","type-page","status-publish","hentry"],"acf":[],"_links":{"self":[{"href":"https:\/\/me.yrittajat.fi\/luovan-alan-pilotti\/wp-json\/wp\/v2\/pages\/27","targetHints":{"allow":["GET"]}}],"collection":[{"href":"https:\/\/me.yrittajat.fi\/luovan-alan-pilotti\/wp-json\/wp\/v2\/pages"}],"about":[{"href":"https:\/\/me.yrittajat.fi\/luovan-alan-pilotti\/wp-json\/wp\/v2\/types\/page"}],"author":[{"embeddable":true,"href":"https:\/\/me.yrittajat.fi\/luovan-alan-pilotti\/wp-json\/wp\/v2\/users\/64"}],"replies":[{"embeddable":true,"href":"https:\/\/me.yrittajat.fi\/luovan-alan-pilotti\/wp-json\/wp\/v2\/comments?post=27"}],"version-history":[{"count":10,"href":"https:\/\/me.yrittajat.fi\/luovan-alan-pilotti\/wp-json\/wp\/v2\/pages\/27\/revisions"}],"predecessor-version":[{"id":111,"href":"https:\/\/me.yrittajat.fi\/luovan-alan-pilotti\/wp-json\/wp\/v2\/pages\/27\/revisions\/111"}],"wp:attachment":[{"href":"https:\/\/me.yrittajat.fi\/luovan-alan-pilotti\/wp-json\/wp\/v2\/media?parent=27"}],"curies":[{"name":"wp","href":"https:\/\/api.w.org\/{rel}","templated":true}]}}