{"id":3,"date":"2024-03-26T15:16:05","date_gmt":"2024-03-26T13:16:05","guid":{"rendered":"https:\/\/me.yrittajat.fi\/luovan-alan-pilotti\/etusivu\/"},"modified":"2025-11-07T15:17:13","modified_gmt":"2025-11-07T13:17:13","slug":"etusivu","status":"publish","type":"page","link":"https:\/\/me.yrittajat.fi\/luovan-alan-pilotti\/","title":{"rendered":"Pilottiohjelma kulttuuri- ja luovan alan yrityskunnon kehitt\u00e4miseksi"},"content":{"rendered":"\n<p><strong>Maksuton pilottiohjelma tarjoaa tukea ja ty\u00f6kaluja kulttuuri- ja luovan alan <strong>yrityksen<\/strong><\/strong> <strong><strong>myyntikunnon edist\u00e4miseen<\/strong>, digitalisaatioon, kasvuun sek\u00e4 omistajavaihdokseen. Pilottiohjelma koostuu koulutuksista, webinaareista ja tapahtumista. <\/strong><\/p>\n\n\n\n<p class=\"has-text-align-left\"><strong>Hanke p\u00e4\u00e4ttyy lokakuun 2025 loppuun. <\/strong><\/p>\n\n\n\n<p class=\"has-text-align-left\">Voit lukea hankkeen loppuraportin t\u00e4\u00e4lt\u00e4 alla olevasta linkist\u00e4. <\/p>\n\n\n\t<div id=\"gb-button-block_c32ba417117207047d33b78f3613ca52\" class=\"gb-button gb-button-block_c32ba417117207047d33b78f3613ca52\">\n\t\t\t\t\t\t<a class=\"b-button b-button--color- b-button--style-\"\n\t   href=\"https:\/\/me.yrittajat.fi\/app\/uploads\/sites\/88\/2025\/10\/KLOV_Loppuraportti30102025.pdf\"\n\t   target=\"_blank\">\n\n\t\t<span class=\"b-button__title\">\n\t\t\tLoppuraportti\t\t<\/span>\n\n\t\t\t\t\t<span class=\"b-button__icon\">\n\t\t\t\t<svg xmlns=\"http:\/\/www.w3.org\/2000\/svg\" viewBox=\"0 0 9 14\"><path d=\"M2.001 13.664a1.333 1.333 0 01-.954-2.272l.007-.008 4.414-4.386-4.24-4.414A1.333 1.333 0 113.12.704l5.147 5.334a1.333 1.333 0 010 1.866l-5.334 5.334a1.333 1.333 0 01-.933.426z\"\/><\/svg>\t\t\t<\/span>\n\t\t\t<\/a>\n\t\t\t<\/div>\n\n\n\n<figure class=\"wp-block-image size-large\"><img loading=\"lazy\" decoding=\"async\" width=\"1024\" height=\"683\" src=\"https:\/\/me.yrittajat.fi\/app\/uploads\/sites\/88\/2025\/10\/IMG_1567anja_reponen-1024x683.jpg\" alt=\"\" class=\"wp-image-236\" srcset=\"https:\/\/me.yrittajat.fi\/app\/uploads\/sites\/88\/2025\/10\/IMG_1567anja_reponen-1024x683.jpg 1024w, https:\/\/me.yrittajat.fi\/app\/uploads\/sites\/88\/2025\/10\/IMG_1567anja_reponen-300x200.jpg 300w, https:\/\/me.yrittajat.fi\/app\/uploads\/sites\/88\/2025\/10\/IMG_1567anja_reponen-768x512.jpg 768w, https:\/\/me.yrittajat.fi\/app\/uploads\/sites\/88\/2025\/10\/IMG_1567anja_reponen-1536x1024.jpg 1536w, https:\/\/me.yrittajat.fi\/app\/uploads\/sites\/88\/2025\/10\/IMG_1567anja_reponen-2048x1365.jpg 2048w, https:\/\/me.yrittajat.fi\/app\/uploads\/sites\/88\/2025\/10\/IMG_1567anja_reponen-668x445.jpg 668w\" sizes=\"auto, (max-width: 1024px) 100vw, 1024px\" \/><\/figure>\n\n\n\n\n\n<p class=\"has-text-align-left\">Kuvassa kuvittaja Anja Reponen KLOV-osastolla Habitare-messuilla. Kuvaaja Joanna Moorhouse.<\/p>\n\n\n\n<h3 class=\"wp-block-heading\"><strong>Yritt\u00e4j\u00e4n kuntotarkastus -opas<\/strong><\/h3>\n\n\n\n<p>Osana hanketta olemme julkaisseet\u00a0<strong>Yritt\u00e4j\u00e4n kuntotarkastus<\/strong>-oppaan. Oppaassa paneudutaan kymmenen teeman kautta asioihin, jotka luovan alan yritt\u00e4j\u00e4n tulisi huomioida hyv\u00e4n yritystoiminnan mahdollistamiseksi. <\/p>\n\n\n\n<p>Lataa alla olevan painikkeen kautta oma oppaasi haluamallasi kielell\u00e4!<\/p>\n\n\n\t<div id=\"gb-button-block_5ee8966b8d7842aeb8968a5a722e4c3e\" class=\"gb-button gb-button-block_5ee8966b8d7842aeb8968a5a722e4c3e\">\n\t\t\t\t\t\t<a class=\"b-button b-button--color- b-button--style-\"\n\t   href=\"https:\/\/me.yrittajat.fi\/app\/uploads\/sites\/88\/2025\/11\/Sahkoinen-versio_SU_final.pdf\"\n\t   target=\"_blank\">\n\n\t\t<span class=\"b-button__title\">\n\t\t\tYrityksen kuntotarkastus suomeksi\t\t<\/span>\n\n\t\t\t\t\t<span class=\"b-button__icon\">\n\t\t\t\t<svg xmlns=\"http:\/\/www.w3.org\/2000\/svg\" viewBox=\"0 0 9 14\"><path d=\"M2.001 13.664a1.333 1.333 0 01-.954-2.272l.007-.008 4.414-4.386-4.24-4.414A1.333 1.333 0 113.12.704l5.147 5.334a1.333 1.333 0 010 1.866l-5.334 5.334a1.333 1.333 0 01-.933.426z\"\/><\/svg>\t\t\t<\/span>\n\t\t\t<\/a>\n\t\t\t<\/div>\n\n\n\t<div id=\"gb-button-block_1b9e89de2dec90676a843a369f8370e5\" class=\"gb-button gb-button-block_1b9e89de2dec90676a843a369f8370e5\">\n\t\t\t\t\t\t<a class=\"b-button b-button--color- b-button--style-\"\n\t   href=\"https:\/\/me.yrittajat.fi\/app\/uploads\/sites\/88\/2025\/11\/KLOV-opas-ENG_FINAL-08102035.pdf\"\n\t   target=\"_self\">\n\n\t\t<span class=\"b-button__title\">\n\t\t\tDownload the Business Workout guide\t\t<\/span>\n\n\t\t\t\t\t<span class=\"b-button__icon\">\n\t\t\t\t<svg xmlns=\"http:\/\/www.w3.org\/2000\/svg\" viewBox=\"0 0 9 14\"><path d=\"M2.001 13.664a1.333 1.333 0 01-.954-2.272l.007-.008 4.414-4.386-4.24-4.414A1.333 1.333 0 113.12.704l5.147 5.334a1.333 1.333 0 010 1.866l-5.334 5.334a1.333 1.333 0 01-.933.426z\"\/><\/svg>\t\t\t<\/span>\n\t\t\t<\/a>\n\t\t\t<\/div>\n\n\n\t<div id=\"gb-button-block_a6ee89ef9ab39f71bfc011e0546502b4\" class=\"gb-button gb-button-block_a6ee89ef9ab39f71bfc011e0546502b4\">\n\t\t\t\t\t\t<a class=\"b-button b-button--color- b-button--style-\"\n\t   href=\"https:\/\/me.yrittajat.fi\/app\/uploads\/sites\/88\/2025\/11\/KLOV-kirjanen-RUOTSI-1.pdf\"\n\t   target=\"_self\">\n\n\t\t<span class=\"b-button__title\">\n\t\t\tLadda ner guiden Tr\u00e4ningsprogram f\u00f6r f\u00f6retag\t\t<\/span>\n\n\t\t\t\t\t<span class=\"b-button__icon\">\n\t\t\t\t<svg xmlns=\"http:\/\/www.w3.org\/2000\/svg\" viewBox=\"0 0 9 14\"><path d=\"M2.001 13.664a1.333 1.333 0 01-.954-2.272l.007-.008 4.414-4.386-4.24-4.414A1.333 1.333 0 113.12.704l5.147 5.334a1.333 1.333 0 010 1.866l-5.334 5.334a1.333 1.333 0 01-.933.426z\"\/><\/svg>\t\t\t<\/span>\n\t\t\t<\/a>\n\t\t\t<\/div>\n\n\n\n<p class=\"has-text-align-left\"><\/p>\n\n\n\n<p><strong>Vuoden 2025 tapahtumat<\/strong><\/p>\n\n\n\n<ul class=\"wp-block-list\">\n<li>23.1.2025 Valjasta SEO yrityksesi kasvun tekij\u00e4ksi<\/li>\n\n\n\n<li>27.2.2025 Asiakashallinnan t\u00e4rke\u00e4t digity\u00f6kalut &#8211; yrityksen perusasiat kuntoon!<\/li>\n\n\n\n<li>7.3.2025    <a href=\"https:\/\/www.gigle.fi\/lisaa-myyntia\">Lis\u00e4\u00e4 myynti\u00e4 &#8211; inspiraatiop\u00e4iv\u00e4n luovan alan yritt\u00e4jille<\/a><\/li>\n\n\n\n<li>12.3.2025 Tuloskunnon ennakointi, livekoulutus<\/li>\n\n\n\n<li>28.3.2025  <a href=\"https:\/\/vimeo.com\/1069916936\/4d6e148723?ts=0&amp;share=copy\">Hallitusty\u00f6skentelyn vaikutus omistajanvaihdoksissa<\/a><\/li>\n\n\n\n<li>3.4.2025    <a href=\"https:\/\/vimeo.com\/1071062924\/aadcb454cb?share=copy\" data-type=\"link\" data-id=\"https:\/\/www.lyyti.in\/Ansainnan_muodot_luovalla_alalla_8052\">Ansainnan muodot luovalla alalla<\/a><\/li>\n\n\n\n<li>10.4.2025 Yritt\u00e4j\u00e4n Energinen Iltap\u00e4iv\u00e4, Fortum<\/li>\n\n\n\n<li>8.5.2025 Kasvua, kasvua, kasvua &#8211; Afterwork KLOV &amp; Business Helsinki<\/li>\n\n\n\n<li>27.5.2025 Business Espoo Breakfast Club, Creative Growth<\/li>\n\n\n\n<li>6.-7.6.2025 <a href=\"https:\/\/oddfest.co\/\">ODDfest<\/a>, businesstreffit<\/li>\n\n\n\n<li>4.9.2025 <a href=\"https:\/\/vimeo.com\/1113476919\/ecf2902140\">SHINE! x KLOV: PR &amp; Mediasuhteet luoville aloille<\/a><\/li>\n\n\n\n<li>5.9.2025 &nbsp;<a href=\"https:\/\/screenhelsinki.fi\/\">Screen Helsinki<\/a><\/li>\n\n\n\n<li>10.-14.9.2025 <a href=\"https:\/\/habitare.messukeskus.com\/naytteilleasettajat\/klov-hanke-suomen-yrittajat\/\">Habitare<\/a><\/li>\n\n\n\n<li>12.9.2025 Habitare: Rakennetaan taiteelle enemm\u00e4n seini\u00e4! Ideoiva keskusteluty\u00f6paja<\/li>\n\n\n\n<li>18.9.2025 <a href=\"https:\/\/vimeo.com\/1119090896\/6b8623981c\" data-type=\"link\" data-id=\"https:\/\/www.lyyti.in\/rahoituswebinaari\">Rahoituswebinaari<\/a><\/li>\n\n\n\n<li>23.9.2025 Uudenmaan kulttuurimarkkinat <\/li>\n<\/ul>\n\n\n\n<p class=\"has-text-align-left\"><strong>Vuoden 2024 tapahtumat<\/strong><\/p>\n\n\n\n<ul class=\"wp-block-list\">\n<li>25.4. Osta, kehity, menesty \u2013 yritysoston mahdollisuudet luovalla alalla&nbsp;(tallenne)<\/li>\n\n\n\n<li>23.5. Paremmaksi neuvottelijaksi<\/li>\n\n\n\n<li>28.8. Pitchauskoulutus kulttuuri- ja luovien alojen yrityksille<\/li>\n\n\n\n<li>5.9. Asiakasl\u00e4ht\u00f6inen yritys, livekoulutus pilottiin ilmoittautuneille<\/li>\n\n\n\n<li>9.10. Digitaalinen myynti<\/li>\n\n\n\n<li>14.11. IPR-oikeudet luovan alan yrityksess\u00e4<\/li>\n\n\n\n<li>14.11. Business Unplugged goes restartup<\/li>\n<\/ul>\n\n\n\n<p>Saat k\u00e4ytt\u00f6\u00f6si kaikki ohjelmamme materiaalit ja uutiskirjeen sek\u00e4 p\u00e4\u00e4set verkostoitumaan muiden alan yritt\u00e4jien kanssa.<\/p>\n\n\n\n<p>Tavoitteena on, ett\u00e4 ohjelmaan osallistuttuaan yritykset ovat :<\/p>\n\n\n\n<ul class=\"wp-block-list\">\n<li>Kehitt\u00e4neet digitalisaatiotaan<\/li>\n\n\n\n<li>Dokumentoineet toimintamallejaan<\/li>\n\n\n\n<li>Edist\u00e4neet yrityksen myyntikuntoa nyky- tai tulevaisuuden tarpeisiin<\/li>\n\n\n\n<li>V\u00e4hent\u00e4neet yrityksen riippuvuutta yritt\u00e4j\u00e4st\u00e4<\/li>\n\n\n\n<li>Ymm\u00e4rt\u00e4v\u00e4t paremmin omistajanvaihdoksen eri vaiheita<\/li>\n<\/ul>\n\n\n\n<p>Pilotti on k\u00e4ynniss\u00e4 31.10.2025 saakka ja siihen voi liitty\u00e4 mukaan milloin tahansa. Ohjelmaan osallistuminen edellytt\u00e4\u00e4 ainoastaan alku- ja loppukyselyn t\u00e4ytt\u00e4misen tulosten mittaamiseksi. Muutoin voi vapaasti valita, mit\u00e4 pilotin sis\u00e4lt\u00f6j\u00e4 haluaa hy\u00f6dynt\u00e4\u00e4.&nbsp;<\/p>\n\n\n\n<p>Hy\u00f6dynn\u00e4 tilaisuus kehitt\u00e4\u00e4 omaa yrityst\u00e4si ja liiketoimintaosaamistasi sek\u00e4 verkostoitua muiden alan yritt\u00e4jien kanssa.<strong>&nbsp;<\/strong>Paikkoja on rajoitetusti.<\/p>\n\n\n\n<p><a href=\"https:\/\/yrittajat.us18.list-manage.com\/subscribe?u=4f8e26b1e6301d092c3b3cab6&amp;id=432162a09c\" data-type=\"link\" data-id=\"https:\/\/yrittajat.us18.list-manage.com\/subscribe?u=4f8e26b1e6301d092c3b3cab6&amp;id=432162a09c\">Tilaa uutiskirje!<\/a><br><\/p>\n\n\n\n<figure class=\"wp-block-image size-large\"><img loading=\"lazy\" decoding=\"async\" width=\"1024\" height=\"121\" src=\"https:\/\/me.yrittajat.fi\/luovan-alan-pilotti\/app\/uploads\/sites\/88\/2024\/12\/klov_logorivi_musta-1024x121.png\" alt=\"\" class=\"wp-image-154\" srcset=\"https:\/\/me.yrittajat.fi\/app\/uploads\/sites\/88\/2024\/12\/klov_logorivi_musta-1024x121.png 1024w, https:\/\/me.yrittajat.fi\/app\/uploads\/sites\/88\/2024\/12\/klov_logorivi_musta-300x35.png 300w, https:\/\/me.yrittajat.fi\/app\/uploads\/sites\/88\/2024\/12\/klov_logorivi_musta-768x90.png 768w, https:\/\/me.yrittajat.fi\/app\/uploads\/sites\/88\/2024\/12\/klov_logorivi_musta-1536x181.png 1536w, https:\/\/me.yrittajat.fi\/app\/uploads\/sites\/88\/2024\/12\/klov_logorivi_musta-2048x241.png 2048w\" sizes=\"auto, (max-width: 1024px) 100vw, 1024px\" \/><\/figure>\n\n\n\n<p><\/p>\n\n\n\n<p><\/p>\n\n\n\n\n\n\n","protected":false},"excerpt":{"rendered":"<p>Maksuton pilottiohjelma tarjoaa tukea ja ty\u00f6kaluja kulttuuri- ja luovan alan yrityksen myyntikunnon edist\u00e4miseen, digitalisaatioon, kasvuun sek\u00e4 omistajavaihdokseen. Pilottiohjelma koostuu koulutuksista, webinaareista ja tapahtumista. Hanke p\u00e4\u00e4ttyy lokakuun 2025 loppuun. Voit lukea hankkeen loppuraportin t\u00e4\u00e4lt\u00e4 alla olevasta linkist\u00e4. Kuvassa kuvittaja Anja Reponen KLOV-osastolla Habitare-messuilla. Kuvaaja Joanna Moorhouse. Yritt\u00e4j\u00e4n kuntotarkastus -opas Osana hanketta olemme julkaisseet\u00a0Yritt\u00e4j\u00e4n kuntotarkastus-oppaan. Oppaassa paneudutaan &hellip; <a href=\"https:\/\/me.yrittajat.fi\/luovan-alan-pilotti\/\">Lue lis\u00e4\u00e4<\/a><\/p>\n","protected":false},"author":61,"featured_media":74,"parent":0,"menu_order":0,"comment_status":"closed","ping_status":"closed","template":"","meta":{"_acf_changed":false,"footnotes":""},"class_list":["post-3","page","type-page","status-publish","has-post-thumbnail","hentry"],"acf":[],"_links":{"self":[{"href":"https:\/\/me.yrittajat.fi\/luovan-alan-pilotti\/wp-json\/wp\/v2\/pages\/3","targetHints":{"allow":["GET"]}}],"collection":[{"href":"https:\/\/me.yrittajat.fi\/luovan-alan-pilotti\/wp-json\/wp\/v2\/pages"}],"about":[{"href":"https:\/\/me.yrittajat.fi\/luovan-alan-pilotti\/wp-json\/wp\/v2\/types\/page"}],"author":[{"embeddable":true,"href":"https:\/\/me.yrittajat.fi\/luovan-alan-pilotti\/wp-json\/wp\/v2\/users\/61"}],"replies":[{"embeddable":true,"href":"https:\/\/me.yrittajat.fi\/luovan-alan-pilotti\/wp-json\/wp\/v2\/comments?post=3"}],"version-history":[{"count":5,"href":"https:\/\/me.yrittajat.fi\/luovan-alan-pilotti\/wp-json\/wp\/v2\/pages\/3\/revisions"}],"predecessor-version":[{"id":264,"href":"https:\/\/me.yrittajat.fi\/luovan-alan-pilotti\/wp-json\/wp\/v2\/pages\/3\/revisions\/264"}],"wp:featuredmedia":[{"embeddable":true,"href":"https:\/\/me.yrittajat.fi\/luovan-alan-pilotti\/wp-json\/wp\/v2\/media\/74"}],"wp:attachment":[{"href":"https:\/\/me.yrittajat.fi\/luovan-alan-pilotti\/wp-json\/wp\/v2\/media?parent=3"}],"curies":[{"name":"wp","href":"https:\/\/api.w.org\/{rel}","templated":true}]}}