{"id":37,"date":"2024-03-28T09:25:07","date_gmt":"2024-03-28T07:25:07","guid":{"rendered":"https:\/\/me.yrittajat.fi\/luovan-alan-pilotti\/?page_id=37"},"modified":"2025-10-31T14:12:52","modified_gmt":"2025-10-31T12:12:52","slug":"yhteystiedot","status":"publish","type":"page","link":"https:\/\/me.yrittajat.fi\/luovan-alan-pilotti\/yhteystiedot\/","title":{"rendered":"Yhteystiedot"},"content":{"rendered":"\n<div class=\"wp-block-columns is-layout-flex wp-container-core-columns-is-layout-1 wp-block-columns-is-layout-flex\">\n<div class=\"wp-block-column is-layout-flow wp-block-column-is-layout-flow\">\n<p><\/p>\n<\/div>\n<\/div>\n\n\n\n<div class=\"wp-block-columns is-layout-flex wp-container-core-columns-is-layout-2 wp-block-columns-is-layout-flex\">\n<div class=\"wp-block-column is-layout-flow wp-block-column-is-layout-flow\">\n<figure class=\"wp-block-gallery has-nested-images columns-default is-cropped wp-block-gallery-1 is-layout-flex wp-block-gallery-is-layout-flex\">\n<figure class=\"wp-block-image size-large\"><img loading=\"lazy\" decoding=\"async\" width=\"768\" height=\"1024\" src=\"https:\/\/me.yrittajat.fi\/app\/uploads\/sites\/88\/2025\/06\/IMG_6965-768x1024.jpg\" alt=\"\" class=\"wp-image-218\" srcset=\"https:\/\/me.yrittajat.fi\/app\/uploads\/sites\/88\/2025\/06\/IMG_6965-768x1024.jpg 768w, https:\/\/me.yrittajat.fi\/app\/uploads\/sites\/88\/2025\/06\/IMG_6965-225x300.jpg 225w, https:\/\/me.yrittajat.fi\/app\/uploads\/sites\/88\/2025\/06\/IMG_6965-1152x1536.jpg 1152w, https:\/\/me.yrittajat.fi\/app\/uploads\/sites\/88\/2025\/06\/IMG_6965-1536x2048.jpg 1536w, https:\/\/me.yrittajat.fi\/app\/uploads\/sites\/88\/2025\/06\/IMG_6965-scaled.jpg 1920w\" sizes=\"auto, (max-width: 768px) 100vw, 768px\" \/><\/figure>\n<\/figure>\n<\/div>\n\n\n\n<div class=\"wp-block-column is-layout-flow wp-block-column-is-layout-flow\">\n<p><strong>Laura Rautkallio-Salminen<\/strong><\/p>\n\n\n\n<p>Projektikoordinaattori<\/p>\n\n\n\n<p>laura.rautkallio-salminen@yrittajat.fi<\/p>\n\n\n\n<p>p. 040 778 4906<\/p>\n<\/div>\n<\/div>\n\n\n\n<p>Pilotti on osa kulttuuri- ja luovien alojen yritysten kehitt\u00e4mishanketta (<a href=\"https:\/\/ov-foorumi.fi\/klov-hanke\/\">KLOV-hanke<\/a>). Hankkeessa edistet\u00e4\u00e4n n\u00e4iden alojen yritysten kuntoa ja omistajanvaihdoksia. Hankkeesta vastaa Suomen Yritt\u00e4j\u00e4t yhteisty\u00f6ss\u00e4 kumppaneiden kanssa.<\/p>\n\n\n\n<figure class=\"wp-block-image size-large\"><img loading=\"lazy\" decoding=\"async\" width=\"1024\" height=\"88\" src=\"https:\/\/me.yrittajat.fi\/luovan-alan-pilotti\/app\/uploads\/sites\/88\/2024\/04\/logorimpsu_vaaka_musta-1024x88.png\" alt=\"\" class=\"wp-image-75\" srcset=\"https:\/\/me.yrittajat.fi\/app\/uploads\/sites\/88\/2024\/04\/logorimpsu_vaaka_musta-1024x88.png 1024w, https:\/\/me.yrittajat.fi\/app\/uploads\/sites\/88\/2024\/04\/logorimpsu_vaaka_musta-300x26.png 300w, https:\/\/me.yrittajat.fi\/app\/uploads\/sites\/88\/2024\/04\/logorimpsu_vaaka_musta-768x66.png 768w, https:\/\/me.yrittajat.fi\/app\/uploads\/sites\/88\/2024\/04\/logorimpsu_vaaka_musta-1536x131.png 1536w, https:\/\/me.yrittajat.fi\/app\/uploads\/sites\/88\/2024\/04\/logorimpsu_vaaka_musta-2048x175.png 2048w\" sizes=\"auto, (max-width: 1024px) 100vw, 1024px\" \/><\/figure>\n","protected":false},"excerpt":{"rendered":"<p>Laura Rautkallio-Salminen Projektikoordinaattori laura.rautkallio-salminen@yrittajat.fi p. 040 778 4906 Pilotti on osa kulttuuri- ja luovien alojen yritysten kehitt\u00e4mishanketta (KLOV-hanke). Hankkeessa edistet\u00e4\u00e4n n\u00e4iden alojen yritysten kuntoa ja omistajanvaihdoksia. Hankkeesta vastaa Suomen Yritt\u00e4j\u00e4t yhteisty\u00f6ss\u00e4 kumppaneiden kanssa.<\/p>\n","protected":false},"author":64,"featured_media":0,"parent":0,"menu_order":0,"comment_status":"closed","ping_status":"closed","template":"","meta":{"_acf_changed":false,"footnotes":""},"class_list":["post-37","page","type-page","status-publish","hentry"],"acf":[],"_links":{"self":[{"href":"https:\/\/me.yrittajat.fi\/luovan-alan-pilotti\/wp-json\/wp\/v2\/pages\/37","targetHints":{"allow":["GET"]}}],"collection":[{"href":"https:\/\/me.yrittajat.fi\/luovan-alan-pilotti\/wp-json\/wp\/v2\/pages"}],"about":[{"href":"https:\/\/me.yrittajat.fi\/luovan-alan-pilotti\/wp-json\/wp\/v2\/types\/page"}],"author":[{"embeddable":true,"href":"https:\/\/me.yrittajat.fi\/luovan-alan-pilotti\/wp-json\/wp\/v2\/users\/64"}],"replies":[{"embeddable":true,"href":"https:\/\/me.yrittajat.fi\/luovan-alan-pilotti\/wp-json\/wp\/v2\/comments?post=37"}],"version-history":[{"count":5,"href":"https:\/\/me.yrittajat.fi\/luovan-alan-pilotti\/wp-json\/wp\/v2\/pages\/37\/revisions"}],"predecessor-version":[{"id":254,"href":"https:\/\/me.yrittajat.fi\/luovan-alan-pilotti\/wp-json\/wp\/v2\/pages\/37\/revisions\/254"}],"wp:attachment":[{"href":"https:\/\/me.yrittajat.fi\/luovan-alan-pilotti\/wp-json\/wp\/v2\/media?parent=37"}],"curies":[{"name":"wp","href":"https:\/\/api.w.org\/{rel}","templated":true}]}}