{"id":3,"date":"2023-09-07T09:01:18","date_gmt":"2023-09-07T06:01:18","guid":{"rendered":"https:\/\/me.yrittajat.fi\/match\/etusivu\/"},"modified":"2025-08-06T14:00:26","modified_gmt":"2025-08-06T11:00:26","slug":"etusivu","status":"publish","type":"page","link":"https:\/\/me.yrittajat.fi\/match\/","title":{"rendered":""},"content":{"rendered":"\n\t<div id=\"gb-background-block_89379285d24e4fe1e885a3047fa7e479\" class=\"gb-background gb-background-block_89379285d24e4fe1e885a3047fa7e479 bg-white\">\n\t\t<div class=\"container\">\n\t\t\t<div class=\"gutenberg-content\">\n\t\t\t\t\t\t\t\t\n\n<h1 class=\"wp-block-heading has-text-align-center\">MATCH! 2025: <br><strong>Back to Business<\/strong><\/h1>\n\n\n\n<p class=\"has-text-align-center\"><br><strong>Aika: Torstaina 30.10. klo 17.00-20.00<\/strong><br><strong>Paikka:<\/strong> Original Sokos Hotel Kimmel, It\u00e4ranta 1, 80100 Joensuu<\/p>\n\n\n\n<p class=\"has-text-align-center\"><strong>T\u00e4n\u00e4 vuonna MATCH!-huippuseminaari palaa juurilleen, suoraan siihen kysymykseen, joka erottaa hyv\u00e4t tekij\u00e4t huipuista: Mik\u00e4 erottaa myyj\u00e4n ja huippumyyj\u00e4n? <\/strong><\/p>\n\n\n\n<p class=\"has-text-align-center\">MATCH! 2025 vie suoraan ytimeen \u2013 sinne, miss\u00e4 myynti muuttuu merkitykselliseksi ja tulokset kest\u00e4viksi. <strong>Antti Kiukas<\/strong> haastaa ajattelemaan uudelleen, miten br\u00e4ndi, asiakaskokemus ja arjen tekeminen linkittyv\u00e4t \u2013 ja miksi pelkk\u00e4 taktiikka ei en\u00e4\u00e4 riit\u00e4. <strong>Miro Turunen<\/strong> n\u00e4ytt\u00e4\u00e4, miten myynti voi olla yhteisty\u00f6t\u00e4 eik\u00e4 vastakkainasettelua: kun luottamus, l\u00e4sn\u00e4olo ja asiakasymm\u00e4rrys ovat kohdillaan, pelikuvioista syntyy voittoisa kokonaisuus. <strong>Jenni Kynn\u00f6s<\/strong> puolestaan osoittaa, miten ajanhallinta, arvopohjat ja selke\u00e4 fokus luovat tilaa sille, mik\u00e4 on oikeasti t\u00e4rke\u00e4\u00e4 \u2013 ja rakentavat perustan kest\u00e4v\u00e4lle kasvulle.<\/p>\n\n\n\n<p class=\"has-text-align-center\">T\u00e4m\u00e4 ei ole seminaari kliseille tai geneerisille neuvoille. Lavalla kuullaan rehellist\u00e4 puhetta, aitoja tarinoita ja konkreettisia oppeja siit\u00e4, miten huippumyyj\u00e4t tekev\u00e4t eron.<\/p>\n\n\n\n<p class=\"has-text-align-center\"><strong>Ei mutua \u2013 vaan faktaa, fiilist\u00e4 ja oivalluksia, jotka viev\u00e4t bisneksen seuraavalle tasolle.<\/strong><\/p>\n\n\n\n<p class=\"has-text-align-center\">Matchia organisoimassa Pohjois-Karjalan Yritt\u00e4j\u00e4t ry, Rookie Communications ja Lindstr\u00f6m Oy. Tapahtumaa tukemassa Riveria, Elisa Oyj, MMA, Pohjois-Karjalan Kauppakamari, PKO, OP Pohjois-Karjala, PKS ja Br\u00e4ndpa.<\/p>\n\n\n\n\t<div id=\"gb-anchor-block_a2e27a07e8b5bb36ab9280dd1d00690b\" class=\"gb-anchor gb-anchor-block_a2e27a07e8b5bb36ab9280dd1d00690b\">\n\t\t\t\t\t<div class=\"gb-anchor__anchor\" id=\"ilmoittaudu\"><\/div>\n\n\t\t\t\t\t\t<\/div>\n\n\n\n\n<p><\/p>\n\n\n\n<h1 class=\"wp-block-heading has-text-align-center\"><a href=\"https:\/\/www.lyyti.fi\/reg\/match-2025\">Ilmoittaudu mukaan t\u00e4st\u00e4!<\/a><\/h1>\n\n\n\n<p><\/p>\n\n\n\n\t<div id=\"gb-anchor-block_b08680385b15a744f21094bc6d227db0\" class=\"gb-anchor gb-anchor-block_b08680385b15a744f21094bc6d227db0\">\n\t\t\t\t\t<div class=\"gb-anchor__anchor\" id=\"ohjelma\"><\/div>\n\n\t\t\t\t\t\t<\/div>\n\n\n\n\n<h3 class=\"wp-block-heading has-text-align-center\">Ohjelma<\/h3>\n\n\n\n<p><\/p>\n\n\n\n<p><\/p>\n\n\n\n<section id=\"gb-accordion-block_e68ba046965b74a0b489d6019ef05e8f\" class=\"gb-accordion gb-accordion-block_e68ba046965b74a0b489d6019ef05e8f\">\n\t<div class=\"handorgel\">\n\t\t\t\t\t<h3 class=\"handorgel__header handorgel__header--has-start-time\">\n\t\t\t\t<button class=\"handorgel__header__button\"\n\t\t\t\t        id=\"tervetulosanat\">\n\t\t\t\t\t<span class=\"handorgel__header__button--content\">\n\t\t\t\t\t\t\t\t\t\t\t<span\n\t\t\t\t\t\t\tclass=\"handorgel__header__button--start-time\">17:00<\/span>\n\t\t\t\t\t\t\t\t\t\t<span class=\"handorgel__header__button--title\">Tervetulosanat<\/span>\n\t\t\t\t\t<\/span>\n\t\t\t\t\t<span class=\"handorgel__header__button--icon\">\n\t\t\t\t\t\t\t<span><\/span>\n\t\t\t\t\t\t\t<span><\/span>\n\t\t\t\t\t<\/span>\n\t\t\t\t\t\t\t\t\t\t\t<span class=\"handorgel__header__button--speakers\">\n\t\t\t\t\t\t\t\t\t\t\t\t\t\t<span\n\t\t\t\t\t\t\t\t\tclass=\"handorgel__header__button--speakers--speaker\">\ud83c\udfa4  Merja Blomberg,\u00a0Pohjois-Karjalan Yritt\u00e4j\u00e4t ry<\/span>\n\t\t\t\t\t\t\t\t\t\t\t\t\t<\/span>\n\t\t\t\t\t\t\t\t\t<\/button>\n\t\t\t<\/h3>\n\t\t\t<div class=\"handorgel__content handorgel__content--has-start-time\">\n\t\t\t\t<div class=\"handorgel__content__inner\">\n\t\t\t\t\t\t\t\t\t<\/div>\n\t\t\t<\/div>\n\t\t\t\t\t<h3 class=\"handorgel__header handorgel__header--has-start-time\">\n\t\t\t\t<button class=\"handorgel__header__button\"\n\t\t\t\t        id=\"konsultti-joka-ei-puhu-konsulttia\">\n\t\t\t\t\t<span class=\"handorgel__header__button--content\">\n\t\t\t\t\t\t\t\t\t\t\t<span\n\t\t\t\t\t\t\tclass=\"handorgel__header__button--start-time\">17:05<\/span>\n\t\t\t\t\t\t\t\t\t\t<span class=\"handorgel__header__button--title\">Konsultti, joka ei puhu konsulttia<\/span>\n\t\t\t\t\t<\/span>\n\t\t\t\t\t<span class=\"handorgel__header__button--icon\">\n\t\t\t\t\t\t\t<span><\/span>\n\t\t\t\t\t\t\t<span><\/span>\n\t\t\t\t\t<\/span>\n\t\t\t\t\t\t\t\t\t\t\t<span class=\"handorgel__header__button--speakers\">\n\t\t\t\t\t\t\t\t\t\t\t\t\t\t<span\n\t\t\t\t\t\t\t\t\tclass=\"handorgel__header__button--speakers--speaker\">\ud83c\udfa4 Antti Kiukas, Faction HKI<\/span>\n\t\t\t\t\t\t\t\t\t\t\t\t\t<\/span>\n\t\t\t\t\t\t\t\t\t<\/button>\n\t\t\t<\/h3>\n\t\t\t<div class=\"handorgel__content handorgel__content--has-start-time\">\n\t\t\t\t<div class=\"handorgel__content__inner\">\n\t\t\t\t\t<blockquote><p>Faction HKI:n perustaja <strong>Antti Kiukas<\/strong> yhdist\u00e4\u00e4 vuosien kentt\u00e4kokemuksen suorasanaiseen otteeseen. H\u00e4n puhuu siit\u00e4, miten br\u00e4ndi, asiakaskokemus ja myynti rakennetaan todeksi \u2013 ei kalvoilla, vaan teoilla. Antti ei tarjoa kliseit\u00e4 vaan konkreettisia n\u00e4kemyksi\u00e4 arjen tekemiseen. Suunta on selv\u00e4: asiakas ensin, j\u00e4rki mukana.<\/p><\/blockquote>\n\t\t\t\t<\/div>\n\t\t\t<\/div>\n\t\t\t\t\t<h3 class=\"handorgel__header handorgel__header--has-start-time\">\n\t\t\t\t<button class=\"handorgel__header__button\"\n\t\t\t\t        id=\"karjalan-kovin-kauppamies\">\n\t\t\t\t\t<span class=\"handorgel__header__button--content\">\n\t\t\t\t\t\t\t\t\t\t\t<span\n\t\t\t\t\t\t\tclass=\"handorgel__header__button--start-time\">17:45<\/span>\n\t\t\t\t\t\t\t\t\t\t<span class=\"handorgel__header__button--title\">Karjalan kovin kauppamies<\/span>\n\t\t\t\t\t<\/span>\n\t\t\t\t\t<span class=\"handorgel__header__button--icon\">\n\t\t\t\t\t\t\t<span><\/span>\n\t\t\t\t\t\t\t<span><\/span>\n\t\t\t\t\t<\/span>\n\t\t\t\t\t\t\t\t\t\t\t<span class=\"handorgel__header__button--speakers\">\n\t\t\t\t\t\t\t\t\t\t\t\t\t\t<span\n\t\t\t\t\t\t\t\t\tclass=\"handorgel__header__button--speakers--speaker\">\ud83c\udfa4  Miro Turunen, Joensuulainen pro-tason kiinteist\u00f6nv\u00e4litt\u00e4j\u00e4<\/span>\n\t\t\t\t\t\t\t\t\t\t\t\t\t<\/span>\n\t\t\t\t\t\t\t\t\t<\/button>\n\t\t\t<\/h3>\n\t\t\t<div class=\"handorgel__content handorgel__content--has-start-time\">\n\t\t\t\t<div class=\"handorgel__content__inner\">\n\t\t\t\t\t<div class=\"x_elementToProof\" data-ogsc=\"rgb(0, 0, 0)\">\n<p>Joensuulainen kiinteist\u00f6nv\u00e4litt\u00e4j\u00e4 <strong>Miro Turunen<\/strong> tunnetaan rohkeudestaan, aitoudestaan ja tavastaan tehd\u00e4 kauppaa asiakkaan puolella. H\u00e4n yhdist\u00e4\u00e4 paikallistuntemuksen, sosiaalisen median ja l\u00e4sn\u00e4olon tulokselliseksi kokonaisuudeksi. Mirolle myynti on yhteisty\u00f6t\u00e4 \u2013 luottamusta, ei taktiikkaa. Lavalla n\u00e4hd\u00e4\u00e4n mies, joka el\u00e4\u00e4 niin kuin opettaa.<\/p>\n<\/div>\n\t\t\t\t<\/div>\n\t\t\t<\/div>\n\t\t\t\t\t<h3 class=\"handorgel__header handorgel__header--has-start-time\">\n\t\t\t\t<button class=\"handorgel__header__button\"\n\t\t\t\t        id=\"kahvitauko\">\n\t\t\t\t\t<span class=\"handorgel__header__button--content\">\n\t\t\t\t\t\t\t\t\t\t\t<span\n\t\t\t\t\t\t\tclass=\"handorgel__header__button--start-time\">18:30<\/span>\n\t\t\t\t\t\t\t\t\t\t<span class=\"handorgel__header__button--title\">Kahvitauko<\/span>\n\t\t\t\t\t<\/span>\n\t\t\t\t\t<span class=\"handorgel__header__button--icon\">\n\t\t\t\t\t\t\t<span><\/span>\n\t\t\t\t\t\t\t<span><\/span>\n\t\t\t\t\t<\/span>\n\t\t\t\t\t\t\t\t\t<\/button>\n\t\t\t<\/h3>\n\t\t\t<div class=\"handorgel__content handorgel__content--has-start-time\">\n\t\t\t\t<div class=\"handorgel__content__inner\">\n\t\t\t\t\t\t\t\t\t<\/div>\n\t\t\t<\/div>\n\t\t\t\t\t<h3 class=\"handorgel__header handorgel__header--has-start-time\">\n\t\t\t\t<button class=\"handorgel__header__button\"\n\t\t\t\t        id=\"ajan-mestari-ja-kasvun-rakentaja\">\n\t\t\t\t\t<span class=\"handorgel__header__button--content\">\n\t\t\t\t\t\t\t\t\t\t\t<span\n\t\t\t\t\t\t\tclass=\"handorgel__header__button--start-time\">19:15<\/span>\n\t\t\t\t\t\t\t\t\t\t<span class=\"handorgel__header__button--title\">Ajan mestari ja kasvun rakentaja<\/span>\n\t\t\t\t\t<\/span>\n\t\t\t\t\t<span class=\"handorgel__header__button--icon\">\n\t\t\t\t\t\t\t<span><\/span>\n\t\t\t\t\t\t\t<span><\/span>\n\t\t\t\t\t<\/span>\n\t\t\t\t\t\t\t\t\t\t\t<span class=\"handorgel__header__button--speakers\">\n\t\t\t\t\t\t\t\t\t\t\t\t\t\t<span\n\t\t\t\t\t\t\t\t\tclass=\"handorgel__header__button--speakers--speaker\">\ud83c\udfa4  Jenni Kynn\u00f6s \u2013 Sarjayritt\u00e4j\u00e4 &amp; enkelisijoittaja<\/span>\n\t\t\t\t\t\t\t\t\t\t\t\t\t<\/span>\n\t\t\t\t\t\t\t\t\t<\/button>\n\t\t\t<\/h3>\n\t\t\t<div class=\"handorgel__content handorgel__content--has-start-time\">\n\t\t\t\t<div class=\"handorgel__content__inner\">\n\t\t\t\t\t<p>Sarjayritt\u00e4j\u00e4 &amp; enkelisijoittaja<strong>\u00a0<\/strong><strong>Jenni Kynn\u00f6s<\/strong> on kokenut kasvuyritt\u00e4j\u00e4 ja sijoittaja, joka yhdist\u00e4\u00e4 strategian ja arjen oivaltavasti. H\u00e4n puhuu ajasta, arvoista ja keskittymisest\u00e4 olennaiseen \u2013 siit\u00e4, miten menestyv\u00e4 tekeminen rakentuu kest\u00e4v\u00e4lle pohjalle. Jenni muistuttaa, ett\u00e4 t\u00e4rkeint\u00e4 on luoda aikaa sille, mik\u00e4 oikeasti merkitsee.<\/p>\n\t\t\t\t<\/div>\n\t\t\t<\/div>\n\t\t\t\t\t<h3 class=\"handorgel__header handorgel__header--has-start-time\">\n\t\t\t\t<button class=\"handorgel__header__button\"\n\t\t\t\t        id=\"paatossanat\">\n\t\t\t\t\t<span class=\"handorgel__header__button--content\">\n\t\t\t\t\t\t\t\t\t\t\t<span\n\t\t\t\t\t\t\tclass=\"handorgel__header__button--start-time\">20:00<\/span>\n\t\t\t\t\t\t\t\t\t\t<span class=\"handorgel__header__button--title\">P\u00e4\u00e4t\u00f6ssanat<\/span>\n\t\t\t\t\t<\/span>\n\t\t\t\t\t<span class=\"handorgel__header__button--icon\">\n\t\t\t\t\t\t\t<span><\/span>\n\t\t\t\t\t\t\t<span><\/span>\n\t\t\t\t\t<\/span>\n\t\t\t\t\t\t\t\t\t\t\t<span class=\"handorgel__header__button--speakers\">\n\t\t\t\t\t\t\t\t\t\t\t\t\t\t<span\n\t\t\t\t\t\t\t\t\tclass=\"handorgel__header__button--speakers--speaker\">\ud83c\udfa4  Arttu K\u00e4yhk\u00f6<\/span>\n\t\t\t\t\t\t\t\t\t\t\t\t\t<\/span>\n\t\t\t\t\t\t\t\t\t<\/button>\n\t\t\t<\/h3>\n\t\t\t<div class=\"handorgel__content handorgel__content--has-start-time\">\n\t\t\t\t<div class=\"handorgel__content__inner\">\n\t\t\t\t\t\t\t\t\t<\/div>\n\t\t\t<\/div>\n\t\t\t<\/div>\n<\/section\n\t\t<!-- You can also use SakkeLib\\Helpers\\get_template_part inside a gutenberg acf block template -->\n\n\n\n\t<div id=\"gb-anchor-block_36c5f12b679ef42d5c1251f5ed1d00b2\" class=\"gb-anchor gb-anchor-block_36c5f12b679ef42d5c1251f5ed1d00b2\">\n\t\t\t\t\t<div class=\"gb-anchor__anchor\" id=\"puhujat\"><\/div>\n\n\t\t\t\t\t\t<\/div>\n\n\n\n\t\t\t<\/div>\n\t\t<\/div>\n\t<\/div>\n\n\n\n\n<p><\/p>\n\n\n\n<h3 class=\"wp-block-heading has-text-align-center\">Matchin puhujat<\/h3>\n\n\n\n\t<section id=\"gb-several-lifts-block_3f7aff9daff13714e0efd7de056b3479\"\n\t         class=\"gb-several-lifts gb-several-lifts-block_3f7aff9daff13714e0efd7de056b3479\">\n\t\t<div class=\"gb-several-lifts__row\">\n\n\t\t\t\t\t\t\t<div class=\"gb-several-lifts__item\">\n\t\t\t\t\t\n<div class=\"b-lift-item\">\n\t<div class=\"b-lift-item__inner\">\n\t\t\t\t\t<img decoding=\"async\" class=\"b-lift-item__image\"\n\t\t\t     src=\"https:\/\/me.yrittajat.fi\/app\/uploads\/sites\/75\/2025\/08\/antti-kiukas.png\"\n\t\t\t     alt=\"\">\n\t\t\n\t\t\n<div class=\"b-metas-title-content\">\n\t\n\t\t\t<h3 class=\"b-metas-title-content__title b-metas-title-content__title--size-m\">\n\t\t\t\t\t\t\tAntti Kiukas\t\t\t\t\t\t<\/h3>\n\t\n\t\t\t<h4 class=\"b-metas-title-content__subtitle\">Konsultti, joka ei puhu konsulttia<\/h4>\n\t\n\t\t\t<div class=\"b-metas-title-content__content readmore-container\">\n\t\t\t\t\t\t\t\t<p>\n\t\t\t\t\t\t<span class=\"b-metas-title-content__content-first\">Faction HKI:n perustaja Antti Kiukas on myynnin ja markkinoinnin asiantuntija, jonka sanoma on kirkas: br\u00e4ndi ja asiakaskokemus syntyv\u00e4t arjen teoista, eiv\u00e4t juhlapuheista.<br \/>\r<\/span>\n\t\t\t\t\t\t<span class=\"b-metas-title-content__content-last\">\n<br \/>\r\nAntilla on takanaan yli 13 vuotta konsultointia Trainers\u2019 Housella, markkinointijohtajan teht\u00e4vi\u00e4 Siili Solutionsissa ja Hasan-ryhm\u00e4ss\u00e4, sek\u00e4 vuosien kokemus yritt\u00e4j\u00e4n\u00e4. H\u00e4n on auttanut lukuisia yrityksi\u00e4 uudistamaan myynti\u00e4\u00e4n ja rakentamaan asiakaskokemuksen, joka todella erottuu.<br \/>\r\n<br \/>\r\nAntti tunnetaan suorapuheisuudesta ja k\u00e4yt\u00e4nn\u00f6nl\u00e4heisyydest\u00e4 \u2013 h\u00e4nen puheensa yhdist\u00e4\u00e4 strategisen ajattelun ja todelliset esimerkit kent\u00e4lt\u00e4. Lavalla h\u00e4n n\u00e4ytt\u00e4\u00e4, miksi hyv\u00e4 br\u00e4ndi on sijoitus, joka avaa ovia vuosiksi, ja miksi asiakas on aina oltava mukana jo myyntiprosessin suunnittelup\u00f6yd\u00e4st\u00e4 l\u00e4htien.<\/span>\n\t\t\t\t\t<\/p>\n\n\t\t\t\t\t\n\t\t\t\t\t<div class=\"b-metas-title-content__content-readmore\">\n\t\t\t\t\t\t<button class=\"b-readmore-button\" aria-expanded=\"false\">\n\t<span class=\"screen-reader-text\">Lue lis\u00e4\u00e4<\/span>\n<\/button>\n\t\t\t\t\t<\/div>\n\t\t\t\t\t\t<\/div>\n\t<\/div>\n\t<\/div>\n<\/div>\n\t\t\t\t<\/div>\n\t\t\t\t\t\t\t<div class=\"gb-several-lifts__item\">\n\t\t\t\t\t\n<div class=\"b-lift-item\">\n\t<div class=\"b-lift-item__inner\">\n\t\t\t\t\t<img decoding=\"async\" class=\"b-lift-item__image\"\n\t\t\t     src=\"https:\/\/me.yrittajat.fi\/app\/uploads\/sites\/75\/2025\/08\/miro-turunen.png\"\n\t\t\t     alt=\"\">\n\t\t\n\t\t\n<div class=\"b-metas-title-content\">\n\t\n\t\t\t<h3 class=\"b-metas-title-content__title b-metas-title-content__title--size-m\">\n\t\t\t\t\t\t\tMiro Turunen\t\t\t\t\t\t<\/h3>\n\t\n\t\t\t<h4 class=\"b-metas-title-content__subtitle\">Karjalan kovin kauppamies<\/h4>\n\t\n\t\t\t<div class=\"b-metas-title-content__content readmore-container\">\n\t\t\t\t\t\t\t\t<p>\n\t\t\t\t\t\t<span class=\"b-metas-title-content__content-first\">Miro Turunen on joensuulainen kiinteist\u00f6nv\u00e4litt\u00e4j\u00e4, joka on rakentanut uransa rohkeuden, aitouden ja asiakasl\u00e4ht\u00f6isyyden varaan. H\u00e4n ei n\u00e4e asuntokauppaa pelkk\u00e4n\u00e4 transaktiona, vaan el\u00e4m\u00e4n suurena p\u00e4\u00e4t\u00f6ksen\u00e4, jossa asiakkaan ja<\/span>\n\t\t\t\t\t\t<span class=\"b-metas-title-content__content-last\"> v\u00e4litt\u00e4j\u00e4n on oltava samalla puolella kentt\u00e4\u00e4.<br \/>\r\n<br \/>\r\nSeitsem\u00e4n vuoden aikana Miro on noussut alueensa kysytyimpien v\u00e4litt\u00e4jien joukkoon yhdist\u00e4m\u00e4ll\u00e4 vahvan paikallistuntemuksen, aktiivisen sosiaalisen median k\u00e4yt\u00f6n ja aidon l\u00e4sn\u00e4olon jokaisessa kohtaamisessa. H\u00e4nen filosofiansa on yksinkertainen: pelikuvio hiotaan yhdess\u00e4, ja luottamus ratkaisee.<br \/>\r\n<br \/>\r\nLavalla Miro puhuu siit\u00e4, miten n\u00e4m\u00e4 samat periaatteet p\u00e4tev\u00e4t kaikkeen myyntiin \u2013 miten l\u00e4sn\u00e4olo, rehellisyys ja yhteisty\u00f6 luovat voittavia lopputuloksia ja pitk\u00e4aikaisia suhteita.<\/span>\n\t\t\t\t\t<\/p>\n\n\t\t\t\t\t\n\t\t\t\t\t<div class=\"b-metas-title-content__content-readmore\">\n\t\t\t\t\t\t<button class=\"b-readmore-button\" aria-expanded=\"false\">\n\t<span class=\"screen-reader-text\">Lue lis\u00e4\u00e4<\/span>\n<\/button>\n\t\t\t\t\t<\/div>\n\t\t\t\t\t\t<\/div>\n\t<\/div>\n\t<\/div>\n<\/div>\n\t\t\t\t<\/div>\n\t\t\t\t\t\t\t<div class=\"gb-several-lifts__item\">\n\t\t\t\t\t\n<div class=\"b-lift-item\">\n\t<div class=\"b-lift-item__inner\">\n\t\t\t\t\t<img decoding=\"async\" class=\"b-lift-item__image\"\n\t\t\t     src=\"https:\/\/me.yrittajat.fi\/app\/uploads\/sites\/75\/2025\/08\/jenni-kynnos.png\"\n\t\t\t     alt=\"\">\n\t\t\n\t\t\n<div class=\"b-metas-title-content\">\n\t\n\t\t\t<h3 class=\"b-metas-title-content__title b-metas-title-content__title--size-m\">\n\t\t\t\t\t\t\tJenni Kynn\u00f6s\t\t\t\t\t\t<\/h3>\n\t\n\t\t\t<h4 class=\"b-metas-title-content__subtitle\">Ajan mestari ja kasvun rakentaja<\/h4>\n\t\n\t\t\t<div class=\"b-metas-title-content__content readmore-container\">\n\t\t\t\t\t\t\t\t<p>\n\t\t\t\t\t\t<span class=\"b-metas-title-content__content-first\">Jenni Kynn\u00f6s on sarjayritt\u00e4j\u00e4 ja enkelisijoittaja, joka on rakentanut useita menestyksekk\u00e4it\u00e4 yrityksi\u00e4 ja sijoittanut lukuisiin kasvutarinoihin. H\u00e4n on Moretimen toimitusjohtaja, Moneybeen hallituksen puheenjohtaja sek\u00e4<\/span>\n\t\t\t\t\t\t<span class=\"b-metas-title-content__content-last\"> Toimistomummola-konseptin kehitt\u00e4j\u00e4 \u2013 ja kaikessa tekemisess\u00e4\u00e4n h\u00e4n yhdist\u00e4\u00e4 strategisen osaamisen ja k\u00e4yt\u00e4nn\u00f6nl\u00e4heisen johtamisen.<br \/>\r\n<br \/>\r\nJennin intohimo on vapauttaa aikaa ja resursseja siihen, mik\u00e4 on oikeasti t\u00e4rke\u00e4\u00e4. H\u00e4n auttaa yrityksi\u00e4 automatisoimaan rutiineja ja keskittym\u00e4\u00e4n olennaiseen \u2013 niin, ett\u00e4 tulokset kasvavat ja hyvinvointi paranee.<br \/>\r\n<br \/>\r\nH\u00e4n on inspiroiva puhuja, joka ei kaunistele yritt\u00e4jyyden arkea. Jennin viesti on selke\u00e4: menestyksen salaisuus ei ole loputon ty\u00f6m\u00e4\u00e4r\u00e4, vaan fiksu ajank\u00e4ytt\u00f6, selke\u00e4t arvot ja rohkeus sanoa ei asioille, jotka eiv\u00e4t vie kohti tavoitetta. Lavalla h\u00e4n antaa ty\u00f6kaluja ja oivalluksia, joilla t\u00e4m\u00e4 onnistuu k\u00e4yt\u00e4nn\u00f6ss\u00e4.<\/span>\n\t\t\t\t\t<\/p>\n\n\t\t\t\t\t\n\t\t\t\t\t<div class=\"b-metas-title-content__content-readmore\">\n\t\t\t\t\t\t<button class=\"b-readmore-button\" aria-expanded=\"false\">\n\t<span class=\"screen-reader-text\">Lue lis\u00e4\u00e4<\/span>\n<\/button>\n\t\t\t\t\t<\/div>\n\t\t\t\t\t\t<\/div>\n\t<\/div>\n\t<\/div>\n<\/div>\n\t\t\t\t<\/div>\n\t\t\t\n\t\t<\/div>\n\t<\/section>\n\n\n\n\n\t<div id=\"gb-anchor-block_cbf2a8eede2a25a05160ec49fce14715\" class=\"gb-anchor gb-anchor-block_cbf2a8eede2a25a05160ec49fce14715\">\n\t\t\t\t\t<div class=\"gb-anchor__anchor\" id=\"tapahtumapaikka\"><\/div>\n\n\t\t\t\t\t\t<\/div>\n\n\n\n\n<h3 class=\"wp-block-heading has-text-align-center\">Tapahtumapaikka<\/h3>\n\n\n\n<section id=\"gb-horizontal-lift-block_816176226724c49c8f674d2d1bde3057\"\n         class=\"gb-horizontal-lift gb-horizontal-lift-block_816176226724c49c8f674d2d1bde3057 position-right-text\">\n\t<div class=\"gb-horizontal-lift__image\">\n\t\t<img decoding=\"async\" alt=\"Original Sokos Hotel Kimmel, It\u00e4ranta 1, 80100 Joensuu\" src=\"\"\/>\n\t<\/div>\n\n\t<div class=\"gb-horizontal-lift__content\">\n\t\t\n<div class=\"b-metas-title-content\">\n\t\n\t\t\t<h3 class=\"b-metas-title-content__title b-metas-title-content__title--size-l\">\n\t\t\t\t\t\t\tOriginal Sokos Hotel Kimmel, It\u00e4ranta 1, 80100 Joensuu\t\t\t\t\t\t<\/h3>\n\t\n\t\n\t<\/div>\n\t\t\t<\/div>\n<\/section>\n\n\n<!-- You can also use SakkeLib\\Helpers\\get_template_part inside a gutenberg acf block template -->\n\n\n\n\t<div id=\"gb-anchor-block_6b6b79fd1e8df1236ccb0bf5b07746e9\" class=\"gb-anchor gb-anchor-block_6b6b79fd1e8df1236ccb0bf5b07746e9\">\n\t\t\t\t\t<div class=\"gb-anchor__anchor\" id=\"ilmoittautuminen\"><\/div>\n\n\t\t\t\t\t\t<\/div>\n\n\n\n\n<h3 class=\"wp-block-heading has-text-align-center\">Ilmoittautuminen<\/h3>\n\n\n\n<section id=\"gb-accordion-block_f9b93e8c54373c71c5cc1cbdd671e073\" class=\"gb-accordion gb-accordion-block_f9b93e8c54373c71c5cc1cbdd671e073\">\n\t<div class=\"handorgel\">\n\t\t\t\t\t<h3 class=\"handorgel__header handorgel__header--no-start-time\">\n\t\t\t\t<button class=\"handorgel__header__button\"\n\t\t\t\t        id=\"maksuton-ilmoittautuminen\">\n\t\t\t\t\t<span class=\"handorgel__header__button--content\">\n\t\t\t\t\t\t\t\t\t\t<span class=\"handorgel__header__button--title\">Maksuton ilmoittautuminen<\/span>\n\t\t\t\t\t<\/span>\n\t\t\t\t\t<span class=\"handorgel__header__button--icon\">\n\t\t\t\t\t\t\t<span><\/span>\n\t\t\t\t\t\t\t<span><\/span>\n\t\t\t\t\t<\/span>\n\t\t\t\t\t\t\t\t\t<\/button>\n\t\t\t<\/h3>\n\t\t\t<div class=\"handorgel__content handorgel__content--no-start-time\">\n\t\t\t\t<div class=\"handorgel__content__inner\">\n\t\t\t\t\t<p>Ilmoittaudu t\u00e4m\u00e4n linkin kautta <a href=\"https:\/\/www.lyyti.fi\/reg\/match-2025\">https:\/\/www.lyyti.fi\/reg\/match-2025<\/a><\/p>\n\t\t\t\t<\/div>\n\t\t\t<\/div>\n\t\t\t<\/div>\n<\/section\n\t\t<!-- You can also use SakkeLib\\Helpers\\get_template_part inside a gutenberg acf block template -->\n\n\n\n\t<div id=\"gb-anchor-block_88da51572ae28457187a3e142f048d62\" class=\"gb-anchor gb-anchor-block_88da51572ae28457187a3e142f048d62\">\n\t\t\t\t\t<div class=\"gb-anchor__anchor\" id=\"useinkysyttya\"><\/div>\n\n\t\t\t\t\t\t<\/div>\n\n\n\n\n<h3 class=\"wp-block-heading has-text-align-center\">Usein kysytty\u00e4 \/ FAQ<\/h3>\n\n\n\n<section id=\"gb-accordion-block_cc71eb90f31e8bae5dfc0063dac41380\" class=\"gb-accordion gb-accordion-block_cc71eb90f31e8bae5dfc0063dac41380\">\n\t<div class=\"handorgel\">\n\t\t\t\t\t<h3 class=\"handorgel__header handorgel__header--no-start-time\">\n\t\t\t\t<button class=\"handorgel__header__button\"\n\t\t\t\t        id=\"mitka-ovat-tapahtuman-sosiaalisen-median-aihetunnisteet\">\n\t\t\t\t\t<span class=\"handorgel__header__button--content\">\n\t\t\t\t\t\t\t\t\t\t<span class=\"handorgel__header__button--title\">Mitk\u00e4 ovat tapahtuman sosiaalisen median aihetunnisteet?<\/span>\n\t\t\t\t\t<\/span>\n\t\t\t\t\t<span class=\"handorgel__header__button--icon\">\n\t\t\t\t\t\t\t<span><\/span>\n\t\t\t\t\t\t\t<span><\/span>\n\t\t\t\t\t<\/span>\n\t\t\t\t\t\t\t\t\t<\/button>\n\t\t\t<\/h3>\n\t\t\t<div class=\"handorgel__content handorgel__content--no-start-time\">\n\t\t\t\t<div class=\"handorgel__content__inner\">\n\t\t\t\t\t<p>Aihetunnisteet vuonna 2025 ovat #match2025 #backtobusiness<\/p>\n\t\t\t\t<\/div>\n\t\t\t<\/div>\n\t\t\t<\/div>\n<\/section\n\t\t<!-- You can also use SakkeLib\\Helpers\\get_template_part inside a gutenberg acf block template -->\n\n\n\n\t<div id=\"gb-anchor-block_31c95bcdcf724cda98bb6b66a9807642\" class=\"gb-anchor gb-anchor-block_31c95bcdcf724cda98bb6b66a9807642\">\n\t\t\t\t\t<div class=\"gb-anchor__anchor\" id=\"kumppanit\"><\/div>\n\n\t\t\t\t\t\t<\/div>\n\n\n\n\n<h3 class=\"wp-block-heading has-text-align-center\">Yhteisty\u00f6kumppanit<\/h3>\n\n\n\n<figure class=\"wp-block-gallery has-nested-images columns-default is-cropped wp-block-gallery-1 is-layout-flex wp-block-gallery-is-layout-flex\">\n<figure class=\"wp-block-image size-full\"><img loading=\"lazy\" decoding=\"async\" width=\"932\" height=\"441\" data-id=\"261\" src=\"https:\/\/me.yrittajat.fi\/app\/uploads\/sites\/75\/2025\/08\/match-logot-25.png\" alt=\"\" class=\"wp-image-261\" srcset=\"https:\/\/me.yrittajat.fi\/app\/uploads\/sites\/75\/2025\/08\/match-logot-25.png 932w, https:\/\/me.yrittajat.fi\/app\/uploads\/sites\/75\/2025\/08\/match-logot-25-300x142.png 300w, https:\/\/me.yrittajat.fi\/app\/uploads\/sites\/75\/2025\/08\/match-logot-25-768x363.png 768w\" sizes=\"auto, (max-width: 932px) 100vw, 932px\" \/><\/figure>\n<\/figure>\n\n\n\n<div class=\"wp-block-columns is-layout-flex wp-container-core-columns-is-layout-1 wp-block-columns-is-layout-flex\">\n<div class=\"wp-block-column is-layout-flow wp-block-column-is-layout-flow\"><\/div>\n<\/div>\n\n\n\n\t<div id=\"gb-anchor-block_cbcd5626be18f255211a8d2f0f35e93e\" class=\"gb-anchor gb-anchor-block_cbcd5626be18f255211a8d2f0f35e93e\">\n\t\t\t\t\t<div class=\"gb-anchor__anchor\" id=\"otayhteytta\"><\/div>\n\n\t\t\t\t\t\t<\/div>\n\n\n\n\n\t<div id=\"gb-background-block_89379285d24e4fe1e885a3047fa7e479\" class=\"gb-background gb-background-block_89379285d24e4fe1e885a3047fa7e479 bg-white\">\n\t\t<div class=\"container\">\n\t\t\t<div class=\"gutenberg-content\">\n\t\t\t\t\t\t\t\t\n\n\t<div id=\"gb-anchor-block_cbcd5626be18f255211a8d2f0f35e93e\" class=\"gb-anchor gb-anchor-block_cbcd5626be18f255211a8d2f0f35e93e\">\n\t\t\t\t\t<div class=\"gb-anchor__anchor\" id=\"otayhteytta\"><\/div>\n\n\t\t\t\t\t\t<\/div>\n\n\n\n\n<p class=\"has-text-align-center\"><strong>OTA YHTEYTT\u00c4<\/strong><\/p>\n\n\n\n<p class=\"has-text-align-center\">Ota meihin yhteytt\u00e4! Autamme mielell\u00e4mme kaikissa Matchiin liittyviss\u00e4 asioissa. Tavoitat meid\u00e4n joko puhelimitse p. 050 448 8468 tai s\u00e4hk\u00f6postitse osoitteella joonas.hiltunen@yrittajat.fi<\/p>\n\n\n\t\t\t<\/div>\n\t\t<\/div>\n\t<\/div>\n\n\n\n\n<p><\/p>\n","protected":false},"excerpt":{"rendered":"<p>Matchin puhujat Tapahtumapaikka Ilmoittautuminen Usein kysytty\u00e4 \/ FAQ Yhteisty\u00f6kumppanit<\/p>\n","protected":false},"author":21,"featured_media":227,"parent":0,"menu_order":0,"comment_status":"closed","ping_status":"closed","template":"","meta":{"_acf_changed":false,"footnotes":""},"class_list":["post-3","page","type-page","status-publish","has-post-thumbnail","hentry"],"acf":[],"_links":{"self":[{"href":"https:\/\/me.yrittajat.fi\/match\/wp-json\/wp\/v2\/pages\/3","targetHints":{"allow":["GET"]}}],"collection":[{"href":"https:\/\/me.yrittajat.fi\/match\/wp-json\/wp\/v2\/pages"}],"about":[{"href":"https:\/\/me.yrittajat.fi\/match\/wp-json\/wp\/v2\/types\/page"}],"author":[{"embeddable":true,"href":"https:\/\/me.yrittajat.fi\/match\/wp-json\/wp\/v2\/users\/21"}],"replies":[{"embeddable":true,"href":"https:\/\/me.yrittajat.fi\/match\/wp-json\/wp\/v2\/comments?post=3"}],"version-history":[{"count":5,"href":"https:\/\/me.yrittajat.fi\/match\/wp-json\/wp\/v2\/pages\/3\/revisions"}],"predecessor-version":[{"id":262,"href":"https:\/\/me.yrittajat.fi\/match\/wp-json\/wp\/v2\/pages\/3\/revisions\/262"}],"wp:featuredmedia":[{"embeddable":true,"href":"https:\/\/me.yrittajat.fi\/match\/wp-json\/wp\/v2\/media\/227"}],"wp:attachment":[{"href":"https:\/\/me.yrittajat.fi\/match\/wp-json\/wp\/v2\/media?parent=3"}],"curies":[{"name":"wp","href":"https:\/\/api.w.org\/{rel}","templated":true}]}}