{"id":3,"date":"2021-10-11T11:51:24","date_gmt":"2021-10-11T08:51:24","guid":{"rendered":"https:\/\/me.yrittajat.fi\/mukana\/etusivu\/"},"modified":"2021-12-20T15:44:25","modified_gmt":"2021-12-20T13:44:25","slug":"etusivu","status":"publish","type":"page","link":"https:\/\/me.yrittajat.fi\/mukana\/","title":{"rendered":"Mukana"},"content":{"rendered":"\n<h2 class=\"has-text-align-center wp-block-heading\">Tule mukaan Yritt\u00e4jien omaan verkostoon!<\/h2>\n\n\n\n<p class=\"has-text-align-center\">Suomen Yritt\u00e4j\u00e4t on elinkeinoel\u00e4m\u00e4n suurin, yli 115 000 j\u00e4senyrityksen keskusj\u00e4rjest\u00f6. J\u00e4senyrityksist\u00e4 <strong>puolet on yksinyritt\u00e4ji\u00e4<\/strong> ja <strong>puolet ty\u00f6nantajayrityksi\u00e4<\/strong>. J\u00e4rjest\u00f6n vahvuus on sen l\u00e4hes 400 paikkakuntakohtaista yritt\u00e4j\u00e4yhdistyst\u00e4.<br>Keski-Pohjanmaan Yritt\u00e4j\u00e4t toimii Suomen Yritt\u00e4jien virallisena aluej\u00e4rjest\u00f6n\u00e4 ja vaikuttaa alueellisesti yritt\u00e4jien toimintaedellytyksiin. Toimialueella on <a href=\"https:\/\/yrittajat.valudata.fi\/aluejarjestot\/keski-pohjanmaan-yrittajat\/paikallisyhdistykset\/#alavieskan-yrittajat\">23 paikkakuntakohtaista yritt\u00e4j\u00e4yhdistyst\u00e4<\/a>, joissa yritt\u00e4j\u00e4j\u00e4seni\u00e4 l\u00e4hes 2400.<\/p>\n\n\n\n\t<div id=\"gb-anchor-block_616407e40e04b\" class=\"gb-anchor gb-anchor-block_616407e40e04b\">\n\t\t\t\t\t<div class=\"gb-anchor__anchor\" id=\"yrittajatarinat\"><\/div>\n\n\t\t\t\t\t\t<\/div>\n\n\n\n\n<h4 class=\"has-text-align-center wp-block-heading\">YRITT\u00c4J\u00c4TARINAT &#8211; F\u00d6RETAGARBER\u00c4TTELSER<\/h4>\n\n\n\n<p class=\"has-text-align-center\"><strong>Tutustu j\u00e4senyritt\u00e4jiimme ja kuule mit\u00e4 hy\u00f6ty\u00e4 heill\u00e4 on ollut j\u00e4senyydest\u00e4!<\/strong> <br><strong>Bekanta dig med v\u00e5ra medlemsf\u00f6retagare och h\u00f6r vilken nytta de har haft av medlemskapet!<\/strong><\/p>\n\n\n\n\t<div id=\"gb-background-block_6163fc89e6ee0\" class=\"gb-background gb-background-block_6163fc89e6ee0 bg-black\">\n\t\t<div class=\"container\">\n\t\t\t<div class=\"gutenberg-content\">\n\t\t\t\t\t\t\t\t\n\n<figure class=\"wp-block-embed aligncenter is-type-video is-provider-youtube wp-block-embed-youtube\"><div class=\"wp-block-embed__wrapper\">\n<iframe loading=\"lazy\" title=\"OLEN MUKANA \u2013 liity sin\u00e4kin!\" width=\"500\" height=\"281\" src=\"https:\/\/www.youtube.com\/embed\/b27IZhlr36k?feature=oembed\" frameborder=\"0\" allow=\"accelerometer; autoplay; clipboard-write; encrypted-media; gyroscope; picture-in-picture; web-share\" referrerpolicy=\"strict-origin-when-cross-origin\" allowfullscreen><\/iframe>\n<\/div><\/figure>\n\n\n\t\t\t<\/div>\n\t\t<\/div>\n\t<\/div>\n\n\n\n\n<section id=\"gb-horizontal-lift-block_61c085a3a9fb4\"\n         class=\"gb-horizontal-lift gb-horizontal-lift-block_61c085a3a9fb4 position-left-text\">\n\t<div class=\"gb-horizontal-lift__image\">\n\t\t<img decoding=\"async\" alt=\"Suvi Hautala, Asuste-Apunen, Kokkola\" src=\"https:\/\/me.yrittajat.fi\/app\/uploads\/sites\/15\/2021\/10\/b39477f4-b441-4a01-959d-7300c8c6df66-668x445.jpg\"\/>\n\t<\/div>\n\n\t<div class=\"gb-horizontal-lift__content\">\n\t\t\n<div class=\"b-metas-title-content\">\n\t\n\t\t\t<h3 class=\"b-metas-title-content__title b-metas-title-content__title--size-l\">\n\t\t\t\t\t\t\tSuvi Hautala, Asuste-Apunen, Kokkola\t\t\t\t\t\t<\/h3>\n\t\n\t\n\t\t\t<div class=\"b-metas-title-content__content readmore-container\">\n\t\t\t\t\t\t\t<p>Suvi Hautala on ollut yritt\u00e4j\u00e4 vuodesta 2011 l\u00e4htien ja py\u00f6ritt\u00e4\u00e4 Asuste-Apunen nimist\u00e4 alusasuliikett\u00e4 Kokkolassa.\r\n\r\n&#8220;Osallistumalla Yritt\u00e4jien aamupalatilaisuuksiin, tapaan kollegoita sek\u00e4 saan uusia ideoita omaan yritystoimintaani. Olen hy\u00f6dynt\u00e4nyt my\u00f6s Yritt\u00e4jien junaetua, koulutusetuja sek\u00e4 lakineuvontaa.&#8221;\r\n\r\nSuvi har varit f\u00f6retagare sen 2011 och driver f\u00f6retaget Asuste-Apunen i Karleby.\r\n\r\n&#8220;Genom att delta p\u00e5 F\u00f6retagarnas morgonkaffe, tr\u00e4ffar jag p\u00e5 kollegor och f\u00e5r nya ide\u00e9r till f\u00f6retagsverksamheten. Jag har anv\u00e4nt mig av F\u00f6retagarnas t\u00e5gf\u00f6rm\u00e5n och skolningsf\u00f6rm\u00e5n samt r\u00e5dgivningstj\u00e4nst.&#8221;<\/p>\n\n\t\t\t\t\t\t<\/div>\n\t<\/div>\n\t\t\t\t\t<div class=\"gb-horizontal-lift__button\">\n\t\t\t\t\t<a class=\"b-button b-button--color-black b-button--style-\"\n\t   href=\"https:\/\/www.youtube.com\/watch?v=gVWL5qQKMTs\"\n\t   target=\"_blank\">\n\n\t\t<span class=\"b-button__title\">\n\t\t\tKuuntele t\u00e4st\u00e4\t\t<\/span>\n\n\t\t\t\t\t<span class=\"b-button__icon\">\n\t\t\t\t<svg xmlns=\"http:\/\/www.w3.org\/2000\/svg\" viewBox=\"0 0 9 14\"><path d=\"M2.001 13.664a1.333 1.333 0 01-.954-2.272l.007-.008 4.414-4.386-4.24-4.414A1.333 1.333 0 113.12.704l5.147 5.334a1.333 1.333 0 010 1.866l-5.334 5.334a1.333 1.333 0 01-.933.426z\"\/><\/svg>\t\t\t<\/span>\n\t\t\t<\/a>\n\t\t\t<\/div>\n\t\t\t<\/div>\n<\/section>\n\n\n<!-- You can also use SakkeLib\\Helpers\\get_template_part inside a gutenberg acf block template -->\n\n\n\n<section id=\"gb-horizontal-lift-block_61c0865a7a6ca\"\n         class=\"gb-horizontal-lift gb-horizontal-lift-block_61c0865a7a6ca position-right-text\">\n\t<div class=\"gb-horizontal-lift__image\">\n\t\t<img decoding=\"async\" alt=\"Mikko Kaarto, Kaarron Rakennus Oy, Ylivieska \" src=\"https:\/\/me.yrittajat.fi\/app\/uploads\/sites\/15\/2021\/10\/b8042cf6-8d59-4289-98c0-b5ace7146830-668x445.jpg\"\/>\n\t<\/div>\n\n\t<div class=\"gb-horizontal-lift__content\">\n\t\t\n<div class=\"b-metas-title-content\">\n\t\n\t\t\t<h3 class=\"b-metas-title-content__title b-metas-title-content__title--size-l\">\n\t\t\t\t\t\t\tMikko Kaarto, Kaarron Rakennus Oy, Ylivieska \t\t\t\t\t\t<\/h3>\n\t\n\t\n\t\t\t<div class=\"b-metas-title-content__content readmore-container\">\n\t\t\t\t\t\t\t<p>Mikko Kaarton on keskisuuren rakennusliike Kaarron Rakennus Oy:n yritt\u00e4j\u00e4 ja toimitusjohtaja. Yrityksen kotipaikka on Ylivieska.\r\n\r\n&#8220;Olen l\u00f6yt\u00e4nyt uusia tuttavuuksia ja uusia yst\u00e4vi\u00e4, ja sit\u00e4 kautta kontakteja sek\u00e4 mahdollisuuksia l\u00f6yt\u00e4\u00e4 uusia bisnesmahdollisuuksia. Lis\u00e4ksi olemme pystyneet paikallisyhdistyksen kautta vaikuttamaan ylivieskalaisten yritt\u00e4jien ja alueen yritt\u00e4jien asioihin.&#8221;\r\n\r\n\r\nMikko Kaarto \u00e4r f\u00f6retagare och vd f\u00f6r f\u00f6retaget Kaarron Rakennus Oy i Ylivieska.\r\n&#8220;Jag har hittat nya bekantskaper och nya v\u00e4nner och genom kontakterna, har jag hittat nya aff\u00e4rsm\u00f6jligheter. Dessutom har vi via lokalf\u00f6reningen kunnat p\u00e5verka p\u00e5 verksamhetsf\u00f6ruts\u00e4ttningarna f\u00f6r f\u00f6retagen i Ylivieska och i regionen.&#8221;<\/p>\n\n\t\t\t\t\t\t<\/div>\n\t<\/div>\n\t\t\t\t\t<div class=\"gb-horizontal-lift__button\">\n\t\t\t\t\t<a class=\"b-button b-button--color-black b-button--style-\"\n\t   href=\"https:\/\/www.youtube.com\/watch?v=R7zhzVBDC9I\"\n\t   target=\"_blank\">\n\n\t\t<span class=\"b-button__title\">\n\t\t\tKuuntele t\u00e4st\u00e4\t\t<\/span>\n\n\t\t\t\t\t<span class=\"b-button__icon\">\n\t\t\t\t<svg xmlns=\"http:\/\/www.w3.org\/2000\/svg\" viewBox=\"0 0 9 14\"><path d=\"M2.001 13.664a1.333 1.333 0 01-.954-2.272l.007-.008 4.414-4.386-4.24-4.414A1.333 1.333 0 113.12.704l5.147 5.334a1.333 1.333 0 010 1.866l-5.334 5.334a1.333 1.333 0 01-.933.426z\"\/><\/svg>\t\t\t<\/span>\n\t\t\t<\/a>\n\t\t\t<\/div>\n\t\t\t<\/div>\n<\/section>\n\n\n<!-- You can also use SakkeLib\\Helpers\\get_template_part inside a gutenberg acf block template -->\n\n\n\n<section id=\"gb-horizontal-lift-block_61c0871847767\"\n         class=\"gb-horizontal-lift gb-horizontal-lift-block_61c0871847767 position-left-text\">\n\t<div class=\"gb-horizontal-lift__image\">\n\t\t<img decoding=\"async\" alt=\"Annika &amp; Daniel Dahlvik, H\u00e4lls Garage Oy, Kronoby\" src=\"https:\/\/me.yrittajat.fi\/app\/uploads\/sites\/15\/2021\/10\/97fd4d87-921c-467d-b1b6-b05135394c4f-668x445.jpg\"\/>\n\t<\/div>\n\n\t<div class=\"gb-horizontal-lift__content\">\n\t\t\n<div class=\"b-metas-title-content\">\n\t\n\t\t\t<h3 class=\"b-metas-title-content__title b-metas-title-content__title--size-l\">\n\t\t\t\t\t\t\tAnnika &amp; Daniel Dahlvik, H\u00e4lls Garage Oy, Kronoby\t\t\t\t\t\t<\/h3>\n\t\n\t\n\t\t\t<div class=\"b-metas-title-content__content readmore-container\">\n\t\t\t\t\t\t\t<p>Annika och Daniel Dahlvik, fr\u00e5n Kronoby, driver tillsammans f\u00f6retaget H\u00e4lls Garage Ab Oy.\r\n\r\n&#8220;F\u00f6reningen h\u00e5ller fram sm\u00e5f\u00f6retagarens talan i de sammanhang d\u00e4r den annars inte skulle h\u00f6ras. Vi har anv\u00e4nt oss av F\u00f6retagarnas gratis juridiska r\u00e5dgivningstj\u00e4nst, n\u00e4r vi \u00e4ndrade bolagsform till aktiebolag och n\u00e4r vi gjort arbetsavtal.&#8221;\r\n\r\nKruunupyyl\u00e4iset Annika ja Daniel Dahlvik py\u00f6ritt\u00e4v\u00e4t yhdess\u00e4 automaalaamo H\u00e4lls Garage Oy:t\u00e4.\r\n\r\n&#8220;Yhdistyksen kautta pienyritt\u00e4jien toiveet ja \u00e4\u00e4ni tulee kuulluksi laajemmin. Olemme k\u00e4ytt\u00e4neet Yritt\u00e4jien maksutonta lakineuvontapalvelua kun muutimme yhti\u00f6muodon osakeyhti\u00f6ksi ja kun teimme ty\u00f6sopimuksia.&#8221;<\/p>\n\n\t\t\t\t\t\t<\/div>\n\t<\/div>\n\t\t\t\t\t<div class=\"gb-horizontal-lift__button\">\n\t\t\t\t\t<a class=\"b-button b-button--color-black b-button--style-\"\n\t   href=\"https:\/\/www.youtube.com\/watch?v=SLTLZXtZdcE\"\n\t   target=\"_blank\">\n\n\t\t<span class=\"b-button__title\">\n\t\t\tLyssna h\u00e4r &#8211; Kuuntele t\u00e4st\u00e4\t\t<\/span>\n\n\t\t\t\t\t<span class=\"b-button__icon\">\n\t\t\t\t<svg xmlns=\"http:\/\/www.w3.org\/2000\/svg\" viewBox=\"0 0 9 14\"><path d=\"M2.001 13.664a1.333 1.333 0 01-.954-2.272l.007-.008 4.414-4.386-4.24-4.414A1.333 1.333 0 113.12.704l5.147 5.334a1.333 1.333 0 010 1.866l-5.334 5.334a1.333 1.333 0 01-.933.426z\"\/><\/svg>\t\t\t<\/span>\n\t\t\t<\/a>\n\t\t\t<\/div>\n\t\t\t<\/div>\n<\/section>\n\n\n<!-- You can also use SakkeLib\\Helpers\\get_template_part inside a gutenberg acf block template -->\n\n\n\n<div class=\"wp-block-columns is-layout-flex wp-container-core-columns-is-layout-2 wp-block-columns-is-layout-flex\">\n<div class=\"wp-block-column is-layout-flow wp-block-column-is-layout-flow\" style=\"flex-basis:100%\">\n<div class=\"wp-block-columns is-layout-flex wp-container-core-columns-is-layout-1 wp-block-columns-is-layout-flex\">\n<div class=\"wp-block-column is-layout-flow wp-block-column-is-layout-flow\" style=\"flex-basis:100%\">\n<div class=\"wp-block-media-text alignwide is-stacked-on-mobile\"><figure class=\"wp-block-media-text__media\"><img loading=\"lazy\" decoding=\"async\" width=\"800\" height=\"416\" src=\"https:\/\/me.yrittajat.fi\/mukana\/app\/uploads\/sites\/15\/2021\/10\/88cdbab7-8d49-4394-8fb1-c27122eda854.jpg\" alt=\"Keski-Pohjanmaan Yritt\u00e4jien ryhm\u00e4kuva\" class=\"wp-image-19 size-full\" srcset=\"https:\/\/me.yrittajat.fi\/app\/uploads\/sites\/15\/2021\/10\/88cdbab7-8d49-4394-8fb1-c27122eda854.jpg 800w, https:\/\/me.yrittajat.fi\/app\/uploads\/sites\/15\/2021\/10\/88cdbab7-8d49-4394-8fb1-c27122eda854-300x156.jpg 300w, https:\/\/me.yrittajat.fi\/app\/uploads\/sites\/15\/2021\/10\/88cdbab7-8d49-4394-8fb1-c27122eda854-768x399.jpg 768w\" sizes=\"auto, (max-width: 800px) 100vw, 800px\" \/><\/figure><div class=\"wp-block-media-text__content\">\n<p class=\"has-large-font-size\">Olemme mukana &#8211; liity sin\u00e4kin!<\/p>\n\n\n\n<p>J\u00e4senen\u00e4 olet oman paikkakuntasi yritt\u00e4j\u00e4yhdistyksen j\u00e4sen, saat alueelliset palvelut k\u00e4ytt\u00f6\u00f6si ja olet mukana Suomen suurimmassa yritt\u00e4j\u00e4verkostossa!<\/p>\n\n\n\n<p>Genom medlemsskapet \u00e4r du med i den lokala f\u00f6retagarf\u00f6reningen, du f\u00e5r anv\u00e4nda dig av de regionala tj\u00e4nsterna och dessutom \u00e4r du med i Finlands st\u00f6rsta f\u00f6retagarn\u00e4tverk!<\/p>\n\n\n\n<p><a href=\"https:\/\/www.yrittajat.fi\/yrittajajarjesto\/liity-jaseneksi\/\" data-type=\"URL\" data-id=\"https:\/\/www.yrittajat.fi\/yrittajajarjesto\/liity-jaseneksi\/\">Liity t\u00e4st\u00e4!<\/a><\/p>\n\n\n\n<p><a href=\"https:\/\/www.yrittajat.fi\/sv\/foretagarorganisationen\/bli-medlem\/\" data-type=\"URL\" data-id=\"https:\/\/www.yrittajat.fi\/sv\/foretagarorganisationen\/bli-medlem\/\" target=\"_blank\" rel=\"noreferrer noopener\">Bli medlem h\u00e4r! <\/a><\/p>\n<\/div><\/div>\n<\/div>\n<\/div>\n<\/div>\n<\/div>\n\n\n\n\t<div id=\"gb-anchor-block_61640f089666e\" class=\"gb-anchor gb-anchor-block_61640f089666e\">\n\t\t\t\t\t<div class=\"gb-anchor__anchor\" id=\"jasenpalvelut\"><\/div>\n\n\t\t\t\t\t\t<\/div>\n\n\n\n\n\t<div id=\"gb-background-block_61640da896669\" class=\"gb-background gb-background-block_61640da896669 bg-black\">\n\t\t<div class=\"container\">\n\t\t\t<div class=\"gutenberg-content\">\n\t\t\t\t\t\t\t\t\n\n<h4 class=\"has-text-align-center wp-block-heading\">J\u00c4SENPALVELUT &#8211; MEDLEMSTJ\u00c4NSTER<\/h4>\n\n\n\n<h2 class=\"has-text-align-center wp-block-heading\">Hy\u00f6dynn\u00e4 j\u00e4senyys &#8211; Dra nytta av medlemsskapet<\/h2>\n\n\n\n<section id=\"gb-accordion-block_61640de19666a\" class=\"gb-accordion gb-accordion-block_61640de19666a\">\n\t<div class=\"handorgel\">\n\t\t\t\t\t<h3 class=\"handorgel__header handorgel__header--no-start-time\">\n\t\t\t\t<button class=\"handorgel__header__button\"\n\t\t\t\t        id=\"alueelliset-jasenpalvelut-de-regionala-medlemstjansterna\">\n\t\t\t\t\t<span class=\"handorgel__header__button--content\">\n\t\t\t\t\t\t\t\t\t\t<span class=\"handorgel__header__button--title\">Alueelliset j\u00e4senpalvelut- De regionala medlemstj\u00e4nsterna<\/span>\n\t\t\t\t\t<\/span>\n\t\t\t\t\t<span class=\"handorgel__header__button--icon\">\n\t\t\t\t\t\t\t<span><\/span>\n\t\t\t\t\t\t\t<span><\/span>\n\t\t\t\t\t<\/span>\n\t\t\t\t\t\t\t\t\t<\/button>\n\t\t\t<\/h3>\n\t\t\t<div class=\"handorgel__content handorgel__content--no-start-time\">\n\t\t\t\t<div class=\"handorgel__content__inner\">\n\t\t\t\t\t<p>Voit helposti s\u00e4\u00e4st\u00e4\u00e4 vuoden j\u00e4senmaksun, hy\u00f6dynt\u00e4m\u00e4ll\u00e4 maksutonta puhelinneuvontaamme. J\u00e4senen\u00e4 saat alennusta kumppaneiltamme ja s\u00e4\u00e4st\u00e4t selv\u00e4\u00e4 rahaa.<\/p>\n<p><a href=\"https:\/\/www.yrittajat.fi\/aluejarjestot\/keski-pohjanmaan-yrittajat\/jasenpalvelut\/\">Alueelliset neuvontapalvelut ja rahanarvoiset j\u00e4senedut &gt;<\/a><\/p>\n<p>Du kan l\u00e4tt spara hela \u00e5rets medlemsavgift genom att kontakta v\u00e5r gratis r\u00e5dgivningstj\u00e4nst per telefon. Spara pengar genom att f\u00e5 rabatt av v\u00e5ra samarbetspartners.<\/p>\n<p><a href=\"https:\/\/www.yrittajat.fi\/sv\/regionforeningar\/mellersta-osterbottens-foretagare\/medlemstjanster\/\">Regionala r\u00e5dgivningstj\u00e4nster och medlemsf\u00f6rm\u00e5ner &gt;<\/a><\/p>\n\t\t\t\t<\/div>\n\t\t\t<\/div>\n\t\t\t\t\t<h3 class=\"handorgel__header handorgel__header--no-start-time\">\n\t\t\t\t<button class=\"handorgel__header__button\"\n\t\t\t\t        id=\"valtakunnalliset-jasenpalvelut-de-riksomfattande-medlemstjansterna\">\n\t\t\t\t\t<span class=\"handorgel__header__button--content\">\n\t\t\t\t\t\t\t\t\t\t<span class=\"handorgel__header__button--title\">Valtakunnalliset j\u00e4senpalvelut &#8211; De riksomfattande medlemstj\u00e4nsterna<\/span>\n\t\t\t\t\t<\/span>\n\t\t\t\t\t<span class=\"handorgel__header__button--icon\">\n\t\t\t\t\t\t\t<span><\/span>\n\t\t\t\t\t\t\t<span><\/span>\n\t\t\t\t\t<\/span>\n\t\t\t\t\t\t\t\t\t<\/button>\n\t\t\t<\/h3>\n\t\t\t<div class=\"handorgel__content handorgel__content--no-start-time\">\n\t\t\t\t<div class=\"handorgel__content__inner\">\n\t\t\t\t\t<p>Asiantuntijat neuvovat sinua muun muassa:<\/p>\n<ul>\n<li>Ty\u00f6el\u00e4m\u00e4n juridiikassa ja TES-asioissa<\/li>\n<li>Yritt\u00e4j\u00e4n sosiaaliturvassa<\/li>\n<li>Verotuksessa<\/li>\n<li>Maksukyvytt\u00f6myydess\u00e4<\/li>\n<li>Yritysjuridiikassa<\/li>\n<li>Sopimusoikeudessa<\/li>\n<\/ul>\n<p><a href=\"https:\/\/www.yrittajat.fi\/palvelut-ja-edut\/tutustu-jasenpalveluihin\/lakineuvonta-jasenille\/\">Valtakunnalliset neuvontapalvelut &gt;<\/a><\/p>\n<p><a href=\"https:\/\/www.yrittajat.fi\/jasenedut\/#\/?search=&amp;benefitCategories=&amp;nationwide=true&amp;taxAssociations=&amp;taxOrganizations=&amp;regions=&amp;contentTypes=MEMBERSHIP_BENEFIT&amp;currentPage=0&amp;offset=0\">Valtakunnalliset j\u00e4senedut &gt;<\/a><\/p>\n<p><a href=\"https:\/\/www.yrittajat.fi\/sv\/tjanster-och-formaner\/las-om-medlemstjansterna\/juridisk-radgivning-for-medlemmar\/\">Riksomfattande r\u00e5dgivningstj\u00e4nster &gt;<\/a><\/p>\n<p><a href=\"https:\/\/www.yrittajat.fi\/sv\/medlemsformaner\/#\/?search=&amp;benefitCategories=&amp;nationwide=&amp;taxAssociations=&amp;taxOrganizations=&amp;regions=&amp;contentTypes=MEMBERSHIP_BENEFIT&amp;currentPage=0&amp;offset=0\">Riksomfattande medlemsf\u00f6rm\u00e5ner &gt;<\/a><\/p>\n\t\t\t\t<\/div>\n\t\t\t<\/div>\n\t\t\t\t\t<h3 class=\"handorgel__header handorgel__header--no-start-time\">\n\t\t\t\t<button class=\"handorgel__header__button\"\n\t\t\t\t        id=\"jasenmaksut-medlemsavgift\">\n\t\t\t\t\t<span class=\"handorgel__header__button--content\">\n\t\t\t\t\t\t\t\t\t\t<span class=\"handorgel__header__button--title\">J\u00e4senmaksut &#8211; Medlemsavgift<\/span>\n\t\t\t\t\t<\/span>\n\t\t\t\t\t<span class=\"handorgel__header__button--icon\">\n\t\t\t\t\t\t\t<span><\/span>\n\t\t\t\t\t\t\t<span><\/span>\n\t\t\t\t\t<\/span>\n\t\t\t\t\t\t\t\t\t<\/button>\n\t\t\t<\/h3>\n\t\t\t<div class=\"handorgel__content handorgel__content--no-start-time\">\n\t\t\t\t<div class=\"handorgel__content__inner\">\n\t\t\t\t\t<p>Yhdell\u00e4 j\u00e4senmaksulla saat k\u00e4ytt\u00f6\u00f6si koko j\u00e4rjest\u00f6n alueelliset sek\u00e4 valtakunnalliset palvelut ja edut. K\u00e4yt\u00f6ss\u00e4si on l\u00e4hes 100 asiantuntijaa sek\u00e4 roimasti rahanarvoisia j\u00e4senetuja. J\u00e4senyys on voimassa 12kk liittymisest\u00e4 ja on verotuksessa v\u00e4hennyskelpoinen.<\/p>\n<p>Med endast en medlemsavgift f\u00e5r du anv\u00e4nda dig av hela organisationens regionala och riksomfattande tj\u00e4nster och f\u00f6rm\u00e5ner. Du har ca 100 experter till ditt f\u00f6rfogande och en stor m\u00e4ngd medlemsf\u00f6rem\u00e5ner pengar v\u00e4rda. Medlemsskapet \u00e4r i kraft 12m\u00e5n och avgiften \u00e4r avdragbar i beskattningen.<\/p>\n<table style=\"width: 100%;border-collapse: collapse\" border=\"0\">\n<tbody>\n<tr>\n<td style=\"width: 33.3333%\"><img loading=\"lazy\" decoding=\"async\" class=\"size-medium wp-image-45 alignleft\" src=\"https:\/\/me.yrittajat.fi\/mukana\/wp-content\/uploads\/sites\/15\/2021\/10\/MicrosoftTeams-image-1-300x150.png\" alt=\"J\u00e4senmaksut 2021\" width=\"300\" height=\"150\" srcset=\"https:\/\/me.yrittajat.fi\/app\/uploads\/sites\/15\/2021\/10\/MicrosoftTeams-image-1-300x150.png 300w, https:\/\/me.yrittajat.fi\/app\/uploads\/sites\/15\/2021\/10\/MicrosoftTeams-image-1.png 600w\" sizes=\"auto, (max-width: 300px) 100vw, 300px\" \/><\/td>\n<td style=\"width: 33.3333%\"><\/td>\n<td style=\"width: 33.3333%\"><\/td>\n<\/tr>\n<\/tbody>\n<\/table>\n\t\t\t\t<\/div>\n\t\t\t<\/div>\n\t\t\t<\/div>\n<\/section\n\t\t<!-- You can also use SakkeLib\\Helpers\\get_template_part inside a gutenberg acf block template -->\n\n\n\t\t\t<\/div>\n\t\t<\/div>\n\t<\/div>\n\n\n\n\n\t<div id=\"gb-anchor-block_61640f74c0013\" class=\"gb-anchor gb-anchor-block_61640f74c0013\">\n\t\t\t\t\t<div class=\"gb-anchor__anchor\" id=\"liityjaseneksi\"><\/div>\n\n\t\t\t\t\t\t<\/div>\n\n\n\n\n<h4 class=\"has-text-align-center wp-block-heading\">LIITY J\u00c4SENEKSI &#8211; BLI MEDLEM<\/h4>\n\n\n<p><iframe loading=\"lazy\" src=\"https:\/\/palkitseminen.yrittajat.fi\/fi-Fi\/Liity-body\/\" style=\"border: currentColor; border-image: none;\" width=\"100%\" height=\"2250\"><\/iframe><\/p>\n\n\n\n\t<div id=\"gb-anchor-block_6164110516231\" class=\"gb-anchor gb-anchor-block_6164110516231\">\n\t\t\t\t\t<div class=\"gb-anchor__anchor\" id=\"yhteystiedot\"><\/div>\n\n\t\t\t\t\t\t<\/div>\n\n\n\n\n\t<div id=\"gb-background-block_616410be16230\" class=\"gb-background gb-background-block_616410be16230 bg-black\">\n\t\t<div class=\"container\">\n\t\t\t<div class=\"gutenberg-content\">\n\t\t\t\t\t\t\t\t\n\n<h4 class=\"has-text-align-center wp-block-heading\">YHTEYSTIEDOT \u2013 KONTAKTUPPGIFTER<\/h4>\n\n\n\n<h2 class=\"has-text-align-center wp-block-heading\">Mik\u00e4li tarvitset lis\u00e4tietoja, ota rohkeasti yhteytt\u00e4!<br>Ifall du beh\u00f6ver mer information, tag g\u00e4rna kontakt!<\/h2>\n\n\n\n<p class=\"has-text-align-center\"><strong>Keski-Pohjanmaan Yritt\u00e4j\u00e4t &#8211; Mellersta \u00d6sterbottens F\u00f6retagare<\/strong><br>p. 010 501 1584, kpy@yrittajat.fi<br>tel. 050 501 1583 (service p\u00e5 svenska)<\/p>\n\n\n\t\t\t<\/div>\n\t\t<\/div>\n\t<\/div>\n\n","protected":false},"excerpt":{"rendered":"<p>Tule mukaan Yritt\u00e4jien omaan verkostoon! Suomen Yritt\u00e4j\u00e4t on elinkeinoel\u00e4m\u00e4n suurin, yli 115 000 j\u00e4senyrityksen keskusj\u00e4rjest\u00f6. J\u00e4senyrityksist\u00e4 puolet on yksinyritt\u00e4ji\u00e4 ja puolet ty\u00f6nantajayrityksi\u00e4. J\u00e4rjest\u00f6n vahvuus on sen l\u00e4hes 400 paikkakuntakohtaista yritt\u00e4j\u00e4yhdistyst\u00e4.Keski-Pohjanmaan Yritt\u00e4j\u00e4t toimii Suomen Yritt\u00e4jien virallisena aluej\u00e4rjest\u00f6n\u00e4 ja vaikuttaa alueellisesti yritt\u00e4jien toimintaedellytyksiin. Toimialueella on 23 paikkakuntakohtaista yritt\u00e4j\u00e4yhdistyst\u00e4, joissa yritt\u00e4j\u00e4j\u00e4seni\u00e4 l\u00e4hes 2400. YRITT\u00c4J\u00c4TARINAT &#8211; F\u00d6RETAGARBER\u00c4TTELSER Tutustu j\u00e4senyritt\u00e4jiimme &hellip; <a href=\"https:\/\/me.yrittajat.fi\/mukana\/\">Lue lis\u00e4\u00e4<\/a><\/p>\n","protected":false},"author":4,"featured_media":31,"parent":0,"menu_order":0,"comment_status":"closed","ping_status":"closed","template":"","meta":{"_acf_changed":false,"footnotes":""},"class_list":["post-3","page","type-page","status-publish","has-post-thumbnail","hentry"],"acf":[],"_links":{"self":[{"href":"https:\/\/me.yrittajat.fi\/mukana\/wp-json\/wp\/v2\/pages\/3","targetHints":{"allow":["GET"]}}],"collection":[{"href":"https:\/\/me.yrittajat.fi\/mukana\/wp-json\/wp\/v2\/pages"}],"about":[{"href":"https:\/\/me.yrittajat.fi\/mukana\/wp-json\/wp\/v2\/types\/page"}],"author":[{"embeddable":true,"href":"https:\/\/me.yrittajat.fi\/mukana\/wp-json\/wp\/v2\/users\/4"}],"replies":[{"embeddable":true,"href":"https:\/\/me.yrittajat.fi\/mukana\/wp-json\/wp\/v2\/comments?post=3"}],"version-history":[{"count":53,"href":"https:\/\/me.yrittajat.fi\/mukana\/wp-json\/wp\/v2\/pages\/3\/revisions"}],"predecessor-version":[{"id":91,"href":"https:\/\/me.yrittajat.fi\/mukana\/wp-json\/wp\/v2\/pages\/3\/revisions\/91"}],"wp:featuredmedia":[{"embeddable":true,"href":"https:\/\/me.yrittajat.fi\/mukana\/wp-json\/wp\/v2\/media\/31"}],"wp:attachment":[{"href":"https:\/\/me.yrittajat.fi\/mukana\/wp-json\/wp\/v2\/media?parent=3"}],"curies":[{"name":"wp","href":"https:\/\/api.w.org\/{rel}","templated":true}]}}