{"id":107,"date":"2022-06-15T13:27:58","date_gmt":"2022-06-15T10:27:58","guid":{"rendered":"https:\/\/me.yrittajat.fi\/myyntipuhe\/?page_id=107"},"modified":"2022-08-11T15:27:29","modified_gmt":"2022-08-11T12:27:29","slug":"webinaarilinkin-lataus","status":"publish","type":"page","link":"https:\/\/me.yrittajat.fi\/myyntipuhe\/webinaarilinkin-lataus\/","title":{"rendered":"Katso Myyntipuhe-webinaari"},"content":{"rendered":"\n<p>Myynnin asiantuntijan H\u00e5kan Mittsin webinaari tarjoaa toimivat neuvot ja ideat tehokkaaseen myyntipuheeseen. <strong>Myyntipuhe-webinaarista saat vastauksen esimerkkien kautta mm. seuraaviin kysymyksiin:<\/strong><\/p>\n\n\n\n<ul class=\"wp-block-list\"><li>Mik\u00e4 on myyntipuhe ja mist\u00e4 se koostuu?<\/li><li>Miss\u00e4 tilanteissa myyntipuhetta voi hy\u00f6dynt\u00e4\u00e4?<\/li><li>Kuinka tehd\u00e4\u00e4n kiinnostusta her\u00e4tt\u00e4v\u00e4 myyntipuhe?<\/li><li>Kuinka kohdeyleis\u00f6 otetaan huomioon myyntipuheessa?<\/li><\/ul>\n\n\n\n<p>T\u00e4ytt\u00e4m\u00e4ll\u00e4 alla olevan lomakkeen, p\u00e4\u00e4set katsomaan webinaaria. T\u00e4ytetty\u00e4si lomakkeen saat my\u00f6s webinaarin katselulinkin s\u00e4hk\u00f6postiisi ja voit halutessasi palata webinaariin my\u00f6hemmin.<\/p>\n\n\n\n<h2 class=\"wp-block-heading\">T\u00e4yt\u00e4 lomake ja p\u00e4\u00e4set katsomaan webinaarin<\/h2>\n\n\n<script type=\"text\/javascript\">var gform;gform||(document.addEventListener(\"gform_main_scripts_loaded\",function(){gform.scriptsLoaded=!0}),document.addEventListener(\"gform\/theme\/scripts_loaded\",function(){gform.themeScriptsLoaded=!0}),window.addEventListener(\"DOMContentLoaded\",function(){gform.domLoaded=!0}),gform={domLoaded:!1,scriptsLoaded:!1,themeScriptsLoaded:!1,isFormEditor:()=>\"function\"==typeof InitializeEditor,callIfLoaded:function(o){return!(!gform.domLoaded||!gform.scriptsLoaded||!gform.themeScriptsLoaded&&!gform.isFormEditor()||(gform.isFormEditor()&&console.warn(\"The use of gform.initializeOnLoaded() is deprecated in the form editor context and will be removed in Gravity Forms 3.1.\"),o(),0))},initializeOnLoaded:function(o){gform.callIfLoaded(o)||(document.addEventListener(\"gform_main_scripts_loaded\",()=>{gform.scriptsLoaded=!0,gform.callIfLoaded(o)}),document.addEventListener(\"gform\/theme\/scripts_loaded\",()=>{gform.themeScriptsLoaded=!0,gform.callIfLoaded(o)}),window.addEventListener(\"DOMContentLoaded\",()=>{gform.domLoaded=!0,gform.callIfLoaded(o)}))},hooks:{action:{},filter:{}},addAction:function(o,r,e,t){gform.addHook(\"action\",o,r,e,t)},addFilter:function(o,r,e,t){gform.addHook(\"filter\",o,r,e,t)},doAction:function(o){gform.doHook(\"action\",o,arguments)},applyFilters:function(o){return gform.doHook(\"filter\",o,arguments)},removeAction:function(o,r){gform.removeHook(\"action\",o,r)},removeFilter:function(o,r,e){gform.removeHook(\"filter\",o,r,e)},addHook:function(o,r,e,t,n){null==gform.hooks[o][r]&&(gform.hooks[o][r]=[]);var d=gform.hooks[o][r];null==n&&(n=r+\"_\"+d.length),gform.hooks[o][r].push({tag:n,callable:e,priority:t=null==t?10:t})},doHook:function(r,o,e){var t;if(e=Array.prototype.slice.call(e,1),null!=gform.hooks[r][o]&&((o=gform.hooks[r][o]).sort(function(o,r){return o.priority-r.priority}),o.forEach(function(o){\"function\"!=typeof(t=o.callable)&&(t=window[t]),\"action\"==r?t.apply(null,e):e[0]=t.apply(null,e)})),\"filter\"==r)return e[0]},removeHook:function(o,r,t,n){var e;null!=gform.hooks[o][r]&&(e=(e=gform.hooks[o][r]).filter(function(o,r,e){return!!(null!=n&&n!=o.tag||null!=t&&t!=o.priority)}),gform.hooks[o][r]=e)}});<\/script>\n                <div class='gf_browser_gecko gform_wrapper gravity-theme gform-theme--no-framework' data-form-theme='gravity-theme' data-form-index='0' id='gform_wrapper_3' style='display:none'><form method='post' enctype='multipart\/form-data'  id='gform_3'  action='\/myyntipuhe\/wp-json\/wp\/v2\/pages\/107' data-formid='3' novalidate>\n                        <div class='gform-body gform_body'><div id='gform_fields_3' class='gform_fields top_label form_sublabel_below description_below validation_below'><fieldset id=\"field_3_1\" class=\"gfield gfield--type-name gfield_contains_required field_sublabel_below gfield--no-description field_description_below field_validation_below gfield_visibility_visible\"  data-js-reload=\"field_3_1\" ><legend class='gfield_label gform-field-label gfield_label_before_complex' >Henkil\u00f6tiedot<span class=\"gfield_required\"><span class=\"gfield_required gfield_required_text\">(Pakollinen)<\/span><\/span><\/legend><div class='ginput_complex ginput_container ginput_container--name no_prefix has_first_name no_middle_name has_last_name no_suffix gf_name_has_2 ginput_container_name gform-grid-row' id='input_3_1'>\n                            \n                            <span id='input_3_1_3_container' class='name_first gform-grid-col gform-grid-col--size-auto' >\n                                                    <input type='text' name='input_1.3' id='input_3_1_3' value=''   aria-required='true'     \/>\n                                                    <label for='input_3_1_3' class='gform-field-label gform-field-label--type-sub '>Etunimi<\/label>\n                                                <\/span>\n                            \n                            <span id='input_3_1_6_container' class='name_last gform-grid-col gform-grid-col--size-auto' >\n                                                    <input type='text' name='input_1.6' id='input_3_1_6' value=''   aria-required='true'     \/>\n                                                    <label for='input_3_1_6' class='gform-field-label gform-field-label--type-sub '>Sukunimi<\/label>\n                                                <\/span>\n                            \n                        <\/div><\/fieldset><div id=\"field_3_3\" class=\"gfield gfield--type-email gfield--width-full gfield_contains_required field_sublabel_below gfield--no-description field_description_below field_validation_below gfield_visibility_visible\"  data-js-reload=\"field_3_3\" ><label class='gfield_label gform-field-label' for='input_3_3'>S\u00e4hk\u00f6posti<span class=\"gfield_required\"><span class=\"gfield_required gfield_required_text\">(Pakollinen)<\/span><\/span><\/label><div class='ginput_container ginput_container_email'>\n                            <input name='input_3' id='input_3_3' type='email' value='' class='large'    aria-required=\"true\" aria-invalid=\"false\"  \/>\n                        <\/div><\/div><div id=\"field_3_4\" class=\"gfield gfield--type-phone gfield--width-full field_sublabel_below gfield--no-description field_description_below field_validation_below gfield_visibility_visible\"  data-js-reload=\"field_3_4\" ><label class='gfield_label gform-field-label' for='input_3_4'>Puhelin<\/label><div class='ginput_container ginput_container_phone'><input name='input_4' id='input_3_4' type='tel' value='' class='large'    aria-invalid=\"false\"   \/><\/div><\/div><div id=\"field_3_9\" class=\"gfield gfield--type-text gfield--width-full gfield_contains_required field_sublabel_below gfield--no-description field_description_below field_validation_below gfield_visibility_visible\"  data-js-reload=\"field_3_9\" ><label class='gfield_label gform-field-label' for='input_3_9'>Yrityksen nimi<span class=\"gfield_required\"><span class=\"gfield_required gfield_required_text\">(Pakollinen)<\/span><\/span><\/label><div class='ginput_container ginput_container_text'><input name='input_9' id='input_3_9' type='text' value='' class='large'     aria-required=\"true\" aria-invalid=\"false\"   \/><\/div><\/div><fieldset id=\"field_3_6\" class=\"gfield gfield--type-checkbox gfield--type-choice gfield--width-full gfield_contains_required field_sublabel_below gfield--no-description field_description_below field_validation_below gfield_visibility_visible\"  data-js-reload=\"field_3_6\" ><legend class='gfield_label gform-field-label gfield_label_before_complex' >Roolisi yrityksess\u00e4 \/ Toimenkuvasi<span class=\"gfield_required\"><span class=\"gfield_required gfield_required_text\">(Pakollinen)<\/span><\/span><\/legend><div class='ginput_container ginput_container_checkbox'><div class='gfield_checkbox ' id='input_3_6'><div class='gchoice gchoice_3_6_1'>\n\t\t\t\t\t\t\t\t<input class='gfield-choice-input' name='input_6.1' type='checkbox'  value='Yritt\u00e4j\u00e4'  id='choice_3_6_1'   \/>\n\t\t\t\t\t\t\t\t<label for='choice_3_6_1' id='label_3_6_1' class='gform-field-label gform-field-label--type-inline'>Yritt\u00e4j\u00e4<\/label>\n\t\t\t\t\t\t\t<\/div><div class='gchoice gchoice_3_6_2'>\n\t\t\t\t\t\t\t\t<input class='gfield-choice-input' name='input_6.2' type='checkbox'  value='Johtavassa asemassa'  id='choice_3_6_2'   \/>\n\t\t\t\t\t\t\t\t<label for='choice_3_6_2' id='label_3_6_2' class='gform-field-label gform-field-label--type-inline'>Johtavassa asemassa<\/label>\n\t\t\t\t\t\t\t<\/div><div class='gchoice gchoice_3_6_3'>\n\t\t\t\t\t\t\t\t<input class='gfield-choice-input' name='input_6.3' type='checkbox'  value='Ty\u00f6ntekij\u00e4'  id='choice_3_6_3'   \/>\n\t\t\t\t\t\t\t\t<label for='choice_3_6_3' id='label_3_6_3' class='gform-field-label gform-field-label--type-inline'>Ty\u00f6ntekij\u00e4<\/label>\n\t\t\t\t\t\t\t<\/div><div class='gchoice gchoice_3_6_4'>\n\t\t\t\t\t\t\t\t<input class='gfield-choice-input' name='input_6.4' type='checkbox'  value='Opiskelija'  id='choice_3_6_4'   \/>\n\t\t\t\t\t\t\t\t<label for='choice_3_6_4' id='label_3_6_4' class='gform-field-label gform-field-label--type-inline'>Opiskelija<\/label>\n\t\t\t\t\t\t\t<\/div><div class='gchoice gchoice_3_6_5'>\n\t\t\t\t\t\t\t\t<input class='gfield-choice-input' name='input_6.5' type='checkbox'  value='Muu'  id='choice_3_6_5'   \/>\n\t\t\t\t\t\t\t\t<label for='choice_3_6_5' id='label_3_6_5' class='gform-field-label gform-field-label--type-inline'>Muu<\/label>\n\t\t\t\t\t\t\t<\/div><\/div><\/div><\/fieldset><fieldset id=\"field_3_7\" class=\"gfield gfield--type-checkbox gfield--type-choice gfield--width-full field_sublabel_below gfield--no-description field_description_below field_validation_below gfield_visibility_visible\"  data-js-reload=\"field_3_7\" ><legend class='gfield_label gform-field-label screen-reader-text gfield_label_before_complex' ><\/legend><div class='ginput_container ginput_container_checkbox'><div class='gfield_checkbox ' id='input_3_7'><div class='gchoice gchoice_3_7_1'>\n\t\t\t\t\t\t\t\t<input class='gfield-choice-input' name='input_7.1' type='checkbox'  value='Haluan vastaanottaa kiinnostavaa tietoa ja markkinointiviestej\u00e4 Suomen Yritt\u00e4jien ja Markkinointi Roudan palveluista.'  id='choice_3_7_1'   \/>\n\t\t\t\t\t\t\t\t<label for='choice_3_7_1' id='label_3_7_1' class='gform-field-label gform-field-label--type-inline'>Haluan vastaanottaa kiinnostavaa tietoa ja markkinointiviestej\u00e4 Suomen Yritt\u00e4jien ja Markkinointi Roudan palveluista.<\/label>\n\t\t\t\t\t\t\t<\/div><\/div><\/div><\/fieldset><div id=\"field_3_8\" class=\"gfield gfield--type-html gfield--width-full gfield_html gfield_html_formatted gfield_no_follows_desc field_sublabel_below gfield--no-description field_description_below field_validation_below gfield_visibility_visible\"  data-js-reload=\"field_3_8\" ><p \/>Markkinointitarkoituksiin ker\u00e4tt\u00e4vi\u00e4 henkil\u00f6tietoja k\u00e4sitell\u00e4\u00e4n kilpailun j\u00e4rjest\u00e4jien <a href=\"https:\/\/www.yrittajat.fi\/yrittajajarjesto\/tietoa-yrittajista\/tietosuojaselosteet-ja-evastekaytannot\/\">Suomen Yritt\u00e4jien tietosuojaselosteen<\/a> ja <a href=\"https:\/\/www.markkinointirouta.fi\/yritys\/tietosuoja\">Routa Markkinointi Oy:n tietosuojaselosteen<\/a> mukaisesti. <\/p><\/div><\/div><\/div>\n        <div class='gform-footer gform_footer top_label'> <input type='submit' id='gform_submit_button_3' class='gform_button button' onclick='gform.submission.handleButtonClick(this);' value='L\u00e4het\u00e4'  \/> \n            <input type='hidden' class='gform_hidden' name='gform_submission_method' data-js='gform_submission_method_3' value='postback' \/>\n            <input type='hidden' class='gform_hidden' name='gform_theme' data-js='gform_theme_3' id='gform_theme_3' value='gravity-theme' \/>\n            <input type='hidden' class='gform_hidden' name='gform_style_settings' data-js='gform_style_settings_3' id='gform_style_settings_3' value='{\"formId\":\"3\",\"title\":false,\"description\":false,\"formPreview\":false}' \/>\n            <input type='hidden' class='gform_hidden' name='is_submit_3' value='1' \/>\n            <input type='hidden' class='gform_hidden' name='gform_submit' value='3' \/>\n            \n            <input type='hidden' class='gform_hidden' name='gform_unique_id' value='' \/>\n            <input type='hidden' class='gform_hidden' name='state_3' value='WyJbXSIsIjVkY2UyNGNjMTZjMjNhYzNhMTM1ZDlmODhjNDgxNGEwIl0=' \/>\n            <input type='hidden' autocomplete='off' class='gform_hidden' name='gform_target_page_number_3' id='gform_target_page_number_3' value='0' \/>\n            <input type='hidden' autocomplete='off' class='gform_hidden' name='gform_source_page_number_3' id='gform_source_page_number_3' value='1' \/>\n            <input type='hidden' name='gform_field_values' value='' \/>\n            \n        <\/div>\n                        <\/form>\n                        <\/div><script type=\"text\/javascript\">\n\/* <![CDATA[ *\/\n gform.initializeOnLoaded( function() {gformInitSpinner( 3, 'https:\/\/me.yrittajat.fi\/app\/plugins\/gravityforms\/images\/spinner.svg', true );jQuery('#gform_ajax_frame_3').on('load',function(){var contents = jQuery(this).contents().find('*').html();var is_postback = contents.indexOf('GF_AJAX_POSTBACK') >= 0;if(!is_postback){return;}var form_content = jQuery(this).contents().find('#gform_wrapper_3');var is_confirmation = jQuery(this).contents().find('#gform_confirmation_wrapper_3').length > 0;var is_redirect = contents.indexOf('gformRedirect(){') >= 0;var is_form = form_content.length > 0 && ! is_redirect && ! is_confirmation;var mt = parseInt(jQuery('html').css('margin-top'), 10) + parseInt(jQuery('body').css('margin-top'), 10) + 100;if(is_form){form_content.find('form').css('opacity', 0);jQuery('#gform_wrapper_3').html(form_content.html());if(form_content.hasClass('gform_validation_error')){jQuery('#gform_wrapper_3').addClass('gform_validation_error');} else {jQuery('#gform_wrapper_3').removeClass('gform_validation_error');}setTimeout( function() { \/* delay the scroll by 50 milliseconds to fix a bug in chrome *\/  }, 50 );if(window['gformInitDatepicker']) {gformInitDatepicker();}if(window['gformInitPriceFields']) {gformInitPriceFields();}var current_page = jQuery('#gform_source_page_number_3').val();gformInitSpinner( 3, 'https:\/\/me.yrittajat.fi\/app\/plugins\/gravityforms\/images\/spinner.svg', true );jQuery(document).trigger('gform_page_loaded', [3, current_page]);window['gf_submitting_3'] = false;}else if(!is_redirect){var confirmation_content = jQuery(this).contents().find('.GF_AJAX_POSTBACK').html();if(!confirmation_content){confirmation_content = contents;}jQuery('#gform_wrapper_3').replaceWith(confirmation_content);jQuery(document).trigger('gform_confirmation_loaded', [3]);window['gf_submitting_3'] = false;wp.a11y.speak(jQuery('#gform_confirmation_message_3').text());}else{jQuery('#gform_3').append(contents);if(window['gformRedirect']) {gformRedirect();}}jQuery(document).trigger(\"gform_pre_post_render\", [{ formId: \"3\", currentPage: \"current_page\", abort: function() { this.preventDefault(); } }]);                if (event && event.defaultPrevented) {                return;         }        const gformWrapperDiv = document.getElementById( \"gform_wrapper_3\" );        if ( gformWrapperDiv ) {            const visibilitySpan = document.createElement( \"span\" );            visibilitySpan.id = \"gform_visibility_test_3\";            gformWrapperDiv.insertAdjacentElement( \"afterend\", visibilitySpan );        }        const visibilityTestDiv = document.getElementById( \"gform_visibility_test_3\" );        let postRenderFired = false;                function triggerPostRender() {            if ( postRenderFired ) {                return;            }            postRenderFired = true;            jQuery( document ).trigger( 'gform_post_render', [3, current_page] );            gform.utils.trigger( { event: 'gform\/postRender', native: false, data: { formId: 3, currentPage: current_page } } );            gform.utils.trigger( { event: 'gform\/post_render', native: false, data: { formId: 3, currentPage: current_page } } );            if ( visibilityTestDiv ) {                visibilityTestDiv.parentNode.removeChild( visibilityTestDiv );            }        }        function debounce( func, wait, immediate ) {            var timeout;            return function() {                var context = this, args = arguments;                var later = function() {                    timeout = null;                    if ( !immediate ) func.apply( context, args );                };                var callNow = immediate && !timeout;                clearTimeout( timeout );                timeout = setTimeout( later, wait );                if ( callNow ) func.apply( context, args );            };        }        const debouncedTriggerPostRender = debounce( function() {            triggerPostRender();        }, 200 );        if ( visibilityTestDiv && visibilityTestDiv.offsetParent === null ) {            const observer = new MutationObserver( ( mutations ) => {                mutations.forEach( ( mutation ) => {                    if ( mutation.type === 'attributes' && visibilityTestDiv.offsetParent !== null ) {                        debouncedTriggerPostRender();                        observer.disconnect();                    }                });            });            observer.observe( document.body, {                attributes: true,                childList: false,                subtree: true,                attributeFilter: [ 'style', 'class' ],            });        } else {            triggerPostRender();        }    } );} ); \n\/* ]]> *\/\n<\/script>\n","protected":false},"excerpt":{"rendered":"<p>Myynnin asiantuntijan H\u00e5kan Mittsin webinaari tarjoaa toimivat neuvot ja ideat tehokkaaseen myyntipuheeseen. Myyntipuhe-webinaarista saat vastauksen esimerkkien kautta mm. seuraaviin kysymyksiin: Mik\u00e4 on myyntipuhe ja mist\u00e4 se koostuu? Miss\u00e4 tilanteissa myyntipuhetta voi hy\u00f6dynt\u00e4\u00e4? Kuinka tehd\u00e4\u00e4n kiinnostusta her\u00e4tt\u00e4v\u00e4 myyntipuhe? Kuinka kohdeyleis\u00f6 otetaan huomioon myyntipuheessa? T\u00e4ytt\u00e4m\u00e4ll\u00e4 alla olevan lomakkeen, p\u00e4\u00e4set katsomaan webinaaria. T\u00e4ytetty\u00e4si lomakkeen saat my\u00f6s webinaarin katselulinkin &hellip; <a href=\"https:\/\/me.yrittajat.fi\/myyntipuhe\/webinaarilinkin-lataus\/\">Lue lis\u00e4\u00e4<\/a><\/p>\n","protected":false},"author":47,"featured_media":42,"parent":0,"menu_order":0,"comment_status":"closed","ping_status":"closed","template":"","meta":{"_acf_changed":false,"footnotes":""},"class_list":["post-107","page","type-page","status-publish","has-post-thumbnail","hentry"],"acf":[],"_links":{"self":[{"href":"https:\/\/me.yrittajat.fi\/myyntipuhe\/wp-json\/wp\/v2\/pages\/107","targetHints":{"allow":["GET"]}}],"collection":[{"href":"https:\/\/me.yrittajat.fi\/myyntipuhe\/wp-json\/wp\/v2\/pages"}],"about":[{"href":"https:\/\/me.yrittajat.fi\/myyntipuhe\/wp-json\/wp\/v2\/types\/page"}],"author":[{"embeddable":true,"href":"https:\/\/me.yrittajat.fi\/myyntipuhe\/wp-json\/wp\/v2\/users\/47"}],"replies":[{"embeddable":true,"href":"https:\/\/me.yrittajat.fi\/myyntipuhe\/wp-json\/wp\/v2\/comments?post=107"}],"version-history":[{"count":17,"href":"https:\/\/me.yrittajat.fi\/myyntipuhe\/wp-json\/wp\/v2\/pages\/107\/revisions"}],"predecessor-version":[{"id":438,"href":"https:\/\/me.yrittajat.fi\/myyntipuhe\/wp-json\/wp\/v2\/pages\/107\/revisions\/438"}],"wp:featuredmedia":[{"embeddable":true,"href":"https:\/\/me.yrittajat.fi\/myyntipuhe\/wp-json\/wp\/v2\/media\/42"}],"wp:attachment":[{"href":"https:\/\/me.yrittajat.fi\/myyntipuhe\/wp-json\/wp\/v2\/media?parent=107"}],"curies":[{"name":"wp","href":"https:\/\/api.w.org\/{rel}","templated":true}]}}