{"id":3,"date":"2022-05-30T12:24:30","date_gmt":"2022-05-30T09:24:30","guid":{"rendered":"https:\/\/me.yrittajat.fi\/myyntipuhe\/etusivu\/"},"modified":"2022-11-23T13:28:46","modified_gmt":"2022-11-23T11:28:46","slug":"etusivu","status":"publish","type":"page","link":"https:\/\/me.yrittajat.fi\/myyntipuhe\/","title":{"rendered":"Myyntipuhe-kilpailu"},"content":{"rendered":"\n<p>Suosittu Myyntipuhe-kilpailu on nyt tullut p\u00e4\u00e4t\u00f6kseen. Kuka kiteytti bisneksens\u00e4 parhaiten? Kenen myyntipuhe sai kuulijansa jo kurkottamaan kukkarolleen? Kenell\u00e4 on Suomen paras myyntipuhe?<br><br><strong>Kovatasoisen Myyntipuhe-kilpailun huikeat voittajat ovat:<\/strong><\/p>\n\n\n\n<ul class=\"wp-block-list\"><li>Seurana Oy (Mirka Saarinen), raadin valitsema voittaja.<\/li><li>ChocoSomnia Oy (Jenna Antinmaa &amp; Riikka Ojanen), yleis\u00f6\u00e4\u00e4nestyksen voittaja.<\/li><\/ul>\n\n\n\n<p>Voittajat palkitaan arvokkaalla mainosn\u00e4kyvyydell\u00e4 Sanoman verkostossa. Onnea voittajille ja suuret kiitokset kaikille upeille osallistujille ja suosikkiaan \u00e4\u00e4nest\u00e4neille. <a href=\"https:\/\/me.yrittajat.fi\/myyntipuhe\/finalistien-myyntipuheet\/\" data-type=\"URL\" data-id=\"https:\/\/me.yrittajat.fi\/myyntipuhe\/finalistien-myyntipuheet\/\" target=\"_blank\" rel=\"noreferrer noopener\">Katso voittajien ja muiden finalistien inspiroivat myyntipuheet t\u00e4st\u00e4&nbsp;&gt;<\/a><\/p>\n\n\n\n<h2 class=\"wp-block-heading\" id=\"vinkit\"><strong>Yritt\u00e4j\u00e4, onko oma hissipuheesi jo mintiss\u00e4?&nbsp;<\/strong><\/h2>\n\n\n\n<p>Menik\u00f6 kisa ohi suun? Myyntipuhe kannattaa silti hioa timanttiseen kuntoon arjen asiakastilanteita varten.\u202f&nbsp;<strong>Mik\u00e4 hissipuhe?<\/strong> Hissipuhe on lyhyt, ytimek\u00e4s myyntipuhe, jossa summaat yrityksest\u00e4si olennaisen ja vakuutat kuulijan asiakkaaksesi.<\/p>\n\n\n\n<div class=\"wp-block-media-text alignwide is-stacked-on-mobile\" style=\"grid-template-columns:40% auto\"><figure class=\"wp-block-media-text__media\"><img loading=\"lazy\" decoding=\"async\" width=\"720\" height=\"480\" src=\"https:\/\/me.yrittajat.fi\/myyntipuhe\/app\/uploads\/sites\/50\/2022\/06\/Myyntipuhe_opas_720x480_kuva.jpg\" alt=\"\" class=\"wp-image-184 size-full\" srcset=\"https:\/\/me.yrittajat.fi\/app\/uploads\/sites\/50\/2022\/06\/Myyntipuhe_opas_720x480_kuva.jpg 720w, https:\/\/me.yrittajat.fi\/app\/uploads\/sites\/50\/2022\/06\/Myyntipuhe_opas_720x480_kuva-300x200.jpg 300w, https:\/\/me.yrittajat.fi\/app\/uploads\/sites\/50\/2022\/06\/Myyntipuhe_opas_720x480_kuva-668x445.jpg 668w\" sizes=\"auto, (max-width: 720px) 100vw, 720px\" \/><\/figure><div class=\"wp-block-media-text__content\">\n<h2 class=\"wp-block-heading\">Ota vinkit haltuun ja tee enemm\u00e4n bisnest\u00e4:<\/h2>\n\n\n\t<div id=\"gb-button-block_388af90f4368742f24f878d0cb33528c\" class=\"gb-button gb-button-block_388af90f4368742f24f878d0cb33528c\">\n\t\t\t\t\t\t<a class=\"b-button b-button--color- b-button--style-\"\n\t   href=\"https:\/\/me.yrittajat.fi\/myyntipuhe\/webinaarilinkin-lataus\/\"\n\t   target=\"_blank\">\n\n\t\t<span class=\"b-button__title\">\n\t\t\tKatso Myyntipuhe-webinaari\t\t<\/span>\n\n\t\t\t\t\t<span class=\"b-button__icon\">\n\t\t\t\t<svg xmlns=\"http:\/\/www.w3.org\/2000\/svg\" viewBox=\"0 0 9 14\"><path d=\"M2.001 13.664a1.333 1.333 0 01-.954-2.272l.007-.008 4.414-4.386-4.24-4.414A1.333 1.333 0 113.12.704l5.147 5.334a1.333 1.333 0 010 1.866l-5.334 5.334a1.333 1.333 0 01-.933.426z\"\/><\/svg>\t\t\t<\/span>\n\t\t\t<\/a>\n\t\t\t<\/div>\n\n\n\t<div id=\"gb-button-block_3a7122b4ac0192ab9581ddade0d8e09e\" class=\"gb-button gb-button-block_3a7122b4ac0192ab9581ddade0d8e09e\">\n\t\t\t\t\t\t<a class=\"b-button b-button--color- b-button--style-\"\n\t   href=\"https:\/\/www.yrittajat.fi\/oppaat\/lataa-myyntipuheopas\/\"\n\t   target=\"_blank\">\n\n\t\t<span class=\"b-button__title\">\n\t\t\tLataa Myyntipuheopas\t\t<\/span>\n\n\t\t\t\t\t<span class=\"b-button__icon\">\n\t\t\t\t<svg xmlns=\"http:\/\/www.w3.org\/2000\/svg\" viewBox=\"0 0 9 14\"><path d=\"M2.001 13.664a1.333 1.333 0 01-.954-2.272l.007-.008 4.414-4.386-4.24-4.414A1.333 1.333 0 113.12.704l5.147 5.334a1.333 1.333 0 010 1.866l-5.334 5.334a1.333 1.333 0 01-.933.426z\"\/><\/svg>\t\t\t<\/span>\n\t\t\t<\/a>\n\t\t\t<\/div>\n<\/div><\/div>\n\n\n\n<h2 class=\"has-text-align-left wp-block-heading\" id=\"jarjestajat\">Menestyst\u00e4si ja myynti\u00e4si tukemassa:<\/h2>\n\n\n\n<div class=\"wp-block-media-text alignwide is-stacked-on-mobile\" style=\"grid-template-columns:25% auto\"><figure class=\"wp-block-media-text__media\"><img loading=\"lazy\" decoding=\"async\" width=\"800\" height=\"300\" src=\"https:\/\/me.yrittajat.fi\/myyntipuhe\/app\/uploads\/sites\/50\/2022\/06\/Sanoma-Aina-tulee-sanomista-kelt.png\" alt=\"\" class=\"wp-image-179 size-full\" srcset=\"https:\/\/me.yrittajat.fi\/app\/uploads\/sites\/50\/2022\/06\/Sanoma-Aina-tulee-sanomista-kelt.png 800w, https:\/\/me.yrittajat.fi\/app\/uploads\/sites\/50\/2022\/06\/Sanoma-Aina-tulee-sanomista-kelt-300x113.png 300w, https:\/\/me.yrittajat.fi\/app\/uploads\/sites\/50\/2022\/06\/Sanoma-Aina-tulee-sanomista-kelt-768x288.png 768w\" sizes=\"auto, (max-width: 800px) 100vw, 800px\" \/><\/figure><div class=\"wp-block-media-text__content\">\n<p>Sanoma \u2013 kaikki kaupalliset kohtaamiset asiakassuhteen jokaiseen vaiheeseen. <a href=\"https:\/\/www.markkinointirouta.fi\/palvelut?utm_source=myyntipuhe.fi&amp;utm_medium=referral&amp;utm_campaign=myyntipuhe\" target=\"_blank\" rel=\"noreferrer noopener\">Tutustu markkinoinnin ja mainonnan ratkaisuihimme.<\/a><\/p>\n<\/div><\/div>\n\n\n\n<div class=\"wp-block-media-text alignwide is-stacked-on-mobile\" style=\"grid-template-columns:25% auto\"><figure class=\"wp-block-media-text__media\"><img loading=\"lazy\" decoding=\"async\" width=\"250\" height=\"64\" src=\"https:\/\/me.yrittajat.fi\/myyntipuhe\/app\/uploads\/sites\/50\/2022\/06\/w_SY_logo_RGB_musta-2.png\" alt=\"\" class=\"wp-image-133 size-full\" \/><\/figure><div class=\"wp-block-media-text__content\">\n<p>Suomen Yritt\u00e4jien j\u00e4senen\u00e4 saat neuvontapalvelun k\u00e4ytt\u00f6\u00f6si sek\u00e4 nautit rahanarvoisista eduista. <a rel=\"noreferrer noopener\" href=\"https:\/\/www.yrittajat.fi\/tule_mukaan_yrittajiin\/\" target=\"_blank\">Tutustu j\u00e4senyyteen.<\/a><\/p>\n<\/div><\/div>\n","protected":false},"excerpt":{"rendered":"<p>Suosittu Myyntipuhe-kilpailu on nyt tullut p\u00e4\u00e4t\u00f6kseen. Kuka kiteytti bisneksens\u00e4 parhaiten? Kenen myyntipuhe sai kuulijansa jo kurkottamaan kukkarolleen? Kenell\u00e4 on Suomen paras myyntipuhe? Kovatasoisen Myyntipuhe-kilpailun huikeat voittajat ovat: Seurana Oy (Mirka Saarinen), raadin valitsema voittaja. ChocoSomnia Oy (Jenna Antinmaa &amp; Riikka Ojanen), yleis\u00f6\u00e4\u00e4nestyksen voittaja. Voittajat palkitaan arvokkaalla mainosn\u00e4kyvyydell\u00e4 Sanoman verkostossa. Onnea voittajille ja suuret kiitokset kaikille &hellip; <a href=\"https:\/\/me.yrittajat.fi\/myyntipuhe\/\">Lue lis\u00e4\u00e4<\/a><\/p>\n","protected":false},"author":4,"featured_media":42,"parent":0,"menu_order":0,"comment_status":"closed","ping_status":"closed","template":"","meta":{"_acf_changed":false,"footnotes":""},"class_list":["post-3","page","type-page","status-publish","has-post-thumbnail","hentry"],"acf":[],"_links":{"self":[{"href":"https:\/\/me.yrittajat.fi\/myyntipuhe\/wp-json\/wp\/v2\/pages\/3","targetHints":{"allow":["GET"]}}],"collection":[{"href":"https:\/\/me.yrittajat.fi\/myyntipuhe\/wp-json\/wp\/v2\/pages"}],"about":[{"href":"https:\/\/me.yrittajat.fi\/myyntipuhe\/wp-json\/wp\/v2\/types\/page"}],"author":[{"embeddable":true,"href":"https:\/\/me.yrittajat.fi\/myyntipuhe\/wp-json\/wp\/v2\/users\/4"}],"replies":[{"embeddable":true,"href":"https:\/\/me.yrittajat.fi\/myyntipuhe\/wp-json\/wp\/v2\/comments?post=3"}],"version-history":[{"count":211,"href":"https:\/\/me.yrittajat.fi\/myyntipuhe\/wp-json\/wp\/v2\/pages\/3\/revisions"}],"predecessor-version":[{"id":537,"href":"https:\/\/me.yrittajat.fi\/myyntipuhe\/wp-json\/wp\/v2\/pages\/3\/revisions\/537"}],"wp:featuredmedia":[{"embeddable":true,"href":"https:\/\/me.yrittajat.fi\/myyntipuhe\/wp-json\/wp\/v2\/media\/42"}],"wp:attachment":[{"href":"https:\/\/me.yrittajat.fi\/myyntipuhe\/wp-json\/wp\/v2\/media?parent=3"}],"curies":[{"name":"wp","href":"https:\/\/api.w.org\/{rel}","templated":true}]}}