{"id":516,"date":"2022-10-17T07:06:12","date_gmt":"2022-10-17T04:06:12","guid":{"rendered":"https:\/\/me.yrittajat.fi\/myyntipuhe\/?page_id=516"},"modified":"2022-10-21T13:31:19","modified_gmt":"2022-10-21T10:31:19","slug":"finalistien-myyntipuheet","status":"publish","type":"page","link":"https:\/\/me.yrittajat.fi\/myyntipuhe\/finalistien-myyntipuheet\/","title":{"rendered":"Finalistien myyntipuheet"},"content":{"rendered":"\n<p>Inspiroidu huikeiden finalistiemme myyntipuheista &#8211; katso videot alta:<\/p>\n\n\n\n<h3 class=\"wp-block-heading\">Raadin valitsema voittaja:<\/h3>\n\n\n\n<figure class=\"wp-block-embed is-type-video is-provider-youtube wp-block-embed-youtube\"><div class=\"wp-block-embed__wrapper\">\n<iframe loading=\"lazy\" title=\"Myyntipuhe-kilpailun finalisti Mirka Saarinen, Seurana Oy\" width=\"500\" height=\"281\" src=\"https:\/\/www.youtube.com\/embed\/hfutopFMPU8?feature=oembed\" frameborder=\"0\" allow=\"accelerometer; autoplay; clipboard-write; encrypted-media; gyroscope; picture-in-picture; web-share\" referrerpolicy=\"strict-origin-when-cross-origin\" allowfullscreen><\/iframe>\n<\/div><\/figure>\n\n\n\n<h3 class=\"wp-block-heading\">Yleis\u00f6n suosikki -\u00e4\u00e4nestyksen voittaja:<\/h3>\n\n\n\n<figure class=\"wp-block-embed is-type-video is-provider-youtube wp-block-embed-youtube\"><div class=\"wp-block-embed__wrapper\">\n<iframe loading=\"lazy\" title=\"Myyntipuhe-kilpailun finalisti Jenna Antinmaa &amp; Riikka Ojanen, ChocoSomnia Oy\" width=\"500\" height=\"281\" src=\"https:\/\/www.youtube.com\/embed\/LPuVb6VEUu8?feature=oembed\" frameborder=\"0\" allow=\"accelerometer; autoplay; clipboard-write; encrypted-media; gyroscope; picture-in-picture; web-share\" referrerpolicy=\"strict-origin-when-cross-origin\" allowfullscreen><\/iframe>\n<\/div><\/figure>\n\n\n\n<h3 class=\"wp-block-heading\">Muut finalistit:<\/h3>\n\n\n\n<figure class=\"wp-block-embed is-type-video is-provider-youtube wp-block-embed-youtube\"><div class=\"wp-block-embed__wrapper\">\n<iframe loading=\"lazy\" title=\"Myyntipuhe-kilpailun finalisti Akseli Lepp\u00e4nen, Kajaanin Tilitaito Oy\" width=\"500\" height=\"281\" src=\"https:\/\/www.youtube.com\/embed\/ICaUVpAelmc?feature=oembed\" frameborder=\"0\" allow=\"accelerometer; autoplay; clipboard-write; encrypted-media; gyroscope; picture-in-picture; web-share\" referrerpolicy=\"strict-origin-when-cross-origin\" allowfullscreen><\/iframe>\n<\/div><\/figure>\n\n\n\n<figure class=\"wp-block-embed is-type-video is-provider-youtube wp-block-embed-youtube\"><div class=\"wp-block-embed__wrapper\">\n<iframe loading=\"lazy\" title=\"Myyntipuhe-kilpailun finalisti Aleksis Nokso-Koivisto, SmoothTeam Oy\" width=\"500\" height=\"281\" src=\"https:\/\/www.youtube.com\/embed\/4pdyFoQEEE0?feature=oembed\" frameborder=\"0\" allow=\"accelerometer; autoplay; clipboard-write; encrypted-media; gyroscope; picture-in-picture; web-share\" referrerpolicy=\"strict-origin-when-cross-origin\" allowfullscreen><\/iframe>\n<\/div><\/figure>\n\n\n\n<p><strong>Haluaisitko sin\u00e4kin oppia tekem\u00e4\u00e4n erottuvan ja toimivan hissipuheen? <a href=\"https:\/\/me.yrittajat.fi\/myyntipuhe\/#vinkit\">Vinkkiemme avulla onnistut.<\/a><\/strong><\/p>\n","protected":false},"excerpt":{"rendered":"<p>Inspiroidu huikeiden finalistiemme myyntipuheista &#8211; katso videot alta: Raadin valitsema voittaja: Yleis\u00f6n suosikki -\u00e4\u00e4nestyksen voittaja: Muut finalistit: Haluaisitko sin\u00e4kin oppia tekem\u00e4\u00e4n erottuvan ja toimivan hissipuheen? Vinkkiemme avulla onnistut.<\/p>\n","protected":false},"author":47,"featured_media":42,"parent":0,"menu_order":0,"comment_status":"closed","ping_status":"closed","template":"","meta":{"_acf_changed":false,"footnotes":""},"class_list":["post-516","page","type-page","status-publish","has-post-thumbnail","hentry"],"acf":[],"_links":{"self":[{"href":"https:\/\/me.yrittajat.fi\/myyntipuhe\/wp-json\/wp\/v2\/pages\/516","targetHints":{"allow":["GET"]}}],"collection":[{"href":"https:\/\/me.yrittajat.fi\/myyntipuhe\/wp-json\/wp\/v2\/pages"}],"about":[{"href":"https:\/\/me.yrittajat.fi\/myyntipuhe\/wp-json\/wp\/v2\/types\/page"}],"author":[{"embeddable":true,"href":"https:\/\/me.yrittajat.fi\/myyntipuhe\/wp-json\/wp\/v2\/users\/47"}],"replies":[{"embeddable":true,"href":"https:\/\/me.yrittajat.fi\/myyntipuhe\/wp-json\/wp\/v2\/comments?post=516"}],"version-history":[{"count":9,"href":"https:\/\/me.yrittajat.fi\/myyntipuhe\/wp-json\/wp\/v2\/pages\/516\/revisions"}],"predecessor-version":[{"id":534,"href":"https:\/\/me.yrittajat.fi\/myyntipuhe\/wp-json\/wp\/v2\/pages\/516\/revisions\/534"}],"wp:featuredmedia":[{"embeddable":true,"href":"https:\/\/me.yrittajat.fi\/myyntipuhe\/wp-json\/wp\/v2\/media\/42"}],"wp:attachment":[{"href":"https:\/\/me.yrittajat.fi\/myyntipuhe\/wp-json\/wp\/v2\/media?parent=516"}],"curies":[{"name":"wp","href":"https:\/\/api.w.org\/{rel}","templated":true}]}}